{"id":10216,"date":"2022-05-02T18:08:03","date_gmt":"2022-05-02T18:08:03","guid":{"rendered":"https:\/\/www.anbanjia.com.cn\/product\/forme-de-bagages-de-mobilite-de-scooter-electrique-a-bas-prix-scooter-de-bagages-leger-pliable-pour-les-personnes-agees\/"},"modified":"2022-05-02T18:08:03","modified_gmt":"2022-05-02T18:08:03","slug":"pas-cher-prix-scooter-electrique-mobilite-forme-bagage-pliable-legger-bagage-scooter-pour-personnes-agees","status":"publish","type":"product","link":"https:\/\/anbanjia.com.cn\/fr\/produit\/pas-cher-prix-scooter-electrique-mobilite-forme-bagage-pliable-legger-bagage-scooter-pour-personnes-agees\/","title":{"rendered":"Forme de bagages de mobilit\u00e9 de scooter \u00e9lectrique \u00e0 bas prix scooter de bagages l\u00e9ger pliable pour les personnes \u00e2g\u00e9es"},"content":{"rendered":"<div style=\"max-width: 750px;margin: 0 auto;\">\n<div class=\"mceSectionContainer\" data-section=\"AliPostDhMb-ljvh5\" data-section-title=\"Product Details\" id=\"ali-anchor-AliPostDhMb-ljvh5\" style=\"padding-top: 8px;\">\n<div id=\"ali-title-AliPostDhMb-ljvh5\" style=\"padding: 8px 0; border-bottom: 1px solid #ddd;\"><span style=\"background-color: #ddd; color: #333; font-weight: bold; padding: 8px 10px; line-height: 12px;\">d\u00e9tails du produit<\/span><\/div>\n<div style=\"padding: 10px 0;\">\n<p style=\"text-align: center;\"><span style=\"font-size: 24px;\">Scooter <strong>\u00e9lectrique l\u00e9ger \u00e0<\/strong> <span style=\"font-size: 24px;\"><strong>bagages<\/strong><\/span> avec certificat CE, ROSH, FCC<\/span><\/p>\n<p style=\"text-align: center;\">\n<table border=\"1\" style=\"border-collapse: collapse; background-color: #ffffff; width: 72.8838%;\">\n<tbody>\n<tr>\n<td style=\"width: 44%; text-align: left;\"><span style=\"font-size: 18px;\">Taille globale<\/span><\/td>\n<td style=\"width: 48.9817%;\"><span style=\"font-size: 18px;\">110*53*98cm<\/span><\/td>\n<\/tr>\n<tr>\n<td style=\"width: 44%;\"><span style=\"font-size: 18px;\">Largeur pli\u00e9e<\/span><\/td>\n<td style=\"width: 48.9817%;\">\n<p><span style=\"font-size: 18px;\">53*38*79cm<\/span><\/p>\n<\/td>\n<\/tr>\n<tr>\n<td style=\"width: 44%;\"><span style=\"font-size: 18px;\">Roue avant<\/span><\/td>\n<td style=\"width: 48.9817%;\"><span style=\"font-size: 18px;\">8\u00a0\u00bb PU<\/span><\/td>\n<\/tr>\n<tr>\n<td style=\"width: 44%;\"><span style=\"font-size: 18px;\">Roue arri\u00e8re<\/span><\/td>\n<td style=\"width: 48.9817%;\"><span style=\"font-size: 18px;\">10&Prime; PU<\/span><\/td>\n<\/tr>\n<tr>\n<td style=\"width: 44%;\"><span style=\"font-size: 18px;\">NO<\/span><\/td>\n<td style=\"width: 48.9817%;\"><span style=\"font-size: 18px;\">26kg<\/span><\/td>\n<\/tr>\n<tr>\n<td style=\"width: 44%;\"><span style=\"font-size: 18px;\">Vitesse<\/span><\/td>\n<td style=\"width: 48.9817%;\"><span style=\"font-size: 18px;\">r\u00e9glable 6, 12, 20 km\/h<\/span><\/td>\n<\/tr>\n<tr>\n<td style=\"width: 44%;\"><span style=\"font-size: 18px;\">batterie<\/span><\/td>\n<td style=\"width: 48.9817%;\"><span style=\"font-size: 18px;\">48v<\/span><\/td>\n<\/tr>\n<tr> Autonomie <\/p>\n<td style=\"width: 44%;\"><span style=\"font-size: 18px;\">(1 batterie)<\/span><\/td>\n<td style=\"width: 48.9817%;\"><span style=\"font-size: 18px;\">30 km, 1,5 h<\/span><\/td>\n<\/tr>\n<tr> Autonomie <\/p>\n<td style=\"width: 44%;\"><span style=\"font-size: 18px;\"><span style=\"color: #000000; font-family: Verdana, Arial, Helvetica, sans-serif; font-size: 18px; font-style: normal; font-weight: 400; background-color: #ffffff; display: inline !important; float: none;\">(2 batteries)<\/span><\/span><\/td>\n<td style=\"width: 48.9817%;\"><span style=\"font-size: 18px;\">45-50km, 2.5h<\/span><\/td>\n<\/tr>\n<tr>\n<td style=\"width: 44%;\"><span style=\"font-size: 18px;\">Moteur<\/span><\/td>\n<td style=\"width: 48.9817%;\"><span style=\"font-size: 18px;\">sans balai 350w<\/span><\/td>\n<\/tr>\n<tr>\n<td style=\"width: 44%;\"><span style=\"font-size: 18px;\">Batterie<\/span><\/td>\n<td style=\"width: 48.9817%;\"><span style=\"font-size: 18px;\">48v, 2600ah<\/span><\/td>\n<\/tr>\n<tr>\n<td style=\"width: 44%;\"><span style=\"font-size: 18px;\">Temps de charge<\/span><\/td>\n<td style=\"width: 48.9817%;\"><span style=\"font-size: 18px;\">3.5h<\/span><\/td>\n<\/tr>\n<tr>\n<td style=\"width: 44%;\"><span style=\"font-size: 18px;\">Taille d&#8217;emballage<\/span><\/td>\n<td style=\"width: 48.9817%;\"><span style=\"font-size: 18px;\">83*52.5*42cm<\/span><\/td>\n<\/tr>\n<\/tbody>\n<\/table>\n<p> <img decoding=\"async\" data-alt=\"Cheap price Electric Scooter Mobility luggage shape Foldable lightweight luggage scooter for elderly\" data-src=\"\" ori-height=\"800\" ori-width=\"800\" src=\"https:\/\/anbanjia.com.cn\/wp-content\/uploads\/2022\/05\/Hcaab8e4ad16443a78aafb5e369cdf10d1.jpg\" style=\"max-width: 750;\"><\/p>\n<p> <img decoding=\"async\" data-alt=\"Cheap price Electric Scooter Mobility luggage shape Foldable lightweight luggage scooter for elderly\" data-src=\"\" ori-height=\"800\" ori-width=\"800\" src=\"https:\/\/anbanjia.com.cn\/wp-content\/uploads\/2022\/05\/Hc962394e21e3416fa638e1abf21e3dd6e.jpg\"><img decoding=\"async\" data-alt=\"Cheap price Electric Scooter Mobility luggage shape Foldable lightweight luggage scooter for elderly\" data-src=\"\" ori-height=\"593\" ori-width=\"800\" src=\"https:\/\/anbanjia.com.cn\/wp-content\/uploads\/2022\/05\/H80be1f367ed943a3a3d4436462b3a96eu.jpg\"><img decoding=\"async\" data-alt=\"Cheap price Electric Scooter Mobility luggage shape Foldable lightweight luggage scooter for elderly\" data-src=\"\" ori-height=\"949\" ori-width=\"800\" src=\"https:\/\/anbanjia.com.cn\/wp-content\/uploads\/2022\/05\/H794524d3df054d87a4969c373f110431v.jpg\"><img decoding=\"async\" data-alt=\"Cheap price Electric Scooter Mobility luggage shape Foldable lightweight luggage scooter for elderly\" data-src=\"\" ori-height=\"717\" ori-width=\"800\" src=\"https:\/\/anbanjia.com.cn\/wp-content\/uploads\/2022\/05\/Hb4aba5a34ff84aa9acae42c76a09ac5eo.jpg\"><\/p>\n<\/p><\/div>\n<\/p><\/div>\n<div class=\"mceSectionContainer\" data-section=\"AliPostDhMb-g8zpw\" data-section-title=\"contact us\" id=\"ali-anchor-AliPostDhMb-g8zpw\" style=\"padding-top: 8px;\">\n<div id=\"ali-title-AliPostDhMb-g8zpw\" style=\"padding: 8px 0; border-bottom: 1px solid #ddd;\"><span style=\"background-color: #ddd; color: #333; font-weight: bold; padding: 8px 10px; line-height: 12px;\">Nous contacter<\/span><\/div>\n<div style=\"padding: 10px 0;\">\n<p><img decoding=\"async\" data-alt=\"Cheap price Electric Scooter Mobility luggage shape Foldable lightweight luggage scooter for elderly\" data-src=\"\" ori-height=\"271\" ori-width=\"760\" src=\"https:\/\/anbanjia.com.cn\/wp-content\/uploads\/2022\/05\/HTB1vm0WR3HqK1RjSZFEq6AGMXXa6.jpg\"><\/p>\n<\/p><\/div>\n<\/p><\/div>\n<div class=\"mceSectionContainer\" data-section=\"AliPostDhMb-vv6n9\" data-section-title=\"Product Categories\" id=\"ali-anchor-AliPostDhMb-vv6n9\" style=\"padding-top: 8px;\">\n<div id=\"ali-title-AliPostDhMb-vv6n9\" style=\"padding: 8px 0; border-bottom: 1px solid #ddd;\"><span style=\"background-color: #ddd; color: #333; font-weight: bold; padding: 8px 10px; line-height: 12px;\">cat\u00e9gories de produits<\/span><\/div>\n<div style=\"padding: 10px 0;\">\n<p> <a href=\"https:\/\/abj-medical.en.alibaba.com\/productgrouplist-804871560\/Electric_wheelchair_and_apparatus.html?spm=a2700.icbuShop.88.30.704a44ebaAhP4D\" target=\"_blank\" rel=\"noopener\"><img decoding=\"async\" data-alt=\"Cheap price Electric Scooter Mobility luggage shape Foldable lightweight luggage scooter for elderly\" data-src=\"\" ori-height=\"285\" ori-width=\"750\" src=\"https:\/\/anbanjia.com.cn\/wp-content\/uploads\/2022\/05\/HTB1ERWiSFXXXXasXXXXq6xXFXXXw.jpg\"><\/a><\/p>\n<\/p><\/div>\n<\/p><\/div>\n<div class=\"mceSectionContainer\" data-section=\"AliPostDhMb-ub5hb\" data-section-title=\"certificate\" id=\"ali-anchor-AliPostDhMb-ub5hb\" style=\"padding-top: 8px;\">\n<div id=\"ali-title-AliPostDhMb-ub5hb\" style=\"padding: 8px 0; border-bottom: 1px solid #ddd;\"><span style=\"background-color: #ddd; color: #333; font-weight: bold; padding: 8px 10px; line-height: 12px;\">certificat<\/span><\/div>\n<div style=\"padding: 10px 0;\">\n<p><img decoding=\"async\" data-alt=\"Cheap price Electric Scooter Mobility luggage shape Foldable lightweight luggage scooter for elderly\" data-src=\"\" ori-height=\"365\" ori-width=\"750\" src=\"https:\/\/anbanjia.com.cn\/wp-content\/uploads\/2022\/05\/HTB1Z1olSpXXXXctXXXXq6xXFXXXu-1.jpg\"> <\/p>\n<\/p><\/div>\n<\/p><\/div>\n<div class=\"mceSectionContainer\" data-section=\"AliPostDhMb-yhho8\" data-section-title=\"company information\" id=\"ali-anchor-AliPostDhMb-yhho8\" style=\"padding-top: 8px;\">\n<div id=\"ali-title-AliPostDhMb-yhho8\" style=\"padding: 8px 0; border-bottom: 1px solid #ddd;\"><span style=\"background-color: #ddd; color: #333; font-weight: bold; padding: 8px 10px; line-height: 12px;\">Informations sur la soci\u00e9t\u00e9<\/span><\/div>\n<div style=\"padding: 10px 0;\">\n<p><img decoding=\"async\" data-src=\"\" ori-height=\"1100\" ori-width=\"750\" src=\"https:\/\/anbanjia.com.cn\/wp-content\/uploads\/2022\/05\/HTB1HgKPcQ5E3KVjSZFCq6zuzXXay.jpg\"><\/p>\n<\/p><\/div>\n<\/p><\/div>\n<div class=\"mceSectionContainer\" data-section=\"AliPostDhMb-dlpgq\" data-section-title=\"Home\" id=\"ali-anchor-AliPostDhMb-dlpgq\" style=\"padding-top: 8px;\">\n<div id=\"ali-title-AliPostDhMb-dlpgq\" style=\"padding: 8px 0; border-bottom: 1px solid #ddd;\"><span style=\"background-color: #ddd; color: #333; font-weight: bold; padding: 8px 10px; line-height: 12px;\">Accueil<\/span><\/div>\n<div style=\"padding: 10px 0;\">\n<p><img decoding=\"async\" data-alt=\"Cheap price Electric Scooter Mobility luggage shape Foldable lightweight luggage scooter for elderly\" data-src=\"\" ori-height=\"172\" ori-width=\"750\" src=\"https:\/\/anbanjia.com.cn\/wp-content\/uploads\/2022\/05\/unnamed-file-3.jpg\"><\/p>\n<p><a href=\"https:\/\/abj-medical.en.alibaba.com\/?spm=a2700.8304367.topnav.1.7fb94f0d6W4Kaf\" target=\"_blank\" rel=\"noopener\"><img decoding=\"async\" data-alt=\"Cheap price Electric Scooter Mobility luggage shape Foldable lightweight luggage scooter for elderly\" data-src=\"\" ori-height=\"124\" ori-width=\"750\" src=\"https:\/\/anbanjia.com.cn\/wp-content\/uploads\/2022\/05\/HTB10aT7SpXXXXa7XFXXq6xXFXXXO-1.jpg\"><\/a> <\/p>\n<\/p><\/div>\n<\/p><\/div>\n<\/div>\n","protected":false},"excerpt":{"rendered":"<div style=\"width:auto\">\n<div style=\"min-width: 300px;max-width: 300px;word-wrap: break-word;float: left\">Lieu d&rsquo;origine : Chine <\/div>\n<div style=\"min-width: 300px;max-width: 300px;word-wrap: break-word;float: left\">Nom de marque:Anbanjia<\/div>\n<\/p><\/div>\n<div style=\"width:auto\">\n<div style=\"min-width: 300px;max-width: 300px;word-wrap: break-word;float: left\">Puissance : 201-500w <\/div>\n<div style=\"min-width: 300px;max-width: 300px;word-wrap: break-word;float: left\">Tension&nbsp;: 48&nbsp;V<\/div>\n<\/p><\/div>\n<div style=\"width:auto\">\n<div style=\"min-width: 300px;max-width: 300px;word-wrap: break-word;float: left\">Temps de charge&nbsp;: 3,5&nbsp;h <\/div>\n<div style=\"min-width: 300px;max-width: 300px;word-wrap: break-word;float: left\">Pliable&nbsp;:&nbsp;Oui<\/div>\n<\/p><\/div>\n<div style=\"width:auto\">\n<div style=\"min-width: 300px;max-width: 300px;word-wrap: break-word;float: left\">Port\u00e9e par charge&nbsp;: 30&nbsp;km <\/div>\n<div style=\"min-width: 300px;max-width: 300px;word-wrap: break-word;float: left\">Vitesse maximale&nbsp;:&lt;30&nbsp;km\/h<\/div>\n<\/p><\/div>\n<div style=\"width:auto\">\n<div style=\"min-width: 300px;max-width: 300px;word-wrap: break-word;float: left\">Type intelligent : \u00c9lectronique <\/div>\n<div style=\"min-width: 300px;max-width: 300px;word-wrap: break-word;float: left\">Taille globale : 123*57*95<\/div>\n<\/p><\/div>\n<div style=\"width:auto\">\n<div style=\"min-width: 300px;max-width: 300px;word-wrap: break-word;float: left\">Largeur pli\u00e9e : 44*36*74 <\/div>\n<div style=\"min-width: 300px;max-width: 300px;word-wrap: break-word;float: left\">Roulette &#8211; Roue arri\u00e8re : 8\u00a0\u00bb&#8212;10&Prime; PU<\/div>\n<\/p><\/div>\n<div style=\"width:auto\">\n<div style=\"min-width: 300px;max-width: 300px;word-wrap: break-word;float: left\">NO&nbsp;: 29&nbsp;kg <\/div>\n<div style=\"min-width: 300px;max-width: 300px;word-wrap: break-word;float: left\">Vitesse&nbsp;: r\u00e9glable de 0 \u00e0 8&nbsp;km\/h<\/div>\n<\/p><\/div>\n<div style=\"width:auto\">\n<div style=\"min-width: 300px;max-width: 300px;word-wrap: break-word;float: left\">Batterie au lithium&nbsp;: 36&nbsp;V <\/div>\n<div style=\"min-width: 300px;max-width: 300px;word-wrap: break-word;float: left\">Autonomie&nbsp;: 20&nbsp;km<\/div>\n<\/p><\/div>\n<div style=\"width:auto\">\n<div style=\"min-width: 300px;max-width: 300px;word-wrap: break-word;float: left\">Moteur sans balais&nbsp;: 300&nbsp;w <\/div>\n<div style=\"min-width: 300px;max-width: 300px;word-wrap: break-word;float: left\">Capacit\u00e9 de poids&nbsp;: 130&nbsp;kg<\/div>\n<\/p><\/div>\n<div>Logo personnalis\u00e9(Min. Commande : 100 pi\u00e8ces)<\/div>\n<div>Emballage personnalis\u00e9(Min. Commande : 500 Pi\u00e8ces)<\/div>\n","protected":false},"featured_media":10348,"comment_status":"closed","ping_status":"closed","template":"","meta":[],"product_cat":[117],"product_tag":[],"class_list":["post-10216","product","type-product","status-publish","has-post-thumbnail","hentry","product_cat-trottinette-pour-personnes-agees"],"_links":{"self":[{"href":"https:\/\/anbanjia.com.cn\/fr\/wp-json\/wp\/v2\/product\/10216","targetHints":{"allow":["GET"]}}],"collection":[{"href":"https:\/\/anbanjia.com.cn\/fr\/wp-json\/wp\/v2\/product"}],"about":[{"href":"https:\/\/anbanjia.com.cn\/fr\/wp-json\/wp\/v2\/types\/product"}],"replies":[{"embeddable":true,"href":"https:\/\/anbanjia.com.cn\/fr\/wp-json\/wp\/v2\/comments?post=10216"}],"wp:featuredmedia":[{"embeddable":true,"href":"https:\/\/anbanjia.com.cn\/fr\/wp-json\/wp\/v2\/media\/10348"}],"wp:attachment":[{"href":"https:\/\/anbanjia.com.cn\/fr\/wp-json\/wp\/v2\/media?parent=10216"}],"wp:term":[{"taxonomy":"product_cat","embeddable":true,"href":"https:\/\/anbanjia.com.cn\/fr\/wp-json\/wp\/v2\/product_cat?post=10216"},{"taxonomy":"product_tag","embeddable":true,"href":"https:\/\/anbanjia.com.cn\/fr\/wp-json\/wp\/v2\/product_tag?post=10216"}],"curies":[{"name":"wp","href":"https:\/\/api.w.org\/{rel}","templated":true}]}}