{"id":10170,"date":"2022-05-02T18:08:02","date_gmt":"2022-05-02T18:08:02","guid":{"rendered":"https:\/\/www.anbanjia.com.cn\/product\/scooter-electrique-pliant-a-3-roues-mobilite-de-scooter-electrique-de-transporteur-personnel-handicape-pour-adulte\/"},"modified":"2022-05-02T18:08:02","modified_gmt":"2022-05-02T18:08:02","slug":"scooter-electrique-pliable-a-3-roues-transporteur-personnel-handicape-mobilite-scooter-electrique-pour-adulte","status":"publish","type":"product","link":"https:\/\/anbanjia.com.cn\/fr\/produit\/scooter-electrique-pliable-a-3-roues-transporteur-personnel-handicape-mobilite-scooter-electrique-pour-adulte\/","title":{"rendered":"Scooter \u00e9lectrique pliant \u00e0 3 roues mobilit\u00e9 de scooter \u00e9lectrique de transporteur personnel handicap\u00e9 pour adulte"},"content":{"rendered":"<div style=\"max-width: 750px;margin: 0 auto;\">\n<p style=\"text-align: center;\"><span style=\"font-size: 32px;\">Mini scooter \u00e9lectrique pliable \u00e0 3 roues pour adulte avec batterie au lithium<\/span><\/p>\n<div data-section=\"AliPostDhMb-mowdu\" data-section-title=\"Product Description\" id=\"ali-anchor-AliPostDhMb-mowdu\" style=\"padding-top: 8px;\">\n<div id=\"ali-title-AliPostDhMb-mowdu\" style=\"padding: 8px 0; border-bottom: 1px solid #ddd;\"><span style=\"background-color: #ddd; color: #333; font-weight: bold; padding: 8px 10px; line-height: 12px;\">Description du produit<\/span><\/div>\n<div style=\"padding: 10px 0;\">\n<p> <img decoding=\"async\" data-alt=\"3 wheel folding electric scooter disabled personal transporter electric scooter mobility for adult\" data-height=\"750\" data-src=\"\" data-width=\"750\" ori-height=\"800\" ori-width=\"800\" src=\"https:\/\/anbanjia.com.cn\/wp-content\/uploads\/2022\/05\/HTB1bG7JXp67gK0jSZPfq6yhhFXaj.jpg\" style=\"max-width: 750;\"><\/p>\n<p><img decoding=\"async\" data-alt=\"3 wheel folding electric scooter disabled personal transporter electric scooter mobility for adult\" data-height=\"750\" data-src=\"\" data-width=\"750\" ori-height=\"800\" ori-width=\"800\" src=\"https:\/\/anbanjia.com.cn\/wp-content\/uploads\/2022\/05\/HTB1EvULXCf2gK0jSZFPq6xsopXav.jpg\"><img decoding=\"async\" data-alt=\"3 wheel folding electric scooter disabled personal transporter electric scooter mobility for adult\" data-height=\"750\" data-src=\"\" data-width=\"750\" ori-height=\"800\" ori-width=\"800\" src=\"https:\/\/anbanjia.com.cn\/wp-content\/uploads\/2022\/05\/HTB1cdwNXAH0gK0jSZPiq6yvapXa5.jpg\"><img decoding=\"async\" data-alt=\"3 wheel folding electric scooter disabled personal transporter electric scooter mobility for adult\" data-height=\"750\" data-src=\"\" data-width=\"750\" ori-height=\"800\" ori-width=\"800\" src=\"https:\/\/anbanjia.com.cn\/wp-content\/uploads\/2022\/05\/HTB1dFZNXrr1gK0jSZR0q6zP8XXaD.jpg\"><img decoding=\"async\" data-alt=\"3 wheel folding electric scooter disabled personal transporter electric scooter mobility for adult\" data-height=\"750\" data-src=\"\" data-width=\"750\" ori-height=\"800\" ori-width=\"800\" src=\"https:\/\/anbanjia.com.cn\/wp-content\/uploads\/2022\/05\/HTB1ZncLXuH2gK0jSZJnq6yT1FXao.jpg\"><img decoding=\"async\" data-alt=\"3 wheel folding electric scooter disabled personal transporter electric scooter mobility for adult\" data-height=\"750\" data-src=\"\" data-width=\"750\" ori-height=\"800\" ori-width=\"800\" src=\"https:\/\/anbanjia.com.cn\/wp-content\/uploads\/2022\/05\/HTB1hccNXrj1gK0jSZFuq6ArHpXa7.jpg\"><\/p>\n<p><img decoding=\"async\" data-alt=\"3 wheel folding electric scooter disabled personal transporter electric scooter mobility for adult\" data-height=\"750\" data-src=\"\" data-width=\"750\" ori-height=\"800\" ori-width=\"800\" src=\"https:\/\/anbanjia.com.cn\/wp-content\/uploads\/2022\/05\/HTB107oMXxv1gK0jSZFFq6z0sXXaD.jpg\"><\/p>\n<p> <img decoding=\"async\" data-alt=\"3 wheel folding electric scooter disabled personal transporter electric scooter mobility for adult\" data-height=\"750\" data-src=\"\" data-width=\"750\" ori-height=\"800\" ori-width=\"800\" src=\"https:\/\/anbanjia.com.cn\/wp-content\/uploads\/2022\/05\/HTB145sJXpP7gK0jSZFjq6A5aXXaP.jpg\"><\/p>\n<\/p><\/div>\n<\/p><\/div>\n<div data-section=\"AliPostDhMb-ron81\" data-section-title=\"Our Services\" id=\"ali-anchor-AliPostDhMb-ron81\" style=\"padding-top: 8px;\">\n<div id=\"ali-title-AliPostDhMb-ron81\" style=\"padding: 8px 0; border-bottom: 1px solid #ddd;\"><span style=\"background-color: #ddd; color: #333; font-weight: bold; padding: 8px 10px; line-height: 12px;\">Nos services<\/span><\/div>\n<div id=\"ali-desLoader-AliPostDhMb-ron81\" style=\"padding: 10px 0;\">\n<p> <img decoding=\"async\" data-alt=\"3 wheel folding electric scooter disabled personal transporter electric scooter mobility for adult\" data-height=\"414\" data-src=\"\" data-width=\"748\" ori-height=\"415\" ori-width=\"750\" src=\"https:\/\/anbanjia.com.cn\/wp-content\/uploads\/2022\/05\/HTB1axiRzFOWBuNjy0Fiq6xFxVXa5.jpg\"><\/p>\n<\/p><\/div>\n<\/p><\/div>\n<div data-section=\"AliPostDhMb-jw4x4\" data-section-title=\"Company Information\" id=\"ali-anchor-AliPostDhMb-jw4x4\" style=\"padding-top: 8px;\">\n<div id=\"ali-title-AliPostDhMb-jw4x4\" style=\"padding: 8px 0; border-bottom: 1px solid #ddd;\"><span style=\"background-color: #ddd; color: #333; font-weight: bold; padding: 8px 10px; line-height: 12px;\">Informations sur la soci\u00e9t\u00e9<\/span><\/div>\n<div style=\"padding: 10px 0;\">\n<p> <img decoding=\"async\" data-alt=\"3 wheel folding electric scooter disabled personal transporter electric scooter mobility for adult\" data-height=\"1856\" data-src=\"\" data-width=\"750\" ori-height=\"1980\" ori-width=\"800\" src=\"https:\/\/anbanjia.com.cn\/wp-content\/uploads\/2022\/05\/HTB1W_MCXpT7gK0jSZFpq6yTkpXan.jpg\"><\/p>\n<\/p><\/div>\n<\/p><\/div>\n<div data-section=\"AliPostDhMb-suy90\" data-section-title=\"FAQ\" id=\"ali-anchor-AliPostDhMb-suy90\" style=\"padding-top: 8px;\">\n<div id=\"ali-title-AliPostDhMb-suy90\" style=\"padding: 8px 0; border-bottom: 1px solid #ddd;\"><span style=\"background-color: #ddd; color: #333; font-weight: bold; padding: 8px 10px; line-height: 12px;\">FAQ<\/span><\/div>\n<div style=\"padding: 10px 0;\">\n<p><strong><span style=\"font-size: 24px;\"> Q1&nbsp;:\u00c9l\u00e9ments de paiement<\/span><\/strong><br \/><span style=\"font-size: 24px;\">A&nbsp;:&nbsp;T\/T 30&nbsp;% comme d\u00e9p\u00f4t, et 70&nbsp;% avant la livraison si le compte d\u00e9passe 10&nbsp;000,00&nbsp;USD<\/span><br \/><span style=\"font-size: 24px;\"><strong>Q2 : d\u00e9lai de livraison :<\/strong> <\/span><br \/><span style=\"font-size: 24px;\">G\u00e9n\u00e9ralement, cela prendra 3 \u00e0 5 jours ouvrables apr\u00e8s r\u00e9ception de votre paiement anticip\u00e9. Le d\u00e9lai de livraison sp\u00e9cifique d\u00e9pend de la quantit\u00e9 de votre commande.<\/span><br \/><strong><span style=\"font-size: 24px;\">Q3 : Tester les marchandises avant la livraison ?<\/span><\/strong><br \/><span style=\"font-size: 24px;\">A: oui, nous avons un test \u00e0 100% avant la livraison.<\/span><br \/><strong><span style=\"font-size: 24px;\">Q4 : Comment faites-vous notre entreprise \u00e0 long terme ?<\/span><\/strong><br \/><span style=\"font-size: 24px;\">A1: nous gardons une bonne qualit\u00e9 et le prix le plus comp\u00e9titif.<\/span><br \/><span style=\"font-size: 24px;\">A2 : nous respectons chaque client comme notre ami.<\/span><\/p>\n<p><span style=\"font-size: 24px;\"><img decoding=\"async\" data-alt=\"3 wheel folding electric scooter disabled personal transporter electric scooter mobility for adult\" data-src=\"\" ori-height=\"292\" ori-width=\"800\" src=\"https:\/\/anbanjia.com.cn\/wp-content\/uploads\/2022\/05\/H10fdde19478c4022952b6ef21b37e97bx.jpg\"><\/span><\/p>\n<\/p><\/div>\n<\/p><\/div>\n<\/div>\n","protected":false},"excerpt":{"rendered":"<div style=\"width:auto\">\n<div style=\"min-width: 300px;max-width: 300px;word-wrap: break-word;float: left\">Lieu d&rsquo;origine&nbsp;: Guangdong, Chine <\/div>\n<div style=\"min-width: 300px;max-width: 300px;word-wrap: break-word;float: left\">Nom de marque:OEM<\/div>\n<\/p><\/div>\n<div style=\"width:auto\">\n<div style=\"min-width: 300px;max-width: 300px;word-wrap: break-word;float: left\">Num\u00e9ro de mod\u00e8le&nbsp;: ABJ-02 <\/div>\n<div style=\"min-width: 300px;max-width: 300px;word-wrap: break-word;float: left\">Puissance&nbsp;: 350&nbsp;W<\/div>\n<\/p><\/div>\n<div style=\"width:auto\">\n<div style=\"min-width: 300px;max-width: 300px;word-wrap: break-word;float: left\">Tension&nbsp;: 36&nbsp;V <\/div>\n<div style=\"min-width: 300px;max-width: 300px;word-wrap: break-word;float: left\">Temps de charge : 3-5h<\/div>\n<\/p><\/div>\n<div style=\"width:auto\">\n<div style=\"min-width: 300px;max-width: 300px;word-wrap: break-word;float: left\">Pliable&nbsp;:&nbsp;Oui <\/div>\n<div style=\"min-width: 300px;max-width: 300px;word-wrap: break-word;float: left\">Port\u00e9e par charge&nbsp;: 30&nbsp;km<\/div>\n<\/p><\/div>\n<div style=\"width:auto\">\n<div style=\"min-width: 300px;max-width: 300px;word-wrap: break-word;float: left\">Vitesse maximale&nbsp;:&lt;30&nbsp;km\/h <\/div>\n<div style=\"min-width: 300px;max-width: 300px;word-wrap: break-word;float: left\">Type intelligent : \u00c9lectronique<\/div>\n<\/p><\/div>\n<div style=\"width:auto\">\n<div style=\"min-width: 300px;max-width: 300px;word-wrap: break-word;float: left\">La couleur noire <\/div>\n<div style=\"min-width: 300px;max-width: 300px;word-wrap: break-word;float: left\">Batterie&nbsp;: 36&nbsp;V 10&nbsp;AH<\/div>\n<\/p><\/div>\n<div style=\"width:auto\">\n<div style=\"min-width: 300px;max-width: 300px;word-wrap: break-word;float: left\">Puissance du moteur&nbsp;: 350&nbsp;W <\/div>\n<div style=\"min-width: 300px;max-width: 300px;word-wrap: break-word;float: left\">Vitesse maximale&nbsp;: 15&nbsp;km\/h<\/div>\n<\/p><\/div>\n<div style=\"width:auto\">\n<div style=\"min-width: 300px;max-width: 300px;word-wrap: break-word;float: left\">Charge maximale&nbsp;: 120&nbsp;kg <\/div>\n<div style=\"min-width: 300px;max-width: 300px;word-wrap: break-word;float: left\">Poids net&nbsp;: 20,3&nbsp;kg<\/div>\n<\/p><\/div>\n<div style=\"width:auto\">\n<div style=\"min-width: 300px;max-width: 300px;word-wrap: break-word;float: left\">style: scooter de bagages <\/div>\n<div style=\"min-width: 300px;max-width: 300px;word-wrap: break-word;float: left\">Fonction : scooter \u00e9lectrique<\/div>\n<\/p><\/div>\n<div style=\"width:auto\">\n<div style=\"min-width: 300px;max-width: 300px;word-wrap: break-word;float: left\">Ensemble combin\u00e9 offert&nbsp;: 0 <\/div>\n<div style=\"min-width: 300px;max-width: 300px;word-wrap: break-word;float: left\">Certificat&nbsp;: ce<\/div>\n<\/p><\/div>\n","protected":false},"featured_media":10226,"comment_status":"closed","ping_status":"closed","template":"","meta":[],"product_cat":[117],"product_tag":[],"class_list":["post-10170","product","type-product","status-publish","has-post-thumbnail","hentry","product_cat-trottinette-pour-personnes-agees"],"_links":{"self":[{"href":"https:\/\/anbanjia.com.cn\/fr\/wp-json\/wp\/v2\/product\/10170","targetHints":{"allow":["GET"]}}],"collection":[{"href":"https:\/\/anbanjia.com.cn\/fr\/wp-json\/wp\/v2\/product"}],"about":[{"href":"https:\/\/anbanjia.com.cn\/fr\/wp-json\/wp\/v2\/types\/product"}],"replies":[{"embeddable":true,"href":"https:\/\/anbanjia.com.cn\/fr\/wp-json\/wp\/v2\/comments?post=10170"}],"wp:featuredmedia":[{"embeddable":true,"href":"https:\/\/anbanjia.com.cn\/fr\/wp-json\/wp\/v2\/media\/10226"}],"wp:attachment":[{"href":"https:\/\/anbanjia.com.cn\/fr\/wp-json\/wp\/v2\/media?parent=10170"}],"wp:term":[{"taxonomy":"product_cat","embeddable":true,"href":"https:\/\/anbanjia.com.cn\/fr\/wp-json\/wp\/v2\/product_cat?post=10170"},{"taxonomy":"product_tag","embeddable":true,"href":"https:\/\/anbanjia.com.cn\/fr\/wp-json\/wp\/v2\/product_tag?post=10170"}],"curies":[{"name":"wp","href":"https:\/\/api.w.org\/{rel}","templated":true}]}}