{"id":10124,"date":"2022-05-02T18:08:00","date_gmt":"2022-05-02T18:08:00","guid":{"rendered":"https:\/\/www.anbanjia.com.cn\/product\/usine-vente-personnes-agees-monter-et-descendre-les-escaliers-electrique-chenille-escalade-escalier-machine-fauteuil-roulant-escalier-grimpeur\/"},"modified":"2022-05-02T18:08:00","modified_gmt":"2022-05-02T18:08:00","slug":"usine-vente-personnes-agees-monter-et-descendre-escaliers-electrique-crawler-escalade-escalier-machine-fauteuil-roulant-monte-escalier","status":"publish","type":"product","link":"https:\/\/anbanjia.com.cn\/fr\/produit\/usine-vente-personnes-agees-monter-et-descendre-escaliers-electrique-crawler-escalade-escalier-machine-fauteuil-roulant-monte-escalier\/","title":{"rendered":"Usine vente personnes \u00e2g\u00e9es monter et descendre les escaliers \u00e9lectrique chenille escalade escalier machine fauteuil roulant escalier grimpeur"},"content":{"rendered":"<div style=\"max-width: 750px;margin: 0 auto;\">\n<p><strong><span style=\"font-size: 32px; font-family: 'comic sans ms', sans-serif;\">Les personnes \u00e2g\u00e9es montent et descendent les escaliers \u00e9lectrique sur chenilles escalade escalier machine fauteuil roulant escalier grimpeur<\/span><\/strong><\/p>\n<p><span style=\"color: #ff0000;\"><strong><span style=\"font-size: 32px; font-family: 'comic sans ms', sans-serif;\"><img decoding=\"async\" data-alt=\"Factory sale Old people up and down stairs electric crawler climbing staircase machine wheelchair stair climber\" data-src=\"\" ori-height=\"551\" ori-width=\"750\" src=\"https:\/\/anbanjia.com.cn\/wp-content\/uploads\/2022\/05\/HTB1doXEaWmWBuNkHFJHq6yatVXad.jpg\" style=\"max-width: 750;\"><img decoding=\"async\" data-alt=\"Factory sale Old people up and down stairs electric crawler climbing staircase machine wheelchair stair climber\" data-src=\"\" ori-height=\"1073\" ori-width=\"750\" src=\"https:\/\/anbanjia.com.cn\/wp-content\/uploads\/2022\/05\/HTB1ZLdCa8mWBuNkSndVq6AsApXat.jpg\"><img decoding=\"async\" data-alt=\"Factory sale Old people up and down stairs electric crawler climbing staircase machine wheelchair stair climber\" data-src=\"\" ori-height=\"1044\" ori-width=\"750\" src=\"https:\/\/anbanjia.com.cn\/wp-content\/uploads\/2022\/05\/HTB1sTGCd7SWBuNjSszdq6zeSpXa3.jpg\"><img decoding=\"async\" data-alt=\"Factory sale Old people up and down stairs electric crawler climbing staircase machine wheelchair stair climber\" data-src=\"\" ori-height=\"737\" ori-width=\"750\" src=\"https:\/\/anbanjia.com.cn\/wp-content\/uploads\/2022\/05\/HTB1LZCgdYuWBuNjSszgq6z8jVXa9.jpg\"><img decoding=\"async\" data-alt=\"Factory sale Old people up and down stairs electric crawler climbing staircase machine wheelchair stair climber\" data-src=\"\" ori-height=\"699\" ori-width=\"750\" src=\"https:\/\/anbanjia.com.cn\/wp-content\/uploads\/2022\/05\/HTB1r_GCd7SWBuNjSszdq6zeSpXah.jpg\"><img decoding=\"async\" data-alt=\"Factory sale Old people up and down stairs electric crawler climbing staircase machine wheelchair stair climber\" data-src=\"\" ori-height=\"622\" ori-width=\"750\" src=\"https:\/\/anbanjia.com.cn\/wp-content\/uploads\/2022\/05\/HTB15oNLa_mWBKNjSZFBq6xxUFXa2.jpg\"><img decoding=\"async\" data-alt=\"Factory sale Old people up and down stairs electric crawler climbing staircase machine wheelchair stair climber\" data-src=\"\" ori-height=\"826\" ori-width=\"750\" src=\"https:\/\/anbanjia.com.cn\/wp-content\/uploads\/2022\/05\/HTB1Q3j0d9BYBeNjy0Feq6znmFXad.jpg\"><img decoding=\"async\" data-alt=\"Factory sale Old people up and down stairs electric crawler climbing staircase machine wheelchair stair climber\" data-src=\"\" ori-height=\"1308\" ori-width=\"750\" src=\"https:\/\/anbanjia.com.cn\/wp-content\/uploads\/2022\/05\/HTB1gyVtaVooBKNjSZFPq6xa2XXaz.jpg\"><img decoding=\"async\" data-alt=\"Factory sale Old people up and down stairs electric crawler climbing staircase machine wheelchair stair climber\" data-src=\"\" ori-height=\"558\" ori-width=\"792\" src=\"https:\/\/anbanjia.com.cn\/wp-content\/uploads\/2022\/05\/Ha487a27a4ae040f596bc66654ac06ed6f.png\"><img decoding=\"async\" data-alt=\"Factory sale Old people up and down stairs electric crawler climbing staircase machine wheelchair stair climber\" data-src=\"\" ori-height=\"780\" ori-width=\"750\" src=\"https:\/\/anbanjia.com.cn\/wp-content\/uploads\/2022\/05\/HTB1pQINaJknBKNjSZKPq6x6OFXax.jpg\"><img decoding=\"async\" data-alt=\"Factory sale Old people up and down stairs electric crawler climbing staircase machine wheelchair stair climber\" data-src=\"\" ori-height=\"756\" ori-width=\"786\" src=\"https:\/\/anbanjia.com.cn\/wp-content\/uploads\/2022\/05\/H3119bdff1aae426ebd6aa6fd9a5f8e6e0.png\"><img decoding=\"async\" data-alt=\"Factory sale Old people up and down stairs electric crawler climbing staircase machine wheelchair stair climber\" data-src=\"\" ori-height=\"867\" ori-width=\"787\" src=\"https:\/\/anbanjia.com.cn\/wp-content\/uploads\/2022\/05\/H02b9ecbc2fd44407b98c71f66343c5f9c.png\"><img decoding=\"async\" data-alt=\"Factory sale Old people up and down stairs electric crawler climbing staircase machine wheelchair stair climber\" data-src=\"\" ori-height=\"992\" ori-width=\"750\" src=\"https:\/\/anbanjia.com.cn\/wp-content\/uploads\/2022\/05\/HTB1CFqHd7CWBuNjy0Faq6xUlXXa2.jpg\"><img decoding=\"async\" data-alt=\"Factory sale Old people up and down stairs electric crawler climbing staircase machine wheelchair stair climber\" data-src=\"\" ori-height=\"710\" ori-width=\"750\" src=\"https:\/\/anbanjia.com.cn\/wp-content\/uploads\/2022\/05\/HTB1vCWxd41YBuNjy1zcq6zNcXXa9.jpg\"><\/span><\/strong><\/span><\/p>\n<p><span style=\"color: #ff0000;\"><strong><span style=\"font-size: 32px; font-family: 'comic sans ms', sans-serif;\"><img decoding=\"async\" data-alt=\"Factory sale Old people up and down stairs electric crawler climbing staircase machine wheelchair stair climber\" data-src=\"\" ori-height=\"576\" ori-width=\"756\" src=\"https:\/\/anbanjia.com.cn\/wp-content\/uploads\/2022\/05\/HTB1FNB_d7KWBuNjy1zjq6AOypXav.jpg\"><\/span><\/strong><\/span><\/p>\n<p><span style=\"color: #ff0000;\"><strong><span style=\"font-size: 32px; font-family: 'comic sans ms', sans-serif;\">Choisissez-nous non seulement pour les affaires<br \/><span style=\"font-size: 18px; color: #000000;\">Nous prenons au s\u00e9rieux votre commande et appr\u00e9cions chaque demande qui nous est envoy\u00e9e, garantissant un prix comp\u00e9titif rapide.<\/span><br \/><span style=\"font-size: 18px; color: #000000;\">D\u00e9lai de livraison ponctuel :<\/span><br \/><span style=\"font-size: 18px; color: #000000;\">&#8211;nous passons votre commande et traitons imm\u00e9diatement, assurons votre d\u00e9lai de livraison ponctuel<\/span><br \/><span style=\"font-size: 18px; color: #000000;\">V\u00e9rifier avant exp\u00e9dition :<\/span><br \/><span style=\"font-size: 18px; color: #000000;\">&#8211;Nos coll\u00e8gues d&rsquo;inspection v\u00e9rifient la qualit\u00e9 avant l&rsquo;exp\u00e9dition, nous faisons un avis d&rsquo;exp\u00e9dition d\u00e8s que votre commande est exp\u00e9di\u00e9e<\/span><br \/><span style=\"font-size: 18px; color: #000000;\">Service apr\u00e8s-vente :<\/span><br \/><span style=\"font-size: 18px; color: #000000;\">Nous nous f\u00e9licitons de votre demande sur les marchandises et respectons vos commentaires apr\u00e8s r\u00e9ception des marchandises.<img decoding=\"async\" data-alt=\"Factory sale Old people up and down stairs electric crawler climbing staircase machine wheelchair stair climber\" data-src=\"\" ori-height=\"944\" ori-width=\"750\" src=\"https:\/\/anbanjia.com.cn\/wp-content\/uploads\/2022\/05\/H2624fa5d782c4876bf4d35d9dc8a3fa9k.jpg\"><img decoding=\"async\" data-alt=\"Factory sale Old people up and down stairs electric crawler climbing staircase machine wheelchair stair climber\" data-src=\"\" ori-height=\"271\" ori-width=\"760\" src=\"https:\/\/anbanjia.com.cn\/wp-content\/uploads\/2022\/05\/H68d7be08c0014ed9b4a71c60879f7de3d.png\"><\/span><br \/><\/span><\/strong><\/span><\/p>\n<\/p>\n<\/div>\n","protected":false},"excerpt":{"rendered":"<div style=\"width:auto\">\n<div style=\"min-width: 300px;max-width: 300px;word-wrap: break-word;float: left\">Lieu d&rsquo;origine&nbsp;: Guangdong, Chine <\/div>\n<div style=\"min-width: 300px;max-width: 300px;word-wrap: break-word;float: left\">Nom de marque:Anbanjia<\/div>\n<\/p><\/div>\n<div style=\"width:auto\">\n<div style=\"min-width: 300px;max-width: 300px;word-wrap: break-word;float: left\">Num\u00e9ro de mod\u00e8le : ABJ-2011 <\/div>\n<div style=\"min-width: 300px;max-width: 300px;word-wrap: break-word;float: left\">Classification des instruments&nbsp;: classe&nbsp;II<\/div>\n<\/p><\/div>\n<div style=\"width:auto\">\n<div style=\"min-width: 300px;max-width: 300px;word-wrap: break-word;float: left\">Garantie : AUCUNE <\/div>\n<div style=\"min-width: 300px;max-width: 300px;word-wrap: break-word;float: left\">Service apr\u00e8s-vente : AUCUN<\/div>\n<\/p><\/div>\n<div style=\"width:auto\">\n<div style=\"min-width: 300px;max-width: 300px;word-wrap: break-word;float: left\">Mat\u00e9riel:Aluminium <\/div>\n<div style=\"min-width: 300px;max-width: 300px;word-wrap: break-word;float: left\">D\u00e9plier la taille : 123*51*160 cm<\/div>\n<\/p><\/div>\n<div style=\"width:auto\">\n<div style=\"min-width: 300px;max-width: 300px;word-wrap: break-word;float: left\">Taille pliable: 110*57*34 cm <\/div>\n<div style=\"min-width: 300px;max-width: 300px;word-wrap: break-word;float: left\">Net W.\/Brut W&nbsp;: 30 kg\/45 kg<\/div>\n<\/p><\/div>\n","protected":false},"featured_media":10197,"comment_status":"closed","ping_status":"closed","template":"","meta":[],"product_cat":[121],"product_tag":[],"class_list":["post-10124","product","type-product","status-publish","has-post-thumbnail","hentry","product_cat-fauteuil-roulant-descalade"],"_links":{"self":[{"href":"https:\/\/anbanjia.com.cn\/fr\/wp-json\/wp\/v2\/product\/10124","targetHints":{"allow":["GET"]}}],"collection":[{"href":"https:\/\/anbanjia.com.cn\/fr\/wp-json\/wp\/v2\/product"}],"about":[{"href":"https:\/\/anbanjia.com.cn\/fr\/wp-json\/wp\/v2\/types\/product"}],"replies":[{"embeddable":true,"href":"https:\/\/anbanjia.com.cn\/fr\/wp-json\/wp\/v2\/comments?post=10124"}],"wp:featuredmedia":[{"embeddable":true,"href":"https:\/\/anbanjia.com.cn\/fr\/wp-json\/wp\/v2\/media\/10197"}],"wp:attachment":[{"href":"https:\/\/anbanjia.com.cn\/fr\/wp-json\/wp\/v2\/media?parent=10124"}],"wp:term":[{"taxonomy":"product_cat","embeddable":true,"href":"https:\/\/anbanjia.com.cn\/fr\/wp-json\/wp\/v2\/product_cat?post=10124"},{"taxonomy":"product_tag","embeddable":true,"href":"https:\/\/anbanjia.com.cn\/fr\/wp-json\/wp\/v2\/product_tag?post=10124"}],"curies":[{"name":"wp","href":"https:\/\/api.w.org\/{rel}","templated":true}]}}