{"id":9937,"date":"2022-05-02T18:08:03","date_gmt":"2022-05-02T18:08:03","guid":{"rendered":"https:\/\/www.anbanjia.com.cn\/product\/elektroroller-fuer-erwachsene-3-4-rad-gebrauchter-faltbarer-raycool-elektroroller-fuer-aeltere-menschen-und-behinderte\/"},"modified":"2022-05-02T18:08:03","modified_gmt":"2022-05-02T18:08:03","slug":"elektroroller-erwachsene-3-4-rad-gebrauchter-erwachsener-faltbar-raycool-elektroroller-fur-altere-menschen-und-behinderte","status":"publish","type":"product","link":"https:\/\/anbanjia.com.cn\/de\/produkt\/elektroroller-erwachsene-3-4-rad-gebrauchter-erwachsener-faltbar-raycool-elektroroller-fur-altere-menschen-und-behinderte\/","title":{"rendered":"Elektroroller f\u00fcr Erwachsene 3\/4 Rad Gebrauchter faltbarer Raycool Elektroroller f\u00fcr \u00e4ltere Menschen und Behinderte"},"content":{"rendered":"<div style=\"max-width: 750px;margin: 0 auto;\">\n<p style=\"text-align: center;\"><span style=\"font-size: 32px; font-family: 'comic sans ms', sans-serif;\">Leichter zusammenklappbarer Elektroroller f\u00fcr tragbare Elektrofahrzeuge f\u00fcr \u00e4ltere Menschen zu verkaufen<\/span><\/p>\n<div class=\"mceSectionContainer\" data-section=\"AliPostDhMb-mowdu\" data-section-title=\"Product Description\" id=\"ali-anchor-AliPostDhMb-mowdu\" style=\"padding-top: 8px;\">\n<div id=\"ali-title-AliPostDhMb-mowdu\" style=\"padding: 8px 0; border-bottom: 1px solid #ddd;\"><span style=\"background-color: #ddd; color: #333; font-weight: bold; padding: 8px 10px; line-height: 12px;\">Produktbeschreibung<\/span><\/div>\n<div style=\"padding: 10px 0;\">\n<p> <img decoding=\"async\" data-alt=\"Electric scooter adult 3\/4 wheel used adult foldable raycool electric scooter for elderly people and disabled\" data-src=\"\" ori-height=\"750\" ori-width=\"750\" src=\"https:\/\/anbanjia.com.cn\/wp-content\/uploads\/2022\/05\/HTB1zH1lRCzqK1RjSZFpq6ykSXXaR.jpg\" style=\"max-width: 750;\"><img decoding=\"async\" data-alt=\"Electric scooter adult 3\/4 wheel used adult foldable raycool electric scooter for elderly people and disabled\" data-src=\"\" ori-height=\"1142\" ori-width=\"790\" src=\"https:\/\/anbanjia.com.cn\/wp-content\/uploads\/2022\/05\/H73b799dc338646b2b76966fcf979886fW.jpg\"><img decoding=\"async\" data-alt=\"Electric scooter adult 3\/4 wheel used adult foldable raycool electric scooter for elderly people and disabled\" data-src=\"\" ori-height=\"1109\" ori-width=\"790\" src=\"https:\/\/anbanjia.com.cn\/wp-content\/uploads\/2022\/05\/Hca0e14422f2845c486b2d32b8c20565ca.jpg\"><img decoding=\"async\" data-alt=\"Electric scooter adult 3\/4 wheel used adult foldable raycool electric scooter for elderly people and disabled\" data-src=\"\" ori-height=\"1053\" ori-width=\"790\" src=\"https:\/\/anbanjia.com.cn\/wp-content\/uploads\/2022\/05\/H4221b399d8b24300894ddb65dc9bd1baD.jpg\"><img decoding=\"async\" data-alt=\"Electric scooter adult 3\/4 wheel used adult foldable raycool electric scooter for elderly people and disabled\" data-src=\"\" ori-height=\"1186\" ori-width=\"790\" src=\"https:\/\/anbanjia.com.cn\/wp-content\/uploads\/2022\/05\/H9ec374ebf9a245faae393089b8e6838bc.jpg\"><img decoding=\"async\" data-alt=\"Electric scooter adult 3\/4 wheel used adult foldable raycool electric scooter for elderly people and disabled\" data-src=\"\" ori-height=\"1388\" ori-width=\"790\" src=\"https:\/\/anbanjia.com.cn\/wp-content\/uploads\/2022\/05\/H4ebe78c9c494479f927627954d23e64av.jpg\"><img decoding=\"async\" data-alt=\"Electric scooter adult 3\/4 wheel used adult foldable raycool electric scooter for elderly people and disabled\" data-src=\"\" ori-height=\"1041\" ori-width=\"790\" src=\"https:\/\/anbanjia.com.cn\/wp-content\/uploads\/2022\/05\/H9545f6e35ba04d2eb1b353ff42194e47u.jpg\"><img decoding=\"async\" data-alt=\"Electric scooter adult 3\/4 wheel used adult foldable raycool electric scooter for elderly people and disabled\" data-src=\"\" ori-height=\"1053\" ori-width=\"790\" src=\"https:\/\/anbanjia.com.cn\/wp-content\/uploads\/2022\/05\/Ha80380ea67624fd2acf401dd3bf1e9de8.jpg\"><img decoding=\"async\" data-alt=\"Electric scooter adult 3\/4 wheel used adult foldable raycool electric scooter for elderly people and disabled\" data-src=\"\" ori-height=\"769\" ori-width=\"790\" src=\"https:\/\/anbanjia.com.cn\/wp-content\/uploads\/2022\/05\/H0b7347e1fb3e491a850a21b8c13cb577j.jpg\"><img decoding=\"async\" data-alt=\"Electric scooter adult 3\/4 wheel used adult foldable raycool electric scooter for elderly people and disabled\" data-src=\"\" ori-height=\"991\" ori-width=\"790\" src=\"https:\/\/anbanjia.com.cn\/wp-content\/uploads\/2022\/05\/H7d517e152bd74b2b839bb60e6bc51e2f1.jpg\"><img decoding=\"async\" data-alt=\"Electric scooter adult 3\/4 wheel used adult foldable raycool electric scooter for elderly people and disabled\" data-src=\"\" ori-height=\"1073\" ori-width=\"790\" src=\"https:\/\/anbanjia.com.cn\/wp-content\/uploads\/2022\/05\/H4402f487a64e4c5a8ccfead4d91c1eafH.jpg\"><img decoding=\"async\" data-alt=\"Electric scooter adult 3\/4 wheel used adult foldable raycool electric scooter for elderly people and disabled\" data-src=\"\" ori-height=\"1058\" ori-width=\"790\" src=\"https:\/\/anbanjia.com.cn\/wp-content\/uploads\/2022\/05\/H987d1ef076804ed28f71cae677016a11L.jpg\"><img decoding=\"async\" data-alt=\"Electric scooter adult 3\/4 wheel used adult foldable raycool electric scooter for elderly people and disabled\" data-src=\"\" ori-height=\"834\" ori-width=\"790\" src=\"https:\/\/anbanjia.com.cn\/wp-content\/uploads\/2022\/05\/H13448ea58df64c7eaa80b26c659c0b98d.jpg\"><img decoding=\"async\" data-alt=\"Electric scooter adult 3\/4 wheel used adult foldable raycool electric scooter for elderly people and disabled\" data-src=\"\" ori-height=\"1097\" ori-width=\"790\" src=\"https:\/\/anbanjia.com.cn\/wp-content\/uploads\/2022\/05\/Hcbea86e009ae432480a5e3c3f39b3bcdc.jpg\"><img decoding=\"async\" data-alt=\"Electric scooter adult 3\/4 wheel used adult foldable raycool electric scooter for elderly people and disabled\" data-src=\"\" ori-height=\"698\" ori-width=\"750\" src=\"https:\/\/anbanjia.com.cn\/wp-content\/uploads\/2022\/05\/HTB1in1iRpYqK1RjSZLeq6zXppXaP.jpg\"><\/p>\n<\/p>\n<p><img decoding=\"async\" data-alt=\"Electric scooter adult 3\/4 wheel used adult foldable raycool electric scooter for elderly people and disabled\" data-height=\"750\" data-src=\"\" data-width=\"750\" ori-height=\"800\" ori-width=\"800\" src=\"https:\/\/anbanjia.com.cn\/wp-content\/uploads\/2022\/05\/HTB107oMXxv1gK0jSZFFq6z0sXXaD.jpg\"><\/p>\n<p> <img decoding=\"async\" data-alt=\"Electric scooter adult 3\/4 wheel used adult foldable raycool electric scooter for elderly people and disabled\" data-height=\"750\" data-src=\"\" data-width=\"750\" ori-height=\"800\" ori-width=\"800\" src=\"https:\/\/anbanjia.com.cn\/wp-content\/uploads\/2022\/05\/HTB145sJXpP7gK0jSZFjq6A5aXXaP.jpg\"><\/p>\n<\/div>\n<\/div>\n<div class=\"mceSectionContainer\" data-section=\"AliPostDhMb-ron81\" data-section-title=\"Our Services\" id=\"ali-anchor-AliPostDhMb-ron81\" style=\"padding-top: 8px;\">\n<div id=\"ali-title-AliPostDhMb-ron81\" style=\"padding: 8px 0; border-bottom: 1px solid #ddd;\"><span style=\"background-color: #ddd; color: #333; font-weight: bold; padding: 8px 10px; line-height: 12px;\">Unsere Dienstleistungen<\/span><\/div>\n<div id=\"ali-desLoader-AliPostDhMb-ron81\" style=\"padding: 10px 0;\">\n<p> <img decoding=\"async\" data-alt=\"Electric scooter adult 3\/4 wheel used adult foldable raycool electric scooter for elderly people and disabled\" data-height=\"414\" data-src=\"\" data-width=\"748\" ori-height=\"415\" ori-width=\"750\" src=\"https:\/\/anbanjia.com.cn\/wp-content\/uploads\/2022\/05\/HTB1axiRzFOWBuNjy0Fiq6xFxVXa5.jpg\"><\/p>\n<\/p>\n<\/div>\n<\/div>\n<div class=\"mceSectionContainer\" data-section=\"AliPostDhMb-jw4x4\" data-section-title=\"Company Information\" id=\"ali-anchor-AliPostDhMb-jw4x4\" style=\"padding-top: 8px;\">\n<div id=\"ali-title-AliPostDhMb-jw4x4\" style=\"padding: 8px 0; border-bottom: 1px solid #ddd;\"><span style=\"background-color: #ddd; color: #333; font-weight: bold; padding: 8px 10px; line-height: 12px;\">Firmeninformation<\/span><\/div>\n<div style=\"padding: 10px 0;\">\n<p> <img decoding=\"async\" data-alt=\"Electric scooter adult 3\/4 wheel used adult foldable raycool electric scooter for elderly people and disabled\" data-height=\"1856\" data-src=\"\" data-width=\"750\" ori-height=\"1980\" ori-width=\"800\" src=\"https:\/\/anbanjia.com.cn\/wp-content\/uploads\/2022\/05\/HTB1W_MCXpT7gK0jSZFpq6yTkpXan.jpg\"><\/p>\n<\/p>\n<\/div>\n<\/div>\n<div class=\"mceSectionContainer\" data-section=\"AliPostDhMb-suy90\" data-section-title=\"FAQ\" id=\"ali-anchor-AliPostDhMb-suy90\" style=\"padding-top: 8px;\">\n<div id=\"ali-title-AliPostDhMb-suy90\" style=\"padding: 8px 0; border-bottom: 1px solid #ddd;\"><span style=\"background-color: #ddd; color: #333; font-weight: bold; padding: 8px 10px; line-height: 12px;\">FAQ<\/span><\/div>\n<div style=\"padding: 10px 0;\">\n<p><strong><span style=\"font-size: 24px;\"> Q1: Zahlungsposten<\/span><\/strong><br \/><span style=\"font-size: 24px;\">A: T\/T 30 % als Anzahlung und 70 % vor Lieferung, wenn das Konto mehr als 10.000,00 US-Dollar betr\u00e4gt<\/span><br \/><span style=\"font-size: 24px;\"><strong>Q2: Lieferzeit:<\/strong> <\/span><br \/><span style=\"font-size: 24px;\">Im Allgemeinen dauert es 3-5 Werktage, nachdem Sie Ihre Vorauszahlung erhalten haben. Die spezifische Lieferzeit h\u00e4ngt von der Menge Ihrer Bestellung ab.<\/span><br \/><strong><span style=\"font-size: 24px;\">Q3: Waren vor Anlieferung pr\u00fcfen?<\/span><\/strong><br \/><span style=\"font-size: 24px;\">A: Ja, wir haben einen 100%-Test vor der Auslieferung.<\/span><br \/><strong><span style=\"font-size: 24px;\">Q4: Wie machen Sie unser Gesch\u00e4ft langfristig?<\/span><\/strong><br \/><span style=\"font-size: 24px;\">A1: Wir halten gute Qualit\u00e4t und den konkurrenzf\u00e4higsten Preis.<\/span><br \/><span style=\"font-size: 24px;\">A2: Wir respektieren jeden Kunden als unseren Freund.<\/span><\/p>\n<\/div>\n<\/div>\n<\/div>\n","protected":false},"excerpt":{"rendered":"<div style=\"width:auto\">\n<div style=\"min-width: 300px;max-width: 300px;word-wrap: break-word;float: left\">Herkunftsort: Guangdong, China <\/div>\n<div style=\"min-width: 300px;max-width: 300px;word-wrap: break-word;float: left\">Markenname: OEM<\/div>\n<\/p><\/div>\n<div style=\"width:auto\">\n<div style=\"min-width: 300px;max-width: 300px;word-wrap: break-word;float: left\">Modellnummer: ABJ-02 <\/div>\n<div style=\"min-width: 300px;max-width: 300px;word-wrap: break-word;float: left\">Leistung: 350 W<\/div>\n<\/p><\/div>\n<div style=\"width:auto\">\n<div style=\"min-width: 300px;max-width: 300px;word-wrap: break-word;float: left\">Spannung: 36 V <\/div>\n<div style=\"min-width: 300px;max-width: 300px;word-wrap: break-word;float: left\">Ladezeit:3-5h<\/div>\n<\/p><\/div>\n<div style=\"width:auto\">\n<div style=\"min-width: 300px;max-width: 300px;word-wrap: break-word;float: left\">Faltbar: Ja <\/div>\n<div style=\"min-width: 300px;max-width: 300px;word-wrap: break-word;float: left\">Reichweite pro Ladung: 30 km<\/div>\n<\/p><\/div>\n<div style=\"width:auto\">\n<div style=\"min-width: 300px;max-width: 300px;word-wrap: break-word;float: left\">H\u00f6chstgeschwindigkeit: &lt;30 km\/h <\/div>\n<div style=\"min-width: 300px;max-width: 300px;word-wrap: break-word;float: left\">Farbe schwarz<\/div>\n<\/p><\/div>\n<div style=\"width:auto\">\n<div style=\"min-width: 300px;max-width: 300px;word-wrap: break-word;float: left\">Batterie: 36V 10AH <\/div>\n<div style=\"min-width: 300px;max-width: 300px;word-wrap: break-word;float: left\">Motorleistung: 350 W<\/div>\n<\/p><\/div>\n<div style=\"width:auto\">\n<div style=\"min-width: 300px;max-width: 300px;word-wrap: break-word;float: left\">H\u00f6chstgeschwindigkeit: 15 km\/h <\/div>\n<div style=\"min-width: 300px;max-width: 300px;word-wrap: break-word;float: left\">Maximale Belastung: 120 kg<\/div>\n<\/p><\/div>\n<div style=\"width:auto\">\n<div style=\"min-width: 300px;max-width: 300px;word-wrap: break-word;float: left\">Nettogewicht: 20,3 kg <\/div>\n<div style=\"min-width: 300px;max-width: 300px;word-wrap: break-word;float: left\">Reifengr\u00f6\u00dfe: 10 Zoll<\/div>\n<\/p><\/div>\n<div style=\"width:auto\">\n<div style=\"min-width: 300px;max-width: 300px;word-wrap: break-word;float: left\">Kombi-Set angeboten:0 <\/div>\n<div style=\"min-width: 300px;max-width: 300px;word-wrap: break-word;float: left\">Zertifizierung:ce<\/div>\n<\/p><\/div>\n","protected":false},"featured_media":10043,"comment_status":"closed","ping_status":"closed","template":"","meta":[],"product_cat":[119],"product_tag":[],"class_list":["post-9937","product","type-product","status-publish","has-post-thumbnail","hentry","product_cat-alterer-roller"],"_links":{"self":[{"href":"https:\/\/anbanjia.com.cn\/de\/wp-json\/wp\/v2\/product\/9937","targetHints":{"allow":["GET"]}}],"collection":[{"href":"https:\/\/anbanjia.com.cn\/de\/wp-json\/wp\/v2\/product"}],"about":[{"href":"https:\/\/anbanjia.com.cn\/de\/wp-json\/wp\/v2\/types\/product"}],"replies":[{"embeddable":true,"href":"https:\/\/anbanjia.com.cn\/de\/wp-json\/wp\/v2\/comments?post=9937"}],"wp:featuredmedia":[{"embeddable":true,"href":"https:\/\/anbanjia.com.cn\/de\/wp-json\/wp\/v2\/media\/10043"}],"wp:attachment":[{"href":"https:\/\/anbanjia.com.cn\/de\/wp-json\/wp\/v2\/media?parent=9937"}],"wp:term":[{"taxonomy":"product_cat","embeddable":true,"href":"https:\/\/anbanjia.com.cn\/de\/wp-json\/wp\/v2\/product_cat?post=9937"},{"taxonomy":"product_tag","embeddable":true,"href":"https:\/\/anbanjia.com.cn\/de\/wp-json\/wp\/v2\/product_tag?post=9937"}],"curies":[{"name":"wp","href":"https:\/\/api.w.org\/{rel}","templated":true}]}}