{"id":9926,"date":"2022-05-02T18:07:57","date_gmt":"2022-05-02T18:07:57","guid":{"rendered":"https:\/\/www.anbanjia.com.cn\/product\/automatisches-medizinisches-kran-elektrisches-heben-mit-schlingenbad-hebestuhl-fuer-aelteren-patienten\/"},"modified":"2022-05-02T18:07:57","modified_gmt":"2022-05-02T18:07:57","slug":"automatischer-medizinischer-kran-elektrisches-heben-mit-schlinge-badewanne-lift-up-kommode-stuhl-alteren-patienten-transportstuhl","status":"publish","type":"product","link":"https:\/\/anbanjia.com.cn\/de\/produkt\/automatischer-medizinischer-kran-elektrisches-heben-mit-schlinge-badewanne-lift-up-kommode-stuhl-alteren-patienten-transportstuhl\/","title":{"rendered":"Automatisches medizinisches Kran-elektrisches Heben mit Schlingenbad-Hebestuhl f\u00fcr \u00e4lteren Patienten"},"content":{"rendered":"<div style=\"max-width: 750px;margin: 0 auto;\">\n<p><span style=\"font-size: 32px; font-family: 'comic sans ms', sans-serif;\">Krankenhausmobilit\u00e4ts-Behindertenaufz\u00fcge Kranpatienten-Patientenlifter und Sling-Stehrahmen-Transfer-Patientenlifter<\/span><\/p>\n<p><img decoding=\"async\" data-alt=\"Automatic Medical Crane Electric Lifting with sling bath lift up commode chair elderly patient transfer chair\" data-src=\"\" ori-height=\"1200\" ori-width=\"790\" src=\"https:\/\/anbanjia.com.cn\/wp-content\/uploads\/2022\/05\/Hc153fd53414a4f9c929a0bc0d59f965cI.jpg\" style=\"max-width: 750;\"><img decoding=\"async\" data-alt=\"Automatic Medical Crane Electric Lifting with sling bath lift up commode chair elderly patient transfer chair\" data-src=\"\" ori-height=\"1300\" ori-width=\"790\" src=\"https:\/\/anbanjia.com.cn\/wp-content\/uploads\/2022\/05\/H68e5098b28a14e59835d671a283fed1aZ.jpg\"><img decoding=\"async\" data-alt=\"Automatic Medical Crane Electric Lifting with sling bath lift up commode chair elderly patient transfer chair\" data-src=\"\" ori-height=\"1200\" ori-width=\"790\" src=\"https:\/\/anbanjia.com.cn\/wp-content\/uploads\/2022\/05\/H184034ebb34d416388f14e4dcadf91368.jpg\"><img decoding=\"async\" data-alt=\"Automatic Medical Crane Electric Lifting with sling bath lift up commode chair elderly patient transfer chair\" data-src=\"\" ori-height=\"1494\" ori-width=\"750\" src=\"https:\/\/anbanjia.com.cn\/wp-content\/uploads\/2022\/05\/H689920d8609542c1be9d75e7e8bd94adZ.jpg\"><\/p>\n<div class=\"mceSectionContainer\" data-section=\"AliPostDhMb-w69to\" data-section-title=\"Our Services\" id=\"ali-anchor-AliPostDhMb-w69to\" style=\"padding-top: 8px;\">\n<div id=\"ali-title-AliPostDhMb-w69to\" style=\"padding: 8px 0; border-bottom: 1px solid #ddd;\"><span style=\"background-color: #ddd; color: #333; font-weight: bold; padding: 8px 10px; line-height: 12px;\">Unsere Dienstleistungen<\/span><\/div>\n<div style=\"padding: 10px 0;\">\n<p style=\"box-sizing: content-box; margin: 0px; padding: 0px; border: 0px; font-style: normal; font-weight: 400; font-size: 12px; line-height: inherit; font-family: Arial,Helvetica; vertical-align: baseline; color: #333333; background-color: #ffffff;\"><span style=\"box-sizing: content-box; margin: 0px; padding: 0px; border: 0px; font-style: inherit; font-weight: inherit; font-size: 18px; line-height: 27px; vertical-align: baseline;\">Wir k\u00fcmmern uns ernsthaft um Ihre Bestellung und sch\u00e4tzen jede an uns gesendete Anfrage, um einen schnellen wettbewerbsf\u00e4higen Preis zu gew\u00e4hrleisten.<\/span><br \/><span style=\"box-sizing: content-box; margin: 0px; padding: 0px; border: 0px; font-style: inherit; font-weight: inherit; font-size: 18px; line-height: 27px; vertical-align: baseline;\">P\u00fcnktliche Lieferzeit:<\/span><br \/><span style=\"box-sizing: content-box; margin: 0px; padding: 0px; border: 0px; font-style: inherit; font-weight: inherit; font-size: 18px; line-height: 27px; vertical-align: baseline;\">&#8211; Wir geben Ihre Bestellung auf und handeln sofort, stellen Ihre p\u00fcnktliche Lieferzeit sicher<\/span><\/p>\n<p style=\"box-sizing: content-box; margin: 0px; padding: 0px; border: 0px; font-style: normal; font-weight: 400; font-size: 12px; line-height: inherit; font-family: Arial,Helvetica; vertical-align: baseline; color: #333333; background-color: #ffffff;\"><span style=\"box-sizing: content-box; margin: 0px; padding: 0px; border: 0px; font-style: inherit; font-weight: inherit; font-size: 18px; line-height: 27px; vertical-align: baseline;\">\u00dcberpr\u00fcfen Sie vor dem Versand:<\/span><br \/><span style=\"box-sizing: content-box; margin: 0px; padding: 0px; border: 0px; font-style: inherit; font-weight: inherit; font-size: 18px; line-height: 27px; vertical-align: baseline;\">&#8211; Unsere Inspektionskollegen \u00fcberpr\u00fcfen die Qualit\u00e4t vor dem Verpacken zum Versand. Wir machen eine Versandbenachrichtigung, sobald Ihre Bestellung versandt wurde<\/span><\/p>\n<p style=\"box-sizing: content-box; margin: 0px; padding: 0px; border: 0px; font-style: normal; font-weight: 400; font-size: 12px; line-height: inherit; font-family: Arial,Helvetica; vertical-align: baseline; color: #333333; background-color: #ffffff;\"><span style=\"box-sizing: content-box; margin: 0px; padding: 0px; border: 0px; font-style: inherit; font-weight: inherit; font-size: 18px; line-height: 27px; vertical-align: baseline;\">Kundendienst :<\/span><br \/><span style=\"box-sizing: content-box; margin: 0px; padding: 0px; border: 0px; font-style: inherit; font-weight: inherit; font-size: 18px; line-height: 27px; vertical-align: baseline;\">Wir freuen uns \u00fcber Ihre Anfrage zur Ware und respektieren Ihr Feedback nach Erhalt der Ware.<\/span><\/p>\n<\/p><\/div>\n<\/p><\/div>\n<div class=\"mceSectionContainer\" data-section=\"AliPostDhMb-qzdjw\" data-section-title=\"Contact Information\" id=\"ali-anchor-AliPostDhMb-qzdjw\" style=\"padding-top: 8px;\">\n<div id=\"ali-title-AliPostDhMb-qzdjw\" style=\"padding: 8px 0; border-bottom: 1px solid #ddd;\"><span style=\"background-color: #ddd; color: #333; font-weight: bold; padding: 8px 10px; line-height: 12px;\">Kontaktinformation<\/span><\/div>\n<div style=\"padding: 10px 0;\"> <\/div>\n<div style=\"padding: 10px 0;\"> <img decoding=\"async\" data-alt=\"Automatic Medical Crane Electric Lifting with sling bath lift up commode chair elderly patient transfer chair\" data-src=\"\" ori-height=\"271\" ori-width=\"760\" src=\"https:\/\/anbanjia.com.cn\/wp-content\/uploads\/2022\/05\/H68d7be08c0014ed9b4a71c60879f7de3d.png\"><\/div>\n<\/p><\/div>\n<\/div>\n","protected":false},"excerpt":{"rendered":"<div style=\"width:auto\">\n<div style=\"min-width: 300px;max-width: 300px;word-wrap: break-word;float: left\">Eigenschaften: Zubeh\u00f6r f\u00fcr die Rehabilitationstherapie <\/div>\n<div style=\"min-width: 300px;max-width: 300px;word-wrap: break-word;float: left\">Herkunftsort: China<\/div>\n<\/p><\/div>\n<div style=\"width:auto\">\n<div style=\"min-width: 300px;max-width: 300px;word-wrap: break-word;float: left\">Material: Edelstahl <\/div>\n<div style=\"min-width: 300px;max-width: 300px;word-wrap: break-word;float: left\">Garantie: 12 Monate<\/div>\n<\/p><\/div>\n<div style=\"width:auto\">\n<div style=\"min-width: 300px;max-width: 300px;word-wrap: break-word;float: left\">Funktion: Patientenpflege <\/div>\n<div style=\"min-width: 300px;max-width: 300px;word-wrap: break-word;float: left\">Nettogewicht: 22 kg<\/div>\n<\/p><\/div>\n","protected":false},"featured_media":8631,"comment_status":"closed","ping_status":"closed","template":"","meta":[],"product_cat":[116],"product_tag":[],"class_list":["post-9926","product","type-product","status-publish","has-post-thumbnail","hentry","product_cat-multifunktionale-umzugsmaschine"],"_links":{"self":[{"href":"https:\/\/anbanjia.com.cn\/de\/wp-json\/wp\/v2\/product\/9926","targetHints":{"allow":["GET"]}}],"collection":[{"href":"https:\/\/anbanjia.com.cn\/de\/wp-json\/wp\/v2\/product"}],"about":[{"href":"https:\/\/anbanjia.com.cn\/de\/wp-json\/wp\/v2\/types\/product"}],"replies":[{"embeddable":true,"href":"https:\/\/anbanjia.com.cn\/de\/wp-json\/wp\/v2\/comments?post=9926"}],"wp:featuredmedia":[{"embeddable":true,"href":"https:\/\/anbanjia.com.cn\/de\/wp-json\/wp\/v2\/media\/8631"}],"wp:attachment":[{"href":"https:\/\/anbanjia.com.cn\/de\/wp-json\/wp\/v2\/media?parent=9926"}],"wp:term":[{"taxonomy":"product_cat","embeddable":true,"href":"https:\/\/anbanjia.com.cn\/de\/wp-json\/wp\/v2\/product_cat?post=9926"},{"taxonomy":"product_tag","embeddable":true,"href":"https:\/\/anbanjia.com.cn\/de\/wp-json\/wp\/v2\/product_tag?post=9926"}],"curies":[{"name":"wp","href":"https:\/\/api.w.org\/{rel}","templated":true}]}}