{"id":9760,"date":"2022-05-02T18:08:04","date_gmt":"2022-05-02T18:08:04","guid":{"rendered":"https:\/\/www.anbanjia.com.cn\/product\/automatisches-falten-ferngesteuerter-tragbarer-3-rad-mobilitaetsbehinderter-elektroroller-fuer-erwachsene-mit-gepaeck-fuer-aeltere-menschen\/"},"modified":"2022-05-02T18:08:04","modified_gmt":"2022-05-02T18:08:04","slug":"automatisch-faltbarer-ferngesteuerter-tragbarer-3-rad-mobilitat-behinderten-erwachsenen-gepack-elektroroller-fur-altere","status":"publish","type":"product","link":"https:\/\/anbanjia.com.cn\/de\/produkt\/automatisch-faltbarer-ferngesteuerter-tragbarer-3-rad-mobilitat-behinderten-erwachsenen-gepack-elektroroller-fur-altere\/","title":{"rendered":"Automatisches Falten Ferngesteuerter tragbarer 3-Rad-Mobilit\u00e4tsbehinderter-Elektroroller f\u00fcr Erwachsene mit Gep\u00e4ck f\u00fcr \u00e4ltere Menschen"},"content":{"rendered":"<div style=\"max-width: 750px; margin: 0 auto;\">\n<div id=\"ali-anchor-AliPostDhMb-ljvh5\" style=\"padding-top: 8px;\" data-section=\"AliPostDhMb-ljvh5\" data-section-title=\"Product Details\">\n<div id=\"ali-title-AliPostDhMb-ljvh5\" style=\"padding: 8px 0; border-bottom: 1px solid #ddd;\"><span style=\"background-color: #ddd; color: #333; font-weight: bold; padding: 8px 10px; line-height: 12px;\">Produktdetails<\/span><\/div>\n<div style=\"padding: 10px 0;\">\n<p style=\"text-align: center;\"><span style=\"font-size: 24px;\"><span style=\"font-size: 24px;\"><strong>Gep\u00e4ck<\/strong><\/span> <strong>leichter Elektroroller<\/strong><\/span><\/p>\n<table style=\"border-collapse: collapse; width: 782pt;\" border=\"0\" width=\"1041\" cellspacing=\"0\" cellpadding=\"0\">\n<tbody>\n<tr style=\"height: 74px;\">\n<td style=\"height: 74px; width: 145pt;\" width=\"193\">Gesamte Gr\u00f6\u00dfe<\/td>\n<td style=\"border-left: none; width: 196pt; height: 74px;\" width=\"261\">110*53*98<\/td>\n<td style=\"border-left: none; width: 229pt; height: 74px;\" width=\"305\">125*58*95<\/td>\n<td style=\"border-left: none; width: 212pt; height: 74px;\" width=\"282\">123*57*95<\/td>\n<\/tr>\n<tr style=\"height: 65px;\">\n<td style=\"height: 65px; border-top: none;\">Gefaltete Breite<\/td>\n<td style=\"border-top: none; border-left: none; height: 65px;\">47*38*76<\/td>\n<td style=\"border-top: none; border-left: none; height: 65px;\">40*43*70<\/td>\n<td style=\"border-top: none; border-left: none; width: 212pt; height: 65px;\" width=\"282\">44*36*74<\/td>\n<\/tr>\n<tr style=\"height: 32px;\">\n<td style=\"height: 32px; border-top: none;\">Hinterrad<\/td>\n<td style=\"border-top: none; border-left: none; height: 32px;\">10 &#8222;PU<\/td>\n<td style=\"border-top: none; border-left: none; height: 32px;\"> 9&#8243; PU<\/td>\n<td style=\"border-top: none; border-left: none; height: 32px;\">9&#8243; PU<\/td>\n<\/tr>\n<tr style=\"height: 32px;\">\n<td style=\"height: 32px; border-top: none;\">NW<\/td>\n<td style=\"border-top: none; border-left: none; height: 32px;\">26kg<\/td>\n<td style=\"border-top: none; border-left: none; height: 32px;\">26kg<\/td>\n<td style=\"border-top: none; border-left: none; width: 212pt; height: 32px;\" width=\"282\">29kg<\/td>\n<\/tr>\n<tr style=\"height: 68px;\">\n<td style=\"height: 68px; border-top: none;\">Geschwindigkeit<\/td>\n<td style=\"border-top: none; border-left: none; height: 68px;\">20 km\/h<\/td>\n<td style=\"border-left: none; height: 68px;\" colspan=\"2\">einstellbar 0~8 km\/h<\/td>\n<\/tr>\n<tr style=\"height: 65px;\">\n<td style=\"height: 65px; border-top: none; width: 145pt;\" width=\"193\">Lithium Batterie<\/td>\n<td style=\"border-top: none; border-left: none; width: 196pt; height: 65px;\" width=\"261\">48V 7,8Ah<br \/>\nEXW$120\/Stk<\/td>\n<td style=\"border-top: none; border-left: none; width: 229pt; height: 65px;\" width=\"305\">48V<br \/>\nEXW$120\/Stk<\/td>\n<td style=\"border-top: none; border-left: none; width: 212pt; height: 65px;\" width=\"282\">36V<br \/>\nEXW$150\/Stk<\/td>\n<\/tr>\n<tr style=\"height: 44px;\">\n<td style=\"height: 44px; border-top: none;\">Drivingrange<\/td>\n<td style=\"border-top: none; border-left: none; height: 44px;\">30km<\/td>\n<td style=\"border-top: none; border-left: none; width: 229pt; height: 44px;\" width=\"305\"> 25km<\/td>\n<td style=\"border-top: none; border-left: none; width: 212pt; height: 44px;\" width=\"282\">20km<\/td>\n<\/tr>\n<tr style=\"height: 32px;\">\n<td style=\"height: 32px; border-top: none;\">B\u00fcrstenlosen Motor<\/td>\n<td style=\"border-top: none; border-left: none; height: 32px;\">350 W<\/td>\n<td style=\"border-top: none; border-left: none; height: 32px;\">350W<\/td>\n<td style=\"border-top: none; border-left: none; height: 32px;\">300W<\/td>\n<\/tr>\n<tr style=\"height: 32px;\">\n<td style=\"height: 32px; border-top: none;\">Gewichtskapazit\u00e4t<\/td>\n<td style=\"border-top: none; border-left: none; height: 32px;\">100kg<\/td>\n<td style=\"border-top: none; border-left: none; height: 32px;\">100kg<\/td>\n<td style=\"border-top: none; border-left: none; height: 32px;\">130kg<\/td>\n<\/tr>\n<tr style=\"height: 32px;\">\n<td style=\"height: 32px; border-top: none;\">Maximale Neigung\/Steigung<\/td>\n<td style=\"border-top: none; border-left: none; height: 32px;\">12\u00b0<\/td>\n<td style=\"border-top: none; border-left: none; height: 32px;\">12 Grad<\/td>\n<td style=\"border-top: none; border-left: none; height: 32px;\">12 Grad<\/td>\n<\/tr>\n<tr style=\"height: 48px;\">\n<td style=\"height: 48px; border-top: none;\">Elektromagnetische Bremsen<\/td>\n<td style=\"border-right: 0.5pt solid black; border-left: none; width: 637pt; height: 48px;\" colspan=\"3\" width=\"848\">Ja, wenn Sie Ihre Hand verlassen, stoppt der Roller<\/td>\n<\/tr>\n<\/tbody>\n<\/table>\n<p>&nbsp;<\/p>\n<p><span style=\"font-size: 24px;\"><br \/>\nEs gibt 3 Modelle davon. Sie k\u00f6nnen den Verk\u00e4ufer kontaktieren, um weitere Informationen zu erhalten.<\/span><\/p>\n<p><img decoding=\"async\" style=\"max-width: 750;\" src=\"https:\/\/anbanjia.com.cn\/wp-content\/uploads\/2022\/05\/Ha75d156a61634f72ad161d86287b9f474.jpg\" data-alt=\"Automatic folding Remote controlled portable 3 wheel mobility disabled adult luggage electric scooter for elderly\" data-src=\"\"><img decoding=\"async\" src=\"https:\/\/anbanjia.com.cn\/wp-content\/uploads\/2022\/05\/Hcee4bb3f38184f4b9c41a454669b61bcT.jpg\" data-alt=\"Automatic folding Remote controlled portable 3 wheel mobility disabled adult luggage electric scooter for elderly\" data-src=\"\"><img decoding=\"async\" src=\"https:\/\/anbanjia.com.cn\/wp-content\/uploads\/2022\/05\/Hf432040824b54944bc49728c0818f8987.jpg\" data-alt=\"Automatic folding Remote controlled portable 3 wheel mobility disabled adult luggage electric scooter for elderly\" data-src=\"\"><img decoding=\"async\" src=\"https:\/\/anbanjia.com.cn\/wp-content\/uploads\/2022\/05\/He58d3983a8e440ddb412dcfac3b423b4p.jpg\" data-alt=\"Automatic folding Remote controlled portable 3 wheel mobility disabled adult luggage electric scooter for elderly\" data-src=\"\"><img decoding=\"async\" src=\"https:\/\/anbanjia.com.cn\/wp-content\/uploads\/2022\/05\/Hbf97f46ced474b63a57a7e8cbbea6f0dk.jpg\" data-alt=\"Automatic folding Remote controlled portable 3 wheel mobility disabled adult luggage electric scooter for elderly\" data-src=\"\"><\/p>\n<p><img decoding=\"async\" src=\"https:\/\/anbanjia.com.cn\/wp-content\/uploads\/2022\/05\/Hd3b801f8375b4554a0e5e4a15615c34ez.jpg\" data-alt=\"Automatic folding Remote controlled portable 3 wheel mobility disabled adult luggage electric scooter for elderly\" data-src=\"\"><img decoding=\"async\" src=\"https:\/\/anbanjia.com.cn\/wp-content\/uploads\/2022\/05\/H1d5cacd51ddf4c0aa776c7a01c890d95l.jpg\" data-alt=\"Automatic folding Remote controlled portable 3 wheel mobility disabled adult luggage electric scooter for elderly\" data-src=\"\"><img decoding=\"async\" src=\"https:\/\/anbanjia.com.cn\/wp-content\/uploads\/2022\/05\/Ha2e873df88314b79873560a4126c75ddE.jpg\" data-alt=\"Automatic folding Remote controlled portable 3 wheel mobility disabled adult luggage electric scooter for elderly\" data-src=\"\"><\/p>\n<\/div>\n<\/div>\n<div id=\"ali-anchor-AliPostDhMb-g8zpw\" style=\"padding-top: 8px;\" data-section=\"AliPostDhMb-g8zpw\" data-section-title=\"contact us\">\n<div id=\"ali-title-AliPostDhMb-g8zpw\" style=\"padding: 8px 0; border-bottom: 1px solid #ddd;\"><span style=\"background-color: #ddd; color: #333; font-weight: bold; padding: 8px 10px; line-height: 12px;\">kontaktiere uns<\/span><\/div>\n<div style=\"padding: 10px 0;\">\n<p><a href=\"https:\/\/abj-medical.en.alibaba.com\/contactinfo.html?spm=a2700.8304367.topnav.8.5d239224wxD2sy\" target=\"_blank\" rel=\"noopener\"> <img decoding=\"async\" src=\"https:\/\/anbanjia.com.cn\/wp-content\/uploads\/2022\/05\/HTB1E_8LXOLxK1Rjy0Ffq6zYdVXay.jpg\" data-alt=\"Automatic folding Remote controlled portable 3 wheel mobility disabled adult luggage electric scooter for elderly\" data-src=\"\"><\/a><\/p>\n<\/div>\n<\/div>\n<div id=\"ali-anchor-AliPostDhMb-vv6n9\" style=\"padding-top: 8px;\" data-section=\"AliPostDhMb-vv6n9\" data-section-title=\"Product Categories\">\n<div id=\"ali-title-AliPostDhMb-vv6n9\" style=\"padding: 8px 0; border-bottom: 1px solid #ddd;\"><span style=\"background-color: #ddd; color: #333; font-weight: bold; padding: 8px 10px; line-height: 12px;\">Produktkategorien<\/span><\/div>\n<div style=\"padding: 10px 0;\">\n<p> <a href=\"https:\/\/abj-medical.en.alibaba.com\/productgrouplist-804871560\/Electric_wheelchair_and_apparatus.html?spm=a2700.icbuShop.88.30.704a44ebaAhP4D\" target=\"_blank\" rel=\"noopener\"><img decoding=\"async\" src=\"https:\/\/anbanjia.com.cn\/wp-content\/uploads\/2022\/05\/HTB1ERWiSFXXXXasXXXXq6xXFXXXw.jpg\" data-alt=\"Automatic folding Remote controlled portable 3 wheel mobility disabled adult luggage electric scooter for elderly\" data-src=\"\"><\/a><\/p>\n<\/div>\n<\/div>\n<div id=\"ali-anchor-AliPostDhMb-ub5hb\" style=\"padding-top: 8px;\" data-section=\"AliPostDhMb-ub5hb\" data-section-title=\"certificate\">\n<div id=\"ali-title-AliPostDhMb-ub5hb\" style=\"padding: 8px 0; border-bottom: 1px solid #ddd;\"><span style=\"background-color: #ddd; color: #333; font-weight: bold; padding: 8px 10px; line-height: 12px;\">Zertifikat<\/span><\/div>\n<div style=\"padding: 10px 0;\">\n<p><img decoding=\"async\" src=\"https:\/\/anbanjia.com.cn\/wp-content\/uploads\/2022\/05\/HTB1Z1olSpXXXXctXXXXq6xXFXXXu-1.jpg\" data-alt=\"Automatic folding Remote controlled portable 3 wheel mobility disabled adult luggage electric scooter for elderly\" data-src=\"\"><\/p>\n<\/div>\n<\/div>\n<div id=\"ali-anchor-AliPostDhMb-yhho8\" style=\"padding-top: 8px;\" data-section=\"AliPostDhMb-yhho8\" data-section-title=\"company information\">\n<div id=\"ali-title-AliPostDhMb-yhho8\" style=\"padding: 8px 0; border-bottom: 1px solid #ddd;\"><span style=\"background-color: #ddd; color: #333; font-weight: bold; padding: 8px 10px; line-height: 12px;\">Firmeninformation<\/span><\/div>\n<div style=\"padding: 10px 0;\">\n<p><img decoding=\"async\" src=\"https:\/\/anbanjia.com.cn\/wp-content\/uploads\/2022\/05\/HTB1HgKPcQ5E3KVjSZFCq6zuzXXay.jpg\" data-src=\"\"><\/p>\n<\/div>\n<\/div>\n<\/div>\n","protected":false},"excerpt":{"rendered":"<p>&nbsp;<\/p>\n<div style=\"width: auto;\">\n<div style=\"min-width: 300px; max-width: 300px; word-wrap: break-word; float: left;\">Herkunftsort: Guangdong, China<\/div>\n<div style=\"min-width: 300px; max-width: 300px; word-wrap: break-word; float: left;\">Markenname: Anbanjia<\/div>\n<\/div>\n<div style=\"width: auto;\">\n<div style=\"min-width: 300px; max-width: 300px; word-wrap: break-word; float: left;\">Ladezeit:3-4h<\/div>\n<div style=\"min-width: 300px; max-width: 300px; word-wrap: break-word; float: left;\">Faltbar: Ja<\/div>\n<\/div>\n<div style=\"width: auto;\">\n<div style=\"min-width: 300px; max-width: 300px; word-wrap: break-word; float: left;\">Reichweite pro Ladung: 20\u201330 km<\/div>\n<div style=\"min-width: 300px; max-width: 300px; word-wrap: break-word; float: left;\">Zertifizierung: CE\/FCC<\/div>\n<\/div>\n<div style=\"width: auto;\">\n<div style=\"min-width: 300px; max-width: 300px; word-wrap: break-word; float: left;\">Gesamtgr\u00f6\u00dfe: 123 * 57 * 95<\/div>\n<div style=\"min-width: 300px; max-width: 300px; word-wrap: break-word; float: left;\">Gefaltete Breite: 44 * 36 * 74<\/div>\n<\/div>\n<div style=\"width: auto;\">\n<div style=\"min-width: 300px; max-width: 300px; word-wrap: break-word; float: left;\">Hinterrad: 9&#8243; PU<\/div>\n<div style=\"min-width: 300px; max-width: 300px; word-wrap: break-word; float: left;\">NW: 29 kg<\/div>\n<\/div>\n<div style=\"width: auto;\">\n<div style=\"min-width: 300px; max-width: 300px; word-wrap: break-word; float: left;\">Geschwindigkeit: einstellbar 0~8 km\/h<\/div>\n<div style=\"min-width: 300px; max-width: 300px; word-wrap: break-word; float: left;\">Lithiumbatterie: 36 V<\/div>\n<\/div>\n<div style=\"width: auto;\">\n<div style=\"min-width: 300px; max-width: 300px; word-wrap: break-word; float: left;\">Reichweite: 20 km<\/div>\n<div style=\"min-width: 300px; max-width: 300px; word-wrap: break-word; float: left;\">B\u00fcrstenloser Motor: 300 W<\/div>\n<\/div>\n<div style=\"width: auto;\">\n<div style=\"min-width: 300px; max-width: 300px; word-wrap: break-word; float: left;\">Gewichtskapazit\u00e4t: 130 kg<\/div>\n<div style=\"min-width: 300px; max-width: 300px; word-wrap: break-word; float: left;\">Kartonverpackungsgr\u00f6\u00dfe: 82 * 55 * 50 cm, 34 kg<\/div>\n<\/div>\n<div>Kundenspezifisches Logo (Mindestbestellmenge: 500 St\u00fcck)<\/div>\n<div>Kundenspezifische Verpackung (Mindestbestellmenge: 500 St\u00fcck)<\/div>\n","protected":false},"featured_media":9870,"comment_status":"closed","ping_status":"closed","template":"","meta":[],"product_cat":[119],"product_tag":[],"class_list":["post-9760","product","type-product","status-publish","has-post-thumbnail","hentry","product_cat-alterer-roller"],"_links":{"self":[{"href":"https:\/\/anbanjia.com.cn\/de\/wp-json\/wp\/v2\/product\/9760","targetHints":{"allow":["GET"]}}],"collection":[{"href":"https:\/\/anbanjia.com.cn\/de\/wp-json\/wp\/v2\/product"}],"about":[{"href":"https:\/\/anbanjia.com.cn\/de\/wp-json\/wp\/v2\/types\/product"}],"replies":[{"embeddable":true,"href":"https:\/\/anbanjia.com.cn\/de\/wp-json\/wp\/v2\/comments?post=9760"}],"wp:featuredmedia":[{"embeddable":true,"href":"https:\/\/anbanjia.com.cn\/de\/wp-json\/wp\/v2\/media\/9870"}],"wp:attachment":[{"href":"https:\/\/anbanjia.com.cn\/de\/wp-json\/wp\/v2\/media?parent=9760"}],"wp:term":[{"taxonomy":"product_cat","embeddable":true,"href":"https:\/\/anbanjia.com.cn\/de\/wp-json\/wp\/v2\/product_cat?post=9760"},{"taxonomy":"product_tag","embeddable":true,"href":"https:\/\/anbanjia.com.cn\/de\/wp-json\/wp\/v2\/product_tag?post=9760"}],"curies":[{"name":"wp","href":"https:\/\/api.w.org\/{rel}","templated":true}]}}