{"id":9611,"date":"2022-05-02T18:08:04","date_gmt":"2022-05-02T18:08:04","guid":{"rendered":"https:\/\/www.anbanjia.com.cn\/product\/elektroroller-fuer-erwachsene-drei-raeder-gross-leistungsstark-maximales-ladegewicht-120-kg-elektroroller-mit-abnehmbarer-batterie\/"},"modified":"2022-05-02T18:08:04","modified_gmt":"2022-05-02T18:08:04","slug":"elektroroller-erwachsener-dreirad-gros-kraftvoll-max-last-gewicht-120kg-elektroroller-mit-abnehmbarem-akku","status":"publish","type":"product","link":"https:\/\/anbanjia.com.cn\/de\/produkt\/elektroroller-erwachsener-dreirad-gros-kraftvoll-max-last-gewicht-120kg-elektroroller-mit-abnehmbarem-akku\/","title":{"rendered":"Elektroroller f\u00fcr Erwachsene, drei R\u00e4der, gro\u00df, leistungsstark, maximales Ladegewicht, 120 kg, Elektroroller mit abnehmbarer Batterie"},"content":{"rendered":"<div style=\"max-width: 750px; margin: 0 auto;\">\n<p style=\"text-align: center;\"><span style=\"font-size: 32px;\">Faltbarer Mini-Elektroroller mit 3 R\u00e4dern f\u00fcr Erwachsene mit Lithiumbatterie<\/span><\/p>\n<div id=\"ali-anchor-AliPostDhMb-mowdu\" class=\"mceSectionContainer\" style=\"padding-top: 8px;\" data-section=\"AliPostDhMb-mowdu\" data-section-title=\"Product Description\">\n<div id=\"ali-title-AliPostDhMb-mowdu\" style=\"padding: 8px 0; border-bottom: 1px solid #ddd;\"><span style=\"background-color: #ddd; color: #333; font-weight: bold; padding: 8px 10px; line-height: 12px;\">Produktbeschreibung<\/span><\/div>\n<div style=\"padding: 10px 0;\">\n<p> <img decoding=\"async\" style=\"max-width: 750;\" src=\"https:\/\/anbanjia.com.cn\/wp-content\/uploads\/2022\/05\/HTB1bG7JXp67gK0jSZPfq6yhhFXaj.jpg\" data-alt=\"Electric scooter adult three wheel big powerful max load weight 120kg electric scooter with detachable battery\" data-height=\"750\" data-src=\"\" data-width=\"750\"><img decoding=\"async\" src=\"https:\/\/anbanjia.com.cn\/wp-content\/uploads\/2022\/05\/H73b799dc338646b2b76966fcf979886fW.jpg\" data-alt=\"Electric scooter adult three wheel big powerful max load weight 120kg electric scooter with detachable battery\" data-src=\"\"><img decoding=\"async\" src=\"https:\/\/anbanjia.com.cn\/wp-content\/uploads\/2022\/05\/Hca0e14422f2845c486b2d32b8c20565ca.jpg\" data-alt=\"Electric scooter adult three wheel big powerful max load weight 120kg electric scooter with detachable battery\" data-src=\"\"><img decoding=\"async\" src=\"https:\/\/anbanjia.com.cn\/wp-content\/uploads\/2022\/05\/H4221b399d8b24300894ddb65dc9bd1baD.jpg\" data-alt=\"Electric scooter adult three wheel big powerful max load weight 120kg electric scooter with detachable battery\" data-src=\"\"><img decoding=\"async\" src=\"https:\/\/anbanjia.com.cn\/wp-content\/uploads\/2022\/05\/H9ec374ebf9a245faae393089b8e6838bc.jpg\" data-alt=\"Electric scooter adult three wheel big powerful max load weight 120kg electric scooter with detachable battery\" data-src=\"\"><img decoding=\"async\" src=\"https:\/\/anbanjia.com.cn\/wp-content\/uploads\/2022\/05\/H4ebe78c9c494479f927627954d23e64av.jpg\" data-alt=\"Electric scooter adult three wheel big powerful max load weight 120kg electric scooter with detachable battery\" data-src=\"\"><img decoding=\"async\" src=\"https:\/\/anbanjia.com.cn\/wp-content\/uploads\/2022\/05\/H9545f6e35ba04d2eb1b353ff42194e47u.jpg\" data-alt=\"Electric scooter adult three wheel big powerful max load weight 120kg electric scooter with detachable battery\" data-src=\"\"><img decoding=\"async\" src=\"https:\/\/anbanjia.com.cn\/wp-content\/uploads\/2022\/05\/Ha80380ea67624fd2acf401dd3bf1e9de8.jpg\" data-alt=\"Electric scooter adult three wheel big powerful max load weight 120kg electric scooter with detachable battery\" data-src=\"\"><img decoding=\"async\" src=\"https:\/\/anbanjia.com.cn\/wp-content\/uploads\/2022\/05\/H0b7347e1fb3e491a850a21b8c13cb577j.jpg\" data-alt=\"Electric scooter adult three wheel big powerful max load weight 120kg electric scooter with detachable battery\" data-src=\"\"><img decoding=\"async\" src=\"https:\/\/anbanjia.com.cn\/wp-content\/uploads\/2022\/05\/H7d517e152bd74b2b839bb60e6bc51e2f1.jpg\" data-alt=\"Electric scooter adult three wheel big powerful max load weight 120kg electric scooter with detachable battery\" data-src=\"\"><img decoding=\"async\" src=\"https:\/\/anbanjia.com.cn\/wp-content\/uploads\/2022\/05\/H4402f487a64e4c5a8ccfead4d91c1eafH.jpg\" data-alt=\"Electric scooter adult three wheel big powerful max load weight 120kg electric scooter with detachable battery\" data-src=\"\"><img decoding=\"async\" src=\"https:\/\/anbanjia.com.cn\/wp-content\/uploads\/2022\/05\/H987d1ef076804ed28f71cae677016a11L.jpg\" data-alt=\"Electric scooter adult three wheel big powerful max load weight 120kg electric scooter with detachable battery\" data-src=\"\"><img decoding=\"async\" src=\"https:\/\/anbanjia.com.cn\/wp-content\/uploads\/2022\/05\/H13448ea58df64c7eaa80b26c659c0b98d.jpg\" data-alt=\"Electric scooter adult three wheel big powerful max load weight 120kg electric scooter with detachable battery\" data-src=\"\"><img decoding=\"async\" src=\"https:\/\/anbanjia.com.cn\/wp-content\/uploads\/2022\/05\/Hcbea86e009ae432480a5e3c3f39b3bcdc.jpg\" data-alt=\"Electric scooter adult three wheel big powerful max load weight 120kg electric scooter with detachable battery\" data-src=\"\"><\/p>\n<p><img decoding=\"async\" src=\"https:\/\/anbanjia.com.cn\/wp-content\/uploads\/2022\/05\/HTB1EvULXCf2gK0jSZFPq6xsopXav.jpg\" data-alt=\"Electric scooter adult three wheel big powerful max load weight 120kg electric scooter with detachable battery\" data-height=\"750\" data-src=\"\" data-width=\"750\"><img decoding=\"async\" src=\"https:\/\/anbanjia.com.cn\/wp-content\/uploads\/2022\/05\/HTB1cdwNXAH0gK0jSZPiq6yvapXa5.jpg\" data-alt=\"Electric scooter adult three wheel big powerful max load weight 120kg electric scooter with detachable battery\" data-height=\"750\" data-src=\"\" data-width=\"750\"><img decoding=\"async\" src=\"https:\/\/anbanjia.com.cn\/wp-content\/uploads\/2022\/05\/HTB1dFZNXrr1gK0jSZR0q6zP8XXaD.jpg\" data-alt=\"Electric scooter adult three wheel big powerful max load weight 120kg electric scooter with detachable battery\" data-height=\"750\" data-src=\"\" data-width=\"750\"><img decoding=\"async\" src=\"https:\/\/anbanjia.com.cn\/wp-content\/uploads\/2022\/05\/HTB1ZncLXuH2gK0jSZJnq6yT1FXao.jpg\" data-alt=\"Electric scooter adult three wheel big powerful max load weight 120kg electric scooter with detachable battery\" data-height=\"750\" data-src=\"\" data-width=\"750\"><img decoding=\"async\" src=\"https:\/\/anbanjia.com.cn\/wp-content\/uploads\/2022\/05\/HTB1hccNXrj1gK0jSZFuq6ArHpXa7.jpg\" data-alt=\"Electric scooter adult three wheel big powerful max load weight 120kg electric scooter with detachable battery\" data-height=\"750\" data-src=\"\" data-width=\"750\"><\/p>\n<p><img decoding=\"async\" src=\"https:\/\/anbanjia.com.cn\/wp-content\/uploads\/2022\/05\/HTB107oMXxv1gK0jSZFFq6z0sXXaD.jpg\" data-alt=\"Electric scooter adult three wheel big powerful max load weight 120kg electric scooter with detachable battery\" data-height=\"750\" data-src=\"\" data-width=\"750\"><\/p>\n<p><img decoding=\"async\" src=\"https:\/\/anbanjia.com.cn\/wp-content\/uploads\/2022\/05\/HTB145sJXpP7gK0jSZFjq6A5aXXaP.jpg\" data-alt=\"Electric scooter adult three wheel big powerful max load weight 120kg electric scooter with detachable battery\" data-height=\"750\" data-src=\"\" data-width=\"750\"><\/p>\n<\/div>\n<\/div>\n<div id=\"ali-anchor-AliPostDhMb-ron81\" class=\"mceSectionContainer\" style=\"padding-top: 8px;\" data-section=\"AliPostDhMb-ron81\" data-section-title=\"Our Services\">\n<div id=\"ali-title-AliPostDhMb-ron81\" style=\"padding: 8px 0; border-bottom: 1px solid #ddd;\"><span style=\"background-color: #ddd; color: #333; font-weight: bold; padding: 8px 10px; line-height: 12px;\">Unsere Dienstleistungen<\/span><\/div>\n<div id=\"ali-desLoader-AliPostDhMb-ron81\" style=\"padding: 10px 0;\">\n<p> <img decoding=\"async\" src=\"https:\/\/anbanjia.com.cn\/wp-content\/uploads\/2022\/05\/HTB1axiRzFOWBuNjy0Fiq6xFxVXa5.jpg\" data-alt=\"Electric scooter adult three wheel big powerful max load weight 120kg electric scooter with detachable battery\" data-height=\"414\" data-src=\"\" data-width=\"748\"><\/p>\n<\/div>\n<\/div>\n<div id=\"ali-anchor-AliPostDhMb-jw4x4\" class=\"mceSectionContainer\" style=\"padding-top: 8px;\" data-section=\"AliPostDhMb-jw4x4\" data-section-title=\"Company Information\">\n<div id=\"ali-title-AliPostDhMb-jw4x4\" style=\"padding: 8px 0; border-bottom: 1px solid #ddd;\"><span style=\"background-color: #ddd; color: #333; font-weight: bold; padding: 8px 10px; line-height: 12px;\">Firmeninformation<\/span><\/div>\n<div style=\"padding: 10px 0;\">\n<p> <img decoding=\"async\" src=\"https:\/\/anbanjia.com.cn\/wp-content\/uploads\/2022\/05\/H1d5cacd51ddf4c0aa776c7a01c890d95l.jpg\" data-alt=\"Electric scooter adult three wheel big powerful max load weight 120kg electric scooter with detachable battery\" data-src=\"\"><img decoding=\"async\" src=\"https:\/\/anbanjia.com.cn\/wp-content\/uploads\/2022\/05\/HTB16wWrQpXXXXchXXXXq6xXFXXXw.jpg\" data-alt=\"Electric scooter adult three wheel big powerful max load weight 120kg electric scooter with detachable battery\" data-src=\"\"><img decoding=\"async\" src=\"https:\/\/anbanjia.com.cn\/wp-content\/uploads\/2022\/05\/HTB1Ae_JQpXXXXXlapXXq6xXFXXXk.jpg\" data-alt=\"Electric scooter adult three wheel big powerful max load weight 120kg electric scooter with detachable battery\" data-src=\"\"><\/p>\n<\/div>\n<\/div>\n<div id=\"ali-anchor-AliPostDhMb-suy90\" class=\"mceSectionContainer\" style=\"padding-top: 8px;\" data-section=\"AliPostDhMb-suy90\" data-section-title=\"FAQ\">\n<div id=\"ali-title-AliPostDhMb-suy90\" style=\"padding: 8px 0; border-bottom: 1px solid #ddd;\"><span style=\"background-color: #ddd; color: #333; font-weight: bold; padding: 8px 10px; line-height: 12px;\">FAQ<\/span><\/div>\n<div style=\"padding: 10px 0;\">\n<p><strong><span style=\"font-size: 24px;\"> Q1: Zahlungsposten<\/span><\/strong><br \/>\n<span style=\"font-size: 24px;\">A: T\/T 30 % als Anzahlung und 70 % vor Lieferung, wenn das Konto mehr als 10.000,00 US-Dollar betr\u00e4gt<\/span><br \/>\n<span style=\"font-size: 24px;\"><strong>Q2: Lieferzeit:<\/strong> <\/span><br \/>\n<span style=\"font-size: 24px;\">Im Allgemeinen dauert es 3-5 Werktage, nachdem Sie Ihre Vorauszahlung erhalten haben. Die spezifische Lieferzeit h\u00e4ngt von der Menge Ihrer Bestellung ab.<\/span><br \/>\n<strong><span style=\"font-size: 24px;\">Q3: Waren vor Anlieferung pr\u00fcfen?<\/span><\/strong><br \/>\n<span style=\"font-size: 24px;\">A: Ja, wir haben einen 100%-Test vor der Auslieferung.<\/span><br \/>\n<strong><span style=\"font-size: 24px;\">Q4: Wie machen Sie unser Gesch\u00e4ft langfristig?<\/span><\/strong><br \/>\n<span style=\"font-size: 24px;\">A1: Wir halten gute Qualit\u00e4t und den konkurrenzf\u00e4higsten Preis.<\/span><br \/>\n<span style=\"font-size: 24px;\">A2: Wir respektieren jeden Kunden als unseren Freund.<\/span><\/p>\n<p><strong><span style=\"font-size: 24px; background-color: #999999;\">Kontakt:<\/span><\/strong><\/p>\n<p><strong><span style=\"font-size: 24px; background-color: #999999;\"><img decoding=\"async\" src=\"https:\/\/anbanjia.com.cn\/wp-content\/uploads\/2022\/05\/H10fdde19478c4022952b6ef21b37e97bx.jpg\" data-alt=\"Electric scooter adult three wheel big powerful max load weight 120kg electric scooter with detachable battery\" data-src=\"\"><\/span><\/strong><\/p>\n<\/div>\n<\/div>\n<\/div>\n","protected":false},"excerpt":{"rendered":"<p>&nbsp;<\/p>\n<div style=\"width: auto;\">\n<div style=\"min-width: 300px; max-width: 300px; word-wrap: break-word; float: left;\">Herkunftsort: Guangdong, China<\/div>\n<div style=\"min-width: 300px; max-width: 300px; word-wrap: break-word; float: left;\">Markenname: OEM<\/div>\n<\/div>\n<div style=\"width: auto;\">\n<div style=\"min-width: 300px; max-width: 300px; word-wrap: break-word; float: left;\">Modellnummer: ABJ-02<\/div>\n<div style=\"min-width: 300px; max-width: 300px; word-wrap: break-word; float: left;\">Leistung: 350 W<\/div>\n<\/div>\n<div style=\"width: auto;\">\n<div style=\"min-width: 300px; max-width: 300px; word-wrap: break-word; float: left;\">Spannung: 36 V<\/div>\n<div style=\"min-width: 300px; max-width: 300px; word-wrap: break-word; float: left;\">Ladezeit:3-5h<\/div>\n<\/div>\n<div style=\"width: auto;\">\n<div style=\"min-width: 300px; max-width: 300px; word-wrap: break-word; float: left;\">Faltbar: Ja<\/div>\n<div style=\"min-width: 300px; max-width: 300px; word-wrap: break-word; float: left;\">Reichweite pro Ladung: 30 km<\/div>\n<\/div>\n<div style=\"width: auto;\">\n<div style=\"min-width: 300px; max-width: 300px; word-wrap: break-word; float: left;\">H\u00f6chstgeschwindigkeit:&lt; 30 km\/h<\/div>\n<div style=\"min-width: 300px; max-width: 300px; word-wrap: break-word; float: left;\">Farbe schwarz<\/div>\n<\/div>\n<div style=\"width: auto;\">\n<div style=\"min-width: 300px; max-width: 300px; word-wrap: break-word; float: left;\">Batterie: 36V 10AH<\/div>\n<div style=\"min-width: 300px; max-width: 300px; word-wrap: break-word; float: left;\">Motorleistung: 350 W<\/div>\n<\/div>\n<div style=\"width: auto;\">\n<div style=\"min-width: 300px; max-width: 300px; word-wrap: break-word; float: left;\">H\u00f6chstgeschwindigkeit: 15 km\/h<\/div>\n<div style=\"min-width: 300px; max-width: 300px; word-wrap: break-word; float: left;\">Maximale Belastung: 120 kg<\/div>\n<\/div>\n<div style=\"width: auto;\">\n<div style=\"min-width: 300px; max-width: 300px; word-wrap: break-word; float: left;\">Nettogewicht: 20,3 kg<\/div>\n<div style=\"min-width: 300px; max-width: 300px; word-wrap: break-word; float: left;\">Kombi-Set angeboten:0<\/div>\n<\/div>\n","protected":false},"featured_media":9648,"comment_status":"closed","ping_status":"closed","template":"","meta":[],"product_cat":[119],"product_tag":[],"class_list":["post-9611","product","type-product","status-publish","has-post-thumbnail","hentry","product_cat-alterer-roller"],"_links":{"self":[{"href":"https:\/\/anbanjia.com.cn\/de\/wp-json\/wp\/v2\/product\/9611","targetHints":{"allow":["GET"]}}],"collection":[{"href":"https:\/\/anbanjia.com.cn\/de\/wp-json\/wp\/v2\/product"}],"about":[{"href":"https:\/\/anbanjia.com.cn\/de\/wp-json\/wp\/v2\/types\/product"}],"replies":[{"embeddable":true,"href":"https:\/\/anbanjia.com.cn\/de\/wp-json\/wp\/v2\/comments?post=9611"}],"wp:featuredmedia":[{"embeddable":true,"href":"https:\/\/anbanjia.com.cn\/de\/wp-json\/wp\/v2\/media\/9648"}],"wp:attachment":[{"href":"https:\/\/anbanjia.com.cn\/de\/wp-json\/wp\/v2\/media?parent=9611"}],"wp:term":[{"taxonomy":"product_cat","embeddable":true,"href":"https:\/\/anbanjia.com.cn\/de\/wp-json\/wp\/v2\/product_cat?post=9611"},{"taxonomy":"product_tag","embeddable":true,"href":"https:\/\/anbanjia.com.cn\/de\/wp-json\/wp\/v2\/product_tag?post=9611"}],"curies":[{"name":"wp","href":"https:\/\/api.w.org\/{rel}","templated":true}]}}