{"id":9224,"date":"2022-05-02T18:08:06","date_gmt":"2022-05-02T18:08:06","guid":{"rendered":"https:\/\/www.anbanjia.com.cn\/product\/erwachsener-vierraedriger-elektromotor-fuer-aeltere-menschen-mit-behinderungen-reisen-leicht-zu-tragender-klapproller-fuer-alte-menschen\/"},"modified":"2022-05-02T18:08:06","modified_gmt":"2022-05-02T18:08:06","slug":"erwachsene-allrad-elektromotor-altere-behinderte-reisen-einfach-zu-tragen-faltbarer-scooter-fur-alte-menschen-3","status":"publish","type":"product","link":"https:\/\/anbanjia.com.cn\/de\/produkt\/erwachsene-allrad-elektromotor-altere-behinderte-reisen-einfach-zu-tragen-faltbarer-scooter-fur-alte-menschen-3\/","title":{"rendered":"Erwachsener vierr\u00e4driger Elektromotor f\u00fcr \u00e4ltere Menschen mit Behinderungen Reisen Leicht zu tragender Klapproller f\u00fcr alte Menschen"},"content":{"rendered":"<div style=\"max-width: 750px;margin: 0 auto;\">\n<div data-magic-global=\"%7B%22bizId%22%3A3215165050%2C%22pageId%22%3A20084021559%2C%22siteId%22%3A5005610021%7D\" id=\"detail_decorate_root\">\n<div class=\"J_module\" module-id=\"22716559841\" module-title=\"detailTextContent\" render=\"true\">\n<div class=\"detail-decorate-json-renderer-container\">\n<div class=\"magic-1\">\n<div class=\"magic-2\">\n<div class=\"magic-3\">\n<div class=\"magic-4\">\n<div><span><br \/><\/span><\/div>\n<p><span><\/p>\n<div class=\"magic-5\"><span><span><font class=\"magic-6\">Bitte kontaktieren Sie den Verk\u00e4ufer, um den tats\u00e4chlichen Versandpreis zu erhalten.<\/font><\/span><\/span><\/div>\n<div class=\"magic-5\"><span><span><font class=\"magic-6\">Sie k\u00f6nnen den Verk\u00e4ufer per WhatsApp kontaktieren.<\/font><\/span><\/span><\/div>\n<div class=\"magic-5\"><span><span><font class=\"magic-6\">Damit sie dir bald antworten kann, whatsapp: +86 13246918260<\/font><\/span><br \/><\/span><\/div>\n<div class=\"magic-7\"><span><br \/><\/span><\/div>\n<div class=\"magic-7\">Sitzgr\u00f6\u00dfe: 57 x 37 x 43 cm <\/div>\n<div class=\"magic-7\">R\u00fcckenlehnenh\u00f6he: 43 cm<\/div>\n<div class=\"magic-7\">Aufgeklappte Gr\u00f6\u00dfe: 57 * 103 * 83 cm<\/div>\n<div class=\"magic-7\">Faltgr\u00f6\u00dfe: 77 * 51 * 32 cm<\/div>\n<div class=\"magic-7\">Hinterrad: 10 Zoll<\/div>\n<div class=\"magic-7\">Kapazit\u00e4tsgewicht: 120 kg<\/div>\n<div class=\"magic-7\">Motor: 350 W<\/div>\n<div class=\"magic-7\">Reisestrecke: 25 km-30 km<\/div>\n<div class=\"magic-7\">Nettogewicht: 19,5 kg<\/div>\n<div class=\"magic-7\">Geschwindigkeit: 15 km\/h<\/div>\n<div class=\"magic-7\">Rahmenmaterial: Aluminiumlegierung<\/div>\n<div class=\"magic-7\">Paket: 45 * 58 * 87 cm<\/div>\n<div class=\"magic-7\">Bruttogewicht: 23,5 kg<\/div>\n<p><\/span><\/div>\n<\/div>\n<\/div>\n<\/div>\n<\/div>\n<\/div>\n<div class=\"J_module\" module-id=\"22716559842\" module-title=\"detailManyImage\" render=\"true\">\n<div class=\"icbu-pc-detailManyImage magic-8\">\n<div class=\"magic-9\"><img decoding=\"async\" class=\"magic-10\" data-src=\"\" src=\"https:\/\/anbanjia.com.cn\/wp-content\/uploads\/2022\/05\/H4ebe78c9c494479f927627954d23e64av.jpg\" style=\"max-width: 750;\"><\/div>\n<div class=\"magic-9\"><img decoding=\"async\" class=\"magic-10\" data-src=\"\" src=\"https:\/\/anbanjia.com.cn\/wp-content\/uploads\/2022\/05\/H13448ea58df64c7eaa80b26c659c0b98d.jpg\"><\/div>\n<div class=\"magic-9\"><img decoding=\"async\" class=\"magic-10\" data-src=\"\" src=\"https:\/\/anbanjia.com.cn\/wp-content\/uploads\/2022\/05\/H9ec374ebf9a245faae393089b8e6838bc.jpg\"><\/div>\n<div class=\"magic-9\"><img decoding=\"async\" class=\"magic-10\" data-src=\"\" src=\"https:\/\/anbanjia.com.cn\/wp-content\/uploads\/2022\/05\/H9545f6e35ba04d2eb1b353ff42194e47u.jpg\"><\/div>\n<div class=\"magic-9\"><img decoding=\"async\" class=\"magic-10\" data-src=\"\" src=\"https:\/\/anbanjia.com.cn\/wp-content\/uploads\/2022\/05\/H73b799dc338646b2b76966fcf979886fW.jpg\"><\/div>\n<div class=\"magic-9\"><img decoding=\"async\" class=\"magic-10\" data-src=\"\" src=\"https:\/\/anbanjia.com.cn\/wp-content\/uploads\/2022\/05\/H4402f487a64e4c5a8ccfead4d91c1eafH.jpg\"><\/div>\n<div class=\"magic-9\"><img decoding=\"async\" class=\"magic-10\" data-src=\"\" src=\"https:\/\/anbanjia.com.cn\/wp-content\/uploads\/2022\/05\/Ha80380ea67624fd2acf401dd3bf1e9de8.jpg\"><\/div>\n<div class=\"magic-9\"><img decoding=\"async\" class=\"magic-10\" data-src=\"\" src=\"https:\/\/anbanjia.com.cn\/wp-content\/uploads\/2022\/05\/H0b7347e1fb3e491a850a21b8c13cb577j.jpg\"><\/div>\n<div class=\"magic-9\"><img decoding=\"async\" class=\"magic-10\" data-src=\"\" src=\"https:\/\/anbanjia.com.cn\/wp-content\/uploads\/2022\/05\/Ha43def8a2df44eac925e2c3ab5a1b97b2.jpg\"><\/div>\n<div class=\"magic-9\"><img decoding=\"async\" class=\"magic-10\" data-src=\"\" src=\"https:\/\/anbanjia.com.cn\/wp-content\/uploads\/2022\/05\/H0d98a1c526ad49f4ba43398cbcb5b09bB.png\"><\/div>\n<\/div>\n<\/div><\/div>\n<\/div>\n","protected":false},"excerpt":{"rendered":"<div style=\"width:auto\">\n<div style=\"min-width: 300px;max-width: 300px;word-wrap: break-word;float: left\">Herkunftsort: Guangdong, China <\/div>\n<div style=\"min-width: 300px;max-width: 300px;word-wrap: break-word;float: left\">Markenname: OEM<\/div>\n<\/p><\/div>\n<div style=\"width:auto\">\n<div style=\"min-width: 300px;max-width: 300px;word-wrap: break-word;float: left\">Modellnummer:ABJ-ES2S <\/div>\n<div style=\"min-width: 300px;max-width: 300px;word-wrap: break-word;float: left\">Leistung: 201-500 W<\/div>\n<\/p><\/div>\n<div style=\"width:auto\">\n<div style=\"min-width: 300px;max-width: 300px;word-wrap: break-word;float: left\">Spannung: 36 V <\/div>\n<div style=\"min-width: 300px;max-width: 300px;word-wrap: break-word;float: left\">Ladezeit:6-8h<\/div>\n<\/p><\/div>\n<div style=\"width:auto\">\n<div style=\"min-width: 300px;max-width: 300px;word-wrap: break-word;float: left\">Faltbar: Ja <\/div>\n<div style=\"min-width: 300px;max-width: 300px;word-wrap: break-word;float: left\">Reichweite pro Ladung: 25 km-30 km<\/div>\n<\/p><\/div>\n<div style=\"width:auto\">\n<div style=\"min-width: 300px;max-width: 300px;word-wrap: break-word;float: left\">H\u00f6chstgeschwindigkeit: &lt;30 km\/h <\/div>\n<div style=\"min-width: 300px;max-width: 300px;word-wrap: break-word;float: left\">Sitzgr\u00f6\u00dfe: 57 x 37 x 43 cm<\/div>\n<\/p><\/div>\n<div style=\"width:auto\">\n<div style=\"min-width: 300px;max-width: 300px;word-wrap: break-word;float: left\">H\u00f6he der R\u00fcckenlehne: 43 cm <\/div>\n<div style=\"min-width: 300px;max-width: 300px;word-wrap: break-word;float: left\">Aufgeklappte Gr\u00f6\u00dfe: 57 x 103 x 83 cm<\/div>\n<\/p><\/div>\n<div style=\"width:auto\">\n<div style=\"min-width: 300px;max-width: 300px;word-wrap: break-word;float: left\">Faltgr\u00f6\u00dfe: 77 x 51 x 32 cm <\/div>\n<div style=\"min-width: 300px;max-width: 300px;word-wrap: break-word;float: left\">Hinterrad: 10 Zoll<\/div>\n<\/p><\/div>\n<div style=\"width:auto\">\n<div style=\"min-width: 300px;max-width: 300px;word-wrap: break-word;float: left\">Motor: 350 W <\/div>\n<div style=\"min-width: 300px;max-width: 300px;word-wrap: break-word;float: left\">Reisestrecke: 25 km-30 km<\/div>\n<\/p><\/div>\n<div style=\"width:auto\">\n<div style=\"min-width: 300px;max-width: 300px;word-wrap: break-word;float: left\">Kapazit\u00e4tsgewicht: 120 kg <\/div>\n<div style=\"min-width: 300px;max-width: 300px;word-wrap: break-word;float: left\">Nettogewicht: 19,5 kg<\/div>\n<\/p><\/div>\n<div style=\"width:auto\">\n<div style=\"min-width: 300px;max-width: 300px;word-wrap: break-word;float: left\">Bruttogewicht: 23,5 kg <\/div>\n<div style=\"min-width: 300px;max-width: 300px;word-wrap: break-word;float: left\">Zertifizierung:ce<\/div>\n<\/p><\/div>\n","protected":false},"featured_media":9333,"comment_status":"closed","ping_status":"closed","template":"","meta":[],"product_cat":[119],"product_tag":[],"class_list":["post-9224","product","type-product","status-publish","has-post-thumbnail","hentry","product_cat-alterer-roller"],"_links":{"self":[{"href":"https:\/\/anbanjia.com.cn\/de\/wp-json\/wp\/v2\/product\/9224","targetHints":{"allow":["GET"]}}],"collection":[{"href":"https:\/\/anbanjia.com.cn\/de\/wp-json\/wp\/v2\/product"}],"about":[{"href":"https:\/\/anbanjia.com.cn\/de\/wp-json\/wp\/v2\/types\/product"}],"replies":[{"embeddable":true,"href":"https:\/\/anbanjia.com.cn\/de\/wp-json\/wp\/v2\/comments?post=9224"}],"wp:featuredmedia":[{"embeddable":true,"href":"https:\/\/anbanjia.com.cn\/de\/wp-json\/wp\/v2\/media\/9333"}],"wp:attachment":[{"href":"https:\/\/anbanjia.com.cn\/de\/wp-json\/wp\/v2\/media?parent=9224"}],"wp:term":[{"taxonomy":"product_cat","embeddable":true,"href":"https:\/\/anbanjia.com.cn\/de\/wp-json\/wp\/v2\/product_cat?post=9224"},{"taxonomy":"product_tag","embeddable":true,"href":"https:\/\/anbanjia.com.cn\/de\/wp-json\/wp\/v2\/product_tag?post=9224"}],"curies":[{"name":"wp","href":"https:\/\/api.w.org\/{rel}","templated":true}]}}