{"id":13739,"date":"2022-06-27T07:42:47","date_gmt":"2022-06-27T07:42:47","guid":{"rendered":"https:\/\/www.anbanjia.com.cn\/product\/medizinische-atmungsaktive-lendenwirbelstuetzguertel-untere-taille-unterstuetzung-brace-unteren-ruecken-wirbelsaeule-schmerzen-guertel\/"},"modified":"2022-07-08T08:56:49","modified_gmt":"2022-07-08T08:56:49","slug":"medizinischer-atmungsaktiver-lumbaler-stutzgurtel-untere-taille-stutzgurt-unterer-rucken-wirbelsaulen-schmerzgurtel","status":"publish","type":"product","link":"https:\/\/anbanjia.com.cn\/de\/produkt\/medizinischer-atmungsaktiver-lumbaler-stutzgurtel-untere-taille-stutzgurt-unterer-rucken-wirbelsaulen-schmerzgurtel\/","title":{"rendered":"Medizinische atmungsaktive Lendenwirbelst\u00fctzg\u00fcrtel untere Taille Unterst\u00fctzung Brace unteren R\u00fccken Wirbels\u00e4ule Schmerzen G\u00fcrtel"},"content":{"rendered":"<p>1.kann den Druck im Bauchraum erh\u00f6hen.<br \/>\n2. strecken die Wirbels\u00e4ule, X-f\u00f6rmige Kreuz-Design, um das Problem der nicht-passende, Unterst\u00fctzung an Ort und Stelle zu l\u00f6sen, und erreichen eine bessere Taille Schutz Wirkung<br \/>\n3. neues Upgrade, drei St\u00fctzen<br \/>\n4. drei Dichtungen zur Auswahl: a. Selbstheizende Dichtung b.Atmungsaktives Medizinbeutelkissen c.Korallenvlies-W\u00e4rmeunterlage<br \/>\n5. starke Unterst\u00fctzung, reduzieren die Belastung der Lendenwirbels\u00e4ule, um effektiv zu lindern die Presse<\/p>\n<p><img decoding=\"async\" class=\"size-full wp-image-13519 aligncenter\" src=\"https:\/\/anbanjia.com.cn\/wp-content\/uploads\/2022\/06\/OK.jpg\" alt=\"alt\" width=\"800\" height=\"800\" srcset=\"https:\/\/anbanjia.com.cn\/wp-content\/uploads\/2022\/06\/OK.jpg 800w, https:\/\/anbanjia.com.cn\/wp-content\/uploads\/2022\/06\/OK-150x150.jpg 150w, https:\/\/anbanjia.com.cn\/wp-content\/uploads\/2022\/06\/OK-768x768.jpg 768w, https:\/\/anbanjia.com.cn\/wp-content\/uploads\/2022\/06\/OK-300x300.jpg 300w, https:\/\/anbanjia.com.cn\/wp-content\/uploads\/2022\/06\/OK-600x600.jpg 600w, https:\/\/anbanjia.com.cn\/wp-content\/uploads\/2022\/06\/OK-100x100.jpg 100w\" sizes=\"(max-width: 800px) 100vw, 800px\" \/><\/p>\n<p><img decoding=\"async\" class=\"size-full wp-image-13520 aligncenter\" src=\"https:\/\/anbanjia.com.cn\/wp-content\/uploads\/2022\/06\/OK%C2%B75.jpg\" alt=\"alt\" width=\"790\" height=\"353\"><\/p>\n<p><img decoding=\"async\" class=\"size-full wp-image-13525 aligncenter\" src=\"https:\/\/anbanjia.com.cn\/wp-content\/uploads\/2022\/06\/OK1-2.jpg\" alt=\"alt\" width=\"790\" height=\"998\" srcset=\"https:\/\/anbanjia.com.cn\/wp-content\/uploads\/2022\/06\/OK1-2.jpg 790w, https:\/\/anbanjia.com.cn\/wp-content\/uploads\/2022\/06\/OK1-2-768x970.jpg 768w, https:\/\/anbanjia.com.cn\/wp-content\/uploads\/2022\/06\/OK1-2-600x758.jpg 600w\" sizes=\"(max-width: 790px) 100vw, 790px\" \/><\/p>\n<p><img decoding=\"async\" class=\"size-full wp-image-13531 aligncenter\" src=\"https:\/\/anbanjia.com.cn\/wp-content\/uploads\/2022\/06\/OK2-3.jpg\" alt=\"alt\" width=\"790\" height=\"1102\" srcset=\"https:\/\/anbanjia.com.cn\/wp-content\/uploads\/2022\/06\/OK2-3.jpg 790w, https:\/\/anbanjia.com.cn\/wp-content\/uploads\/2022\/06\/OK2-3-768x1071.jpg 768w, https:\/\/anbanjia.com.cn\/wp-content\/uploads\/2022\/06\/OK2-3-600x837.jpg 600w\" sizes=\"(max-width: 790px) 100vw, 790px\" \/><\/p>\n<p><img decoding=\"async\" class=\"size-full wp-image-13534 aligncenter\" src=\"https:\/\/anbanjia.com.cn\/wp-content\/uploads\/2022\/06\/OK4-2.jpg\" alt=\"alt\" width=\"790\" height=\"541\" srcset=\"https:\/\/anbanjia.com.cn\/wp-content\/uploads\/2022\/06\/OK4-2.jpg 790w, https:\/\/anbanjia.com.cn\/wp-content\/uploads\/2022\/06\/OK4-2-768x526.jpg 768w, https:\/\/anbanjia.com.cn\/wp-content\/uploads\/2022\/06\/OK4-2-600x411.jpg 600w\" sizes=\"(max-width: 790px) 100vw, 790px\" \/><\/p>\n<p><img decoding=\"async\" class=\"size-full wp-image-13537 aligncenter\" src=\"https:\/\/anbanjia.com.cn\/wp-content\/uploads\/2022\/06\/OK5-2.jpg\" alt=\"alt\" width=\"790\" height=\"805\" srcset=\"https:\/\/anbanjia.com.cn\/wp-content\/uploads\/2022\/06\/OK5-2.jpg 790w, https:\/\/anbanjia.com.cn\/wp-content\/uploads\/2022\/06\/OK5-2-768x783.jpg 768w, https:\/\/anbanjia.com.cn\/wp-content\/uploads\/2022\/06\/OK5-2-600x611.jpg 600w\" sizes=\"(max-width: 790px) 100vw, 790px\" \/><\/p>\n<p><img decoding=\"async\" class=\"size-full wp-image-13540 aligncenter\" src=\"https:\/\/anbanjia.com.cn\/wp-content\/uploads\/2022\/06\/OK6-2.jpg\" alt=\"alt\" width=\"790\" height=\"558\" srcset=\"https:\/\/anbanjia.com.cn\/wp-content\/uploads\/2022\/06\/OK6-2.jpg 790w, https:\/\/anbanjia.com.cn\/wp-content\/uploads\/2022\/06\/OK6-2-768x542.jpg 768w, https:\/\/anbanjia.com.cn\/wp-content\/uploads\/2022\/06\/OK6-2-600x424.jpg 600w\" sizes=\"(max-width: 790px) 100vw, 790px\" \/><\/p>\n<p><img decoding=\"async\" class=\"size-full wp-image-13543 aligncenter\" src=\"https:\/\/anbanjia.com.cn\/wp-content\/uploads\/2022\/06\/OK8-1.jpg\" alt=\"alt\" width=\"790\" height=\"521\" srcset=\"https:\/\/anbanjia.com.cn\/wp-content\/uploads\/2022\/06\/OK8-1.jpg 790w, https:\/\/anbanjia.com.cn\/wp-content\/uploads\/2022\/06\/OK8-1-768x506.jpg 768w, https:\/\/anbanjia.com.cn\/wp-content\/uploads\/2022\/06\/OK8-1-600x396.jpg 600w\" sizes=\"(max-width: 790px) 100vw, 790px\" \/><\/p>\n<p><img decoding=\"async\" class=\"size-full wp-image-13546 aligncenter\" src=\"https:\/\/anbanjia.com.cn\/wp-content\/uploads\/2022\/06\/OK9-2.jpg\" alt=\"alt\" width=\"790\" height=\"587\" srcset=\"https:\/\/anbanjia.com.cn\/wp-content\/uploads\/2022\/06\/OK9-2.jpg 790w, https:\/\/anbanjia.com.cn\/wp-content\/uploads\/2022\/06\/OK9-2-768x571.jpg 768w, https:\/\/anbanjia.com.cn\/wp-content\/uploads\/2022\/06\/OK9-2-600x446.jpg 600w\" sizes=\"(max-width: 790px) 100vw, 790px\" \/> <img decoding=\"async\" class=\"size-full wp-image-13549 aligncenter\" src=\"https:\/\/anbanjia.com.cn\/wp-content\/uploads\/2022\/06\/OK10-2.jpg\" alt=\"alt\" width=\"790\" height=\"435\" srcset=\"https:\/\/anbanjia.com.cn\/wp-content\/uploads\/2022\/06\/OK10-2.jpg 790w, https:\/\/anbanjia.com.cn\/wp-content\/uploads\/2022\/06\/OK10-2-768x423.jpg 768w, https:\/\/anbanjia.com.cn\/wp-content\/uploads\/2022\/06\/OK10-2-600x330.jpg 600w\" sizes=\"(max-width: 790px) 100vw, 790px\" \/><\/p>\n<p><img decoding=\"async\" class=\"size-full wp-image-13552 aligncenter\" src=\"https:\/\/anbanjia.com.cn\/wp-content\/uploads\/2022\/06\/OK12-1.jpg\" alt=\"alt\" width=\"790\" height=\"640\" srcset=\"https:\/\/anbanjia.com.cn\/wp-content\/uploads\/2022\/06\/OK12-1.jpg 790w, https:\/\/anbanjia.com.cn\/wp-content\/uploads\/2022\/06\/OK12-1-768x622.jpg 768w, https:\/\/anbanjia.com.cn\/wp-content\/uploads\/2022\/06\/OK12-1-600x486.jpg 600w\" sizes=\"(max-width: 790px) 100vw, 790px\" \/><\/p>\n<p><img decoding=\"async\" class=\"size-full wp-image-13555 aligncenter\" src=\"https:\/\/anbanjia.com.cn\/wp-content\/uploads\/2022\/06\/OK13-2.jpg\" alt=\"alt\" width=\"790\" height=\"573\" srcset=\"https:\/\/anbanjia.com.cn\/wp-content\/uploads\/2022\/06\/OK13-2.jpg 790w, https:\/\/anbanjia.com.cn\/wp-content\/uploads\/2022\/06\/OK13-2-768x557.jpg 768w, https:\/\/anbanjia.com.cn\/wp-content\/uploads\/2022\/06\/OK13-2-600x435.jpg 600w\" sizes=\"(max-width: 790px) 100vw, 790px\" \/><\/p>\n<p><img decoding=\"async\" class=\"size-full wp-image-13558 aligncenter\" src=\"https:\/\/anbanjia.com.cn\/wp-content\/uploads\/2022\/06\/OK14.jpg\" alt=\"alt\" width=\"790\" height=\"722\" srcset=\"https:\/\/anbanjia.com.cn\/wp-content\/uploads\/2022\/06\/OK14.jpg 790w, https:\/\/anbanjia.com.cn\/wp-content\/uploads\/2022\/06\/OK14-768x702.jpg 768w, https:\/\/anbanjia.com.cn\/wp-content\/uploads\/2022\/06\/OK14-600x548.jpg 600w\" sizes=\"(max-width: 790px) 100vw, 790px\" \/><\/p>\n<p><img decoding=\"async\" class=\"size-full wp-image-13561 aligncenter\" src=\"https:\/\/anbanjia.com.cn\/wp-content\/uploads\/2022\/06\/OK15.jpg\" alt=\"alt\" width=\"790\" height=\"759\" srcset=\"https:\/\/anbanjia.com.cn\/wp-content\/uploads\/2022\/06\/OK15.jpg 790w, https:\/\/anbanjia.com.cn\/wp-content\/uploads\/2022\/06\/OK15-768x738.jpg 768w, https:\/\/anbanjia.com.cn\/wp-content\/uploads\/2022\/06\/OK15-600x576.jpg 600w\" sizes=\"(max-width: 790px) 100vw, 790px\" \/> <img decoding=\"async\" class=\"size-full wp-image-13564 aligncenter\" src=\"https:\/\/anbanjia.com.cn\/wp-content\/uploads\/2022\/06\/OK16.jpg\" alt=\"alt\" width=\"790\" height=\"744\" srcset=\"https:\/\/anbanjia.com.cn\/wp-content\/uploads\/2022\/06\/OK16.jpg 790w, https:\/\/anbanjia.com.cn\/wp-content\/uploads\/2022\/06\/OK16-768x723.jpg 768w, https:\/\/anbanjia.com.cn\/wp-content\/uploads\/2022\/06\/OK16-600x565.jpg 600w\" sizes=\"(max-width: 790px) 100vw, 790px\" \/><\/p>\n<p><img decoding=\"async\" class=\"size-full wp-image-13567 aligncenter\" src=\"https:\/\/anbanjia.com.cn\/wp-content\/uploads\/2022\/06\/OK17.jpg\" alt=\"alt\" width=\"790\" height=\"409\" srcset=\"https:\/\/anbanjia.com.cn\/wp-content\/uploads\/2022\/06\/OK17.jpg 790w, https:\/\/anbanjia.com.cn\/wp-content\/uploads\/2022\/06\/OK17-768x398.jpg 768w, https:\/\/anbanjia.com.cn\/wp-content\/uploads\/2022\/06\/OK17-600x311.jpg 600w\" sizes=\"(max-width: 790px) 100vw, 790px\" \/><\/p>\n<p><img decoding=\"async\" class=\"size-full wp-image-13570 aligncenter\" src=\"https:\/\/anbanjia.com.cn\/wp-content\/uploads\/2022\/06\/OK18.jpg\" alt=\"alt\" width=\"790\" height=\"727\" srcset=\"https:\/\/anbanjia.com.cn\/wp-content\/uploads\/2022\/06\/OK18.jpg 790w, https:\/\/anbanjia.com.cn\/wp-content\/uploads\/2022\/06\/OK18-768x707.jpg 768w, https:\/\/anbanjia.com.cn\/wp-content\/uploads\/2022\/06\/OK18-600x552.jpg 600w\" sizes=\"(max-width: 790px) 100vw, 790px\" \/><\/p>\n","protected":false},"excerpt":{"rendered":"<p>Thermal Slim Lendenwirbelst\u00fctze Orthop\u00e4dische Stahlplatte zur\u00fcck Kissen Taille Unterst\u00fctzung arbeiten Lendenwirbelg\u00fcrtel<\/p>\n","protected":false},"featured_media":13531,"comment_status":"closed","ping_status":"closed","template":"","meta":[],"product_cat":[224,226],"product_tag":[270,269],"class_list":["post-13739","product","type-product","status-publish","has-post-thumbnail","hentry","product_cat-medizinische-schutzausrustung","product_cat-taillenstutze","product_tag-lendenwirbelstutzgurtel","product_tag-schmerzgurtel-fur-die-wirbelsaule"],"_links":{"self":[{"href":"https:\/\/anbanjia.com.cn\/de\/wp-json\/wp\/v2\/product\/13739","targetHints":{"allow":["GET"]}}],"collection":[{"href":"https:\/\/anbanjia.com.cn\/de\/wp-json\/wp\/v2\/product"}],"about":[{"href":"https:\/\/anbanjia.com.cn\/de\/wp-json\/wp\/v2\/types\/product"}],"replies":[{"embeddable":true,"href":"https:\/\/anbanjia.com.cn\/de\/wp-json\/wp\/v2\/comments?post=13739"}],"wp:featuredmedia":[{"embeddable":true,"href":"https:\/\/anbanjia.com.cn\/de\/wp-json\/wp\/v2\/media\/13531"}],"wp:attachment":[{"href":"https:\/\/anbanjia.com.cn\/de\/wp-json\/wp\/v2\/media?parent=13739"}],"wp:term":[{"taxonomy":"product_cat","embeddable":true,"href":"https:\/\/anbanjia.com.cn\/de\/wp-json\/wp\/v2\/product_cat?post=13739"},{"taxonomy":"product_tag","embeddable":true,"href":"https:\/\/anbanjia.com.cn\/de\/wp-json\/wp\/v2\/product_tag?post=13739"}],"curies":[{"name":"wp","href":"https:\/\/api.w.org\/{rel}","templated":true}]}}