{"id":13732,"date":"2022-06-28T03:39:08","date_gmt":"2022-06-28T03:39:08","guid":{"rendered":"https:\/\/www.anbanjia.com.cn\/product\/hochwertiger-lendenwirbel-fixierguertel-staerkt-den-atmungsaktiven-taillenguertel-lendenwirbel-taillenschutz-mit-stahl\/"},"modified":"2022-06-28T03:39:08","modified_gmt":"2022-06-28T03:39:08","slug":"hochwertiger-lendenwirbel-fixiergurt-starkt-atemwege-taillenband-lendenwirbel-taillenschutz-mit-stahl","status":"publish","type":"product","link":"https:\/\/anbanjia.com.cn\/de\/produkt\/hochwertiger-lendenwirbel-fixiergurt-starkt-atemwege-taillenband-lendenwirbel-taillenschutz-mit-stahl\/","title":{"rendered":"Hochwertiger Lendenwirbel-Fixierg\u00fcrtel st\u00e4rkt den atmungsaktiven Tailleng\u00fcrtel Lendenwirbel-Taillenschutz mit Stahl"},"content":{"rendered":"<p>360\u00b0 dreidimensionale Unterst\u00fctzung<br \/>\nSimulieren Sie die Kr\u00fcmmung der menschlichen Lendenwirbels\u00e4ule, schlie\u00dfen Sie den unteren R\u00fccken und verteilen Sie die Lendenwirbel<br \/>\nDruck, ziehen die lumbale Bandscheibe Abstand<\/p>\n<p><img decoding=\"async\" class=\"size-full wp-image-13661 aligncenter\" src=\"https:\/\/anbanjia.com.cn\/wp-content\/uploads\/2022\/06\/OK1-4.jpg\" alt=\"\" width=\"800\" height=\"800\" srcset=\"https:\/\/anbanjia.com.cn\/wp-content\/uploads\/2022\/06\/OK1-4.jpg 800w, https:\/\/anbanjia.com.cn\/wp-content\/uploads\/2022\/06\/OK1-4-150x150.jpg 150w, https:\/\/anbanjia.com.cn\/wp-content\/uploads\/2022\/06\/OK1-4-768x768.jpg 768w, https:\/\/anbanjia.com.cn\/wp-content\/uploads\/2022\/06\/OK1-4-300x300.jpg 300w, https:\/\/anbanjia.com.cn\/wp-content\/uploads\/2022\/06\/OK1-4-600x600.jpg 600w, https:\/\/anbanjia.com.cn\/wp-content\/uploads\/2022\/06\/OK1-4-100x100.jpg 100w\" sizes=\"(max-width: 800px) 100vw, 800px\" \/><\/p>\n<p><img decoding=\"async\" class=\"size-full wp-image-13664 aligncenter\" src=\"https:\/\/anbanjia.com.cn\/wp-content\/uploads\/2022\/06\/OK3-4.jpg\" alt=\"\" width=\"790\" height=\"790\" srcset=\"https:\/\/anbanjia.com.cn\/wp-content\/uploads\/2022\/06\/OK3-4.jpg 790w, https:\/\/anbanjia.com.cn\/wp-content\/uploads\/2022\/06\/OK3-4-150x150.jpg 150w, https:\/\/anbanjia.com.cn\/wp-content\/uploads\/2022\/06\/OK3-4-768x768.jpg 768w, https:\/\/anbanjia.com.cn\/wp-content\/uploads\/2022\/06\/OK3-4-300x300.jpg 300w, https:\/\/anbanjia.com.cn\/wp-content\/uploads\/2022\/06\/OK3-4-600x600.jpg 600w, https:\/\/anbanjia.com.cn\/wp-content\/uploads\/2022\/06\/OK3-4-100x100.jpg 100w\" sizes=\"(max-width: 790px) 100vw, 790px\" \/><\/p>\n<p><img decoding=\"async\" class=\"size-full wp-image-13667 aligncenter\" src=\"https:\/\/anbanjia.com.cn\/wp-content\/uploads\/2022\/06\/OK5-5.jpg\" alt=\"\" width=\"800\" height=\"800\" srcset=\"https:\/\/anbanjia.com.cn\/wp-content\/uploads\/2022\/06\/OK5-5.jpg 800w, https:\/\/anbanjia.com.cn\/wp-content\/uploads\/2022\/06\/OK5-5-150x150.jpg 150w, https:\/\/anbanjia.com.cn\/wp-content\/uploads\/2022\/06\/OK5-5-768x768.jpg 768w, https:\/\/anbanjia.com.cn\/wp-content\/uploads\/2022\/06\/OK5-5-300x300.jpg 300w, https:\/\/anbanjia.com.cn\/wp-content\/uploads\/2022\/06\/OK5-5-600x600.jpg 600w, https:\/\/anbanjia.com.cn\/wp-content\/uploads\/2022\/06\/OK5-5-100x100.jpg 100w\" sizes=\"(max-width: 800px) 100vw, 800px\" \/><\/p>\n<p><img decoding=\"async\" class=\"size-full wp-image-13670 aligncenter\" src=\"https:\/\/anbanjia.com.cn\/wp-content\/uploads\/2022\/06\/OK6-5.jpg\" alt=\"\" width=\"790\" height=\"686\" srcset=\"https:\/\/anbanjia.com.cn\/wp-content\/uploads\/2022\/06\/OK6-5.jpg 790w, https:\/\/anbanjia.com.cn\/wp-content\/uploads\/2022\/06\/OK6-5-768x667.jpg 768w, https:\/\/anbanjia.com.cn\/wp-content\/uploads\/2022\/06\/OK6-5-600x521.jpg 600w\" sizes=\"(max-width: 790px) 100vw, 790px\" \/><\/p>\n<p><img decoding=\"async\" class=\"size-full wp-image-13673 aligncenter\" src=\"https:\/\/anbanjia.com.cn\/wp-content\/uploads\/2022\/06\/OK7-4.jpg\" alt=\"\" width=\"790\" height=\"594\" srcset=\"https:\/\/anbanjia.com.cn\/wp-content\/uploads\/2022\/06\/OK7-4.jpg 790w, https:\/\/anbanjia.com.cn\/wp-content\/uploads\/2022\/06\/OK7-4-768x577.jpg 768w, https:\/\/anbanjia.com.cn\/wp-content\/uploads\/2022\/06\/OK7-4-600x451.jpg 600w\" sizes=\"(max-width: 790px) 100vw, 790px\" \/><\/p>\n<p><img decoding=\"async\" class=\"size-full wp-image-13676 aligncenter\" src=\"https:\/\/anbanjia.com.cn\/wp-content\/uploads\/2022\/06\/ok8.png\" alt=\"\" width=\"790\" height=\"823\" srcset=\"https:\/\/anbanjia.com.cn\/wp-content\/uploads\/2022\/06\/ok8.png 790w, https:\/\/anbanjia.com.cn\/wp-content\/uploads\/2022\/06\/ok8-768x800.png 768w, https:\/\/anbanjia.com.cn\/wp-content\/uploads\/2022\/06\/ok8-600x625.png 600w\" sizes=\"(max-width: 790px) 100vw, 790px\" \/><\/p>\n<p><img decoding=\"async\" class=\"size-full wp-image-13679 aligncenter\" src=\"https:\/\/anbanjia.com.cn\/wp-content\/uploads\/2022\/06\/ok9-5.jpg\" alt=\"\" width=\"789\" height=\"818\" srcset=\"https:\/\/anbanjia.com.cn\/wp-content\/uploads\/2022\/06\/ok9-5.jpg 789w, https:\/\/anbanjia.com.cn\/wp-content\/uploads\/2022\/06\/ok9-5-768x796.jpg 768w, https:\/\/anbanjia.com.cn\/wp-content\/uploads\/2022\/06\/ok9-5-600x622.jpg 600w\" sizes=\"(max-width: 789px) 100vw, 789px\" \/><\/p>\n<p><img decoding=\"async\" class=\"size-full wp-image-13682 aligncenter\" src=\"https:\/\/anbanjia.com.cn\/wp-content\/uploads\/2022\/06\/ok10-5.jpg\" alt=\"\" width=\"790\" height=\"717\" srcset=\"https:\/\/anbanjia.com.cn\/wp-content\/uploads\/2022\/06\/ok10-5.jpg 790w, https:\/\/anbanjia.com.cn\/wp-content\/uploads\/2022\/06\/ok10-5-768x697.jpg 768w, https:\/\/anbanjia.com.cn\/wp-content\/uploads\/2022\/06\/ok10-5-600x545.jpg 600w\" sizes=\"(max-width: 790px) 100vw, 790px\" \/><\/p>\n<p><img decoding=\"async\" class=\"size-full wp-image-13685 aligncenter\" src=\"https:\/\/anbanjia.com.cn\/wp-content\/uploads\/2022\/06\/ok11-3.jpg\" alt=\"\" width=\"788\" height=\"764\" srcset=\"https:\/\/anbanjia.com.cn\/wp-content\/uploads\/2022\/06\/ok11-3.jpg 788w, https:\/\/anbanjia.com.cn\/wp-content\/uploads\/2022\/06\/ok11-3-768x745.jpg 768w, https:\/\/anbanjia.com.cn\/wp-content\/uploads\/2022\/06\/ok11-3-600x582.jpg 600w\" sizes=\"(max-width: 788px) 100vw, 788px\" \/><\/p>\n<p><img decoding=\"async\" class=\"size-full wp-image-13655 aligncenter\" src=\"https:\/\/anbanjia.com.cn\/wp-content\/uploads\/2022\/06\/ok-12.jpg\" alt=\"\" width=\"790\" height=\"790\" srcset=\"https:\/\/anbanjia.com.cn\/wp-content\/uploads\/2022\/06\/ok-12.jpg 790w, https:\/\/anbanjia.com.cn\/wp-content\/uploads\/2022\/06\/ok-12-150x150.jpg 150w, https:\/\/anbanjia.com.cn\/wp-content\/uploads\/2022\/06\/ok-12-768x768.jpg 768w, https:\/\/anbanjia.com.cn\/wp-content\/uploads\/2022\/06\/ok-12-300x300.jpg 300w, https:\/\/anbanjia.com.cn\/wp-content\/uploads\/2022\/06\/ok-12-600x600.jpg 600w, https:\/\/anbanjia.com.cn\/wp-content\/uploads\/2022\/06\/ok-12-100x100.jpg 100w\" sizes=\"(max-width: 790px) 100vw, 790px\" \/><\/p>\n<p><img decoding=\"async\" class=\"size-full wp-image-13688 aligncenter\" src=\"https:\/\/anbanjia.com.cn\/wp-content\/uploads\/2022\/06\/ok14-1.jpg\" alt=\"\" width=\"788\" height=\"1067\" srcset=\"https:\/\/anbanjia.com.cn\/wp-content\/uploads\/2022\/06\/ok14-1.jpg 788w, https:\/\/anbanjia.com.cn\/wp-content\/uploads\/2022\/06\/ok14-1-768x1040.jpg 768w, https:\/\/anbanjia.com.cn\/wp-content\/uploads\/2022\/06\/ok14-1-600x812.jpg 600w\" sizes=\"(max-width: 788px) 100vw, 788px\" \/><\/p>\n<p><img decoding=\"async\" class=\"size-full wp-image-13691 aligncenter\" src=\"https:\/\/anbanjia.com.cn\/wp-content\/uploads\/2022\/06\/OK16-1.jpg\" alt=\"\" width=\"790\" height=\"350\" srcset=\"https:\/\/anbanjia.com.cn\/wp-content\/uploads\/2022\/06\/OK16-1.jpg 790w, https:\/\/anbanjia.com.cn\/wp-content\/uploads\/2022\/06\/OK16-1-768x340.jpg 768w, https:\/\/anbanjia.com.cn\/wp-content\/uploads\/2022\/06\/OK16-1-600x266.jpg 600w\" sizes=\"(max-width: 790px) 100vw, 790px\" \/><\/p>\n<p><img decoding=\"async\" class=\"size-full wp-image-13694 aligncenter\" src=\"https:\/\/anbanjia.com.cn\/wp-content\/uploads\/2022\/06\/ok17-1.jpg\" alt=\"\" width=\"800\" height=\"800\" srcset=\"https:\/\/anbanjia.com.cn\/wp-content\/uploads\/2022\/06\/ok17-1.jpg 800w, https:\/\/anbanjia.com.cn\/wp-content\/uploads\/2022\/06\/ok17-1-150x150.jpg 150w, https:\/\/anbanjia.com.cn\/wp-content\/uploads\/2022\/06\/ok17-1-768x768.jpg 768w, https:\/\/anbanjia.com.cn\/wp-content\/uploads\/2022\/06\/ok17-1-300x300.jpg 300w, https:\/\/anbanjia.com.cn\/wp-content\/uploads\/2022\/06\/ok17-1-600x600.jpg 600w, https:\/\/anbanjia.com.cn\/wp-content\/uploads\/2022\/06\/ok17-1-100x100.jpg 100w\" sizes=\"(max-width: 800px) 100vw, 800px\" \/><\/p>\n<p><img decoding=\"async\" class=\"size-full wp-image-13697 aligncenter\" src=\"https:\/\/anbanjia.com.cn\/wp-content\/uploads\/2022\/06\/ok18-1.jpg\" alt=\"\" width=\"790\" height=\"1084\" srcset=\"https:\/\/anbanjia.com.cn\/wp-content\/uploads\/2022\/06\/ok18-1.jpg 790w, https:\/\/anbanjia.com.cn\/wp-content\/uploads\/2022\/06\/ok18-1-768x1054.jpg 768w, https:\/\/anbanjia.com.cn\/wp-content\/uploads\/2022\/06\/ok18-1-600x823.jpg 600w\" sizes=\"(max-width: 790px) 100vw, 790px\" \/><\/p>\n<p><img decoding=\"async\" class=\"size-full wp-image-13700 aligncenter\" src=\"https:\/\/anbanjia.com.cn\/wp-content\/uploads\/2022\/06\/ok19.jpg\" alt=\"\" width=\"790\" height=\"790\" srcset=\"https:\/\/anbanjia.com.cn\/wp-content\/uploads\/2022\/06\/ok19.jpg 790w, https:\/\/anbanjia.com.cn\/wp-content\/uploads\/2022\/06\/ok19-150x150.jpg 150w, https:\/\/anbanjia.com.cn\/wp-content\/uploads\/2022\/06\/ok19-768x768.jpg 768w, https:\/\/anbanjia.com.cn\/wp-content\/uploads\/2022\/06\/ok19-300x300.jpg 300w, https:\/\/anbanjia.com.cn\/wp-content\/uploads\/2022\/06\/ok19-600x600.jpg 600w, https:\/\/anbanjia.com.cn\/wp-content\/uploads\/2022\/06\/ok19-100x100.jpg 100w\" sizes=\"(max-width: 790px) 100vw, 790px\" \/><\/p>\n<p>&nbsp;<\/p>\n<div style=\"width: 720px;\" class=\"wp-video\"><video class=\"wp-video-shortcode\" id=\"video-13732-1\" width=\"720\" height=\"720\" preload=\"metadata\" controls=\"controls\"><source type=\"video\/mp4\" src=\"https:\/\/anbanjia.com.cn\/wp-content\/uploads\/2022\/06\/46.mp4?_=1\" \/><a href=\"https:\/\/anbanjia.com.cn\/wp-content\/uploads\/2022\/06\/46.mp4\">https:\/\/anbanjia.com.cn\/wp-content\/uploads\/2022\/06\/46.mp4<\/a><\/video><\/div>\n","protected":false},"excerpt":{"rendered":"<p>1. 26\u00b0 der Lendenwirbels\u00e4ule wiederherstellen<br \/>\n2. doppelte Druckbeaufschlagung<br \/>\n3. wird bei \u00dcberprojektion\/\u00fcberm\u00e4\u00dfiger Biegung verwendet<\/p>\n","protected":false},"featured_media":13700,"comment_status":"closed","ping_status":"closed","template":"","meta":[],"product_cat":[224,226],"product_tag":[251,255],"class_list":["post-13732","product","type-product","status-publish","has-post-thumbnail","hentry","product_cat-medizinische-schutzausrustung","product_cat-taillenstutze","product_tag-lendenfixationsgurt","product_tag-lendenwirbelprotektor"],"_links":{"self":[{"href":"https:\/\/anbanjia.com.cn\/de\/wp-json\/wp\/v2\/product\/13732","targetHints":{"allow":["GET"]}}],"collection":[{"href":"https:\/\/anbanjia.com.cn\/de\/wp-json\/wp\/v2\/product"}],"about":[{"href":"https:\/\/anbanjia.com.cn\/de\/wp-json\/wp\/v2\/types\/product"}],"replies":[{"embeddable":true,"href":"https:\/\/anbanjia.com.cn\/de\/wp-json\/wp\/v2\/comments?post=13732"}],"wp:featuredmedia":[{"embeddable":true,"href":"https:\/\/anbanjia.com.cn\/de\/wp-json\/wp\/v2\/media\/13700"}],"wp:attachment":[{"href":"https:\/\/anbanjia.com.cn\/de\/wp-json\/wp\/v2\/media?parent=13732"}],"wp:term":[{"taxonomy":"product_cat","embeddable":true,"href":"https:\/\/anbanjia.com.cn\/de\/wp-json\/wp\/v2\/product_cat?post=13732"},{"taxonomy":"product_tag","embeddable":true,"href":"https:\/\/anbanjia.com.cn\/de\/wp-json\/wp\/v2\/product_tag?post=13732"}],"curies":[{"name":"wp","href":"https:\/\/api.w.org\/{rel}","templated":true}]}}