{"id":13724,"date":"2022-06-23T09:36:19","date_gmt":"2022-06-23T09:36:19","guid":{"rendered":"https:\/\/www.anbanjia.com.cn\/product\/selbsterwaermende-magnettherapie-nackenstuetze-schutzband-nackenschmerzen-heisse-kompresse-nacken\/"},"modified":"2022-06-23T09:36:19","modified_gmt":"2022-06-23T09:36:19","slug":"selbsterwarmende-magnetfeld-therapie-nackenstutze-schutzband-nackenschmerz-warmekompressions-nacken","status":"publish","type":"product","link":"https:\/\/anbanjia.com.cn\/de\/produkt\/selbsterwarmende-magnetfeld-therapie-nackenstutze-schutzband-nackenschmerz-warmekompressions-nacken\/","title":{"rendered":"Selbsterw\u00e4rmende Magnettherapie Nackenst\u00fctze Schutzband Nackenschmerzen hei\u00dfe Kompresse Nacken"},"content":{"rendered":"<p>Turmalin-Fieber<\/p>\n<p>Sie m\u00fcssen die Haut ber\u00fchren, um Fieber zu bekommen<\/p>\n<p>der urspr\u00fcngliche Schl\u00fcssel zur sicheren Selbsterhitzung:<br \/>\nTurmalin sammelt die menschliche K\u00f6rpertemperatur<br \/>\nund muss durch die F\u00f6rderung von Wasserdampf mit der Haut in Ber\u00fchrung kommen und durch die Reflexion der W\u00e4rmeinduktion Energie freisetzen, um die Wirkung zu entfalten<br \/>\nHei\u00dfe Kompresse und Moxibustion.<\/p>\n<p><img decoding=\"async\" class=\"size-full wp-image-13374 aligncenter\" src=\"https:\/\/anbanjia.com.cn\/wp-content\/uploads\/2022\/06\/1.jpg\" alt=\"\" width=\"790\" height=\"790\" srcset=\"https:\/\/anbanjia.com.cn\/wp-content\/uploads\/2022\/06\/1.jpg 790w, https:\/\/anbanjia.com.cn\/wp-content\/uploads\/2022\/06\/1-150x150.jpg 150w, https:\/\/anbanjia.com.cn\/wp-content\/uploads\/2022\/06\/1-768x768.jpg 768w, https:\/\/anbanjia.com.cn\/wp-content\/uploads\/2022\/06\/1-300x300.jpg 300w, https:\/\/anbanjia.com.cn\/wp-content\/uploads\/2022\/06\/1-600x600.jpg 600w, https:\/\/anbanjia.com.cn\/wp-content\/uploads\/2022\/06\/1-100x100.jpg 100w\" sizes=\"(max-width: 790px) 100vw, 790px\" \/><\/p>\n<p><img decoding=\"async\" class=\"size-medium wp-image-13377 aligncenter\" src=\"https:\/\/anbanjia.com.cn\/wp-content\/uploads\/2022\/06\/2.jpg\" alt=\"\" width=\"790\" height=\"790\" srcset=\"https:\/\/anbanjia.com.cn\/wp-content\/uploads\/2022\/06\/2.jpg 790w, https:\/\/anbanjia.com.cn\/wp-content\/uploads\/2022\/06\/2-150x150.jpg 150w, https:\/\/anbanjia.com.cn\/wp-content\/uploads\/2022\/06\/2-768x768.jpg 768w, https:\/\/anbanjia.com.cn\/wp-content\/uploads\/2022\/06\/2-300x300.jpg 300w, https:\/\/anbanjia.com.cn\/wp-content\/uploads\/2022\/06\/2-600x600.jpg 600w, https:\/\/anbanjia.com.cn\/wp-content\/uploads\/2022\/06\/2-100x100.jpg 100w\" sizes=\"(max-width: 790px) 100vw, 790px\" \/><\/p>\n<p><img decoding=\"async\" class=\" wp-image-13380 aligncenter\" src=\"https:\/\/anbanjia.com.cn\/wp-content\/uploads\/2022\/06\/3.jpg\" alt=\"\" width=\"891\" height=\"891\" srcset=\"https:\/\/anbanjia.com.cn\/wp-content\/uploads\/2022\/06\/3.jpg 790w, https:\/\/anbanjia.com.cn\/wp-content\/uploads\/2022\/06\/3-150x150.jpg 150w, https:\/\/anbanjia.com.cn\/wp-content\/uploads\/2022\/06\/3-768x768.jpg 768w, https:\/\/anbanjia.com.cn\/wp-content\/uploads\/2022\/06\/3-300x300.jpg 300w, https:\/\/anbanjia.com.cn\/wp-content\/uploads\/2022\/06\/3-600x600.jpg 600w, https:\/\/anbanjia.com.cn\/wp-content\/uploads\/2022\/06\/3-100x100.jpg 100w\" sizes=\"(max-width: 891px) 100vw, 891px\" \/><\/p>\n<p>&nbsp;<\/p>\n<p><img decoding=\"async\" class=\" wp-image-13383 aligncenter\" src=\"https:\/\/anbanjia.com.cn\/wp-content\/uploads\/2022\/06\/4.jpg\" alt=\"\" width=\"940\" height=\"469\" srcset=\"https:\/\/anbanjia.com.cn\/wp-content\/uploads\/2022\/06\/4.jpg 790w, https:\/\/anbanjia.com.cn\/wp-content\/uploads\/2022\/06\/4-768x383.jpg 768w, https:\/\/anbanjia.com.cn\/wp-content\/uploads\/2022\/06\/4-600x299.jpg 600w\" sizes=\"(max-width: 940px) 100vw, 940px\" \/> <img decoding=\"async\" class=\" wp-image-13386 aligncenter\" src=\"https:\/\/anbanjia.com.cn\/wp-content\/uploads\/2022\/06\/5.jpg\" alt=\"\" width=\"885\" height=\"646\" srcset=\"https:\/\/anbanjia.com.cn\/wp-content\/uploads\/2022\/06\/5.jpg 790w, https:\/\/anbanjia.com.cn\/wp-content\/uploads\/2022\/06\/5-768x561.jpg 768w, https:\/\/anbanjia.com.cn\/wp-content\/uploads\/2022\/06\/5-600x438.jpg 600w\" sizes=\"(max-width: 885px) 100vw, 885px\" \/><\/p>\n<p><img decoding=\"async\" class=\"size-medium wp-image-13397 aligncenter\" src=\"https:\/\/anbanjia.com.cn\/wp-content\/uploads\/2022\/06\/7.jpg\" alt=\"\" width=\"790\" height=\"894\" srcset=\"https:\/\/anbanjia.com.cn\/wp-content\/uploads\/2022\/06\/7.jpg 790w, https:\/\/anbanjia.com.cn\/wp-content\/uploads\/2022\/06\/7-768x869.jpg 768w, https:\/\/anbanjia.com.cn\/wp-content\/uploads\/2022\/06\/7-600x679.jpg 600w\" sizes=\"(max-width: 790px) 100vw, 790px\" \/><\/p>\n<p><img decoding=\"async\" class=\"size-medium wp-image-13400 aligncenter\" src=\"https:\/\/anbanjia.com.cn\/wp-content\/uploads\/2022\/06\/8.jpg\" alt=\"\" width=\"790\" height=\"825\" srcset=\"https:\/\/anbanjia.com.cn\/wp-content\/uploads\/2022\/06\/8.jpg 790w, https:\/\/anbanjia.com.cn\/wp-content\/uploads\/2022\/06\/8-768x802.jpg 768w, https:\/\/anbanjia.com.cn\/wp-content\/uploads\/2022\/06\/8-600x627.jpg 600w\" sizes=\"(max-width: 790px) 100vw, 790px\" \/><\/p>\n<p><img decoding=\"async\" class=\"size-medium wp-image-13403 aligncenter\" src=\"https:\/\/anbanjia.com.cn\/wp-content\/uploads\/2022\/06\/9.jpg\" alt=\"\" width=\"790\" height=\"790\" srcset=\"https:\/\/anbanjia.com.cn\/wp-content\/uploads\/2022\/06\/9.jpg 790w, https:\/\/anbanjia.com.cn\/wp-content\/uploads\/2022\/06\/9-150x150.jpg 150w, https:\/\/anbanjia.com.cn\/wp-content\/uploads\/2022\/06\/9-768x768.jpg 768w, https:\/\/anbanjia.com.cn\/wp-content\/uploads\/2022\/06\/9-300x300.jpg 300w, https:\/\/anbanjia.com.cn\/wp-content\/uploads\/2022\/06\/9-600x600.jpg 600w, https:\/\/anbanjia.com.cn\/wp-content\/uploads\/2022\/06\/9-100x100.jpg 100w\" sizes=\"(max-width: 790px) 100vw, 790px\" \/><\/p>\n<p><img decoding=\"async\" class=\"size-medium wp-image-13406 aligncenter\" src=\"https:\/\/anbanjia.com.cn\/wp-content\/uploads\/2022\/06\/10.jpg\" alt=\"\" width=\"790\" height=\"356\" srcset=\"https:\/\/anbanjia.com.cn\/wp-content\/uploads\/2022\/06\/10.jpg 790w, https:\/\/anbanjia.com.cn\/wp-content\/uploads\/2022\/06\/10-768x346.jpg 768w, https:\/\/anbanjia.com.cn\/wp-content\/uploads\/2022\/06\/10-600x270.jpg 600w\" sizes=\"(max-width: 790px) 100vw, 790px\" \/><\/p>\n<p><img decoding=\"async\" class=\"size-medium wp-image-13409 aligncenter\" src=\"https:\/\/anbanjia.com.cn\/wp-content\/uploads\/2022\/06\/11.jpg\" alt=\"\" width=\"790\" height=\"710\" srcset=\"https:\/\/anbanjia.com.cn\/wp-content\/uploads\/2022\/06\/11.jpg 790w, https:\/\/anbanjia.com.cn\/wp-content\/uploads\/2022\/06\/11-768x690.jpg 768w, https:\/\/anbanjia.com.cn\/wp-content\/uploads\/2022\/06\/11-600x539.jpg 600w\" sizes=\"(max-width: 790px) 100vw, 790px\" \/><\/p>\n<p><img decoding=\"async\" class=\"size-medium wp-image-13412 aligncenter\" src=\"https:\/\/anbanjia.com.cn\/wp-content\/uploads\/2022\/06\/12.jpg\" alt=\"\" width=\"790\" height=\"748\" srcset=\"https:\/\/anbanjia.com.cn\/wp-content\/uploads\/2022\/06\/12.jpg 790w, https:\/\/anbanjia.com.cn\/wp-content\/uploads\/2022\/06\/12-768x727.jpg 768w, https:\/\/anbanjia.com.cn\/wp-content\/uploads\/2022\/06\/12-600x568.jpg 600w\" sizes=\"(max-width: 790px) 100vw, 790px\" \/><\/p>\n<p><img decoding=\"async\" class=\"size-medium wp-image-13415 aligncenter\" src=\"https:\/\/anbanjia.com.cn\/wp-content\/uploads\/2022\/06\/13.jpg\" alt=\"\" width=\"800\" height=\"800\" srcset=\"https:\/\/anbanjia.com.cn\/wp-content\/uploads\/2022\/06\/13.jpg 800w, https:\/\/anbanjia.com.cn\/wp-content\/uploads\/2022\/06\/13-150x150.jpg 150w, https:\/\/anbanjia.com.cn\/wp-content\/uploads\/2022\/06\/13-768x768.jpg 768w, https:\/\/anbanjia.com.cn\/wp-content\/uploads\/2022\/06\/13-300x300.jpg 300w, https:\/\/anbanjia.com.cn\/wp-content\/uploads\/2022\/06\/13-600x600.jpg 600w, https:\/\/anbanjia.com.cn\/wp-content\/uploads\/2022\/06\/13-100x100.jpg 100w\" sizes=\"(max-width: 800px) 100vw, 800px\" \/> <img decoding=\"async\" class=\"size-full wp-image-13418 aligncenter\" src=\"https:\/\/anbanjia.com.cn\/wp-content\/uploads\/2022\/06\/14.jpg\" alt=\"\" width=\"790\" height=\"790\" srcset=\"https:\/\/anbanjia.com.cn\/wp-content\/uploads\/2022\/06\/14.jpg 790w, https:\/\/anbanjia.com.cn\/wp-content\/uploads\/2022\/06\/14-150x150.jpg 150w, https:\/\/anbanjia.com.cn\/wp-content\/uploads\/2022\/06\/14-768x768.jpg 768w, https:\/\/anbanjia.com.cn\/wp-content\/uploads\/2022\/06\/14-300x300.jpg 300w, https:\/\/anbanjia.com.cn\/wp-content\/uploads\/2022\/06\/14-600x600.jpg 600w, https:\/\/anbanjia.com.cn\/wp-content\/uploads\/2022\/06\/14-100x100.jpg 100w\" sizes=\"(max-width: 790px) 100vw, 790px\" \/><\/p>\n","protected":false},"excerpt":{"rendered":"<p>Nackeng\u00fcrtel<br \/>\n1.hei\u00dfe Kompresse Hals<br \/>\n2.mit Magnet<br \/>\n3. selbstheizende magnetische Therapie Nackenst\u00fctze<\/p>\n<p>&nbsp;<\/p>\n","protected":false},"featured_media":13397,"comment_status":"closed","ping_status":"closed","template":"","meta":[],"product_cat":[224,225],"product_tag":[243,235,238],"class_list":["post-13724","product","type-product","status-publish","has-post-thumbnail","hentry","product_cat-medizinische-schutzausrustung","product_cat-nackenstutze","product_tag-nacken-schutzband","product_tag-nackenstutze","product_tag-nackenstutze-mit-magnettherapie"],"_links":{"self":[{"href":"https:\/\/anbanjia.com.cn\/de\/wp-json\/wp\/v2\/product\/13724","targetHints":{"allow":["GET"]}}],"collection":[{"href":"https:\/\/anbanjia.com.cn\/de\/wp-json\/wp\/v2\/product"}],"about":[{"href":"https:\/\/anbanjia.com.cn\/de\/wp-json\/wp\/v2\/types\/product"}],"replies":[{"embeddable":true,"href":"https:\/\/anbanjia.com.cn\/de\/wp-json\/wp\/v2\/comments?post=13724"}],"wp:featuredmedia":[{"embeddable":true,"href":"https:\/\/anbanjia.com.cn\/de\/wp-json\/wp\/v2\/media\/13397"}],"wp:attachment":[{"href":"https:\/\/anbanjia.com.cn\/de\/wp-json\/wp\/v2\/media?parent=13724"}],"wp:term":[{"taxonomy":"product_cat","embeddable":true,"href":"https:\/\/anbanjia.com.cn\/de\/wp-json\/wp\/v2\/product_cat?post=13724"},{"taxonomy":"product_tag","embeddable":true,"href":"https:\/\/anbanjia.com.cn\/de\/wp-json\/wp\/v2\/product_tag?post=13724"}],"curies":[{"name":"wp","href":"https:\/\/api.w.org\/{rel}","templated":true}]}}