{"id":13722,"date":"2022-06-28T03:23:10","date_gmt":"2022-06-28T03:23:10","guid":{"rendered":"https:\/\/www.anbanjia.com.cn\/product\/verstellbare-lendenwirbelstuetze-taille-festen-guertel-fuer-maenner-und-frauen-mit-4-unterstuetzung\/"},"modified":"2022-06-28T03:23:10","modified_gmt":"2022-06-28T03:23:10","slug":"verstellbare-lendenwirbelstutze-taille-fester-gurt-fur-manner-und-frauen-mit-4-stutze","status":"publish","type":"product","link":"https:\/\/anbanjia.com.cn\/de\/produkt\/verstellbare-lendenwirbelstutze-taille-fester-gurt-fur-manner-und-frauen-mit-4-stutze\/","title":{"rendered":"Verstellbare Lendenwirbelst\u00fctze Taille festen G\u00fcrtel f\u00fcr M\u00e4nner und Frauen mit 4 Unterst\u00fctzung"},"content":{"rendered":"<p>1.360\u00b0 Surround, dreidimensionale Unterst\u00fctzung der Taille<br \/>\n2. F\u00fcr:Lendenwirbels\u00e4ulen-Beschwerden<br \/>\nSchmerzen in der Lendenwirbels\u00e4ule<br \/>\npostoperative Genesung<br \/>\numfassende Taille Probleme<br \/>\n3. vier Stahlplatten<br \/>\n4. 260g<br \/>\n5. Erfrischend, nicht stickig<\/p>\n<p><img decoding=\"async\" class=\"size-full wp-image-13618 aligncenter\" src=\"https:\/\/anbanjia.com.cn\/wp-content\/uploads\/2022\/06\/OK1-3.jpg\" alt=\"\" width=\"800\" height=\"800\" srcset=\"https:\/\/anbanjia.com.cn\/wp-content\/uploads\/2022\/06\/OK1-3.jpg 800w, https:\/\/anbanjia.com.cn\/wp-content\/uploads\/2022\/06\/OK1-3-150x150.jpg 150w, https:\/\/anbanjia.com.cn\/wp-content\/uploads\/2022\/06\/OK1-3-768x768.jpg 768w, https:\/\/anbanjia.com.cn\/wp-content\/uploads\/2022\/06\/OK1-3-300x300.jpg 300w, https:\/\/anbanjia.com.cn\/wp-content\/uploads\/2022\/06\/OK1-3-600x600.jpg 600w, https:\/\/anbanjia.com.cn\/wp-content\/uploads\/2022\/06\/OK1-3-100x100.jpg 100w\" sizes=\"(max-width: 800px) 100vw, 800px\" \/><\/p>\n<p><img decoding=\"async\" class=\"size-medium wp-image-13621 aligncenter\" src=\"https:\/\/anbanjia.com.cn\/wp-content\/uploads\/2022\/06\/OK2-5.jpg\" alt=\"\" width=\"788\" height=\"580\" srcset=\"https:\/\/anbanjia.com.cn\/wp-content\/uploads\/2022\/06\/OK2-5.jpg 788w, https:\/\/anbanjia.com.cn\/wp-content\/uploads\/2022\/06\/OK2-5-768x565.jpg 768w, https:\/\/anbanjia.com.cn\/wp-content\/uploads\/2022\/06\/OK2-5-600x442.jpg 600w\" sizes=\"(max-width: 788px) 100vw, 788px\" \/><\/p>\n<p><img decoding=\"async\" class=\"size-medium wp-image-13624 aligncenter\" src=\"https:\/\/anbanjia.com.cn\/wp-content\/uploads\/2022\/06\/OK3-3.jpg\" alt=\"\" width=\"790\" height=\"546\" srcset=\"https:\/\/anbanjia.com.cn\/wp-content\/uploads\/2022\/06\/OK3-3.jpg 790w, https:\/\/anbanjia.com.cn\/wp-content\/uploads\/2022\/06\/OK3-3-768x531.jpg 768w, https:\/\/anbanjia.com.cn\/wp-content\/uploads\/2022\/06\/OK3-3-600x415.jpg 600w\" sizes=\"(max-width: 790px) 100vw, 790px\" \/><\/p>\n<p><img decoding=\"async\" class=\"size-medium wp-image-13627 aligncenter\" src=\"https:\/\/anbanjia.com.cn\/wp-content\/uploads\/2022\/06\/OK4-3.jpg\" alt=\"\" width=\"790\" height=\"706\" srcset=\"https:\/\/anbanjia.com.cn\/wp-content\/uploads\/2022\/06\/OK4-3.jpg 790w, https:\/\/anbanjia.com.cn\/wp-content\/uploads\/2022\/06\/OK4-3-768x686.jpg 768w, https:\/\/anbanjia.com.cn\/wp-content\/uploads\/2022\/06\/OK4-3-600x536.jpg 600w\" sizes=\"(max-width: 790px) 100vw, 790px\" \/><\/p>\n<p><img decoding=\"async\" class=\"size-medium wp-image-13630 aligncenter\" src=\"https:\/\/anbanjia.com.cn\/wp-content\/uploads\/2022\/06\/OK5-4.jpg\" alt=\"\" width=\"790\" height=\"904\" srcset=\"https:\/\/anbanjia.com.cn\/wp-content\/uploads\/2022\/06\/OK5-4.jpg 790w, https:\/\/anbanjia.com.cn\/wp-content\/uploads\/2022\/06\/OK5-4-768x879.jpg 768w, https:\/\/anbanjia.com.cn\/wp-content\/uploads\/2022\/06\/OK5-4-600x687.jpg 600w\" sizes=\"(max-width: 790px) 100vw, 790px\" \/><\/p>\n<p><img decoding=\"async\" class=\"size-medium wp-image-13633 aligncenter\" src=\"https:\/\/anbanjia.com.cn\/wp-content\/uploads\/2022\/06\/OK6-4.jpg\" alt=\"\" width=\"790\" height=\"790\" srcset=\"https:\/\/anbanjia.com.cn\/wp-content\/uploads\/2022\/06\/OK6-4.jpg 790w, https:\/\/anbanjia.com.cn\/wp-content\/uploads\/2022\/06\/OK6-4-150x150.jpg 150w, https:\/\/anbanjia.com.cn\/wp-content\/uploads\/2022\/06\/OK6-4-768x768.jpg 768w, https:\/\/anbanjia.com.cn\/wp-content\/uploads\/2022\/06\/OK6-4-300x300.jpg 300w, https:\/\/anbanjia.com.cn\/wp-content\/uploads\/2022\/06\/OK6-4-600x600.jpg 600w, https:\/\/anbanjia.com.cn\/wp-content\/uploads\/2022\/06\/OK6-4-100x100.jpg 100w\" sizes=\"(max-width: 790px) 100vw, 790px\" \/><\/p>\n<p><img decoding=\"async\" class=\"size-medium wp-image-13636 aligncenter\" src=\"https:\/\/anbanjia.com.cn\/wp-content\/uploads\/2022\/06\/ok7-3.jpg\" alt=\"\" width=\"790\" height=\"1361\" srcset=\"https:\/\/anbanjia.com.cn\/wp-content\/uploads\/2022\/06\/ok7-3.jpg 790w, https:\/\/anbanjia.com.cn\/wp-content\/uploads\/2022\/06\/ok7-3-768x1323.jpg 768w, https:\/\/anbanjia.com.cn\/wp-content\/uploads\/2022\/06\/ok7-3-600x1034.jpg 600w\" sizes=\"(max-width: 790px) 100vw, 790px\" \/><\/p>\n<p><img decoding=\"async\" class=\"size-medium wp-image-13639 aligncenter\" src=\"https:\/\/anbanjia.com.cn\/wp-content\/uploads\/2022\/06\/OK8-3.jpg\" alt=\"\" width=\"790\" height=\"702\" srcset=\"https:\/\/anbanjia.com.cn\/wp-content\/uploads\/2022\/06\/OK8-3.jpg 790w, https:\/\/anbanjia.com.cn\/wp-content\/uploads\/2022\/06\/OK8-3-768x682.jpg 768w, https:\/\/anbanjia.com.cn\/wp-content\/uploads\/2022\/06\/OK8-3-600x533.jpg 600w\" sizes=\"(max-width: 790px) 100vw, 790px\" \/><\/p>\n<p><img decoding=\"async\" class=\"size-medium wp-image-13642 aligncenter\" src=\"https:\/\/anbanjia.com.cn\/wp-content\/uploads\/2022\/06\/ok9-4.jpg\" alt=\"\" width=\"790\" height=\"688\" srcset=\"https:\/\/anbanjia.com.cn\/wp-content\/uploads\/2022\/06\/ok9-4.jpg 790w, https:\/\/anbanjia.com.cn\/wp-content\/uploads\/2022\/06\/ok9-4-768x669.jpg 768w, https:\/\/anbanjia.com.cn\/wp-content\/uploads\/2022\/06\/ok9-4-600x523.jpg 600w\" sizes=\"(max-width: 790px) 100vw, 790px\" \/><\/p>\n<p><img decoding=\"async\" class=\"size-medium wp-image-13645 aligncenter\" src=\"https:\/\/anbanjia.com.cn\/wp-content\/uploads\/2022\/06\/ok10-4.jpg\" alt=\"\" width=\"800\" height=\"800\" srcset=\"https:\/\/anbanjia.com.cn\/wp-content\/uploads\/2022\/06\/ok10-4.jpg 800w, https:\/\/anbanjia.com.cn\/wp-content\/uploads\/2022\/06\/ok10-4-150x150.jpg 150w, https:\/\/anbanjia.com.cn\/wp-content\/uploads\/2022\/06\/ok10-4-768x768.jpg 768w, https:\/\/anbanjia.com.cn\/wp-content\/uploads\/2022\/06\/ok10-4-300x300.jpg 300w, https:\/\/anbanjia.com.cn\/wp-content\/uploads\/2022\/06\/ok10-4-600x600.jpg 600w, https:\/\/anbanjia.com.cn\/wp-content\/uploads\/2022\/06\/ok10-4-100x100.jpg 100w\" sizes=\"(max-width: 800px) 100vw, 800px\" \/><\/p>\n<p><img decoding=\"async\" class=\"size-medium wp-image-13648 aligncenter\" src=\"https:\/\/anbanjia.com.cn\/wp-content\/uploads\/2022\/06\/OK11-2.jpg\" alt=\"\" width=\"800\" height=\"800\" srcset=\"https:\/\/anbanjia.com.cn\/wp-content\/uploads\/2022\/06\/OK11-2.jpg 800w, https:\/\/anbanjia.com.cn\/wp-content\/uploads\/2022\/06\/OK11-2-150x150.jpg 150w, https:\/\/anbanjia.com.cn\/wp-content\/uploads\/2022\/06\/OK11-2-768x768.jpg 768w, https:\/\/anbanjia.com.cn\/wp-content\/uploads\/2022\/06\/OK11-2-300x300.jpg 300w, https:\/\/anbanjia.com.cn\/wp-content\/uploads\/2022\/06\/OK11-2-600x600.jpg 600w, https:\/\/anbanjia.com.cn\/wp-content\/uploads\/2022\/06\/OK11-2-100x100.jpg 100w\" sizes=\"(max-width: 800px) 100vw, 800px\" \/><\/p>\n","protected":false},"excerpt":{"rendered":"<p>1. hochelastisches, atmungsaktives Gewebe<br \/>\n2. starke Aufkleber<br \/>\n3. die Filzoberfl\u00e4che<br \/>\n4. strenge Verarbeitung<\/p>\n","protected":false},"featured_media":13618,"comment_status":"closed","ping_status":"closed","template":"","meta":[],"product_cat":[224,226],"product_tag":[242,232],"class_list":["post-13722","product","type-product","status-publish","has-post-thumbnail","hentry","product_cat-medizinische-schutzausrustung","product_cat-taillenstutze","product_tag-fester-gurtel-in-der-taille","product_tag-lendenwirbelstutze"],"_links":{"self":[{"href":"https:\/\/anbanjia.com.cn\/de\/wp-json\/wp\/v2\/product\/13722","targetHints":{"allow":["GET"]}}],"collection":[{"href":"https:\/\/anbanjia.com.cn\/de\/wp-json\/wp\/v2\/product"}],"about":[{"href":"https:\/\/anbanjia.com.cn\/de\/wp-json\/wp\/v2\/types\/product"}],"replies":[{"embeddable":true,"href":"https:\/\/anbanjia.com.cn\/de\/wp-json\/wp\/v2\/comments?post=13722"}],"wp:featuredmedia":[{"embeddable":true,"href":"https:\/\/anbanjia.com.cn\/de\/wp-json\/wp\/v2\/media\/13618"}],"wp:attachment":[{"href":"https:\/\/anbanjia.com.cn\/de\/wp-json\/wp\/v2\/media?parent=13722"}],"wp:term":[{"taxonomy":"product_cat","embeddable":true,"href":"https:\/\/anbanjia.com.cn\/de\/wp-json\/wp\/v2\/product_cat?post=13722"},{"taxonomy":"product_tag","embeddable":true,"href":"https:\/\/anbanjia.com.cn\/de\/wp-json\/wp\/v2\/product_tag?post=13722"}],"curies":[{"name":"wp","href":"https:\/\/api.w.org\/{rel}","templated":true}]}}