{"id":13313,"date":"2022-05-02T18:02:39","date_gmt":"2022-05-02T18:02:39","guid":{"rendered":"https:\/\/www.anbanjia.com.cn\/product\/herstellung-von-blut-hb-testgeraeten-haemoglobin-urit-12-teststreifen-messgeraet-tragbares-haemoglobin-messgeraet\/"},"modified":"2022-05-02T18:02:39","modified_gmt":"2022-05-02T18:02:39","slug":"herstellung-blut-hb-test-equipment-hamoglobin-urit-12-teststreifen-messgerat-tragbares-hamoglobin-messgerat","status":"publish","type":"product","link":"https:\/\/anbanjia.com.cn\/de\/produkt\/herstellung-blut-hb-test-equipment-hamoglobin-urit-12-teststreifen-messgerat-tragbares-hamoglobin-messgerat\/","title":{"rendered":"Herstellung von Blut-Hb-Testger\u00e4ten H\u00e4moglobin Urit-12 Teststreifen Messger\u00e4t tragbares H\u00e4moglobin-Messger\u00e4t"},"content":{"rendered":"<div style=\"max-width: 750px; margin: 0 auto;\">\n<div id=\"detail_decorate_root\" data-magic-global=\"%7B%22bizId%22%3A3215165050%2C%22pageId%22%3A20171445785%2C%22siteId%22%3A5005610021%7D\">\n<div class=\"J_module\">\n<div class=\"detail-decorate-json-renderer-container\">\n<div class=\"magic-1\">\n<div class=\"magic-2\">\n<div class=\"magic-3\">\n<div class=\"magic-4\">\n<div class=\"magic-5\"><b><span class=\"magic-6\">Blut HB H\u00e4moglobin URIT 12 Teststreifen tragbares H\u00e4moglobinmessger\u00e4t<\/span><\/b><\/div>\n<\/div>\n<\/div>\n<\/div>\n<\/div>\n<\/div>\n<\/div>\n<div class=\"J_module\">\n<div class=\"detail-decorate-json-renderer-container\">\n<div class=\"magic-1\">\n<div class=\"magic-2\">\n<div class=\"magic-3\">\n<div class=\"magic-4\">\n<div class=\"magic-5\"><span class=\"magic-6\">Wenn Sie Fragen haben, wenden Sie sich bitte an den Verk\u00e4ufer oder kontaktieren Sie uns unter WhatsApp: +86 13246918260. Vielen Dank <\/span><\/div>\n<\/div>\n<\/div>\n<\/div>\n<\/div>\n<\/div>\n<\/div>\n<div class=\"J_module\">\n<div class=\"icbu-pc-images magic-7\">\n<div>\n<div class=\"flex-layout-v\">\n<div class=\"flex-layout-h magic-7\">\n<div class=\"magic-8\"><img decoding=\"async\" class=\"magic-9\" style=\"max-width: 750;\" src=\"https:\/\/anbanjia.com.cn\/wp-content\/uploads\/2022\/05\/H84a27c17b5464d5e9bb4664118ae5fe1y.png\" data-src=\"\"><\/div>\n<div><img decoding=\"async\" src=\"https:\/\/s.alicdn.com\/@sc04\/kf\/HTB19fUGSYrpK1RjSZTEq6AWAVXap\/230438700\/HTB19fUGSYrpK1RjSZTEq6AWAVXap.jpg?quality=close\"><\/div>\n<div><img decoding=\"async\" src=\"https:\/\/s.alicdn.com\/@sc04\/kf\/HTB1SM7ES6TpK1RjSZKPq6y3UpXae\/230438700\/HTB1SM7ES6TpK1RjSZKPq6y3UpXae.jpg?quality=close\"><\/div>\n<div><img decoding=\"async\" src=\"https:\/\/s.alicdn.com\/@sc04\/kf\/HTB1u.MES7voK1RjSZFNq6AxMVXas\/230438700\/HTB1u.MES7voK1RjSZFNq6AxMVXas.jpg?quality=close\"><\/div>\n<div><img decoding=\"async\" class=\"\" src=\"https:\/\/s.alicdn.com\/@sc04\/kf\/H26b606b02ade48b89fa62484cb2016acR\/230438700\/H26b606b02ade48b89fa62484cb2016acR.png?quality=close\" width=\"690\" height=\"655\"><\/div>\n<div><img decoding=\"async\" src=\"https:\/\/s.alicdn.com\/@sc04\/kf\/Hd5d507f7743a475f8e8aeb772518423c2\/230438700\/Hd5d507f7743a475f8e8aeb772518423c2.jpg?quality=close\"><\/div>\n<div>\n<div><b><span class=\"magic-6\" data-spm-anchor-id=\"a2700.details.0.i25.2edd5180tg2TzB\">Merkmale :<\/span><\/b><\/div>\n<p>MESSGER\u00c4T: H\u00e4moglobin in frischem Blut Messprinzip: Optische Reflexion Streifen: H12-H\u00e4moglobin-Teststreifen Messzeit: Weniger als 30 Sekunden Messbereich: 4,0 g\/dL ~ 24,0 g\/dL. Ergebnisse unter 4,0 g\/dL und \u00fcber 24,0 g\/dL werden als \u201eLo\u201c bzw. \u201eHi\u201c angezeigt, um anzuzeigen, dass das Ergebnis au\u00dferhalb des Bereichs liegt. Anzeige: LCD, Testergebnisanzeige in SI-Gewicht:&lt; 58 g (inkl. Batterie) Au\u00dfenabmessungen: 102 mm \u00d7 50 mm \u00d7 19 mm Stromversorgung: DC 6 V (zwei CR2032-Batterien) Betriebsbereiche: 15 ~ 30 \u00b0C; RH \u226480 % nicht kondensierend H\u00f6chstbereich: -20 ~55 \u00b0C; RH&lt; 90 % nicht kondensierend Sonstiges: Interne St\u00f6rungspr\u00fcfung und Anzeige Verf\u00fcgbare Lebensdauer: 8 Jahre<\/p>\n<\/div>\n<div><img decoding=\"async\" src=\"https:\/\/s.alicdn.com\/@sc04\/kf\/H623dc6ae6b4c4cc0bfe0ebf7b63a0280R\/230438700\/H623dc6ae6b4c4cc0bfe0ebf7b63a0280R.jpg?quality=close\"><\/div>\n<div><img decoding=\"async\" src=\"https:\/\/s.alicdn.com\/@sc04\/kf\/H7bd18034bbad40bbac78a66d0e861e8dd\/230438700\/H7bd18034bbad40bbac78a66d0e861e8dd.jpg?quality=close\"><\/div>\n<div><img decoding=\"async\" class=\"\" src=\"https:\/\/s.alicdn.com\/@sc04\/kf\/H439c791608e140f4800cfa9d3cf5dc98q\/230438700\/H439c791608e140f4800cfa9d3cf5dc98q.png?quality=close\" width=\"681\" height=\"659\"><\/div>\n<div><img decoding=\"async\" src=\"https:\/\/s.alicdn.com\/@sc04\/kf\/HTB1ejKGU7PoK1RjSZKbq6x1IXXa1\/230438700\/HTB1ejKGU7PoK1RjSZKbq6x1IXXa1.jpg?quality=close\"><\/div>\n<div><img decoding=\"async\" src=\"https:\/\/s.alicdn.com\/@sc04\/kf\/HTB1OWXfVkvoK1RjSZFwq6AiCFXaJ\/230438700\/HTB1OWXfVkvoK1RjSZFwq6AiCFXaJ.jpg?quality=close\"><\/div>\n<div><img decoding=\"async\" class=\"\" src=\"https:\/\/s.alicdn.com\/@sc04\/kf\/HTB1u8k_U3HqK1RjSZFPq6AwapXat\/230438700\/HTB1u8k_U3HqK1RjSZFPq6AwapXat.jpg?quality=close\" width=\"764\" height=\"512\"><\/div>\n<div><img decoding=\"async\" src=\"https:\/\/s.alicdn.com\/@sc04\/kf\/H9cf73549ee14494fbdffe548af68d739o\/230438700\/H9cf73549ee14494fbdffe548af68d739o.jpg?quality=close\"><\/div>\n<div><img decoding=\"async\" src=\"https:\/\/s.alicdn.com\/@sc04\/kf\/H59936e4bf8a84365bae0850709889b3cH\/230438700\/H59936e4bf8a84365bae0850709889b3cH.jpg?quality=close\"><img decoding=\"async\" src=\"https:\/\/s.alicdn.com\/@sc04\/kf\/H59936e4bf8a84365bae0850709889b3cH\/230438700\/H59936e4bf8a84365bae0850709889b3cH.jpg?quality=close\"><\/div>\n<div><img decoding=\"async\" src=\"https:\/\/s.alicdn.com\/@sc04\/kf\/Hff98939fdc8e43e2be5c782ddbe4cc5ez\/230438700\/Hff98939fdc8e43e2be5c782ddbe4cc5ez.png?quality=close\"><\/div>\n<div><\/div>\n<div><\/div>\n<\/div>\n<\/div>\n<\/div>\n<\/div>\n<\/div>\n<\/div>\n<\/div>\n","protected":false},"excerpt":{"rendered":"<p>&nbsp;<\/p>\n<div style=\"width: auto;\">\n<div style=\"min-width: 300px; max-width: 300px; word-wrap: break-word; float: left;\">Herkunftsort: Guangdong, China<\/div>\n<div style=\"min-width: 300px; max-width: 300px; word-wrap: break-word; float: left;\">Markenname: urit<\/div>\n<\/div>\n<div style=\"width: auto;\">\n<div style=\"min-width: 300px; max-width: 300px; word-wrap: break-word; float: left;\">Modellnummer: 12<\/div>\n<div style=\"min-width: 300px; max-width: 300px; word-wrap: break-word; float: left;\">Stromquelle: Elektrisch<\/div>\n<\/div>\n<div style=\"width: auto;\">\n<div style=\"min-width: 300px; max-width: 300px; word-wrap: break-word; float: left;\">Garantie: KEINE<\/div>\n<div style=\"min-width: 300px; max-width: 300px; word-wrap: break-word; float: left;\">Kundendienst: KEINE<\/div>\n<\/div>\n<div style=\"width: auto;\">\n<div style=\"min-width: 300px; max-width: 300px; word-wrap: break-word; float: left;\">Stromversorgungsmodus: Eingebauter Akku<\/div>\n<div style=\"min-width: 300px; max-width: 300px; word-wrap: break-word; float: left;\">Material: Kunststoff<\/div>\n<\/div>\n<div style=\"width: auto;\">\n<div style=\"min-width: 300px; max-width: 300px; word-wrap: break-word; float: left;\">Haltbarkeit: 1 Jahre<\/div>\n<div style=\"min-width: 300px; max-width: 300px; word-wrap: break-word; float: left;\">Qualit\u00e4tszertifizierung: ce<\/div>\n<\/div>\n<div style=\"width: auto;\">\n<div style=\"min-width: 300px; max-width: 300px; word-wrap: break-word; float: left;\">Instrumentenklassifizierung: Klasse II<\/div>\n<div style=\"min-width: 300px; max-width: 300px; word-wrap: break-word; float: left;\">Sicherheitsstandard: Keine<\/div>\n<\/div>\n<div style=\"width: auto;\">\n<div style=\"min-width: 300px; max-width: 300px; word-wrap: break-word; float: left;\">Typ: Bluttestger\u00e4te<\/div>\n<div style=\"min-width: 300px; max-width: 300px; word-wrap: break-word; float: left;\">Messbereich: 4,0\u201324,0 g\/dl<\/div>\n<\/div>\n<div style=\"width: auto;\">\n<div style=\"min-width: 300px; max-width: 300px; word-wrap: break-word; float: left;\">Parameter:H\u00e4moglobin<\/div>\n<div style=\"min-width: 300px; max-width: 300px; word-wrap: break-word; float: left;\">Probe: Vollblut<\/div>\n<\/div>\n<div style=\"width: auto;\">\n<div style=\"min-width: 300px; max-width: 300px; word-wrap: break-word; float: left;\">Testgeschwindigkeit: \u226410 Sekunden<\/div>\n<div style=\"min-width: 300px; max-width: 300px; word-wrap: break-word; float: left;\">Speicher: 250 Ergebnisse<\/div>\n<\/div>\n<div style=\"width: auto;\">\n<div style=\"min-width: 300px; max-width: 300px; word-wrap: break-word; float: left;\">Automatisierung: Selbstpr\u00fcfung, automatische Beurteilung und Anzeige von Fehlfunktionen<\/div>\n<div style=\"min-width: 300px; max-width: 300px; word-wrap: break-word; float: left;\">Leistung: DC6V (zwei CR2032-Batterien)<\/div>\n<\/div>\n","protected":false},"featured_media":12660,"comment_status":"closed","ping_status":"closed","template":"","meta":[],"product_cat":[158],"product_tag":[],"class_list":["post-13313","product","type-product","status-publish","has-post-thumbnail","hentry","product_cat-hamoglobin-teststreifen"],"_links":{"self":[{"href":"https:\/\/anbanjia.com.cn\/de\/wp-json\/wp\/v2\/product\/13313","targetHints":{"allow":["GET"]}}],"collection":[{"href":"https:\/\/anbanjia.com.cn\/de\/wp-json\/wp\/v2\/product"}],"about":[{"href":"https:\/\/anbanjia.com.cn\/de\/wp-json\/wp\/v2\/types\/product"}],"replies":[{"embeddable":true,"href":"https:\/\/anbanjia.com.cn\/de\/wp-json\/wp\/v2\/comments?post=13313"}],"wp:featuredmedia":[{"embeddable":true,"href":"https:\/\/anbanjia.com.cn\/de\/wp-json\/wp\/v2\/media\/12660"}],"wp:attachment":[{"href":"https:\/\/anbanjia.com.cn\/de\/wp-json\/wp\/v2\/media?parent=13313"}],"wp:term":[{"taxonomy":"product_cat","embeddable":true,"href":"https:\/\/anbanjia.com.cn\/de\/wp-json\/wp\/v2\/product_cat?post=13313"},{"taxonomy":"product_tag","embeddable":true,"href":"https:\/\/anbanjia.com.cn\/de\/wp-json\/wp\/v2\/product_tag?post=13313"}],"curies":[{"name":"wp","href":"https:\/\/api.w.org\/{rel}","templated":true}]}}