{"id":13308,"date":"2022-05-02T18:02:45","date_gmt":"2022-05-02T18:02:45","guid":{"rendered":"https:\/\/www.anbanjia.com.cn\/product\/bester-preis-hb-301system-schneller-haemoglobinanalysator-bequemer-quantitativer-nachweis-von-haemoglobin\/"},"modified":"2022-05-02T18:02:45","modified_gmt":"2022-05-02T18:02:45","slug":"bester-preis-hb-301system-schneller-hamoglobinanalysator-komfortabler-quantitativer-nachweis-von-hamoglobin","status":"publish","type":"product","link":"https:\/\/anbanjia.com.cn\/de\/produkt\/bester-preis-hb-301system-schneller-hamoglobinanalysator-komfortabler-quantitativer-nachweis-von-hamoglobin\/","title":{"rendered":"Bester Preis HB 301system schneller H\u00e4moglobinanalysator bequemer quantitativer Nachweis von H\u00e4moglobin"},"content":{"rendered":"<div style=\"max-width: 750px; margin: 0 auto;\">\n<div id=\"detail_decorate_root\" data-magic-global=\"%7B%22bizId%22%3A3215165050%2C%22pageId%22%3A20120651323%2C%22siteId%22%3A5005610021%7D\">\n<div class=\"J_module\">\n<div class=\"icbu-pc-images magic-1\">\n<div>\n<div class=\"flex-layout-h\">\n<div class=\"flex-layout-v magic-2\">\n<div class=\"magic-3\"><img decoding=\"async\" class=\"magic-4\" style=\"max-width: 750;\" src=\"https:\/\/anbanjia.com.cn\/wp-content\/uploads\/2022\/05\/Hf1cbba839be8456bae10a381b6f906b5r.png\" data-src=\"\"><\/div>\n<\/div>\n<div class=\"text-wrapper magic-5\">\n<div class=\"text-wrapper-right text-theme-light text-align-left\">\n<div class=\"text-title\">\n<div class=\"magic-6\"><span class=\"magic-7\"><span class=\"magic-8\">H\u00e4moglobin-Analysator des HB301-Systems<\/span><\/span><\/div>\n<\/div>\n<div class=\"text-content\">\n<p><b><span class=\"magic-9\">Hauptmerkmale:<\/span><\/b><\/p>\n<p>* Ergebnisse in Laborqualit\u00e4t innerhalb von 3 Minuten<br \/>\n* CLIA Mittelkomplexes Point-of-Care-Ger\u00e4t<br \/>\n* Kapillare oder ven\u00f6se Proben<\/p>\n<p><span class=\"magic-9\"><b>Genauigkeit f\u00fcr sichere Entscheidungen:<\/b><\/span><\/p>\n<p>* Werkskalibrierung ohne weitere Kalibrierung erforderlich<br \/>\n* Eingebauter Selbsttest<br \/>\n* Fl\u00fcssige Kontrollen auf Blutbasis erh\u00e4ltlich<\/p>\n<\/div>\n<\/div>\n<\/div>\n<\/div>\n<\/div>\n<\/div>\n<\/div>\n<div class=\"J_module\">\n<div class=\"ife-detail-decorate-table\">\n<table class=\"has-title hight-light-first-column all magic-10\">\n<tbody>\n<tr>\n<td colspan=\"1\" rowspan=\"1\">\n<div class=\"magic-11\">Anwendbare Proben<\/div>\n<\/td>\n<td colspan=\"1\" rowspan=\"1\">\n<div class=\"magic-12\">peripheres Blut, ven\u00f6se oder arterielle Vollblutproben<\/div>\n<\/td>\n<td colspan=\"1\" rowspan=\"1\">\n<div class=\"magic-13\">Lagertemperatur<\/div>\n<\/td>\n<td colspan=\"1\" rowspan=\"1\">\n<div class=\"magic-14\">Analysator: 0\u201350 \u00b0C (32\u2013122 \u00b0F)<\/div>\n<\/td>\n<\/tr>\n<tr>\n<td colspan=\"1\" rowspan=\"1\">\n<div class=\"magic-11\">Probenvolumen<\/div>\n<\/td>\n<td colspan=\"1\" rowspan=\"1\">\n<div class=\"magic-12\">~10\u03bcl<\/div>\n<\/td>\n<td colspan=\"1\" rowspan=\"1\">\n<div class=\"magic-13\">Reaktionszelle<\/div>\n<\/td>\n<td colspan=\"1\" rowspan=\"1\">\n<div class=\"magic-14\">15- -30\u00b0C (59- -86\u00b0F) luftdichte Lagerung Offen f\u00fcr 3 Monate<\/div>\n<\/td>\n<\/tr>\n<tr>\n<td colspan=\"1\" rowspan=\"1\">\n<div class=\"magic-11\">Instrumentengr\u00f6\u00dfe<\/div>\n<\/td>\n<td colspan=\"1\" rowspan=\"1\">\n<div class=\"magic-12\">160 x 43 x 85 mm (6,30 x 1,69 x 3,35 Zoll)<\/div>\n<\/td>\n<td colspan=\"1\" rowspan=\"1\">\n<div class=\"magic-13\">Arbeitstemperatur<\/div>\n<\/td>\n<td colspan=\"1\" rowspan=\"1\">\n<div class=\"magic-14\">15- -30 \u00b0C (59- -86 \u00b0F)<\/div>\n<\/td>\n<\/tr>\n<tr>\n<td colspan=\"1\" rowspan=\"1\">\n<div class=\"magic-11\">Gewicht<\/div>\n<\/td>\n<td colspan=\"1\" rowspan=\"1\">\n<div class=\"magic-12\">350 g (0,77 lbs) mit eingebautem Akku<\/div>\n<\/td>\n<td colspan=\"1\" rowspan=\"1\">\n<div class=\"magic-13\">Stromversorgung<\/div>\n<\/td>\n<td colspan=\"1\" rowspan=\"1\">\n<div class=\"magic-14\">Netzteil oder 4 AA-Batterien<\/div>\n<\/td>\n<\/tr>\n<\/tbody>\n<\/table>\n<p><img decoding=\"async\" src=\"https:\/\/s.alicdn.com\/@sc04\/kf\/H8c4a63d0b9364aee9a9d8742eec98b68l\/230438700\/H8c4a63d0b9364aee9a9d8742eec98b68l.png?quality=close\"><\/p>\n<p><img decoding=\"async\" src=\"https:\/\/s.alicdn.com\/@sc04\/kf\/Hdf5e8251e21e4b2dbe584bf6d46b28655\/230438700\/Hdf5e8251e21e4b2dbe584bf6d46b28655.jpg?quality=close\"><\/p>\n<p><img decoding=\"async\" src=\"https:\/\/s.alicdn.com\/@sc04\/kf\/Ha50b4754fb154f5b8d867b2126b120e4x\/230438700\/Ha50b4754fb154f5b8d867b2126b120e4x.jpg?quality=close\"><img decoding=\"async\" src=\"https:\/\/s.alicdn.com\/@sc04\/kf\/Hbe7e18feda9f4607bfce966b9dd6648cL\/230438700\/Hbe7e18feda9f4607bfce966b9dd6648cL.jpg?quality=close\"><img decoding=\"async\" src=\"https:\/\/s.alicdn.com\/@sc04\/kf\/H5c69bd459db4494b8233557f6a4838d4k\/230438700\/H5c69bd459db4494b8233557f6a4838d4k.jpg?quality=close\"><img decoding=\"async\" src=\"https:\/\/s.alicdn.com\/@sc04\/kf\/Hb3de1620031246deb8378ee4e805ced7e\/230438700\/Hb3de1620031246deb8378ee4e805ced7e.jpg?quality=close\"><img decoding=\"async\" src=\"https:\/\/s.alicdn.com\/@sc04\/kf\/Hee9408d448ab460f94c285e537e347025\/230438700\/Hee9408d448ab460f94c285e537e347025.png?quality=close\"><img decoding=\"async\" src=\"https:\/\/s.alicdn.com\/@sc04\/kf\/HTB1Z1olSpXXXXctXXXXq6xXFXXXu\/230438700\/HTB1Z1olSpXXXXctXXXXq6xXFXXXu.jpg?quality=close\"><b data-spm-anchor-id=\"a2700.details.0.i30.4f6e6bd6XBfMRM\">Q1: Zahlungsposten<\/b><br \/>\nA: T\/T 30 % als Anzahlung und 70 % vor Lieferung, wenn das Konto mehr als betr\u00e4gt<br \/>\nUS$ 10000,00<br \/>\n<b>Q2: Lieferzeit:<\/b><\/p>\n<div>Im Allgemeinen dauert es 3-5 Werktage nach Erhalt<br \/>\nIhre Anzahlung. Die spezifische Lieferzeit h\u00e4ngt von Ihrer Menge ab<br \/>\nBefehl.<br \/>\n<b>Q3: Testwaren vor Anlieferung?<\/b><br \/>\nA: Ja, wir haben einen 100%-Test vor der Auslieferung<br \/>\n<b data-spm-anchor-id=\"a2700.details.0.i31.4f6e6bd6XBfMRM\">Q4: Wie machen Sie unser Gesch\u00e4ft langfristig,<\/b><br \/>\nA:1. Wir halten gute Qualit\u00e4t und den konkurrenzf\u00e4higsten Preis<br \/>\nA2: Wir respektieren jeden Kunden als unseren Freund<img decoding=\"async\" src=\"https:\/\/s.alicdn.com\/@sc04\/kf\/Ha43def8a2df44eac925e2c3ab5a1b97b2\/230438700\/Ha43def8a2df44eac925e2c3ab5a1b97b2.jpg?quality=close\"><\/div>\n<\/div>\n<\/div>\n<\/div>\n<\/div>\n","protected":false},"excerpt":{"rendered":"<p>&nbsp;<\/p>\n<div style=\"width: auto;\">\n<div style=\"min-width: 300px; max-width: 300px; word-wrap: break-word; float: left;\">Typ: Urinanalysesystem<\/div>\n<div style=\"min-width: 300px; max-width: 300px; word-wrap: break-word; float: left;\">Modellnummer: HB 301<\/div>\n<\/div>\n<div style=\"width: auto;\">\n<div style=\"min-width: 300px; max-width: 300px; word-wrap: break-word; float: left;\">Herkunftsort: Guangdong, China<\/div>\n<div style=\"min-width: 300px; max-width: 300px; word-wrap: break-word; float: left;\">Instrumentenklassifizierung: Klasse II<\/div>\n<\/div>\n<div style=\"width: auto;\">\n<div style=\"min-width: 300px; max-width: 300px; word-wrap: break-word; float: left;\">Garantie: KEINE<\/div>\n<div style=\"min-width: 300px; max-width: 300px; word-wrap: break-word; float: left;\">Kundendienst: KEINE<\/div>\n<\/div>\n<div style=\"width: auto;\">\n<div style=\"min-width: 300px; max-width: 300px; word-wrap: break-word; float: left;\">Modellname: HB 301<\/div>\n<div style=\"min-width: 300px; max-width: 300px; word-wrap: break-word; float: left;\">Stromversorgung: Netzteil oder 4 AA-Batterien<\/div>\n<\/div>\n<div style=\"width: auto;\">\n<div style=\"min-width: 300px; max-width: 300px; word-wrap: break-word; float: left;\">Betriebstemperatur: 15 &#8211; -30 \u00b0 C (59 &#8211; -86 \u00b0 F)<\/div>\n<div style=\"min-width: 300px; max-width: 300px; word-wrap: break-word; float: left;\">Reaktionszelle: 15- -30 \u00b0C (59- -86 \u00b0F), luftdichte Lagerung Offen f\u00fcr 3 Monate<\/div>\n<\/div>\n<div style=\"width: auto;\">\n<div style=\"min-width: 300px; max-width: 300px; word-wrap: break-word; float: left;\">Lagertemperatur: Analysator: 0\u201350 \u00b0C (32\u2013122 \u00b0F)<\/div>\n<div style=\"min-width: 300px; max-width: 300px; word-wrap: break-word; float: left;\">Gewicht: 350 g (0,77 lbs) mit eingebautem Akku<\/div>\n<\/div>\n<div style=\"width: auto;\">\n<div style=\"min-width: 300px; max-width: 300px; word-wrap: break-word; float: left;\">Ger\u00e4tegr\u00f6\u00dfe: 160 x 43 x 85 mm (6,30 x 1,69 x 3,35 Zoll)<\/div>\n<div style=\"min-width: 300px; max-width: 300px; word-wrap: break-word; float: left;\">Probenvolumen: ca. 10 \u03bcl<\/div>\n<\/div>\n","protected":false},"featured_media":12626,"comment_status":"closed","ping_status":"closed","template":"","meta":[],"product_cat":[175],"product_tag":[],"class_list":["post-13308","product","type-product","status-publish","has-post-thumbnail","hentry","product_cat-teststreifen-zur-urinanalyse"],"_links":{"self":[{"href":"https:\/\/anbanjia.com.cn\/de\/wp-json\/wp\/v2\/product\/13308","targetHints":{"allow":["GET"]}}],"collection":[{"href":"https:\/\/anbanjia.com.cn\/de\/wp-json\/wp\/v2\/product"}],"about":[{"href":"https:\/\/anbanjia.com.cn\/de\/wp-json\/wp\/v2\/types\/product"}],"replies":[{"embeddable":true,"href":"https:\/\/anbanjia.com.cn\/de\/wp-json\/wp\/v2\/comments?post=13308"}],"wp:featuredmedia":[{"embeddable":true,"href":"https:\/\/anbanjia.com.cn\/de\/wp-json\/wp\/v2\/media\/12626"}],"wp:attachment":[{"href":"https:\/\/anbanjia.com.cn\/de\/wp-json\/wp\/v2\/media?parent=13308"}],"wp:term":[{"taxonomy":"product_cat","embeddable":true,"href":"https:\/\/anbanjia.com.cn\/de\/wp-json\/wp\/v2\/product_cat?post=13308"},{"taxonomy":"product_tag","embeddable":true,"href":"https:\/\/anbanjia.com.cn\/de\/wp-json\/wp\/v2\/product_tag?post=13308"}],"curies":[{"name":"wp","href":"https:\/\/api.w.org\/{rel}","templated":true}]}}