{"id":13303,"date":"2022-05-02T18:02:43","date_gmt":"2022-05-02T18:02:43","guid":{"rendered":"https:\/\/www.anbanjia.com.cn\/product\/ungeschnittenes-urin-calcium-teststreifen-leseblatt-in-indien-urin-teststreifen-14-parameter-galaktose-urin-teststreifen\/"},"modified":"2022-05-02T18:02:43","modified_gmt":"2022-05-02T18:02:43","slug":"unbeschnittener-urin-kalzium-teststreifen-leseblatt-in-indien-urin-teststreifen-14-parameter-galactose-urin-teststreifen","status":"publish","type":"product","link":"https:\/\/anbanjia.com.cn\/de\/produkt\/unbeschnittener-urin-kalzium-teststreifen-leseblatt-in-indien-urin-teststreifen-14-parameter-galactose-urin-teststreifen\/","title":{"rendered":"ungeschnittenes Urin-Calcium-Teststreifen-Leseblatt in Indien Urin-Teststreifen 14 Parameter Galaktose-Urin-Teststreifen"},"content":{"rendered":"<div style=\"max-width: 750px; margin: 0 auto;\">\n<div id=\"ali-anchor-AliPostDhMb-ljvh5\" class=\"mceSectionContainer\" style=\"padding-top: 8px;\" data-section=\"AliPostDhMb-ljvh5\" data-section-title=\"Product Details\">\n<div id=\"ali-title-AliPostDhMb-ljvh5\" style=\"padding: 8px 0; border-bottom: 1px solid #ddd;\"><span style=\"background-color: #ddd; color: #333; font-weight: bold; padding: 8px 10px; line-height: 12px;\">Produktdetails<\/span><\/div>\n<div style=\"padding: 10px 0;\">\n<p><span style=\"font-size: 24px;\"><strong>Bitte kontaktieren Sie den Verk\u00e4ufer, um weitere Einzelheiten dar\u00fcber zu erfahren.<\/strong><\/span><\/p>\n<p><span style=\"font-size: 24px; color: #0000ff;\"><strong> Es gibt 3 Muster-Urinteststreifen.<\/strong><\/span><\/p>\n<p><span style=\"font-size: 18px; color: #000000;\">1. Glukose: Fr\u00fcherkennung und \u00dcberwachung von Diabetes mellitus.<\/span><\/p>\n<p style=\"box-sizing: content-box; margin: 0px; padding: 0px; border: 0px; font-style: normal; font-weight: 400; font-size: 14.1176px; line-height: inherit; font-family: Arial,Helvetica; vertical-align: baseline; color: #333333; background-color: #ffffff;\"><span style=\"font-size: 18px; color: #000000;\">2. Protein: Symptomatisch f\u00fcr Nieren- und Harnwegserkrankungen.<\/span><\/p>\n<p style=\"box-sizing: content-box; margin: 0px; padding: 0px; border: 0px; font-style: normal; font-weight: 400; font-size: 14.1176px; line-height: inherit; font-family: Arial,Helvetica; vertical-align: baseline; color: #333333; background-color: #ffffff;\"><span style=\"color: #000000;\"><span style=\"font-size: 18px;\">3.Ketone: Stoffwechselanomalien, Hinweis<\/span> auf Ketoazidose.<\/span><img decoding=\"async\" style=\"max-width: 750;\" src=\"https:\/\/anbanjia.com.cn\/wp-content\/uploads\/2022\/05\/HTB1OQFgVbPpK1RjSZFFq6y5PpXad.jpg\" data-alt=\"uncut urine calcium test strip reader sheet in india urine test strip 14 parameter galactose urine test strip\" data-src=\"\"><img decoding=\"async\" src=\"https:\/\/anbanjia.com.cn\/wp-content\/uploads\/2022\/05\/HTB14i8nVcbpK1RjSZFyq6x_qFXa7.jpg\" data-alt=\"uncut urine calcium test strip reader sheet in india urine test strip 14 parameter galactose urine test strip\" data-src=\"\"><img decoding=\"async\" src=\"https:\/\/anbanjia.com.cn\/wp-content\/uploads\/2022\/05\/HTB1_GxiVhTpK1RjSZR0q6zEwXXaN.jpg\" data-alt=\"uncut urine calcium test strip reader sheet in india urine test strip 14 parameter galactose urine test strip\" data-src=\"\"><img decoding=\"async\" src=\"https:\/\/anbanjia.com.cn\/wp-content\/uploads\/2022\/05\/HTB1OQFgVbPpK1RjSZFFq6y5PpXad.jpg\" data-alt=\"uncut urine calcium test strip reader sheet in india urine test strip 14 parameter galactose urine test strip\" data-src=\"\"><\/p>\n<p style=\"box-sizing: content-box; margin: 0px; padding: 0px; border: 0px; font-style: normal; font-weight: 400; font-size: 14.1176px; line-height: inherit; font-family: Arial, Helvetica; vertical-align: baseline; color: #333333; background-color: #ffffff; text-align: center;\"><span style=\"background-color: #161afa; font-size: 32px;\"><strong><span style=\"color: #ffffff;\">Wie benutzt man<\/span><\/strong><\/span><\/p>\n<p><span style=\"font-size: 18px;\">1. Entfernen Sie einen Streifen aus der Flasche und setzen Sie sofort die Kappe wieder auf.<\/span><\/p>\n<p><span style=\"font-size: 18px;\">2. Tauchen Sie den Reagenzbereich des Streifens in das ein <\/span><br \/>\n<span style=\"font-size: 18px;\">Urinprobe und nehmen Sie sie schnell heraus. Wischen Sie \u00fcbersch\u00fcssigen Urin am Rand des Probenbeh\u00e4lters ab.<\/span><\/p>\n<p><span style=\"font-size: 18px;\">3. Lesen Sie die Testergebnisse sorgf\u00e4ltig innerhalb von 60 Sekunden bei gutem Licht und mit dem Testbereich in die N\u00e4he der entsprechenden Farbskala auf dem Flaschenetikett. Farbver\u00e4nderungen, die nur an den R\u00e4ndern der Testfelder oder nach mehr als 2 Minuten Bewegung auftreten, sind ohne diagnostische Bedeutung. Ergebnisse mit der Leukozyten-Testportion k\u00f6nnen innerhalb von 120 Sekunden abgelesen werden.<\/span><\/p>\n<p><span style=\"color: #0000ff;\"><strong><span style=\"font-family: Arial, Helvetica; font-size: 16px; font-style: normal; background-color: #ffffff; float: none; display: inline !important;\">Hier haben wir auch viele andere Marken-Teststreifen, Sie k\u00f6nnen mich kontaktieren, wenn Sie Bedarf haben.<\/span><\/strong><\/span><\/p>\n<p><span style=\"color: #0000ff;\"><strong><span style=\"font-family: Arial, Helvetica; font-size: 16px; font-style: normal; background-color: #ffffff; float: none; display: inline !important;\"><img decoding=\"async\" src=\"https:\/\/anbanjia.com.cn\/wp-content\/uploads\/2022\/05\/HTB12PtXUHvpK1RjSZPiq6zmwXXau.jpg\" data-alt=\"uncut urine calcium test strip reader sheet in india urine test strip 14 parameter galactose urine test strip\" data-src=\"\"><img decoding=\"async\" src=\"https:\/\/anbanjia.com.cn\/wp-content\/uploads\/2022\/05\/HTB1zHyybLc3T1VjSZPfq6AWHXXag.jpg\" data-alt=\"uncut urine calcium test strip reader sheet in india urine test strip 14 parameter galactose urine test strip\" data-height=\"757\" data-src=\"\" data-width=\"782\"><\/span><\/strong><\/span><\/p>\n<\/div>\n<\/div>\n<div id=\"ali-anchor-AliPostDhMb-vv6n9\" class=\"mceSectionContainer\" style=\"padding-top: 8px;\" data-section=\"AliPostDhMb-vv6n9\" data-section-title=\"Product Categories\">\n<div id=\"ali-title-AliPostDhMb-vv6n9\" style=\"padding: 8px 0; border-bottom: 1px solid #ddd;\"><span style=\"background-color: #ddd; color: #333; font-weight: bold; padding: 8px 10px; line-height: 12px;\">Produktkategorien<\/span><\/div>\n<div style=\"padding: 10px 0;\">\n<p><a href=\"https:\/\/abj-medical.en.alibaba.com\/productgrouplist-804872323\/Clinical_laboratory_machine.html?spm=a2700.8304367.topnav.12.8d441e3A7jIXx\" target=\"_blank\" rel=\"noopener noreferrer\"><img decoding=\"async\" src=\"https:\/\/anbanjia.com.cn\/wp-content\/uploads\/2022\/05\/HTB1hBlcawoQMeJjy0Fpq6ATxpXaf.jpg\" data-alt=\"uncut urine calcium test strip reader sheet in india urine test strip 14 parameter galactose urine test strip\" data-src=\"\"><\/a><\/p>\n<\/div>\n<\/div>\n<div id=\"ali-anchor-AliPostDhMb-ub5hb\" class=\"mceSectionContainer\" style=\"padding-top: 8px;\" data-section=\"AliPostDhMb-ub5hb\" data-section-title=\"certificate\">\n<div id=\"ali-title-AliPostDhMb-ub5hb\" style=\"padding: 8px 0; border-bottom: 1px solid #ddd;\"><span style=\"background-color: #ddd; color: #333; font-weight: bold; padding: 8px 10px; line-height: 12px;\">Zertifikat<\/span><\/div>\n<div style=\"padding: 10px 0;\">\n<p><img decoding=\"async\" src=\"https:\/\/anbanjia.com.cn\/wp-content\/uploads\/2022\/05\/HTB1Z1olSpXXXXctXXXXq6xXFXXXu-1.jpg\" data-alt=\"uncut urine calcium test strip reader sheet in india urine test strip 14 parameter galactose urine test strip\" data-src=\"\"><\/p>\n<\/div>\n<\/div>\n<div id=\"ali-anchor-AliPostDhMb-yhho8\" class=\"mceSectionContainer\" style=\"padding-top: 8px;\" data-section=\"AliPostDhMb-yhho8\" data-section-title=\"company information\">\n<div id=\"ali-title-AliPostDhMb-yhho8\" style=\"padding: 8px 0; border-bottom: 1px solid #ddd;\"><span style=\"background-color: #ddd; color: #333; font-weight: bold; padding: 8px 10px; line-height: 12px;\">Firmeninformation<\/span><\/div>\n<div style=\"padding: 10px 0;\">\n<p><img decoding=\"async\" src=\"https:\/\/anbanjia.com.cn\/wp-content\/uploads\/2022\/05\/Ha43def8a2df44eac925e2c3ab5a1b97b2.jpg\" data-alt=\"uncut urine calcium test strip reader sheet in india urine test strip 14 parameter galactose urine test strip\" data-src=\"\"><\/p>\n<\/div>\n<\/div>\n<\/div>\n","protected":false},"excerpt":{"rendered":"<p>&nbsp;<\/p>\n<div style=\"width: auto;\">\n<div style=\"min-width: 300px; max-width: 300px; word-wrap: break-word; float: left;\">Typ:Biochemisches Analysesystem<\/div>\n<div style=\"min-width: 300px; max-width: 300px; word-wrap: break-word; float: left;\">Markenname: oem<\/div>\n<\/div>\n<div style=\"width: auto;\">\n<div style=\"min-width: 300px; max-width: 300px; word-wrap: break-word; float: left;\">Modellnummer: 10\/14<\/div>\n<div style=\"min-width: 300px; max-width: 300px; word-wrap: break-word; float: left;\">Herkunftsort: Guangdong, China<\/div>\n<\/div>\n<div style=\"width: auto;\">\n<div style=\"min-width: 300px; max-width: 300px; word-wrap: break-word; float: left;\">Instrumentenklassifizierung: Klasse II<\/div>\n<div style=\"min-width: 300px; max-width: 300px; word-wrap: break-word; float: left;\">Garantie: KEINE<\/div>\n<\/div>\n<div style=\"width: auto;\">\n<div style=\"min-width: 300px; max-width: 300px; word-wrap: break-word; float: left;\">Kundendienst: KEINE<\/div>\n<div style=\"min-width: 300px; max-width: 300px; word-wrap: break-word; float: left;\">Analysatortyp: Urinanalysestreifen<\/div>\n<\/div>\n<div style=\"width: auto;\">\n<div style=\"min-width: 300px; max-width: 300px; word-wrap: break-word; float: left;\">Verpackungsoptionen:Erh\u00e4ltlich in 25 Streifen\/Kanister<\/div>\n<div style=\"min-width: 300px; max-width: 300px; word-wrap: break-word; float: left;\">Parameter: Angepasst<\/div>\n<\/div>\n<div style=\"width: auto;\">\n<div style=\"min-width: 300px; max-width: 300px; word-wrap: break-word; float: left;\">Entwerfen: OEM verf\u00fcgbar<\/div>\n<div style=\"min-width: 300px; max-width: 300px; word-wrap: break-word; float: left;\">Funktion: Erkennung der K\u00f6rpergesundheit<\/div>\n<\/div>\n<div>Kundenspezifisches Logo (Mindestbestellmenge: 1000 F\u00e4sser)<\/div>\n<div>Kundenspezifische Verpackung (Mindestbestellmenge: 1000 F\u00e4sser)<\/div>\n","protected":false},"featured_media":12636,"comment_status":"closed","ping_status":"closed","template":"","meta":[],"product_cat":[175],"product_tag":[],"class_list":["post-13303","product","type-product","status-publish","has-post-thumbnail","hentry","product_cat-teststreifen-zur-urinanalyse"],"_links":{"self":[{"href":"https:\/\/anbanjia.com.cn\/de\/wp-json\/wp\/v2\/product\/13303","targetHints":{"allow":["GET"]}}],"collection":[{"href":"https:\/\/anbanjia.com.cn\/de\/wp-json\/wp\/v2\/product"}],"about":[{"href":"https:\/\/anbanjia.com.cn\/de\/wp-json\/wp\/v2\/types\/product"}],"replies":[{"embeddable":true,"href":"https:\/\/anbanjia.com.cn\/de\/wp-json\/wp\/v2\/comments?post=13303"}],"wp:featuredmedia":[{"embeddable":true,"href":"https:\/\/anbanjia.com.cn\/de\/wp-json\/wp\/v2\/media\/12636"}],"wp:attachment":[{"href":"https:\/\/anbanjia.com.cn\/de\/wp-json\/wp\/v2\/media?parent=13303"}],"wp:term":[{"taxonomy":"product_cat","embeddable":true,"href":"https:\/\/anbanjia.com.cn\/de\/wp-json\/wp\/v2\/product_cat?post=13303"},{"taxonomy":"product_tag","embeddable":true,"href":"https:\/\/anbanjia.com.cn\/de\/wp-json\/wp\/v2\/product_tag?post=13303"}],"curies":[{"name":"wp","href":"https:\/\/api.w.org\/{rel}","templated":true}]}}