{"id":13299,"date":"2022-05-02T18:02:40","date_gmt":"2022-05-02T18:02:40","guid":{"rendered":"https:\/\/www.anbanjia.com.cn\/product\/heisse-produkte-hb-301-haemoglobin-analysator\/"},"modified":"2022-05-02T18:02:40","modified_gmt":"2022-05-02T18:02:40","slug":"heise-produkte-hb-301-hamoglobin-analysator","status":"publish","type":"product","link":"https:\/\/anbanjia.com.cn\/de\/produkt\/heise-produkte-hb-301-hamoglobin-analysator\/","title":{"rendered":"Hei\u00dfe Produkte Hb 301 H\u00e4moglobin-Analysator"},"content":{"rendered":"<div style=\"max-width: 750px; margin: 0 auto;\">\n<div id=\"detail_decorate_root\" data-magic-global=\"%7B%22bizId%22%3A3215165050%2C%22pageId%22%3A20120619215%2C%22siteId%22%3A5005610021%7D\">\n<div class=\"J_module\">\n<div class=\"detail-decorate-json-renderer-container\">\n<div class=\"magic-1\">\n<div class=\"magic-2\">\n<div class=\"magic-3\">\n<div class=\"magic-4\">\n<div class=\"magic-5\"><span class=\"magic-6\"><b>HB 301 Meter<\/b><\/span><\/div>\n<p>1. Prinzip: Wenn die Vollblutabsorption am Extinktionspunkt wie HbHbO2 liegt und erreicht<br \/>\nWenn es einen station\u00e4ren Zustand erreicht, messen Sie auf dem Analysator<br \/>\nVerwendung von Erkennung mit zwei Wellenl\u00e4ngen (5060 und 80n0m), um eine Tr\u00fcbungskompensation zu erreichen<\/p>\n<p>2. Probe: Kapillaren,<br \/>\nArterielle und ven\u00f6se Blutproben<\/p>\n<p>3. Erkennungsbereich: 0-256 g\/L<\/p>\n<p>4. Probenvolumen: 10 \u03bcl<\/p>\n<p>5. Gr\u00f6\u00dfe: 160 x 140 x 70 mm<\/p>\n<p>6. Gewicht: 500 g<\/p>\n<p>7. Lagertemperatur: Die Lagertemperatur des Analysators betr\u00e4gt 0-50 \u00b0 C, und die Reagenztabletten werden gelagert<\/p>\n<p>8. Die Temperatur betr\u00e4gt 10-40 \u00b0 C<\/p>\n<p>9.Betriebstemperatur: 10-40C<\/p>\n<p>10. Stromversorgung: 4 AA-Batterien oder Netzteil<\/p>\n<p>11.Qualit\u00e4tskontrolle: Das Analyseger\u00e4t HemoCue Hb301 verf\u00fcgt \u00fcber eine interne Selbstkontrolle<br \/>\nFunktion, bei jedem Start erkennt der Analysator automatisch die Messbarkeit<br \/>\nkann. HemoCue Hb301 ist au\u00dferdem mit drei Stufen von Qualit\u00e4tskontrollprodukten f\u00fcr die Qualit\u00e4tskontrolle ausgestattet<\/p>\n<\/div>\n<\/div>\n<\/div>\n<\/div>\n<\/div>\n<\/div>\n<div class=\"J_module\">\n<div class=\"detail-decorate-json-renderer-container\">\n<div class=\"magic-1\">\n<div class=\"magic-2\">\n<div class=\"magic-3\">\n<div class=\"magic-4\">\n<div class=\"magic-5\"><span class=\"magic-7\" style=\"color: #ff79a2;\">Wenn Sie den Verk\u00e4ufer kontaktieren, um den tats\u00e4chlichen Versandpreis zu erhalten, k\u00f6nnen Sie den Verk\u00e4ufer per WhatsApp kontaktieren, damit er Ihnen bald antworten kann, WhatsApp: 86 + 13246918260<\/span><\/div>\n<div><img decoding=\"async\" src=\"https:\/\/s.alicdn.com\/@sc04\/kf\/H8c4a63d0b9364aee9a9d8742eec98b68l\/230438700\/H8c4a63d0b9364aee9a9d8742eec98b68l.png?quality=close\"><img decoding=\"async\" src=\"https:\/\/s.alicdn.com\/@sc04\/kf\/Hdf5e8251e21e4b2dbe584bf6d46b28655\/230438700\/Hdf5e8251e21e4b2dbe584bf6d46b28655.jpg?quality=close\"><img decoding=\"async\" src=\"https:\/\/s.alicdn.com\/@sc04\/kf\/Ha50b4754fb154f5b8d867b2126b120e4x\/230438700\/Ha50b4754fb154f5b8d867b2126b120e4x.jpg?quality=close\"><img decoding=\"async\" src=\"https:\/\/s.alicdn.com\/@sc04\/kf\/H12887703935d41cbb6c37ede762e8941E\/230438700\/H12887703935d41cbb6c37ede762e8941E.jpg?quality=close\"><img decoding=\"async\" src=\"https:\/\/s.alicdn.com\/@sc04\/kf\/Hb3de1620031246deb8378ee4e805ced7e\/230438700\/Hb3de1620031246deb8378ee4e805ced7e.jpg?quality=close\"><img decoding=\"async\" src=\"https:\/\/s.alicdn.com\/@sc04\/kf\/Hbe7e18feda9f4607bfce966b9dd6648cL\/230438700\/Hbe7e18feda9f4607bfce966b9dd6648cL.jpg?quality=close\"><img decoding=\"async\" src=\"https:\/\/s.alicdn.com\/@sc04\/kf\/H7d3886f1b64e44849b454672761f9bb3z\/230438700\/H7d3886f1b64e44849b454672761f9bb3z.jpg?quality=close\"><img decoding=\"async\" src=\"https:\/\/s.alicdn.com\/@sc04\/kf\/H497368349dfe45f2958a18636e434720S\/230438700\/H497368349dfe45f2958a18636e434720S.jpg?quality=close\"><img decoding=\"async\" src=\"https:\/\/s.alicdn.com\/@sc04\/kf\/Ha8b0bac279f84d129b7e0052d3eb33a7M\/230438700\/Ha8b0bac279f84d129b7e0052d3eb33a7M.jpg?quality=close\"><img decoding=\"async\" src=\"https:\/\/s.alicdn.com\/@sc04\/kf\/Hee9408d448ab460f94c285e537e347025\/230438700\/Hee9408d448ab460f94c285e537e347025.png?quality=close\"><img decoding=\"async\" src=\"https:\/\/s.alicdn.com\/@sc04\/kf\/HTB1Z1olSpXXXXctXXXXq6xXFXXXu\/230438700\/HTB1Z1olSpXXXXctXXXXq6xXFXXXu.jpg?quality=close\"><b>Q1: Zahlungsposten<\/b><br \/>\nA: T\/T 30 % als Anzahlung und 70 % vor Lieferung, wenn das Konto mehr als betr\u00e4gt<br \/>\nUS$ 10000,00<br \/>\n<b>Q2: Lieferzeit:<\/b><\/p>\n<div><span data-spm-anchor-id=\"a2700.wholesale.0.i39.5c98260bxVrfRY\"> Im Allgemeinen dauert es 3-5 Werktage nach Erhalt<br \/>\nIhre Anzahlung. Die spezifische Lieferzeit h\u00e4ngt von Ihrer Menge ab<br \/>\nBefehl.<br \/>\n<b>Q3: Testwaren vor Anlieferung?<\/b><br \/>\nA: Ja, wir haben einen 100%-Test vor der Auslieferung<br \/>\n<b>Q4: Wie machen Sie unser Gesch\u00e4ft langfristig,<\/b><br \/>\nA:1. Wir halten gute Qualit\u00e4t und den konkurrenzf\u00e4higsten Preis<br \/>\nA2: Wir respektieren jeden Kunden als unseren Freund<\/span><img decoding=\"async\" src=\"https:\/\/s.alicdn.com\/@sc04\/kf\/Ha43def8a2df44eac925e2c3ab5a1b97b2\/230438700\/Ha43def8a2df44eac925e2c3ab5a1b97b2.jpg?quality=close\"><\/div>\n<\/div>\n<\/div>\n<\/div>\n<\/div>\n<\/div>\n<\/div>\n<\/div>\n<\/div>\n<\/div>\n","protected":false},"excerpt":{"rendered":"<p>&nbsp;<\/p>\n<div style=\"width: auto;\">\n<div style=\"min-width: 300px; max-width: 300px; word-wrap: break-word; float: left;\">Herkunftsort: Deutschland<\/div>\n<div style=\"min-width: 300px; max-width: 300px; word-wrap: break-word; float: left;\">Markenname:Hb301<\/div>\n<\/div>\n<div style=\"width: auto;\">\n<div style=\"min-width: 300px; max-width: 300px; word-wrap: break-word; float: left;\">Modellnummer: Hb301<\/div>\n<div style=\"min-width: 300px; max-width: 300px; word-wrap: break-word; float: left;\">Stromquelle: Elektrisch<\/div>\n<\/div>\n<div style=\"width: auto;\">\n<div style=\"min-width: 300px; max-width: 300px; word-wrap: break-word; float: left;\">1 Jahr Garantie<\/div>\n<div style=\"min-width: 300px; max-width: 300px; word-wrap: break-word; float: left;\">Kundendienst: KEINE<\/div>\n<\/div>\n<div style=\"width: auto;\">\n<div style=\"min-width: 300px; max-width: 300px; word-wrap: break-word; float: left;\">Stromversorgungsmodus: Austauschbarer Akku<\/div>\n<div style=\"min-width: 300px; max-width: 300px; word-wrap: break-word; float: left;\">Material: Kunststoff<\/div>\n<\/div>\n<div style=\"width: auto;\">\n<div style=\"min-width: 300px; max-width: 300px; word-wrap: break-word; float: left;\">Haltbarkeit: 6 Monate<\/div>\n<div style=\"min-width: 300px; max-width: 300px; word-wrap: break-word; float: left;\">Qualit\u00e4tszertifizierung: ce<\/div>\n<\/div>\n<div style=\"width: auto;\">\n<div style=\"min-width: 300px; max-width: 300px; word-wrap: break-word; float: left;\">Instrumentenklassifizierung: Klasse II<\/div>\n<div style=\"min-width: 300px; max-width: 300px; word-wrap: break-word; float: left;\">Sicherheitsstandard: Keine<\/div>\n<\/div>\n<div style=\"width: auto;\">\n<div style=\"min-width: 300px; max-width: 300px; word-wrap: break-word; float: left;\">Produktname: HemoCue 301<\/div>\n<div style=\"min-width: 300px; max-width: 300px; word-wrap: break-word; float: left;\">Anwendbare Proben: peripheres Blut, ven\u00f6se oder arterielle Vollblutproben<\/div>\n<\/div>\n<div style=\"width: auto;\">\n<div style=\"min-width: 300px; max-width: 300px; word-wrap: break-word; float: left;\">Probenvolumen: ca. 10 \u03bcl<\/div>\n<div style=\"min-width: 300px; max-width: 300px; word-wrap: break-word; float: left;\">Ger\u00e4tegr\u00f6\u00dfe: 160 x 43 x 85 mm (6,30 x 1,69 x 3,35 Zoll)<\/div>\n<\/div>\n<div style=\"width: auto;\">\n<div style=\"min-width: 300px; max-width: 300px; word-wrap: break-word; float: left;\">Gewicht: 350 g (0,77 lbs) mit eingebautem Akku<\/div>\n<div style=\"min-width: 300px; max-width: 300px; word-wrap: break-word; float: left;\">Lagertemperatur: 0\u201350 \u00b0C (32\u2013122 \u00b0F)<\/div>\n<\/div>\n<div style=\"width: auto;\">\n<div style=\"min-width: 300px; max-width: 300px; word-wrap: break-word; float: left;\">Reaktionszelle: 15- -30 \u00b0C (59- -86 \u00b0F), luftdichte Lagerung Offen f\u00fcr 3 Monate<\/div>\n<div style=\"min-width: 300px; max-width: 300px; word-wrap: break-word; float: left;\">Betriebstemperatur: 15 &#8211; -30 \u00b0 C (59 &#8211; -86 \u00b0 F)<\/div>\n<\/div>\n","protected":false},"featured_media":12646,"comment_status":"closed","ping_status":"closed","template":"","meta":[],"product_cat":[158],"product_tag":[],"class_list":["post-13299","product","type-product","status-publish","has-post-thumbnail","hentry","product_cat-hamoglobin-teststreifen"],"_links":{"self":[{"href":"https:\/\/anbanjia.com.cn\/de\/wp-json\/wp\/v2\/product\/13299","targetHints":{"allow":["GET"]}}],"collection":[{"href":"https:\/\/anbanjia.com.cn\/de\/wp-json\/wp\/v2\/product"}],"about":[{"href":"https:\/\/anbanjia.com.cn\/de\/wp-json\/wp\/v2\/types\/product"}],"replies":[{"embeddable":true,"href":"https:\/\/anbanjia.com.cn\/de\/wp-json\/wp\/v2\/comments?post=13299"}],"wp:featuredmedia":[{"embeddable":true,"href":"https:\/\/anbanjia.com.cn\/de\/wp-json\/wp\/v2\/media\/12646"}],"wp:attachment":[{"href":"https:\/\/anbanjia.com.cn\/de\/wp-json\/wp\/v2\/media?parent=13299"}],"wp:term":[{"taxonomy":"product_cat","embeddable":true,"href":"https:\/\/anbanjia.com.cn\/de\/wp-json\/wp\/v2\/product_cat?post=13299"},{"taxonomy":"product_tag","embeddable":true,"href":"https:\/\/anbanjia.com.cn\/de\/wp-json\/wp\/v2\/product_tag?post=13299"}],"curies":[{"name":"wp","href":"https:\/\/api.w.org\/{rel}","templated":true}]}}