{"id":13296,"date":"2022-05-02T18:02:39","date_gmt":"2022-05-02T18:02:39","guid":{"rendered":"https:\/\/www.anbanjia.com.cn\/product\/tragbares-haemoglobin-testmessgeraet-zum-besten-preis-fuer-glykiertes-hba1c-analysegeraet-digitales-tragbares-urit-12-meter-haemoglobin\/"},"modified":"2022-05-02T18:02:39","modified_gmt":"2022-05-02T18:02:39","slug":"bester-preis-tragbarer-hamoglobin-test-meter-von-glykiertem-hba1c-analysator-digitaler-tragbarer-urit-12-meter-hamoglobin","status":"publish","type":"product","link":"https:\/\/anbanjia.com.cn\/de\/produkt\/bester-preis-tragbarer-hamoglobin-test-meter-von-glykiertem-hba1c-analysator-digitaler-tragbarer-urit-12-meter-hamoglobin\/","title":{"rendered":"Tragbares H\u00e4moglobin-Testmessger\u00e4t zum besten Preis f\u00fcr glykiertes hba1c-Analyseger\u00e4t, digitales tragbares Urit-12-Meter-H\u00e4moglobin"},"content":{"rendered":"<div style=\"max-width: 750px; margin: 0 auto;\">\n<div id=\"detail_decorate_root\" data-magic-global=\"%7B%22bizId%22%3A3215165050%2C%22pageId%22%3A21032059723%2C%22siteId%22%3A5005610021%7D\">\n<div class=\"J_module\">\n<div class=\"detail-decorate-json-renderer-container\">\n<div class=\"magic-0\">\n<div class=\"magic-1\">\n<div class=\"magic-2\">\n<div class=\"magic-3\">\n<div class=\"magic-4\"><b><span class=\"magic-5\">Tragbare Schnelltestmaschine f\u00fcr Bluth\u00e4moglobin-Teststreifen f\u00fcr medizinische Ger\u00e4te<\/span><\/b><\/div>\n<\/div>\n<\/div>\n<\/div>\n<\/div>\n<\/div>\n<\/div>\n<div class=\"J_module\">\n<div class=\"icbu-pc-detailManyImage magic-6\">\n<div class=\"magic-7\"><img decoding=\"async\" class=\"magic-8\" style=\"max-width: 750;\" src=\"https:\/\/anbanjia.com.cn\/wp-content\/uploads\/2022\/05\/HTB1vgiwUYPpK1RjSZFFq6y5PpXaS.jpg\" data-src=\"\"><\/div>\n<div class=\"magic-7\"><img decoding=\"async\" class=\"magic-8\" src=\"https:\/\/anbanjia.com.cn\/wp-content\/uploads\/2022\/05\/HTB1SM7ES6TpK1RjSZKPq6y3UpXae.jpg\" data-src=\"\"><\/div>\n<div class=\"magic-7\"><img decoding=\"async\" class=\"magic-8\" src=\"https:\/\/anbanjia.com.cn\/wp-content\/uploads\/2022\/05\/HTB1slk8U7zoK1RjSZFlq6yi4VXat.jpg\" data-src=\"\"><\/div>\n<div class=\"magic-7\"><\/div>\n<div class=\"magic-7\"><img decoding=\"async\" class=\"magic-8\" src=\"https:\/\/anbanjia.com.cn\/wp-content\/uploads\/2022\/05\/Hb158e7f0977f4566a9b04e8a2208643b4.png\" data-src=\"\"><\/div>\n<div class=\"magic-7\"><img decoding=\"async\" class=\"magic-8\" src=\"https:\/\/anbanjia.com.cn\/wp-content\/uploads\/2022\/05\/Hc378410077cb4991bd52130d3a4d8ef4m.jpg\" data-src=\"\"><\/div>\n<div class=\"magic-7\"><img decoding=\"async\" class=\"magic-8\" src=\"https:\/\/anbanjia.com.cn\/wp-content\/uploads\/2022\/05\/H26b606b02ade48b89fa62484cb2016acR.png\" data-src=\"\"><\/div>\n<div class=\"magic-7\"><img decoding=\"async\" class=\"magic-8\" src=\"https:\/\/anbanjia.com.cn\/wp-content\/uploads\/2022\/05\/HTB1eoEwS9zqK1RjSZFLq6An2XXas.jpg\" data-src=\"\"><\/div>\n<\/div>\n<\/div>\n<div class=\"J_module\">\n<div class=\"detail-decorate-json-renderer-container\">\n<div class=\"magic-0\">\n<div class=\"magic-1\">\n<div class=\"magic-2\">\n<div class=\"magic-3\"><span class=\"magic-5\">METER: H\u00e4moglobin in frischem Blut<br \/>\nMessprinzip: Optische Reflexion<br \/>\nStreifen: H12-H\u00e4moglobin-Teststreifen<br \/>\nMesszeit: Weniger als 30 Sekunden<br \/>\nMessbereich: 4,0 g\/dl ~ 24,0 g\/dl. Ergebnisse unter 4,0 g\/dL und \u00fcber 24,0 g\/dL werden als \u201eLo\u201c bzw. \u201eHi\u201c angezeigt, um anzuzeigen, dass das Ergebnis au\u00dferhalb des Bereichs liegt.<br \/>\nAnzeige: LCD, Testergebnisanzeige in SI<br \/>\nGewicht:&lt; 58 g (Batterie enthalten)<br \/>\nAu\u00dfenma\u00df: 102 mm \u00d7 50 mm \u00d7 19 mm<br \/>\nLeistung: DC 6 V (zwei CR2032-Batterien)<br \/>\nBetriebsbereiche: 15 ~ 30 \u00b0C; RH \u226480 % nicht kondensierend<br \/>\nUltimative Bereiche: -20 ~55 \u00b0C; RH&lt; 90 % nicht kondensierend<br \/>\nSonstiges: Interne St\u00f6rungspr\u00fcfung und -anzeige<br \/>\nVerf\u00fcgbare Lebensdauer: 8 Jahre<\/span><\/p>\n<div class=\"magic-4\"><b><span class=\"magic-9\">Hier haben wir auch viele andere Marken-Teststreifen, Sie k\u00f6nnen mich kontaktieren, wenn Sie Bedarf haben.<\/span><\/b><\/div>\n<\/div>\n<\/div>\n<\/div>\n<\/div>\n<\/div>\n<\/div>\n<div class=\"J_module\">\n<div class=\"icbu-pc-images magic-10\">\n<div>\n<div class=\"flex-layout-v\">\n<div class=\"flex-layout-h magic-10\">\n<div class=\"magic-11\"><img decoding=\"async\" class=\"magic-12\" src=\"https:\/\/anbanjia.com.cn\/wp-content\/uploads\/2022\/05\/H94a6fa43acb244a691368ee89d0bb0dft.png\" data-src=\"\"><\/div>\n<\/div>\n<\/div>\n<\/div>\n<\/div>\n<\/div>\n<\/div>\n<\/div>\n","protected":false},"excerpt":{"rendered":"<p>&nbsp;<\/p>\n<div style=\"width: auto;\">\n<div style=\"min-width: 300px; max-width: 300px; word-wrap: break-word; float: left;\">Typ: Blutanalysesystem<\/div>\n<div style=\"min-width: 300px; max-width: 300px; word-wrap: break-word; float: left;\">Markenname: OEM<\/div>\n<\/div>\n<div style=\"width: auto;\">\n<div style=\"min-width: 300px; max-width: 300px; word-wrap: break-word; float: left;\">Modellnummer: U12<\/div>\n<div style=\"min-width: 300px; max-width: 300px; word-wrap: break-word; float: left;\">Herkunftsort: China<\/div>\n<\/div>\n<div style=\"width: auto;\">\n<div style=\"min-width: 300px; max-width: 300px; word-wrap: break-word; float: left;\">Instrumentenklassifizierung: Klasse II<\/div>\n<div style=\"min-width: 300px; max-width: 300px; word-wrap: break-word; float: left;\">Garantie: KEINE<\/div>\n<\/div>\n<div style=\"width: auto;\">\n<div style=\"min-width: 300px; max-width: 300px; word-wrap: break-word; float: left;\">Kundendienst: KEINE<\/div>\n<div style=\"min-width: 300px; max-width: 300px; word-wrap: break-word; float: left;\">Messprinzip: Optische Reflexion<\/div>\n<\/div>\n<div style=\"width: auto;\">\n<div style=\"min-width: 300px; max-width: 300px; word-wrap: break-word; float: left;\">Streifen: H\u00e4moglobinmessger\u00e4t<\/div>\n<div style=\"min-width: 300px; max-width: 300px; word-wrap: break-word; float: left;\">Messzeit: Weniger als 30 Sekunden<\/div>\n<\/div>\n<div style=\"width: auto;\">\n<div style=\"min-width: 300px; max-width: 300px; word-wrap: break-word; float: left;\">Gewicht:&lt; 58 g (Batterie enthalten)<\/div>\n<div style=\"min-width: 300px; max-width: 300px; word-wrap: break-word; float: left;\">Au\u00dfenma\u00dfe: 102 mm x 50 mm x 19 mm<\/div>\n<\/div>\n<div style=\"width: auto;\">\n<div style=\"min-width: 300px; max-width: 300px; word-wrap: break-word; float: left;\">Code: kein Code<\/div>\n<div style=\"min-width: 300px; max-width: 300px; word-wrap: break-word; float: left;\">Testbereich: 20\u2013600 mg\/dl (1,1\u201333,3 mmol\/l)<\/div>\n<\/div>\n<div style=\"width: auto;\">\n<div style=\"min-width: 300px; max-width: 300px; word-wrap: break-word; float: left;\">Probengr\u00f6\u00dfe: 0,6 \u03bcl<\/div>\n<div style=\"min-width: 300px; max-width: 300px; word-wrap: break-word; float: left;\">Garantiezeitraum: 18 Monate<\/div>\n<\/div>\n","protected":false},"featured_media":12656,"comment_status":"closed","ping_status":"closed","template":"","meta":[],"product_cat":[158],"product_tag":[],"class_list":["post-13296","product","type-product","status-publish","has-post-thumbnail","hentry","product_cat-hamoglobin-teststreifen"],"_links":{"self":[{"href":"https:\/\/anbanjia.com.cn\/de\/wp-json\/wp\/v2\/product\/13296","targetHints":{"allow":["GET"]}}],"collection":[{"href":"https:\/\/anbanjia.com.cn\/de\/wp-json\/wp\/v2\/product"}],"about":[{"href":"https:\/\/anbanjia.com.cn\/de\/wp-json\/wp\/v2\/types\/product"}],"replies":[{"embeddable":true,"href":"https:\/\/anbanjia.com.cn\/de\/wp-json\/wp\/v2\/comments?post=13296"}],"wp:featuredmedia":[{"embeddable":true,"href":"https:\/\/anbanjia.com.cn\/de\/wp-json\/wp\/v2\/media\/12656"}],"wp:attachment":[{"href":"https:\/\/anbanjia.com.cn\/de\/wp-json\/wp\/v2\/media?parent=13296"}],"wp:term":[{"taxonomy":"product_cat","embeddable":true,"href":"https:\/\/anbanjia.com.cn\/de\/wp-json\/wp\/v2\/product_cat?post=13296"},{"taxonomy":"product_tag","embeddable":true,"href":"https:\/\/anbanjia.com.cn\/de\/wp-json\/wp\/v2\/product_tag?post=13296"}],"curies":[{"name":"wp","href":"https:\/\/api.w.org\/{rel}","templated":true}]}}