{"id":13294,"date":"2022-05-02T18:02:44","date_gmt":"2022-05-02T18:02:44","guid":{"rendered":"https:\/\/www.anbanjia.com.cn\/product\/heiss-verkaufter-urinanalysetest-zum-nachweis-von-leukozyten-und-nitrit\/"},"modified":"2022-05-02T18:02:44","modified_gmt":"2022-05-02T18:02:44","slug":"hot-sell-urinanalyse-test-zum-nachweis-von-leukozyten-und-nitrit","status":"publish","type":"product","link":"https:\/\/anbanjia.com.cn\/de\/produkt\/hot-sell-urinanalyse-test-zum-nachweis-von-leukozyten-und-nitrit\/","title":{"rendered":"Hei\u00df verkaufter Urinanalysetest zum Nachweis von Leukozyten und Nitrit"},"content":{"rendered":"<div style=\"max-width: 750px; margin: 0 auto;\">\n<div id=\"detail_decorate_root\" data-magic-global=\"%7B%22bizId%22%3A3215165050%2C%22pageId%22%3A20062693075%2C%22siteId%22%3A5005610021%7D\">\n<div class=\"J_module\">\n<div class=\"detail-decorate-json-renderer-container\">\n<div class=\"magic-2\">\n<div class=\"magic-4\"><span class=\"magic-5\"><span class=\"magic-6\" style=\"color: #e87474;\"> Tests auf Harnwegsinfektionen<\/span><\/span><\/div>\n<div class=\"magic-7\">\n<div class=\"magic-8\">\n<div class=\"magic-9\">\n<div class=\"magic-4\"><\/div>\n<p><span class=\"magic-11\">Harnwegsinfekt-Teststreifen f\u00fcr zu Hause helfen bei der Fr\u00fcherkennung von HWI. Ihre Verwendung hilft Ihnen, die verheerenden Symptome von Komplikationen bei Harnwegsinfektionen zu vermeiden. Es wird die Behandlung erleichtern.<br \/>\nDiese Teststreifen helfen Ihnen nicht nur, Infektionen zu erkennen, sondern k\u00f6nnen auch dabei helfen, die Wirksamkeit von Behandlungen zu verfolgen. Und da sie den Arztbesuch f\u00fcr den Test \u00fcberfl\u00fcssig machen, sparen Sie bares Geld. Sie m\u00fcssen sich auch nicht durch die langen Warteschlangen durchk\u00e4mpfen, die in den meisten Kliniken \u00fcblich sind.<\/span><\/p>\n<div class=\"magic-4\"><img decoding=\"async\" src=\"https:\/\/s.alicdn.com\/@sc04\/kf\/H31e1ab22d76f4cd891a0743d0379e11bh\/230438700\/H31e1ab22d76f4cd891a0743d0379e11bh.png?quality=close\"><\/div>\n<div><img decoding=\"async\" src=\"https:\/\/s.alicdn.com\/@sc04\/kf\/Hb1a94cb61d4b44318eb1ff1e58543795v\/230438700\/Hb1a94cb61d4b44318eb1ff1e58543795v.png?quality=close\"><\/div>\n<div><img decoding=\"async\" class=\"\" src=\"https:\/\/s.alicdn.com\/@sc04\/kf\/H839662a6864f4ecb90fb758732e7eb01P\/230438700\/H839662a6864f4ecb90fb758732e7eb01P.png?quality=close\" width=\"759\" height=\"1260\"><\/div>\n<div><img decoding=\"async\" class=\"\" src=\"https:\/\/s.alicdn.com\/@sc04\/kf\/Ha99f6d0e94384f2eb429f97d5fef6eb3H\/230438700\/Ha99f6d0e94384f2eb429f97d5fef6eb3H.png?quality=close\" width=\"745\" height=\"1020\"><\/div>\n<div><img decoding=\"async\" src=\"https:\/\/s.alicdn.com\/@sc04\/kf\/H05da87f272fb4caeaa01cd219894005eK\/230438700\/H05da87f272fb4caeaa01cd219894005eK.png?quality=close\"><\/div>\n<div><img decoding=\"async\" src=\"https:\/\/s.alicdn.com\/@sc04\/kf\/H3b702e7947d34421a38e388918faa514h\/230438700\/H3b702e7947d34421a38e388918faa514h.png?quality=close\"><\/div>\n<div><img decoding=\"async\" src=\"https:\/\/s.alicdn.com\/@sc04\/kf\/Haf2f1520f1624b7aafa10dd80fbdb634E\/230438700\/Haf2f1520f1624b7aafa10dd80fbdb634E.png?quality=close\"><\/div>\n<div><img decoding=\"async\" src=\"https:\/\/s.alicdn.com\/@sc04\/kf\/Hf24a18da06fd4630a3b486bc469a0163g\/230438700\/Hf24a18da06fd4630a3b486bc469a0163g.jpg?quality=close\"><\/div>\n<div><img decoding=\"async\" src=\"https:\/\/s.alicdn.com\/@sc04\/kf\/Hd9ad532faf9648558cc9b7c1cccb0291Z\/230438700\/Hd9ad532faf9648558cc9b7c1cccb0291Z.jpg?quality=close\"><\/div>\n<div><img decoding=\"async\" src=\"https:\/\/s.alicdn.com\/@sc04\/kf\/H390207e707a34193b8f8a8f561231c3c4\/230438700\/H390207e707a34193b8f8a8f561231c3c4.jpg?quality=close\"><\/div>\n<div><img decoding=\"async\" src=\"https:\/\/s.alicdn.com\/@sc04\/kf\/HTB1Z1olSpXXXXctXXXXq6xXFXXXu\/230438700\/HTB1Z1olSpXXXXctXXXXq6xXFXXXu.jpg?quality=close\"><\/div>\n<div><b data-spm-anchor-id=\"a2700.details.0.i38.6b2726410zFOlH\">Q1: Zahlungsposten<\/b><br \/>\nA: T\/T 30 % als Anzahlung und 70 % vor Lieferung, wenn das Konto mehr als betr\u00e4gt<br \/>\nUS$ 10000,00<br \/>\n<b>Q2: Lieferzeit:<\/b><\/p>\n<div>Im Allgemeinen dauert es 3-5 Werktage nach Erhalt<br \/>\nIhre Anzahlung. Die spezifische Lieferzeit h\u00e4ngt von Ihrer Menge ab<br \/>\nBefehl.<br \/>\n<b>Q3: Testwaren vor Anlieferung?<\/b><br \/>\nA: Ja, wir haben einen 100%-Test vor der Auslieferung<br \/>\n<b>Q4: Wie machen Sie unser Gesch\u00e4ft langfristig,<\/b><br \/>\nA:1. Wir halten gute Qualit\u00e4t und den konkurrenzf\u00e4higsten Preis<br \/>\nA2: Wir respektieren jeden Kunden als unseren Freund<\/div>\n<div><img decoding=\"async\" src=\"https:\/\/s.alicdn.com\/@sc04\/kf\/Ha43def8a2df44eac925e2c3ab5a1b97b2\/230438700\/Ha43def8a2df44eac925e2c3ab5a1b97b2.jpg?quality=close\"><\/div>\n<div><img decoding=\"async\" src=\"https:\/\/s.alicdn.com\/@sc04\/kf\/Hee9408d448ab460f94c285e537e347025\/230438700\/Hee9408d448ab460f94c285e537e347025.png?quality=close\"><\/div>\n<\/div>\n<div><\/div>\n<\/div>\n<\/div>\n<\/div>\n<\/div>\n<\/div>\n<\/div>\n<\/div>\n<\/div>\n","protected":false},"excerpt":{"rendered":"<p>&nbsp;<\/p>\n<div style=\"width: auto;\">\n<div style=\"min-width: 300px; max-width: 300px; word-wrap: break-word; float: left;\">Herkunftsort: Guangdong, China<\/div>\n<div style=\"min-width: 300px; max-width: 300px; word-wrap: break-word; float: left;\">Markenname: AnBanJia<\/div>\n<\/div>\n<div style=\"width: auto;\">\n<div style=\"min-width: 300px; max-width: 300px; word-wrap: break-word; float: left;\">Modellnummer: URS-3N, URS-3N<\/div>\n<div style=\"min-width: 300px; max-width: 300px; word-wrap: break-word; float: left;\">Stromquelle: Manuell<\/div>\n<\/div>\n<div style=\"width: auto;\">\n<div style=\"min-width: 300px; max-width: 300px; word-wrap: break-word; float: left;\">Garantie: KEINE<\/div>\n<div style=\"min-width: 300px; max-width: 300px; word-wrap: break-word; float: left;\">Kundendienst: KEINE<\/div>\n<\/div>\n<div style=\"width: auto;\">\n<div style=\"min-width: 300px; max-width: 300px; word-wrap: break-word; float: left;\">Stromversorgungsmodus: Eingebauter Akku<\/div>\n<div style=\"min-width: 300px; max-width: 300px; word-wrap: break-word; float: left;\">Material: Kunststoff<\/div>\n<\/div>\n<div style=\"width: auto;\">\n<div style=\"min-width: 300px; max-width: 300px; word-wrap: break-word; float: left;\">Haltbarkeit: 2 Jahre<\/div>\n<div style=\"min-width: 300px; max-width: 300px; word-wrap: break-word; float: left;\">Qualit\u00e4tszertifizierung: CE<\/div>\n<\/div>\n<div style=\"width: auto;\">\n<div style=\"min-width: 300px; max-width: 300px; word-wrap: break-word; float: left;\">Instrumentenklassifizierung: Klasse II<\/div>\n<div style=\"min-width: 300px; max-width: 300px; word-wrap: break-word; float: left;\">Sicherheitsstandard: Keine<\/div>\n<\/div>\n<div style=\"width: auto;\">\n<div style=\"min-width: 300px; max-width: 300px; word-wrap: break-word; float: left;\">Produktname: Produktname<\/div>\n<div style=\"min-width: 300px; max-width: 300px; word-wrap: break-word; float: left;\">Anwendung:Urinteststreifen 3N<\/div>\n<\/div>\n<div style=\"width: auto;\">\n<div style=\"min-width: 300px; max-width: 300px; word-wrap: break-word; float: left;\">Testgegenstand: Leukozyten Nitrit PH<\/div>\n<div style=\"min-width: 300px; max-width: 300px; word-wrap: break-word; float: left;\">Probe: Urin<\/div>\n<\/div>\n<div style=\"width: auto;\">\n<div style=\"min-width: 300px; max-width: 300px; word-wrap: break-word; float: left;\">Funktion: Verwendung im Heimkrankenhaus f\u00fcr UTI-Tests<\/div>\n<div style=\"min-width: 300px; max-width: 300px; word-wrap: break-word; float: left;\">Spezifikation: 100 St\u00fcck\/Flasche<\/div>\n<\/div>\n<div>Kundenspezifisches Logo (Mindestbestellmenge: 200 Sets)<\/div>\n","protected":false},"featured_media":12632,"comment_status":"closed","ping_status":"closed","template":"","meta":[],"product_cat":[175],"product_tag":[],"class_list":["post-13294","product","type-product","status-publish","has-post-thumbnail","hentry","product_cat-teststreifen-zur-urinanalyse"],"_links":{"self":[{"href":"https:\/\/anbanjia.com.cn\/de\/wp-json\/wp\/v2\/product\/13294","targetHints":{"allow":["GET"]}}],"collection":[{"href":"https:\/\/anbanjia.com.cn\/de\/wp-json\/wp\/v2\/product"}],"about":[{"href":"https:\/\/anbanjia.com.cn\/de\/wp-json\/wp\/v2\/types\/product"}],"replies":[{"embeddable":true,"href":"https:\/\/anbanjia.com.cn\/de\/wp-json\/wp\/v2\/comments?post=13294"}],"wp:featuredmedia":[{"embeddable":true,"href":"https:\/\/anbanjia.com.cn\/de\/wp-json\/wp\/v2\/media\/12632"}],"wp:attachment":[{"href":"https:\/\/anbanjia.com.cn\/de\/wp-json\/wp\/v2\/media?parent=13294"}],"wp:term":[{"taxonomy":"product_cat","embeddable":true,"href":"https:\/\/anbanjia.com.cn\/de\/wp-json\/wp\/v2\/product_cat?post=13294"},{"taxonomy":"product_tag","embeddable":true,"href":"https:\/\/anbanjia.com.cn\/de\/wp-json\/wp\/v2\/product_tag?post=13294"}],"curies":[{"name":"wp","href":"https:\/\/api.w.org\/{rel}","templated":true}]}}