{"id":13288,"date":"2022-05-02T18:02:43","date_gmt":"2022-05-02T18:02:43","guid":{"rendered":"https:\/\/www.anbanjia.com.cn\/product\/urinanalyse-reagenz-urin-teststreifen-10-parameter-urin-ma-teststreifen-14-11-parameter\/"},"modified":"2022-05-02T18:02:43","modified_gmt":"2022-05-02T18:02:43","slug":"urinanalyse-reagenz-urin-teststreifen-10-parameter-urin-ma-teststreifen-14-11-parameter","status":"publish","type":"product","link":"https:\/\/anbanjia.com.cn\/de\/produkt\/urinanalyse-reagenz-urin-teststreifen-10-parameter-urin-ma-teststreifen-14-11-parameter\/","title":{"rendered":"urinanalyse reagenz urin teststreifen 10 parameter urin ma teststreifen 14 11 parameter"},"content":{"rendered":"<div style=\"max-width: 750px; margin: 0 auto;\">\n<p><span style=\"font-size: 24px;\">Flaschen-Urinstreifen-Schnellanalyse-Quick-Check-Urinanalyse-Reagenzstreifen mit CE-Zulassung<\/span><\/p>\n<div id=\"ali-anchor-AliPostDhMb-3fauz\" class=\"mceSectionContainer\" style=\"padding-top: 8px;\" data-section=\"AliPostDhMb-3fauz\" data-section-title=\"Product Description\">\n<div id=\"ali-title-AliPostDhMb-3fauz\" style=\"padding: 8px 0; border-bottom: 1px solid #ddd;\"><span style=\"background-color: #ddd; color: #333; font-weight: bold; padding: 8px 10px; line-height: 12px;\">Produktbeschreibung<\/span><\/div>\n<div style=\"padding: 10px 0;\"><\/div>\n<\/div>\n<p><span style=\"font-size: 24px;\"><img decoding=\"async\" style=\"max-width: 750;\" src=\"https:\/\/anbanjia.com.cn\/wp-content\/uploads\/2022\/05\/HTB13v6iTkzoK1RjSZFlq6yi4VXaq.jpg\" data-alt=\"urinalysis reagent urine test strip 10 parameter urine ma test strip 14 11 parameter\" data-height=\"750\" data-src=\"\" data-width=\"750\"><\/span><\/p>\n<p><span style=\"font-size: 18px;\">1. Haben Sie verschiedene Parameter f\u00fcr Sie, 1-11 Parameter<br \/>\n2.Paket: Flasche + Farbkasten<br \/>\n3,2 Jahre Haltbarkeit f\u00fcr unge\u00f6ffnete Kanister. 3 Monate Haltbarkeit f\u00fcr Streifen in ge\u00f6ffneten Kanistern <\/span><\/p>\n<p><span style=\"color: #ff0000;\"><strong><span style=\"font-size: 24px;\">Misst 11 verschiedene Bestandteile des Urins:<\/span><\/strong><\/span><\/p>\n<p><span style=\"font-size: 18px;\">Leukozyten: Auch bekannt als wei\u00dfe Blutk\u00f6rperchen. Zeigt auch das Vorhandensein einer Infektion an.<\/span><br \/>\n<span style=\"font-size: 18px;\">Nitrite: Kann ein Zeichen f\u00fcr eine Harnwegsinfektion oder eine andere Infektion sein.<\/span><br \/>\n<span style=\"font-size: 18px;\">Urobilinogen: \u00dcberpr\u00fcfung auf Lebererkrankungen.<\/span><br \/>\n<span style=\"font-size: 18px;\">Protein: Tests f\u00fcr die Nierenfunktion.<\/span><br \/>\n<span style=\"font-size: 18px;\">pH-Wert: Misst den S\u00e4uregehalt des Urins, verbunden mit einem h\u00f6heren Risiko f\u00fcr Nierensteine.<\/span><br \/>\n<span style=\"font-size: 18px;\">Blut: Kann durch Infektionen, Verletzungen, Entz\u00fcndungen, Nierensteine oder Krebs verursacht werden.<\/span><br \/>\n<span style=\"font-size: 18px;\">Spezifisches Gewicht: wertet den Wasserhaushalt und die Urinkonzentration des K\u00f6rpers aus.<\/span><br \/>\n<span style=\"font-size: 18px;\">Ascorbat: Dieser Test zeigt die Konzentration von Ascorbins\u00e4ure im Urin, die mit der Aufnahme variiert.<\/span><br \/>\n<span style=\"font-size: 18px;\">Ketone: verursacht durch St\u00f6rungen des erh\u00f6hten Stoffwechsels; auch durch unausgewogene Ern\u00e4hrung wie High Protein\/Low Carb, Magersucht oder Fasten.<\/span><br \/>\n<span style=\"font-size: 18px;\">Bilirubin: kann auf Leber- oder Gallenblasenprobleme wie Gallensteine, Hepatitis, Zirrhose oder Tumore hinweisen.<\/span><br \/>\n<span style=\"font-size: 18px;\">Glukose: der h\u00e4ufigste Test f\u00fcr Diabetes. <\/span><\/p>\n<p>&nbsp;<\/p>\n<p><span style=\"color: #ff0000;\"><strong><span style=\"font-size: 24px;\">Wie benutzt man<\/span><\/strong><\/span><\/p>\n<p><span style=\"color: #000000;\"><strong><span style=\"font-size: 24px;\"><img decoding=\"async\" src=\"https:\/\/anbanjia.com.cn\/wp-content\/uploads\/2022\/05\/HTB1BkPXTjDpK1RjSZFr76178VXai.png\" data-alt=\"urinalysis reagent urine test strip 10 parameter urine ma test strip 14 11 parameter\" data-src=\"\"><\/span><\/strong><\/span><\/p>\n<p><strong><span style=\"font-size: 24px;\">Urinanalyse-Reagenzstreifen-Testverfahren:<\/span><\/strong><\/p>\n<p><span style=\"font-size: 18px;\">1. Sammeln Sie frischen Urin in einem sauberen Beh\u00e4lter und testen Sie so schnell wie m\u00f6glich. Nicht zentrifugieren. Wenn der Test nicht innerhalb einer Stunde nach dem Entleeren durchgef\u00fchrt werden kann, lagern Sie die Probe sofort im K\u00fchlschrank. Lassen Sie die gek\u00fchlte Probe vor dem Test auf Raumtemperatur zur\u00fcckkehren.<\/span><br \/>\n<span style=\"font-size: 18px;\">2. Hinweis: Alle Reagenzbereiche k\u00f6nnen zwischen 1 und 2 Minuten abgelesen werden, um positiven Urin von negativem Urin zu unterscheiden. Farbver\u00e4nderungen nach 2 Minuten sind ohne diagnostischen Wert. Bitte lesen Sie das Analysenergebnis nach der angegebenen Zeit ab, die auf der Farbskala der Flasche vermerkt ist.<\/span><\/p>\n<p><strong><span style=\"font-size: 24px;\">LAGERUNG DER Urinanalyse-Reagenzstreifen:<\/span><\/strong><\/p>\n<p><span style=\"font-size: 18px;\">1) Bei Raumtemperatur zwischen 2-30\u00b0C lagern<\/span><br \/>\n<span style=\"font-size: 18px;\">2) Vor direkter Sonneneinstrahlung und Feuchtigkeit sch\u00fctzen.<\/span><br \/>\n<span style=\"font-size: 18px;\">3) Nicht nach dem Verfallsdatum verwenden.<\/span><\/p>\n<p><strong><span style=\"font-size: 24px;\">Urinanalyse-Reagenzstreifen mit CE-Zulassung<\/span><\/strong><\/p>\n<p><span style=\"font-size: 18px;\">1) Trockenmittel nicht aus der Flasche entfernen.<\/span><br \/>\n<span style=\"font-size: 18px;\">2) Ber\u00fchren Sie die Testbereiche der Urinanalyse-Reagenzstreifen nicht.<\/span><br \/>\n<span style=\"font-size: 18px;\">3) Beh\u00e4lter erst \u00f6ffnen, wenn er gebrauchsfertig ist.<\/span><br \/>\n<span style=\"font-size: 18px;\">4) Die Verwendung von Urinkonservierungsmitteln kann den Abbau von Ketonen, Bilirubin und Urobilinogen im Urin verhindern.<\/span><br \/>\n<span style=\"font-size: 18px;\">5) Bewahren Sie die Probe vor dem Test nicht lange (eine Stunde oder l\u00e4nger) auf.<\/span><\/p>\n<div id=\"ali-anchor-AliPostDhMb-0n6fq\" class=\"mceSectionContainer\" style=\"padding-top: 8px;\" data-section=\"AliPostDhMb-0n6fq\" data-section-title=\"Contact Information\">\n<div id=\"ali-title-AliPostDhMb-0n6fq\" style=\"padding: 8px 0; border-bottom: 1px solid #ddd;\"><span style=\"background-color: #ddd; color: #333; font-weight: bold; padding: 8px 10px; line-height: 12px;\">Kontaktinformation<\/span><\/div>\n<div style=\"padding: 10px 0;\"><\/div>\n<\/div>\n<p><img decoding=\"async\" src=\"https:\/\/anbanjia.com.cn\/wp-content\/uploads\/2022\/05\/H462e2ac50b4a471d815b7183b87f21eeJ.png\" data-alt=\"urinalysis reagent urine test strip 10 parameter urine ma test strip 14 11 parameter\" data-src=\"\"><\/p>\n<\/div>\n","protected":false},"excerpt":{"rendered":"<p>&nbsp;<\/p>\n<div style=\"width: auto;\">\n<div style=\"min-width: 300px; max-width: 300px; word-wrap: break-word; float: left;\">Typ:Biochemisches Analysesystem<\/div>\n<div style=\"min-width: 300px; max-width: 300px; word-wrap: break-word; float: left;\">Markenname: OEM<\/div>\n<\/div>\n<div style=\"width: auto;\">\n<div style=\"min-width: 300px; max-width: 300px; word-wrap: break-word; float: left;\">Modellnummer: U032<\/div>\n<div style=\"min-width: 300px; max-width: 300px; word-wrap: break-word; float: left;\">Herkunftsort: Guangdong, China<\/div>\n<\/div>\n<div style=\"width: auto;\">\n<div style=\"min-width: 300px; max-width: 300px; word-wrap: break-word; float: left;\">Instrumentenklassifizierung: Klasse II<\/div>\n<div style=\"min-width: 300px; max-width: 300px; word-wrap: break-word; float: left;\">Garantie: KEINE<\/div>\n<\/div>\n<div style=\"width: auto;\">\n<div style=\"min-width: 300px; max-width: 300px; word-wrap: break-word; float: left;\">Kundendienst: KEINE<\/div>\n<div style=\"min-width: 300px; max-width: 300px; word-wrap: break-word; float: left;\">Name: Urinanalyse-Reagenzstreifen<\/div>\n<\/div>\n<div style=\"width: auto;\">\n<div style=\"min-width: 300px; max-width: 300px; word-wrap: break-word; float: left;\">Probe: Urin<\/div>\n<div style=\"min-width: 300px; max-width: 300px; word-wrap: break-word; float: left;\">Haltbarkeit: 24 Monate bei Raumtemperatur<\/div>\n<\/div>\n<div style=\"width: auto;\">\n<div style=\"min-width: 300px; max-width: 300px; word-wrap: break-word; float: left;\">Verpackungsdetail: 100 Streifen\/Flasche<\/div>\n<div style=\"min-width: 300px; max-width: 300px; word-wrap: break-word; float: left;\">Hafen: Guangzhou<\/div>\n<\/div>\n<div style=\"width: auto;\">\n<div style=\"min-width: 300px; max-width: 300px; word-wrap: break-word; float: left;\">Lieferzeit: 7-25 Tage<\/div>\n<div style=\"min-width: 300px; max-width: 300px; word-wrap: break-word; float: left;\">OEM: Verf\u00fcgbar<\/div>\n<\/div>\n","protected":false},"featured_media":12642,"comment_status":"closed","ping_status":"closed","template":"","meta":[],"product_cat":[175],"product_tag":[],"class_list":["post-13288","product","type-product","status-publish","has-post-thumbnail","hentry","product_cat-teststreifen-zur-urinanalyse"],"_links":{"self":[{"href":"https:\/\/anbanjia.com.cn\/de\/wp-json\/wp\/v2\/product\/13288","targetHints":{"allow":["GET"]}}],"collection":[{"href":"https:\/\/anbanjia.com.cn\/de\/wp-json\/wp\/v2\/product"}],"about":[{"href":"https:\/\/anbanjia.com.cn\/de\/wp-json\/wp\/v2\/types\/product"}],"replies":[{"embeddable":true,"href":"https:\/\/anbanjia.com.cn\/de\/wp-json\/wp\/v2\/comments?post=13288"}],"wp:featuredmedia":[{"embeddable":true,"href":"https:\/\/anbanjia.com.cn\/de\/wp-json\/wp\/v2\/media\/12642"}],"wp:attachment":[{"href":"https:\/\/anbanjia.com.cn\/de\/wp-json\/wp\/v2\/media?parent=13288"}],"wp:term":[{"taxonomy":"product_cat","embeddable":true,"href":"https:\/\/anbanjia.com.cn\/de\/wp-json\/wp\/v2\/product_cat?post=13288"},{"taxonomy":"product_tag","embeddable":true,"href":"https:\/\/anbanjia.com.cn\/de\/wp-json\/wp\/v2\/product_tag?post=13288"}],"curies":[{"name":"wp","href":"https:\/\/api.w.org\/{rel}","templated":true}]}}