{"id":13280,"date":"2022-05-02T18:02:44","date_gmt":"2022-05-02T18:02:44","guid":{"rendered":"https:\/\/www.anbanjia.com.cn\/product\/einfach-zu-testende-urinteststreifen-fuer-harnwegsinfektionen\/"},"modified":"2022-05-02T18:02:44","modified_gmt":"2022-05-02T18:02:44","slug":"einfach-zu-testende-harnwegsinfektions-urin-teststreifen","status":"publish","type":"product","link":"https:\/\/anbanjia.com.cn\/de\/produkt\/einfach-zu-testende-harnwegsinfektions-urin-teststreifen\/","title":{"rendered":"Einfach zu testende Urinteststreifen f\u00fcr Harnwegsinfektionen"},"content":{"rendered":"<div style=\"max-width: 750px; margin: 0 auto;\">\n<div id=\"detail_decorate_root\" data-host=\"111525417\" data-id=\"detail_decorate_root\" data-magic-global=\"%7B%22bizId%22%3A3215165050%2C%22pageId%22%3A20064016029%2C%22siteId%22%3A5005610021%7D\">\n<div class=\"J_module\">\n<div class=\"detail-decorate-json-renderer-container\">\n<div class=\"magic-1\">\n<div class=\"magic-3\"><span class=\"magic-4\"><span class=\"magic-5\" style=\"color: #e87474;\">Urinteststreifen f\u00fcr Harnwegsinfektionen<\/span><\/span><\/div>\n<div class=\"magic-6\">\n<div class=\"magic-7\">\n<div class=\"magic-8\" data-id=\"paragraph0\">\n<p><span class=\"magic-9\"> Harnwegsinfekt-Teststreifen f\u00fcr zu Hause helfen bei der Fr\u00fcherkennung von UTIS. Ihre Verwendung hilft Ihnen, die verheerenden Symptome von Komplikationen bei Harnwegsinfektionen zu vermeiden. Es wird die Behandlung erleichtern.<\/span><\/p>\n<div><span class=\"magic-9\"> Diese Teststreifen helfen Ihnen nicht nur, Infektionen zu erkennen, sondern k\u00f6nnen auch dabei helfen, die Wirksamkeit von Behandlungen zu verfolgen. Und da sie den Arztbesuch f\u00fcr den Test \u00fcberfl\u00fcssig machen, sparen Sie bares Geld. Sie m\u00fcssen sich auch nicht durch die langen Warteschlangen durchk\u00e4mpfen, die in den meisten Kliniken \u00fcblich sind.<br \/>\n<\/span><\/div>\n<div><img decoding=\"async\" src=\"https:\/\/s.alicdn.com\/@sc04\/kf\/H31e1ab22d76f4cd891a0743d0379e11bh\/230438700\/H31e1ab22d76f4cd891a0743d0379e11bh.png?quality=close\"><\/div>\n<div><img decoding=\"async\" src=\"https:\/\/s.alicdn.com\/@sc04\/kf\/Hb1a94cb61d4b44318eb1ff1e58543795v\/230438700\/Hb1a94cb61d4b44318eb1ff1e58543795v.png?quality=close\"><\/div>\n<div><img decoding=\"async\" class=\"\" src=\"https:\/\/s.alicdn.com\/@sc04\/kf\/H3a35c4512e3b4562b56302c082641e2aC\/230438700\/H3a35c4512e3b4562b56302c082641e2aC.png?quality=close\" width=\"737\" height=\"744\"><img decoding=\"async\" src=\"https:\/\/s.alicdn.com\/@sc04\/kf\/H3b702e7947d34421a38e388918faa514h\/230438700\/H3b702e7947d34421a38e388918faa514h.png?quality=close\"><\/div>\n<div><img decoding=\"async\" src=\"https:\/\/s.alicdn.com\/@sc04\/kf\/Hbec88919599e4368bcf080040559b3d9H\/230438700\/Hbec88919599e4368bcf080040559b3d9H.png?quality=close\"><\/div>\n<div><img decoding=\"async\" src=\"https:\/\/s.alicdn.com\/@sc04\/kf\/Haf2f1520f1624b7aafa10dd80fbdb634E\/230438700\/Haf2f1520f1624b7aafa10dd80fbdb634E.png?quality=close\"><\/div>\n<div><img decoding=\"async\" src=\"https:\/\/s.alicdn.com\/@sc04\/kf\/Hf24a18da06fd4630a3b486bc469a0163g\/230438700\/Hf24a18da06fd4630a3b486bc469a0163g.jpg?quality=close\"><\/div>\n<div><img decoding=\"async\" src=\"https:\/\/s.alicdn.com\/@sc04\/kf\/Hd9ad532faf9648558cc9b7c1cccb0291Z\/230438700\/Hd9ad532faf9648558cc9b7c1cccb0291Z.jpg?quality=close\"><\/div>\n<div><img decoding=\"async\" src=\"https:\/\/s.alicdn.com\/@sc04\/kf\/H390207e707a34193b8f8a8f561231c3c4\/230438700\/H390207e707a34193b8f8a8f561231c3c4.jpg?quality=close\"><\/div>\n<div><img decoding=\"async\" src=\"https:\/\/s.alicdn.com\/@sc04\/kf\/HTB1Z1olSpXXXXctXXXXq6xXFXXXu\/230438700\/HTB1Z1olSpXXXXctXXXXq6xXFXXXu.jpg?quality=close\"><\/div>\n<div><b data-spm-anchor-id=\"a2700.details.0.i31.6dcb663dabyK3r\">Q1: Zahlungsposten<\/b><br \/>\nA: T\/T 30 % als Anzahlung und 70 % vor Lieferung, wenn das Konto mehr als betr\u00e4gt<br \/>\nUS$ 10000,00<br \/>\n<b>Q2: Lieferzeit:<\/b><\/p>\n<div>Im Allgemeinen dauert es 3-5 Werktage nach Erhalt<br \/>\nIhre Anzahlung. Die spezifische Lieferzeit h\u00e4ngt von Ihrer Menge ab<br \/>\nBefehl.<br \/>\n<b>Q3: Testwaren vor Anlieferung?<\/b><br \/>\nA: Ja, wir haben einen 100%-Test vor der Auslieferung<br \/>\n<b>Q4: Wie machen Sie unser Gesch\u00e4ft langfristig,<\/b><br \/>\nA:1. Wir halten gute Qualit\u00e4t und den konkurrenzf\u00e4higsten Preis<br \/>\nA2: Wir respektieren jeden Kunden als unseren Freund<\/div>\n<div><img decoding=\"async\" src=\"https:\/\/s.alicdn.com\/@sc04\/kf\/Ha43def8a2df44eac925e2c3ab5a1b97b2\/230438700\/Ha43def8a2df44eac925e2c3ab5a1b97b2.jpg?quality=close\"><\/div>\n<div><img decoding=\"async\" src=\"https:\/\/s.alicdn.com\/@sc04\/kf\/Hee9408d448ab460f94c285e537e347025\/230438700\/Hee9408d448ab460f94c285e537e347025.png?quality=close\"><\/div>\n<\/div>\n<\/div>\n<\/div>\n<\/div>\n<\/div>\n<\/div>\n<\/div>\n<\/div>\n<\/div>\n","protected":false},"excerpt":{"rendered":"<p>&nbsp;<\/p>\n<div style=\"width: auto;\">\n<div style=\"min-width: 300px; max-width: 300px; word-wrap: break-word; float: left;\">Typ: Urinanalysesystem<\/div>\n<div style=\"min-width: 300px; max-width: 300px; word-wrap: break-word; float: left;\">Markenname: AnBanJia<\/div>\n<\/div>\n<div style=\"width: auto;\">\n<div style=\"min-width: 300px; max-width: 300px; word-wrap: break-word; float: left;\">Modellnummer: URS-3N, URS-3N<\/div>\n<div style=\"min-width: 300px; max-width: 300px; word-wrap: break-word; float: left;\">Herkunftsort: Guangdong, China<\/div>\n<\/div>\n<div style=\"width: auto;\">\n<div style=\"min-width: 300px; max-width: 300px; word-wrap: break-word; float: left;\">Instrumentenklassifizierung: Klasse II<\/div>\n<div style=\"min-width: 300px; max-width: 300px; word-wrap: break-word; float: left;\">Garantie: KEINE<\/div>\n<\/div>\n<div style=\"width: auto;\">\n<div style=\"min-width: 300px; max-width: 300px; word-wrap: break-word; float: left;\">Kundendienst: KEINE<\/div>\n<div style=\"min-width: 300px; max-width: 300px; word-wrap: break-word; float: left;\">Produktname: Urinteststreifen UTI<\/div>\n<\/div>\n<div style=\"width: auto;\">\n<div style=\"min-width: 300px; max-width: 300px; word-wrap: break-word; float: left;\">Anwendung:Urinteststreifen 3N<\/div>\n<div style=\"min-width: 300px; max-width: 300px; word-wrap: break-word; float: left;\">Testgegenstand: Leukozyten Nitrit PH<\/div>\n<\/div>\n<div style=\"width: auto;\">\n<div style=\"min-width: 300px; max-width: 300px; word-wrap: break-word; float: left;\">Probe: Urin<\/div>\n<div style=\"min-width: 300px; max-width: 300px; word-wrap: break-word; float: left;\">Funktion: Verwendung im Heimkrankenhaus f\u00fcr UTI-Tests<\/div>\n<\/div>\n<div>Kundenspezifisches Logo (Mindestbestellmenge: 200 Boxen)<\/div>\n","protected":false},"featured_media":12634,"comment_status":"closed","ping_status":"closed","template":"","meta":[],"product_cat":[175],"product_tag":[],"class_list":["post-13280","product","type-product","status-publish","has-post-thumbnail","hentry","product_cat-teststreifen-zur-urinanalyse"],"_links":{"self":[{"href":"https:\/\/anbanjia.com.cn\/de\/wp-json\/wp\/v2\/product\/13280","targetHints":{"allow":["GET"]}}],"collection":[{"href":"https:\/\/anbanjia.com.cn\/de\/wp-json\/wp\/v2\/product"}],"about":[{"href":"https:\/\/anbanjia.com.cn\/de\/wp-json\/wp\/v2\/types\/product"}],"replies":[{"embeddable":true,"href":"https:\/\/anbanjia.com.cn\/de\/wp-json\/wp\/v2\/comments?post=13280"}],"wp:featuredmedia":[{"embeddable":true,"href":"https:\/\/anbanjia.com.cn\/de\/wp-json\/wp\/v2\/media\/12634"}],"wp:attachment":[{"href":"https:\/\/anbanjia.com.cn\/de\/wp-json\/wp\/v2\/media?parent=13280"}],"wp:term":[{"taxonomy":"product_cat","embeddable":true,"href":"https:\/\/anbanjia.com.cn\/de\/wp-json\/wp\/v2\/product_cat?post=13280"},{"taxonomy":"product_tag","embeddable":true,"href":"https:\/\/anbanjia.com.cn\/de\/wp-json\/wp\/v2\/product_tag?post=13280"}],"curies":[{"name":"wp","href":"https:\/\/api.w.org\/{rel}","templated":true}]}}