{"id":13273,"date":"2022-05-02T18:02:45","date_gmt":"2022-05-02T18:02:45","guid":{"rendered":"https:\/\/www.anbanjia.com.cn\/product\/hb-201-301-haemoglobin-teststreifen\/"},"modified":"2022-05-02T18:02:45","modified_gmt":"2022-05-02T18:02:45","slug":"hb-201-301-hamoglobin-teststreifen","status":"publish","type":"product","link":"https:\/\/anbanjia.com.cn\/de\/produkt\/hb-201-301-hamoglobin-teststreifen\/","title":{"rendered":"HB 201\/301 H\u00e4moglobin-Teststreifen"},"content":{"rendered":"<div style=\"max-width: 750px; margin: 0 auto;\">\n<div id=\"detail_decorate_root\" data-magic-global=\"%7B%22bizId%22%3A3215165050%2C%22pageId%22%3A20064265291%2C%22siteId%22%3A5005610021%7D\">\n<div class=\"J_module\">\n<div class=\"detail-decorate-json-renderer-container\">\n<div class=\"magic-1\">\n<div class=\"magic-2\">\n<div class=\"magic-3\">\n<div class=\"magic-4\">\n<div class=\"magic-5\"><b><span class=\"magic-6\">HB201<\/span><\/b><\/div>\n<div class=\"magic-5\"><b><span class=\"magic-6\"> <\/span><\/b><\/div>\n<p>1. Detektionsprinzip: Azidometh\u00e4moglobin-Reaktion: duale Wellenl\u00e4nge<br \/>\n(570-nm- und 880-nm-Erkennung zur Tr\u00fcbungskompensation<br \/>\n2. Kalibrierung: mit Werkskalibrierung (basierend auf dem internationalen ICSH-Goldstandard)<br \/>\nKeine weitere Kalibrierung erforderlich<br \/>\n3. Anwendbare Proben: peripheres Blut, ven\u00f6se oder arterielle Vollblutproben<br \/>\n4. Messbereich: 0- -25,6 g\/dL (0- -256 g\/L, 0-15,9 mmol\/LJ<br \/>\nSchnelligkeit der Testergebnisse: innerhalb von 60 Sekunden<br \/>\n5. Probenvolumen: ca. 10 \u03bcl<br \/>\n6. Instrumentengr\u00f6\u00dfe: 160 x 43 x 85 mm (6,30 x 1,69 x 3,35 Zoll)<br \/>\n7. Gewicht: 350 g (0,77 lbs) mit eingebautem Akku<br \/>\n8. Lagertemperatur: Analysator: 0\u201350 \u00b0C (32\u2013122 \u00b0F).<br \/>\n9. Reaktionszelle: 15- -30 \u00b0 C (59- -86 \u00b0 F), luftdichte Lagerung, 3 Monate ge\u00f6ffnet<br \/>\n10.Arbeitstemperatur: 15- -30C (59- -86\u00b0F)<br \/>\n11. Stromversorgung: Netzteil oder 4 AA-Batterien<br \/>\n12.Schnittstelle: Drucker in HemoCue@ Basic ConnectTM<br \/>\nUnd optionaler Barcode-Scanner<br \/>\n13.Qualit\u00e4tskontrolle: eingebauter Selbsttest<br \/>\n14. Funktion: Fl\u00fcssige Qualit\u00e4tskontrolle kann verwendet werden<\/p>\n<\/div>\n<\/div>\n<\/div>\n<\/div>\n<\/div>\n<\/div>\n<div class=\"J_module\">\n<div class=\"detail-decorate-json-renderer-container\">\n<div class=\"magic-1\">\n<div class=\"magic-2\">\n<div class=\"magic-3\">\n<div class=\"magic-4\">\n<p><b><span class=\"magic-6\">HB301<\/span><\/b><\/p>\n<p>1. Prinzip: Wenn die Vollblutabsorption am Extinktionspunkt wie HbHbO2 liegt und erreicht<br \/>\nWenn es einen station\u00e4ren Zustand erreicht, messen Sie auf dem Analysator<br \/>\nVerwendung von Erkennung mit zwei Wellenl\u00e4ngen (5060 und 80n0m), um eine Tr\u00fcbungskompensation zu erreichen<br \/>\n2. Exemplar: Kapillaren, arterielle und ven\u00f6se Blutproben<br \/>\n3. Erkennungsbereich: 0-256 g\/L<br \/>\n4. Probenvolumen: 10 \u03bcl<br \/>\n5. Gr\u00f6\u00dfe: 160 x 140 x 70 mm<br \/>\n6. Gewicht: 500 g<br \/>\n7. Lagertemperatur: Die Lagertemperatur des Analysators betr\u00e4gt 0-50 \u00b0 C, und die Reagenztabletten werden gelagert<br \/>\n8. Die Temperatur betr\u00e4gt 10-40 \u00b0 C<br \/>\n9.Betriebstemperatur: 10-40C<br \/>\n10. Stromversorgung: 4 AA-Batterien oder Netzteil<br \/>\n11.Qualit\u00e4tskontrolle: Das Analyseger\u00e4t HemoCue Hb301 verf\u00fcgt \u00fcber eine interne Selbstkontrolle<br \/>\nFunktion, bei jedem Start erkennt der Analysator automatisch die Messbarkeit<br \/>\nkann. HemoCue Hb301 ist au\u00dferdem mit drei Stufen von Qualit\u00e4tskontrollprodukten f\u00fcr die Qualit\u00e4tskontrolle ausgestattet<\/p>\n<p><img decoding=\"async\" src=\"https:\/\/s.alicdn.com\/@sc04\/kf\/H142b88f75b884008ae7fc52b461bf325V\/230438700\/H142b88f75b884008ae7fc52b461bf325V.jpg?quality=close\"><img decoding=\"async\" src=\"https:\/\/s.alicdn.com\/@sc04\/kf\/H8a33feb974dd45aa9573cea2afc46b6cd\/230438700\/H8a33feb974dd45aa9573cea2afc46b6cd.jpg?quality=close\"><img decoding=\"async\" src=\"https:\/\/s.alicdn.com\/@sc04\/kf\/H497368349dfe45f2958a18636e434720S\/230438700\/H497368349dfe45f2958a18636e434720S.jpg?quality=close\"><img decoding=\"async\" src=\"https:\/\/s.alicdn.com\/@sc04\/kf\/Ha8b0bac279f84d129b7e0052d3eb33a7M\/230438700\/Ha8b0bac279f84d129b7e0052d3eb33a7M.jpg?quality=close\"><img decoding=\"async\" src=\"https:\/\/s.alicdn.com\/@sc04\/kf\/H5c69bd459db4494b8233557f6a4838d4k\/230438700\/H5c69bd459db4494b8233557f6a4838d4k.jpg?quality=close\"><img decoding=\"async\" src=\"https:\/\/s.alicdn.com\/@sc04\/kf\/Hdf5e8251e21e4b2dbe584bf6d46b28655\/230438700\/Hdf5e8251e21e4b2dbe584bf6d46b28655.jpg?quality=close\"><img decoding=\"async\" src=\"https:\/\/s.alicdn.com\/@sc04\/kf\/H8c4a63d0b9364aee9a9d8742eec98b68l\/230438700\/H8c4a63d0b9364aee9a9d8742eec98b68l.png?quality=close\"><img decoding=\"async\" src=\"https:\/\/s.alicdn.com\/@sc04\/kf\/Hc3f5e8f7c9ee4078af3758fb2219c76fu\/230438700\/Hc3f5e8f7c9ee4078af3758fb2219c76fu.jpg?quality=close\"><img decoding=\"async\" src=\"https:\/\/s.alicdn.com\/@sc04\/kf\/H41b2fec3f92c41debf08cfa8078f38a9q\/230438700\/H41b2fec3f92c41debf08cfa8078f38a9q.jpg?quality=close\"><img decoding=\"async\" src=\"https:\/\/s.alicdn.com\/@sc04\/kf\/Hc9d0ced91507422d8b237216e5100fc7y\/230438700\/Hc9d0ced91507422d8b237216e5100fc7y.png?quality=close\"><img decoding=\"async\" src=\"https:\/\/s.alicdn.com\/@sc04\/kf\/Ha8b0bac279f84d129b7e0052d3eb33a7M\/230438700\/Ha8b0bac279f84d129b7e0052d3eb33a7M.jpg?quality=close\"><img decoding=\"async\" src=\"https:\/\/s.alicdn.com\/@sc04\/kf\/H497368349dfe45f2958a18636e434720S\/230438700\/H497368349dfe45f2958a18636e434720S.jpg?quality=close\"><img decoding=\"async\" src=\"https:\/\/s.alicdn.com\/@sc04\/kf\/H42378d4c080a410cbde3602dc78d02a9G\/230438700\/H42378d4c080a410cbde3602dc78d02a9G.jpg?quality=close\"><img decoding=\"async\" src=\"https:\/\/s.alicdn.com\/@sc04\/kf\/Hee9408d448ab460f94c285e537e347025\/230438700\/Hee9408d448ab460f94c285e537e347025.png?quality=close\"><img decoding=\"async\" src=\"https:\/\/s.alicdn.com\/@sc04\/kf\/HTB1Z1olSpXXXXctXXXXq6xXFXXXu\/230438700\/HTB1Z1olSpXXXXctXXXXq6xXFXXXu.jpg?quality=close\"><b>Q1: Zahlungsposten<\/b><br \/>\nA: T\/T 30 % als Anzahlung und 70 % vor Lieferung, wenn das Konto mehr als betr\u00e4gt<br \/>\nUS$ 10000,00<br \/>\n<b>Q2: Lieferzeit:<\/b><\/p>\n<div>Im Allgemeinen dauert es 3-5 Werktage nach Erhalt<br \/>\nIhre Anzahlung. Die spezifische Lieferzeit h\u00e4ngt von Ihrer Menge ab<br \/>\nBefehl.<br \/>\n<b>Q3: Testwaren vor Anlieferung?<\/b><br \/>\nA: Ja, wir haben einen 100%-Test vor der Auslieferung<br \/>\n<b>Q4: Wie machen Sie unser Gesch\u00e4ft langfristig,<\/b><br \/>\nA:1. Wir halten gute Qualit\u00e4t und den konkurrenzf\u00e4higsten Preis<br \/>\nA2: Wir respektieren jeden Kunden als unseren Freund<img decoding=\"async\" src=\"https:\/\/s.alicdn.com\/@sc04\/kf\/Ha43def8a2df44eac925e2c3ab5a1b97b2\/230438700\/Ha43def8a2df44eac925e2c3ab5a1b97b2.jpg?quality=close\"><\/div>\n<\/div>\n<\/div>\n<\/div>\n<\/div>\n<\/div>\n<\/div>\n<\/div>\n<\/div>\n","protected":false},"excerpt":{"rendered":"<p>&nbsp;<\/p>\n<div style=\"width: auto;\">\n<div style=\"min-width: 300px; max-width: 300px; word-wrap: break-word; float: left;\">Typ: Urinanalysesystem<\/div>\n<div style=\"min-width: 300px; max-width: 300px; word-wrap: break-word; float: left;\">Herkunftsort: Guangdong, China<\/div>\n<\/div>\n<div style=\"width: auto;\">\n<div style=\"min-width: 300px; max-width: 300px; word-wrap: break-word; float: left;\">Instrumentenklassifizierung: Klasse II<\/div>\n<div style=\"min-width: 300px; max-width: 300px; word-wrap: break-word; float: left;\">Garantie: KEINE<\/div>\n<\/div>\n<div style=\"width: auto;\">\n<div style=\"min-width: 300px; max-width: 300px; word-wrap: break-word; float: left;\">Kundendienst: KEINE<\/div>\n<div style=\"min-width: 300px; max-width: 300px; word-wrap: break-word; float: left;\">Produktname: H\u00e4moglobin-Teststreifen<\/div>\n<\/div>\n<div style=\"width: auto;\">\n<div style=\"min-width: 300px; max-width: 300px; word-wrap: break-word; float: left;\">Menge: 200 St\u00fcck<\/div>\n<div style=\"min-width: 300px; max-width: 300px; word-wrap: break-word; float: left;\">Spezifikation: 50 * 4 F\u00e4sser<\/div>\n<\/div>\n","protected":false},"featured_media":12628,"comment_status":"closed","ping_status":"closed","template":"","meta":[],"product_cat":[158],"product_tag":[],"class_list":["post-13273","product","type-product","status-publish","has-post-thumbnail","hentry","product_cat-hamoglobin-teststreifen"],"_links":{"self":[{"href":"https:\/\/anbanjia.com.cn\/de\/wp-json\/wp\/v2\/product\/13273","targetHints":{"allow":["GET"]}}],"collection":[{"href":"https:\/\/anbanjia.com.cn\/de\/wp-json\/wp\/v2\/product"}],"about":[{"href":"https:\/\/anbanjia.com.cn\/de\/wp-json\/wp\/v2\/types\/product"}],"replies":[{"embeddable":true,"href":"https:\/\/anbanjia.com.cn\/de\/wp-json\/wp\/v2\/comments?post=13273"}],"wp:featuredmedia":[{"embeddable":true,"href":"https:\/\/anbanjia.com.cn\/de\/wp-json\/wp\/v2\/media\/12628"}],"wp:attachment":[{"href":"https:\/\/anbanjia.com.cn\/de\/wp-json\/wp\/v2\/media?parent=13273"}],"wp:term":[{"taxonomy":"product_cat","embeddable":true,"href":"https:\/\/anbanjia.com.cn\/de\/wp-json\/wp\/v2\/product_cat?post=13273"},{"taxonomy":"product_tag","embeddable":true,"href":"https:\/\/anbanjia.com.cn\/de\/wp-json\/wp\/v2\/product_tag?post=13273"}],"curies":[{"name":"wp","href":"https:\/\/api.w.org\/{rel}","templated":true}]}}