{"id":13272,"date":"2022-05-02T18:02:44","date_gmt":"2022-05-02T18:02:44","guid":{"rendered":"https:\/\/www.anbanjia.com.cn\/product\/amazon-hot-sell-urs-3n-urinteststreifen-fuer-harnwegsinfektionen\/"},"modified":"2022-05-02T18:02:44","modified_gmt":"2022-05-02T18:02:44","slug":"amazon-hot-sell-urs-3n-urinary-tract-infection-urine-test-strips-2","status":"publish","type":"product","link":"https:\/\/anbanjia.com.cn\/de\/produkt\/amazon-hot-sell-urs-3n-urinary-tract-infection-urine-test-strips-2\/","title":{"rendered":"Amazon Hot Sell URS-3N Urinteststreifen f\u00fcr Harnwegsinfektionen"},"content":{"rendered":"<div style=\"max-width: 750px; margin: 0 auto;\">\n<div id=\"detail_decorate_root\" data-magic-global=\"%7B%22bizId%22%3A3215165050%2C%22pageId%22%3A20062835293%2C%22siteId%22%3A5005610021%7D\">\n<div class=\"J_module\">\n<div class=\"detail-decorate-json-renderer-container\">\n<div class=\"magic-1\">\n<div class=\"magic-3\"><span class=\"magic-4\"><span class=\"magic-5\" style=\"color: #e87474;\">Urindiagnostische Teststreifen f\u00fcr Tests auf Harnwegsinfektionen<\/span><\/span><\/div>\n<div class=\"magic-6\">\n<div class=\"magic-7\">\n<div class=\"magic-8\">\n<div class=\"magic-3\"><b><span class=\"magic-9\"> <span class=\"magic-10\"><span class=\"magic-11\">Unser Kit testet auf:<\/span><\/span><\/span><\/b><\/div>\n<div><span class=\"magic-13\">Leukozyten:<\/span><span class=\"magic-12\"> Auch bekannt als wei\u00dfe Blutk\u00f6rperchen, wenn Sie einen positiven Messwert erhalten, bedeutet dies, dass Ihr Harnsystem eine Entz\u00fcndung hat, die auf eine m\u00f6gliche Harnwegsinfektion hinweist. Wir empfehlen, am n\u00e4chsten Tag zu testen, wenn Sie einen Spurenwert erhalten oder Symptome f\u00fcr eine HWI bekommen<\/span><\/div>\n<div><span class=\"magic-11\"> <span class=\"magic-13\">Nitrit:<\/span> <span class=\"magic-12\">Ein positives Ergebnis f\u00fcr Nitrite ist ein Zeichen f\u00fcr eine Harnwegsinfektion, bedeutet aber nicht unbedingt, dass Sie eine haben.<\/span><br \/>\n <span class=\"magic-11\"><span class=\"magic-13\">PH:<\/span><\/span> <span class=\"magic-12\">Der ideale Wert f\u00fcr Urin liegt zwischen 6,5 und 7,5. Weniger als 6,0 bedeutet, dass Ihr K\u00f6rper-PH-System sauer und anf\u00e4llig f\u00fcr Infektionen wie eine Harnwegsinfektion ist<\/span><span class=\"magic-12\"><br \/>\n<\/span><\/span><\/div>\n<div><span class=\"magic-11\"><span class=\"magic-12\"> Sie haben eine Harnwegsinfektion, wenn Sie ein positives Testergebnis f\u00fcr Leukozyten und Nitrit sehen. Ihr pH-Wert wird auch 6,0 oder weniger betragen, wenn Sie eine Harnwegsinfektion haben.<\/span><\/span><\/div>\n<div>\n<table class=\"has-title hight-light-first-column all magic-14\" style=\"height: 97px;\" width=\"761\">\n<tbody>\n<tr>\n<td colspan=\"1\" rowspan=\"1\">\n<div class=\"magic-15\">\n<div class=\"magic-3\">Produktname<\/div>\n<\/div>\n<\/td>\n<td colspan=\"1\" rowspan=\"1\">\n<div class=\"magic-16\">\n<div class=\"magic-3\">Urinteststreifen HWI<\/div>\n<\/div>\n<\/td>\n<td colspan=\"1\" rowspan=\"1\">\n<div class=\"magic-17\">\n<div class=\"magic-3\">Testgegenstand<\/div>\n<\/div>\n<\/td>\n<td colspan=\"1\" rowspan=\"1\">\n<div class=\"magic-18\">\n<div class=\"magic-3\">Leukozyten Nitrit PH<\/div>\n<\/div>\n<\/td>\n<\/tr>\n<tr>\n<td colspan=\"1\" rowspan=\"1\">\n<div class=\"magic-15\">\n<div class=\"magic-3\">Modellnummer<\/div>\n<\/div>\n<\/td>\n<td colspan=\"1\" rowspan=\"1\">\n<div class=\"magic-16\">\n<div class=\"magic-3\" data-spm-anchor-id=\"a2700.details.0.i23.71676ca4UsZmHB\">URS-3N<\/div>\n<\/div>\n<\/td>\n<td colspan=\"1\" rowspan=\"1\">\n<div class=\"magic-17\">\n<div class=\"magic-3\" data-spm-anchor-id=\"a2700.details.0.i21.71676ca4UsZmHB\">Probe<\/div>\n<\/div>\n<\/td>\n<td colspan=\"1\" rowspan=\"1\">\n<div class=\"magic-18\">\n<div class=\"magic-3\"> Urin<\/div>\n<\/div>\n<\/td>\n<\/tr>\n<tr>\n<td colspan=\"1\" rowspan=\"1\">\n<div class=\"magic-15\">\n<div class=\"magic-3\">Anwendung<\/div>\n<\/div>\n<\/td>\n<td colspan=\"1\" rowspan=\"1\">\n<div class=\"magic-16\" data-spm-anchor-id=\"a2700.details.0.i22.71676ca4UsZmHB\">\n<div class=\"magic-3\">Urinteststreifen 3N<\/div>\n<\/div>\n<\/td>\n<td colspan=\"1\" rowspan=\"1\">\n<div class=\"magic-17\">\n<div class=\"magic-3\">Funktion<\/div>\n<\/div>\n<\/td>\n<td colspan=\"1\" rowspan=\"1\">\n<div class=\"magic-18\">\n<div class=\"magic-3\">Verwendung im Krankenhaus zu Hause f\u00fcr den UTI-Test<\/div>\n<\/div>\n<\/td>\n<\/tr>\n<\/tbody>\n<\/table>\n<p><img decoding=\"async\" src=\"https:\/\/s.alicdn.com\/@sc04\/kf\/H31e1ab22d76f4cd891a0743d0379e11bh\/230438700\/H31e1ab22d76f4cd891a0743d0379e11bh.png?quality=close\"><img decoding=\"async\" src=\"https:\/\/s.alicdn.com\/@sc04\/kf\/Hb1a94cb61d4b44318eb1ff1e58543795v\/230438700\/Hb1a94cb61d4b44318eb1ff1e58543795v.png?quality=close\"><img decoding=\"async\" src=\"https:\/\/s.alicdn.com\/@sc04\/kf\/H3b702e7947d34421a38e388918faa514h\/230438700\/H3b702e7947d34421a38e388918faa514h.png?quality=close\"><img decoding=\"async\" src=\"https:\/\/s.alicdn.com\/@sc04\/kf\/H287d890e986a4779849f04b1cef02716m\/230438700\/H287d890e986a4779849f04b1cef02716m.png?quality=close\"><img decoding=\"async\" src=\"https:\/\/s.alicdn.com\/@sc04\/kf\/H23dcf93dc19042618ecfdd71e8da80a3W\/230438700\/H23dcf93dc19042618ecfdd71e8da80a3W.png?quality=close\"><img decoding=\"async\" src=\"https:\/\/s.alicdn.com\/@sc04\/kf\/Hd46095d40e6c4bab8e92f7f9896db524X\/230438700\/Hd46095d40e6c4bab8e92f7f9896db524X.png?quality=close\"><img decoding=\"async\" src=\"https:\/\/s.alicdn.com\/@sc04\/kf\/Haf2f1520f1624b7aafa10dd80fbdb634E\/230438700\/Haf2f1520f1624b7aafa10dd80fbdb634E.png?quality=close\"><img decoding=\"async\" src=\"https:\/\/s.alicdn.com\/@sc04\/kf\/Hf24a18da06fd4630a3b486bc469a0163g\/230438700\/Hf24a18da06fd4630a3b486bc469a0163g.jpg?quality=close\"><img decoding=\"async\" src=\"https:\/\/s.alicdn.com\/@sc04\/kf\/Hd9ad532faf9648558cc9b7c1cccb0291Z\/230438700\/Hd9ad532faf9648558cc9b7c1cccb0291Z.jpg?quality=close\"><img decoding=\"async\" src=\"https:\/\/s.alicdn.com\/@sc04\/kf\/H390207e707a34193b8f8a8f561231c3c4\/230438700\/H390207e707a34193b8f8a8f561231c3c4.jpg?quality=close\"><img decoding=\"async\" src=\"https:\/\/s.alicdn.com\/@sc04\/kf\/He2e53163c4a14e14b30a386c98936a70K\/230438700\/He2e53163c4a14e14b30a386c98936a70K.png?quality=close\"><img decoding=\"async\" src=\"https:\/\/s.alicdn.com\/@sc04\/kf\/Hf3621c494d7345e38e2cf6934c7cfae8y\/230438700\/Hf3621c494d7345e38e2cf6934c7cfae8y.png?quality=close\"><img decoding=\"async\" src=\"https:\/\/s.alicdn.com\/@sc04\/kf\/H9dca60882042444a8686e973a019ae0eP\/230438700\/H9dca60882042444a8686e973a019ae0eP.jpg?quality=close\"><img decoding=\"async\" src=\"https:\/\/s.alicdn.com\/@sc04\/kf\/HTB1Z1olSpXXXXctXXXXq6xXFXXXu\/230438700\/HTB1Z1olSpXXXXctXXXXq6xXFXXXu.jpg?quality=close\"><b>Q1: Zahlungsposten<\/b><br \/>\nA: T\/T 30 % als Anzahlung und 70 % vor Lieferung, wenn das Konto mehr als betr\u00e4gt<br \/>\nUS$ 10000,00<br \/>\n<b>Q2: Lieferzeit:<\/b><\/p>\n<div data-spm-anchor-id=\"a2700.details.0.i40.71676ca4UsZmHB\">Im Allgemeinen dauert es 3-5 Werktage nach Erhalt<br \/>\nIhre Anzahlung. Die spezifische Lieferzeit h\u00e4ngt von Ihrer Menge ab<br \/>\nBefehl.<br \/>\n<b>Q3: Testwaren vor Anlieferung?<\/b><br \/>\nA: Ja, wir haben einen 100%-Test vor der Auslieferung<br \/>\n<b>Q4: Wie machen Sie unser Gesch\u00e4ft langfristig,<\/b><br \/>\nA:1. Wir halten gute Qualit\u00e4t und den konkurrenzf\u00e4higsten Preis<br \/>\nA2: Wir respektieren jeden Kunden als unseren Freund<\/div>\n<div data-spm-anchor-id=\"a2700.details.0.i40.71676ca4UsZmHB\"><img decoding=\"async\" src=\"https:\/\/s.alicdn.com\/@sc04\/kf\/Ha43def8a2df44eac925e2c3ab5a1b97b2\/230438700\/Ha43def8a2df44eac925e2c3ab5a1b97b2.jpg?quality=close\"><img decoding=\"async\" src=\"https:\/\/s.alicdn.com\/@sc04\/kf\/Hee9408d448ab460f94c285e537e347025\/230438700\/Hee9408d448ab460f94c285e537e347025.png?quality=close\"><\/div>\n<\/div>\n<\/div>\n<\/div>\n<\/div>\n<\/div>\n<\/div>\n<\/div>\n<\/div>\n<\/div>\n","protected":false},"excerpt":{"rendered":"<p>&nbsp;<\/p>\n<div style=\"width: auto;\">\n<div style=\"min-width: 300px; max-width: 300px; word-wrap: break-word; float: left;\">Typ: Urinanalysesystem<\/div>\n<div style=\"min-width: 300px; max-width: 300px; word-wrap: break-word; float: left;\">Markenname: AnBanJia<\/div>\n<\/div>\n<div style=\"width: auto;\">\n<div style=\"min-width: 300px; max-width: 300px; word-wrap: break-word; float: left;\">Modellnummer: URS-3N, URS-3N<\/div>\n<div style=\"min-width: 300px; max-width: 300px; word-wrap: break-word; float: left;\">Herkunftsort: Guangdong, China<\/div>\n<\/div>\n<div style=\"width: auto;\">\n<div style=\"min-width: 300px; max-width: 300px; word-wrap: break-word; float: left;\">Instrumentenklassifizierung: Klasse II<\/div>\n<div style=\"min-width: 300px; max-width: 300px; word-wrap: break-word; float: left;\">Garantie: KEINE<\/div>\n<\/div>\n<div style=\"width: auto;\">\n<div style=\"min-width: 300px; max-width: 300px; word-wrap: break-word; float: left;\">Kundendienst: KEINE<\/div>\n<div style=\"min-width: 300px; max-width: 300px; word-wrap: break-word; float: left;\">Produktname: Urinteststreifen UTI<\/div>\n<\/div>\n<div style=\"width: auto;\">\n<div style=\"min-width: 300px; max-width: 300px; word-wrap: break-word; float: left;\">Anwendung:Urinteststreifen 3N<\/div>\n<div style=\"min-width: 300px; max-width: 300px; word-wrap: break-word; float: left;\">Testgegenstand: Leukozyten Nitrit PH<\/div>\n<\/div>\n<div style=\"width: auto;\">\n<div style=\"min-width: 300px; max-width: 300px; word-wrap: break-word; float: left;\">Probe: Urin<\/div>\n<div style=\"min-width: 300px; max-width: 300px; word-wrap: break-word; float: left;\">Funktion: Verwendung im Heimkrankenhaus f\u00fcr UTI-Tests<\/div>\n<\/div>\n<div>Kundenspezifisches Logo (Mindestbestellmenge: 500 Boxen)<\/div>\n","protected":false},"featured_media":6138,"comment_status":"closed","ping_status":"closed","template":"","meta":[],"product_cat":[175],"product_tag":[],"class_list":["post-13272","product","type-product","status-publish","has-post-thumbnail","hentry","product_cat-teststreifen-zur-urinanalyse"],"_links":{"self":[{"href":"https:\/\/anbanjia.com.cn\/de\/wp-json\/wp\/v2\/product\/13272","targetHints":{"allow":["GET"]}}],"collection":[{"href":"https:\/\/anbanjia.com.cn\/de\/wp-json\/wp\/v2\/product"}],"about":[{"href":"https:\/\/anbanjia.com.cn\/de\/wp-json\/wp\/v2\/types\/product"}],"replies":[{"embeddable":true,"href":"https:\/\/anbanjia.com.cn\/de\/wp-json\/wp\/v2\/comments?post=13272"}],"wp:featuredmedia":[{"embeddable":true,"href":"https:\/\/anbanjia.com.cn\/de\/wp-json\/wp\/v2\/media\/6138"}],"wp:attachment":[{"href":"https:\/\/anbanjia.com.cn\/de\/wp-json\/wp\/v2\/media?parent=13272"}],"wp:term":[{"taxonomy":"product_cat","embeddable":true,"href":"https:\/\/anbanjia.com.cn\/de\/wp-json\/wp\/v2\/product_cat?post=13272"},{"taxonomy":"product_tag","embeddable":true,"href":"https:\/\/anbanjia.com.cn\/de\/wp-json\/wp\/v2\/product_tag?post=13272"}],"curies":[{"name":"wp","href":"https:\/\/api.w.org\/{rel}","templated":true}]}}