{"id":13271,"date":"2022-05-02T18:02:41","date_gmt":"2022-05-02T18:02:41","guid":{"rendered":"https:\/\/www.anbanjia.com.cn\/product\/herstellung-von-urit-12-digitales-hb-haemoglobin-blutpulvermessgeraet\/"},"modified":"2022-05-02T18:02:41","modified_gmt":"2022-05-02T18:02:41","slug":"herstellung-urit-12-blutpulver-digitales-hb-hamoglobin-meter","status":"publish","type":"product","link":"https:\/\/anbanjia.com.cn\/de\/produkt\/herstellung-urit-12-blutpulver-digitales-hb-hamoglobin-meter\/","title":{"rendered":"Herstellung von URIT 12 digitales hb-H\u00e4moglobin-Blutpulvermessger\u00e4t"},"content":{"rendered":"<div style=\"max-width: 750px; margin: 0 auto;\">\n<div id=\"ali-anchor-AliPostDhMb-ljvh5\" style=\"padding-top: 8px;\" data-section=\"AliPostDhMb-ljvh5\" data-section-title=\"Product Details\">\n<div id=\"ali-title-AliPostDhMb-ljvh5\" style=\"padding: 8px 0; border-bottom: 1px solid #ddd;\"><span style=\"background-color: #ddd; color: #333; font-weight: bold; padding: 8px 10px; line-height: 12px;\">Produktdetails<\/span><\/div>\n<div style=\"padding: 10px 0;\">\n<p><img decoding=\"async\" style=\"max-width: 750;\" src=\"https:\/\/anbanjia.com.cn\/wp-content\/uploads\/2022\/05\/HTB1pKcVSpXXXXa8XXXXq6xXFXXXs-2.jpg\" data-alt=\"Manufacture urit 12 blood powder digital hb hemoglobin meter\" data-src=\"\"><\/p>\n<p><span style=\"font-size: 24px;\"><strong>Bitte kontaktieren Sie den Verk\u00e4ufer, um weitere Einzelheiten dar\u00fcber zu erfahren.<\/strong><\/span><\/p>\n<p style=\"text-align: center;\"><span style=\"font-size: 24px; color: #0000ff;\"> hb h\u00e4moglobin meter<\/span><\/p>\n<p style=\"text-align: center;\"><span style=\"font-size: 24px;\"><strong><span style=\"color: #ff0000;\">Genaues H\u00e4moglobinmessger\u00e4t<\/span><\/strong><\/span><\/p>\n<p style=\"box-sizing: content-box; margin: 0px; padding: 0px; border: 0px; font-style: normal; font-weight: 400; font-size: 14.1176px; line-height: inherit; font-family: Arial,Helvetica; vertical-align: baseline; color: #333333; background-color: #ffffff;\"> <img decoding=\"async\" src=\"https:\/\/anbanjia.com.cn\/wp-content\/uploads\/2022\/05\/HTB1ynv2V5rpK1RjSZFh760SdXXaD.png\" data-alt=\"Manufacture urit 12 blood powder digital hb hemoglobin meter\" data-height=\"787\" data-src=\"\" data-width=\"739\"><\/p>\n<p style=\"box-sizing: content-box; margin: 0px; padding: 0px; border: 0px; font-style: normal; font-weight: 400; font-size: 14.1176px; line-height: inherit; font-family: Arial,Helvetica; vertical-align: baseline; color: #333333; background-color: #ffffff;\"><img decoding=\"async\" src=\"https:\/\/anbanjia.com.cn\/wp-content\/uploads\/2022\/05\/HTB1woPVV9zqK1RjSZFLq6An2XXar.jpg\" data-alt=\"Manufacture urit 12 blood powder digital hb hemoglobin meter\" data-src=\"\"><img decoding=\"async\" src=\"https:\/\/anbanjia.com.cn\/wp-content\/uploads\/2022\/05\/HTB1f2IbVZfpK1RjSZFOq6y6nFXa8.jpg\" data-alt=\"Manufacture urit 12 blood powder digital hb hemoglobin meter\" data-height=\"996\" data-src=\"\" data-width=\"722\"><img decoding=\"async\" src=\"https:\/\/anbanjia.com.cn\/wp-content\/uploads\/2022\/05\/HTB1u8k_U3HqK1RjSZFPq6AwapXat.jpg\" data-alt=\"Manufacture urit 12 blood powder digital hb hemoglobin meter\" data-height=\"484\" data-src=\"\" data-width=\"722\"><img decoding=\"async\" src=\"https:\/\/anbanjia.com.cn\/wp-content\/uploads\/2022\/05\/HTB1eoEwS9zqK1RjSZFLq6An2XXas.jpg\" data-alt=\"Manufacture urit 12 blood powder digital hb hemoglobin meter\" data-height=\"194\" data-src=\"\" data-width=\"724\"><\/p>\n<p><span style=\"font-size: 18px; color: #0000ff;\">Messprinzip: Optische Reflexion<\/span><\/p>\n<p><span style=\"font-size: 18px; color: #0000ff;\">Streifen: H12-H\u00e4moglobin-Teststreifen<\/span><\/p>\n<p><span style=\"font-size: 18px; color: #0000ff;\">Messzeit: Weniger als 30 Sekunden<\/span><\/p>\n<p><span style=\"font-size: 18px; color: #0000ff;\">Messbereich: 4,0 g\/dl ~ 24,0 g\/dl. Ergebnisse unter 4,0 g\/dL und \u00fcber 24,0 g\/dL <\/span><br \/>\n<span style=\"font-size: 18px; color: #0000ff;\">wird als \u201eLo\u201c bzw. \u201eHi\u201c angezeigt, um das Ergebnis anzuzeigen <\/span><br \/>\n<span style=\"font-size: 18px; color: #0000ff;\">was au\u00dferhalb der Reichweite liegt.<\/span><\/p>\n<p><span style=\"font-size: 18px; color: #0000ff;\">Anzeige: LCD, Testergebnisanzeige in SI<\/span><\/p>\n<p><span style=\"font-size: 18px; color: #0000ff;\">Gewicht:&lt; 58 g (Batterie enthalten)<\/span><\/p>\n<p><span style=\"font-size: 18px; color: #0000ff;\">Au\u00dfenma\u00df: 102 mm \u00d7 50 mm \u00d7 19 mm<\/span><\/p>\n<p><span style=\"font-size: 18px; color: #0000ff;\">Leistung: DC 6 V (zwei CR2032-Batterien)<\/span><\/p>\n<p><span style=\"font-size: 18px; color: #0000ff;\">Betriebsbereiche: 15 ~ 30 \u00b0C; RH \u226480 % nicht kondensierend<\/span><\/p>\n<p><span style=\"font-size: 18px; color: #0000ff;\">Ultimative Bereiche: -20 ~55 \u00b0C; RH&lt; 90 % nicht kondensierend<\/span><\/p>\n<p><span style=\"font-size: 18px; color: #0000ff;\">Sonstiges: Interne St\u00f6rungspr\u00fcfung und -anzeige<\/span><\/p>\n<p><span style=\"font-size: 18px; color: #0000ff;\">Verf\u00fcgbare Lebensdauer: 8 Jahre<\/span><\/p>\n<p><span style=\"color: #0000ff;\"><strong><span style=\"font-family: Arial, Helvetica; font-size: 16px; font-style: normal; background-color: #ffffff; float: none; display: inline !important;\">Hier haben wir auch viele andere Marken-Teststreifen, Sie k\u00f6nnen mich kontaktieren, wenn Sie Bedarf haben.<\/span><\/strong><\/span><\/p>\n<p><span style=\"color: #0000ff;\"><strong><span style=\"font-family: Arial, Helvetica; font-size: 16px; font-style: normal; background-color: #ffffff; float: none; display: inline !important;\"><img decoding=\"async\" src=\"https:\/\/anbanjia.com.cn\/wp-content\/uploads\/2022\/05\/HTB12PtXUHvpK1RjSZPiq6zmwXXau.jpg\" data-alt=\"Manufacture urit 12 blood powder digital hb hemoglobin meter\" data-src=\"\"><img decoding=\"async\" src=\"https:\/\/anbanjia.com.cn\/wp-content\/uploads\/2022\/05\/HTB1zHyybLc3T1VjSZPfq6AWHXXag.jpg\" data-alt=\"Manufacture urit 12 blood powder digital hb hemoglobin meter\" data-height=\"757\" data-src=\"\" data-width=\"782\"><\/span><\/strong><\/span><\/p>\n<\/div>\n<\/div>\n<div id=\"ali-anchor-AliPostDhMb-enynh\" style=\"padding-top: 8px;\" data-section=\"AliPostDhMb-enynh\" data-section-title=\"contact us\">\n<div id=\"ali-title-AliPostDhMb-enynh\" style=\"padding: 8px 0; border-bottom: 1px solid #ddd;\"><span style=\"background-color: #ddd; color: #333; font-weight: bold; padding: 8px 10px; line-height: 12px;\">kontaktiere uns<\/span><\/div>\n<div style=\"padding: 10px 0;\">\n<p><a href=\"https:\/\/abj-medical.en.alibaba.com\/contactinfo.html?spm=a2700.8304367.topnav.8.5d239224wxD2sy\" target=\"_blank\" rel=\"noopener noreferrer\"> <img decoding=\"async\" src=\"https:\/\/anbanjia.com.cn\/wp-content\/uploads\/2022\/05\/HTB1ZVmedH1YBuNjSszh763UsFXae.png\" data-alt=\"Manufacture urit 12 blood powder digital hb hemoglobin meter\" data-src=\"\"><\/a><\/p>\n<\/div>\n<\/div>\n<div id=\"ali-anchor-AliPostDhMb-vv6n9\" style=\"padding-top: 8px;\" data-section=\"AliPostDhMb-vv6n9\" data-section-title=\"Product Categories\">\n<div id=\"ali-title-AliPostDhMb-vv6n9\" style=\"padding: 8px 0; border-bottom: 1px solid #ddd;\"><span style=\"background-color: #ddd; color: #333; font-weight: bold; padding: 8px 10px; line-height: 12px;\">Produktkategorien<\/span><\/div>\n<div style=\"padding: 10px 0;\">\n<p><a href=\"https:\/\/abj-medical.en.alibaba.com\/productgrouplist-804872323\/Clinical_laboratory_machine.html?spm=a2700.8304367.topnav.12.8d441e3A7jIXx\" target=\"_blank\" rel=\"noopener noreferrer\"><img decoding=\"async\" src=\"https:\/\/anbanjia.com.cn\/wp-content\/uploads\/2022\/05\/HTB1hBlcawoQMeJjy0Fpq6ATxpXaf.jpg\" data-alt=\"Manufacture urit 12 blood powder digital hb hemoglobin meter\" data-src=\"\"><\/a><\/p>\n<\/div>\n<\/div>\n<div id=\"ali-anchor-AliPostDhMb-ub5hb\" style=\"padding-top: 8px;\" data-section=\"AliPostDhMb-ub5hb\" data-section-title=\"certificate\">\n<div id=\"ali-title-AliPostDhMb-ub5hb\" style=\"padding: 8px 0; border-bottom: 1px solid #ddd;\"><span style=\"background-color: #ddd; color: #333; font-weight: bold; padding: 8px 10px; line-height: 12px;\">Zertifikat<\/span><\/div>\n<div style=\"padding: 10px 0;\">\n<p><img decoding=\"async\" src=\"https:\/\/anbanjia.com.cn\/wp-content\/uploads\/2022\/05\/HTB1Z1olSpXXXXctXXXXq6xXFXXXu-1.jpg\" data-alt=\"Manufacture urit 12 blood powder digital hb hemoglobin meter\" data-src=\"\"><\/p>\n<\/div>\n<\/div>\n<div id=\"ali-anchor-AliPostDhMb-yhho8\" style=\"padding-top: 8px;\" data-section=\"AliPostDhMb-yhho8\" data-section-title=\"company information\">\n<div id=\"ali-title-AliPostDhMb-yhho8\" style=\"padding: 8px 0; border-bottom: 1px solid #ddd;\"><span style=\"background-color: #ddd; color: #333; font-weight: bold; padding: 8px 10px; line-height: 12px;\">Firmeninformation<\/span><\/div>\n<div style=\"padding: 10px 0;\">\n<p><img decoding=\"async\" src=\"https:\/\/anbanjia.com.cn\/wp-content\/uploads\/2022\/05\/HTB1MME3SpXXXXbJaXXXq6xXFXXXA-1.jpg\" data-alt=\"Manufacture urit 12 blood powder digital hb hemoglobin meter\" data-src=\"\"><\/p>\n<\/div>\n<\/div>\n<\/div>\n","protected":false},"excerpt":{"rendered":"<p>&nbsp;<\/p>\n<div style=\"width: auto;\">\n<div style=\"min-width: 300px; max-width: 300px; word-wrap: break-word; float: left;\">Herkunftsort: China<\/div>\n<div style=\"min-width: 300px; max-width: 300px; word-wrap: break-word; float: left;\">Instrumentenklassifizierung: Klasse II<\/div>\n<\/div>\n<div style=\"width: auto;\">\n<div style=\"min-width: 300px; max-width: 300px; word-wrap: break-word; float: left;\">Garantie: KEINE<\/div>\n<div style=\"min-width: 300px; max-width: 300px; word-wrap: break-word; float: left;\">Kundendienst: KEINE<\/div>\n<\/div>\n<div style=\"width: auto;\">\n<div style=\"min-width: 300px; max-width: 300px; word-wrap: break-word; float: left;\">Messbereich: 4,0\u201324,0 g\/dl<\/div>\n<div style=\"min-width: 300px; max-width: 300px; word-wrap: break-word; float: left;\">Parameter:H\u00e4moglobin<\/div>\n<\/div>\n<div style=\"width: auto;\">\n<div style=\"min-width: 300px; max-width: 300px; word-wrap: break-word; float: left;\">Probe: Vollblut<\/div>\n<div style=\"min-width: 300px; max-width: 300px; word-wrap: break-word; float: left;\">Testgeschwindigkeit: \u226410 Sekunden<\/div>\n<\/div>\n<div style=\"width: auto;\">\n<div style=\"min-width: 300px; max-width: 300px; word-wrap: break-word; float: left;\">Abmessungen: 102 x 50 x 19 mm<\/div>\n<div style=\"min-width: 300px; max-width: 300px; word-wrap: break-word; float: left;\">Automatisierung: Selbstpr\u00fcfung, automatische Beurteilung und Anzeige von Fehlfunktionen<\/div>\n<\/div>\n<div>Kundenspezifisches Logo (Mindestbestellmenge: 1000 Sets)<\/div>\n<div>Kundenspezifische Verpackung (Mindestbestellmenge: 1000 Sets)<\/div>\n","protected":false},"featured_media":6042,"comment_status":"closed","ping_status":"closed","template":"","meta":[],"product_cat":[158],"product_tag":[],"class_list":["post-13271","product","type-product","status-publish","has-post-thumbnail","hentry","product_cat-hamoglobin-teststreifen"],"_links":{"self":[{"href":"https:\/\/anbanjia.com.cn\/de\/wp-json\/wp\/v2\/product\/13271","targetHints":{"allow":["GET"]}}],"collection":[{"href":"https:\/\/anbanjia.com.cn\/de\/wp-json\/wp\/v2\/product"}],"about":[{"href":"https:\/\/anbanjia.com.cn\/de\/wp-json\/wp\/v2\/types\/product"}],"replies":[{"embeddable":true,"href":"https:\/\/anbanjia.com.cn\/de\/wp-json\/wp\/v2\/comments?post=13271"}],"wp:featuredmedia":[{"embeddable":true,"href":"https:\/\/anbanjia.com.cn\/de\/wp-json\/wp\/v2\/media\/6042"}],"wp:attachment":[{"href":"https:\/\/anbanjia.com.cn\/de\/wp-json\/wp\/v2\/media?parent=13271"}],"wp:term":[{"taxonomy":"product_cat","embeddable":true,"href":"https:\/\/anbanjia.com.cn\/de\/wp-json\/wp\/v2\/product_cat?post=13271"},{"taxonomy":"product_tag","embeddable":true,"href":"https:\/\/anbanjia.com.cn\/de\/wp-json\/wp\/v2\/product_tag?post=13271"}],"curies":[{"name":"wp","href":"https:\/\/api.w.org\/{rel}","templated":true}]}}