{"id":13269,"date":"2022-05-02T18:02:39","date_gmt":"2022-05-02T18:02:39","guid":{"rendered":"https:\/\/www.anbanjia.com.cn\/product\/tragbare-blutzucker-cholesterin-harnsaeure-urit-teststreifen-mit-glykiertem-hba1c-haemoglobin-messgeraet\/"},"modified":"2022-05-02T18:02:39","modified_gmt":"2022-05-02T18:02:39","slug":"tragbares-blutzucker-cholesterin-harnsaure-urit-teststreifen-glykiertes-hba1c-hamoglobin-messgerat-ausrustung","status":"publish","type":"product","link":"https:\/\/anbanjia.com.cn\/de\/produkt\/tragbares-blutzucker-cholesterin-harnsaure-urit-teststreifen-glykiertes-hba1c-hamoglobin-messgerat-ausrustung\/","title":{"rendered":"tragbare Blutzucker-Cholesterin-Harns\u00e4ure-Urit-Teststreifen mit glykiertem HBA1C-H\u00e4moglobin-Messger\u00e4t"},"content":{"rendered":"<div style=\"max-width: 750px; margin: 0 auto;\">\n<p style=\"text-align: center;\"><span style=\"font-size: 24px;\">Tragbare Schnelltestmaschine f\u00fcr Bluth\u00e4moglobin-Teststreifen f\u00fcr medizinische Ger\u00e4te<\/span><\/p>\n<p style=\"text-align: center;\"><span style=\"font-size: 24px;\"><img decoding=\"async\" style=\"max-width: 750;\" src=\"https:\/\/anbanjia.com.cn\/wp-content\/uploads\/2022\/05\/HTB1vgiwUYPpK1RjSZFFq6y5PpXaS.jpg\" data-alt=\"portable blood glucose cholesterol uric acid urit test strip glycated hba1c hemoglobin meter equipment\" data-height=\"750\" data-src=\"\" data-width=\"750\"><\/span><\/p>\n<p style=\"text-align: center;\"><img decoding=\"async\" src=\"https:\/\/s.alicdn.com\/@sc02\/kf\/HTB1u.MES7voK1RjSZFNq6AxMVXas\/230438700\/HTB1u.MES7voK1RjSZFNq6AxMVXas.jpg?quality=close\" alt=\"portable blood glucose cholesterol uric acid urit test strip glycated hba1c hemoglobin meter equipment\"><\/p>\n<p style=\"text-align: center;\"><span style=\"font-size: 24px;\"><img decoding=\"async\" src=\"https:\/\/anbanjia.com.cn\/wp-content\/uploads\/2022\/05\/HTB1ejKGU7PoK1RjSZKbq6x1IXXa1.jpg\" data-alt=\"portable blood glucose cholesterol uric acid urit test strip glycated hba1c hemoglobin meter equipment\" data-height=\"753\" data-src=\"\" data-width=\"753\"><\/span><\/p>\n<p style=\"text-align: center;\"><span style=\"font-size: 24px;\"><span style=\"box-sizing: content-box; margin: 0px; padding: 0px; border: 0px; font-style: normal; font-weight: 400; font-size: 16px; line-height: 24px; font-family: Arial,Helvetica; vertical-align: baseline; background-color: #ffffff; color: #ff0000;\"><strong><span style=\"box-sizing: content-box; margin: 0px; padding: 0px; border: 0px; font-style: inherit; font-weight: inherit; font-size: 24px; line-height: 36px; vertical-align: baseline;\"><img decoding=\"async\" src=\"https:\/\/anbanjia.com.cn\/wp-content\/uploads\/2022\/05\/HTB1eoEwS9zqK1RjSZFLq6An2XXas.jpg\" data-alt=\"portable blood glucose cholesterol uric acid urit test strip glycated hba1c hemoglobin meter equipment\" data-height=\"201\" data-src=\"\" data-width=\"749\"><\/span><\/strong><\/span><\/span><\/p>\n<p style=\"text-align: left;\"><span style=\"font-size: 24px;\"><span style=\"box-sizing: content-box; margin: 0px; padding: 0px; border: 0px; font-style: normal; font-weight: 400; font-size: 16px; line-height: 24px; font-family: Arial,Helvetica; vertical-align: baseline; background-color: #ffffff; color: #ff0000;\"><strong><span style=\"box-sizing: content-box; margin: 0px; padding: 0px; border: 0px; font-style: inherit; font-weight: inherit; font-size: 24px; line-height: 36px; vertical-align: baseline;\">METER: H\u00e4moglobin in frischem Blut<\/span><\/strong><\/span><br \/>\n<span style=\"color: #333333; font-family: Arial,Helvetica; font-size: 16px; font-style: normal; font-weight: 400; background-color: #ffffff; display: inline !important; float: none;\">Messprinzip: Optische Reflexion <\/span><br \/>\n<span style=\"color: #333333; font-family: Arial,Helvetica; font-size: 16px; font-style: normal; font-weight: 400; background-color: #ffffff; display: inline !important; float: none;\">Streifen: H12-H\u00e4moglobin-Teststreifen<\/span><br \/>\n<span style=\"color: #333333; font-family: Arial,Helvetica; font-size: 16px; font-style: normal; font-weight: 400; background-color: #ffffff; display: inline !important; float: none;\">Messzeit: Weniger als 30 Sekunden<\/span><br \/>\n<span style=\"color: #333333; font-family: Arial,Helvetica; font-size: 16px; font-style: normal; font-weight: 400; background-color: #ffffff; display: inline !important; float: none;\">Messbereich: 4,0 g\/dl ~ 24,0 g\/dl. Ergebnisse unter 4,0 g\/dL und \u00fcber 24,0 g\/dL werden als \u201eLo\u201c bzw. \u201eHi\u201c angezeigt, um anzuzeigen, dass das Ergebnis au\u00dferhalb des Bereichs liegt.<\/span><br \/>\n<span style=\"color: #333333; font-family: Arial,Helvetica; font-size: 16px; font-style: normal; font-weight: 400; background-color: #ffffff; display: inline !important; float: none;\">Anzeige: LCD, Testergebnisanzeige in SI<\/span><br \/>\n<span style=\"color: #333333; font-family: Arial,Helvetica; font-size: 16px; font-style: normal; font-weight: 400; background-color: #ffffff; display: inline !important; float: none;\">Gewicht:&lt; 58 g (Batterie enthalten)<\/span><br \/>\n<span style=\"color: #333333; font-family: Arial,Helvetica; font-size: 16px; font-style: normal; font-weight: 400; background-color: #ffffff; display: inline !important; float: none;\">Au\u00dfenma\u00df: 102 mm \u00d7 50 mm \u00d7 19 mm<\/span><br \/>\n<span style=\"color: #333333; font-family: Arial,Helvetica; font-size: 16px; font-style: normal; font-weight: 400; background-color: #ffffff; display: inline !important; float: none;\">Leistung: DC 6 V (zwei CR2032-Batterien)<\/span><br \/>\n<span style=\"color: #333333; font-family: Arial,Helvetica; font-size: 16px; font-style: normal; font-weight: 400; background-color: #ffffff; display: inline !important; float: none;\">Betriebsbereiche: 15 ~ 30 \u00b0C; RH \u226480 % nicht kondensierend<\/span><br \/>\n<span style=\"color: #333333; font-family: Arial,Helvetica; font-size: 16px; font-style: normal; font-weight: 400; background-color: #ffffff; display: inline !important; float: none;\">Ultimative Bereiche: -20 ~55 \u00b0C; RH&lt; 90 % nicht kondensierend<\/span><br \/>\n<span style=\"color: #333333; font-family: Arial,Helvetica; font-size: 16px; font-style: normal; font-weight: 400; background-color: #ffffff; display: inline !important; float: none;\">Sonstiges: Interne St\u00f6rungspr\u00fcfung und -anzeige<\/span><br \/>\n<span style=\"color: #333333; font-family: Arial,Helvetica; font-size: 16px; font-style: normal; font-weight: 400; background-color: #ffffff; display: inline !important; float: none;\">Verf\u00fcgbare Lebensdauer: 8 Jahre<\/span><\/span><\/p>\n<p style=\"text-align: left;\"><span style=\"color: #0000ff; font-size: 18px;\"><span style=\"font-family: Arial, Helvetica; font-style: normal; font-weight: 400; background-color: #ffffff; float: none; display: inline !important;\"><strong><span style=\"box-sizing: content-box; margin: 0px; padding: 0px; border: 0px; font-style: normal; font-weight: inherit; line-height: 24px; font-family: Arial, Helvetica; vertical-align: baseline; background-color: #ffffff; display: inline !important;\">Hier haben wir auch viele andere Marken-Teststreifen, Sie k\u00f6nnen mich kontaktieren, wenn Sie Bedarf haben.<\/span><\/strong><\/span><\/span><\/p>\n<p style=\"text-align: left;\"><img decoding=\"async\" src=\"https:\/\/anbanjia.com.cn\/wp-content\/uploads\/2022\/05\/HTB1QMMmUhnaK1RjSZFBq6AW7VXap.jpg\" data-alt=\"portable blood glucose cholesterol uric acid urit test strip glycated hba1c hemoglobin meter equipment\" data-height=\"752\" data-src=\"\" data-width=\"750\"><\/p>\n<p style=\"text-align: left;\"><img decoding=\"async\" src=\"https:\/\/anbanjia.com.cn\/wp-content\/uploads\/2022\/05\/HTB1_q81SXXXXXXGXFXXq6xXFXXXF.jpg\" data-alt=\"portable blood glucose cholesterol uric acid urit test strip glycated hba1c hemoglobin meter equipment\" data-height=\"1029\" data-src=\"\" data-width=\"750\"><\/p>\n<div id=\"ali-anchor-AliPostDhMb-b03d9\" class=\"mceSectionContainer\" style=\"padding-top: 8px;\" data-section=\"AliPostDhMb-b03d9\" data-section-title=\"Company Information\">\n<div id=\"ali-title-AliPostDhMb-b03d9\" style=\"padding: 8px 0; border-bottom: 1px solid #ddd;\"><span style=\"background-color: #ddd; color: #333; font-weight: bold; padding: 8px 10px; line-height: 12px;\">Firmeninformation<\/span><\/div>\n<div style=\"padding: 10px 0;\">\n<p> <img decoding=\"async\" src=\"https:\/\/anbanjia.com.cn\/wp-content\/uploads\/2022\/05\/H3d43ab43a0f24fc7886a50fee5674fd4U.jpg\" data-alt=\"portable blood glucose cholesterol uric acid urit test strip glycated hba1c hemoglobin meter equipment\" data-src=\"\"><\/p>\n<p><span style=\"font-size: 18px;\">Kontakt:<\/span><\/p>\n<p><img decoding=\"async\" src=\"https:\/\/anbanjia.com.cn\/wp-content\/uploads\/2022\/05\/Hff98939fdc8e43e2be5c782ddbe4cc5ez.png\" data-src=\"\"><\/p>\n<\/div>\n<\/div>\n<p style=\"text-align: left;\"><span style=\"font-size: 18px;\"> <\/span><\/p>\n<\/div>\n","protected":false},"excerpt":{"rendered":"<p>&nbsp;<\/p>\n<div style=\"width: auto;\">\n<div style=\"min-width: 300px; max-width: 300px; word-wrap: break-word; float: left;\">Herkunftsort: China<\/div>\n<div style=\"min-width: 300px; max-width: 300px; word-wrap: break-word; float: left;\">Markenname: OEM<\/div>\n<\/div>\n<div style=\"width: auto;\">\n<div style=\"min-width: 300px; max-width: 300px; word-wrap: break-word; float: left;\">Modellnummer: U12<\/div>\n<div style=\"min-width: 300px; max-width: 300px; word-wrap: break-word; float: left;\">Stromquelle: Elektrisch<\/div>\n<\/div>\n<div style=\"width: auto;\">\n<div style=\"min-width: 300px; max-width: 300px; word-wrap: break-word; float: left;\">Garantie: KEINE<\/div>\n<div style=\"min-width: 300px; max-width: 300px; word-wrap: break-word; float: left;\">Kundendienst: KEINE<\/div>\n<\/div>\n<div style=\"width: auto;\">\n<div style=\"min-width: 300px; max-width: 300px; word-wrap: break-word; float: left;\">Stromversorgungsmodus: Eingebauter Akku<\/div>\n<div style=\"min-width: 300px; max-width: 300px; word-wrap: break-word; float: left;\">Material: Kunststoff<\/div>\n<\/div>\n<div style=\"width: auto;\">\n<div style=\"min-width: 300px; max-width: 300px; word-wrap: break-word; float: left;\">Haltbarkeit: 6 Monate<\/div>\n<div style=\"min-width: 300px; max-width: 300px; word-wrap: break-word; float: left;\">Qualit\u00e4tszertifizierung: ce<\/div>\n<\/div>\n<div style=\"width: auto;\">\n<div style=\"min-width: 300px; max-width: 300px; word-wrap: break-word; float: left;\">Instrumentenklassifizierung: Klasse II<\/div>\n<div style=\"min-width: 300px; max-width: 300px; word-wrap: break-word; float: left;\">Sicherheitsstandard: Keine<\/div>\n<\/div>\n<div style=\"width: auto;\">\n<div style=\"min-width: 300px; max-width: 300px; word-wrap: break-word; float: left;\">Typ: Blutanalysesystem<\/div>\n<div style=\"min-width: 300px; max-width: 300px; word-wrap: break-word; float: left;\">Messprinzip: Optische Reflexion<\/div>\n<\/div>\n<div style=\"width: auto;\">\n<div style=\"min-width: 300px; max-width: 300px; word-wrap: break-word; float: left;\">Streifen: H12-H\u00e4moglobin-Teststreifen<\/div>\n<div style=\"min-width: 300px; max-width: 300px; word-wrap: break-word; float: left;\">Messzeit: Weniger als 30 Sekunden<\/div>\n<\/div>\n<div style=\"width: auto;\">\n<div style=\"min-width: 300px; max-width: 300px; word-wrap: break-word; float: left;\">Gewicht:&lt; 58 g (Batterie enthalten)<\/div>\n<div style=\"min-width: 300px; max-width: 300px; word-wrap: break-word; float: left;\">Au\u00dfenma\u00dfe: 102 mm x 50 mm x 19 mm<\/div>\n<\/div>\n<div style=\"width: auto;\">\n<div style=\"min-width: 300px; max-width: 300px; word-wrap: break-word; float: left;\">Code: kein Code<\/div>\n<div style=\"min-width: 300px; max-width: 300px; word-wrap: break-word; float: left;\">Testbereich: 20\u2013600 mg\/dl (1,1\u201333,3 mmol\/l)<\/div>\n<\/div>\n<div style=\"width: auto;\">\n<div style=\"min-width: 300px; max-width: 300px; word-wrap: break-word; float: left;\">Probengr\u00f6\u00dfe: 0,6 \u03bcl<\/div>\n<div style=\"min-width: 300px; max-width: 300px; word-wrap: break-word; float: left;\">Garantiezeitraum: 18 Monate<\/div>\n<\/div>\n","protected":false},"featured_media":12654,"comment_status":"closed","ping_status":"closed","template":"","meta":[],"product_cat":[158],"product_tag":[],"class_list":["post-13269","product","type-product","status-publish","has-post-thumbnail","hentry","product_cat-hamoglobin-teststreifen"],"_links":{"self":[{"href":"https:\/\/anbanjia.com.cn\/de\/wp-json\/wp\/v2\/product\/13269","targetHints":{"allow":["GET"]}}],"collection":[{"href":"https:\/\/anbanjia.com.cn\/de\/wp-json\/wp\/v2\/product"}],"about":[{"href":"https:\/\/anbanjia.com.cn\/de\/wp-json\/wp\/v2\/types\/product"}],"replies":[{"embeddable":true,"href":"https:\/\/anbanjia.com.cn\/de\/wp-json\/wp\/v2\/comments?post=13269"}],"wp:featuredmedia":[{"embeddable":true,"href":"https:\/\/anbanjia.com.cn\/de\/wp-json\/wp\/v2\/media\/12654"}],"wp:attachment":[{"href":"https:\/\/anbanjia.com.cn\/de\/wp-json\/wp\/v2\/media?parent=13269"}],"wp:term":[{"taxonomy":"product_cat","embeddable":true,"href":"https:\/\/anbanjia.com.cn\/de\/wp-json\/wp\/v2\/product_cat?post=13269"},{"taxonomy":"product_tag","embeddable":true,"href":"https:\/\/anbanjia.com.cn\/de\/wp-json\/wp\/v2\/product_tag?post=13269"}],"curies":[{"name":"wp","href":"https:\/\/api.w.org\/{rel}","templated":true}]}}