{"id":13268,"date":"2022-05-02T18:02:53","date_gmt":"2022-05-02T18:02:53","guid":{"rendered":"https:\/\/www.anbanjia.com.cn\/product\/neuer-heimgebrauch-billiger-preis-ce-zulassung-tragbarer-doppler-ultraschallgeraet-baby-fetal-herzfrequenzmonitor\/"},"modified":"2022-05-02T18:02:53","modified_gmt":"2022-05-02T18:02:53","slug":"neuer-heimgebrauch-gunstiger-preis-ce-zulassung-tragbares-doppler-ultraschallgeraet-baby-fetaler-herzfrequenzmonitor","status":"publish","type":"product","link":"https:\/\/anbanjia.com.cn\/de\/produkt\/neuer-heimgebrauch-gunstiger-preis-ce-zulassung-tragbares-doppler-ultraschallgeraet-baby-fetaler-herzfrequenzmonitor\/","title":{"rendered":"Neuer Heimgebrauch billiger Preis CE-Zulassung tragbarer Doppler-Ultraschallger\u00e4t Baby-Fetal-Herzfrequenzmonitor"},"content":{"rendered":"<div style=\"max-width: 750px; margin: 0 auto;\">\n<div id=\"detail_decorate_root\" data-host=\"111525417\" data-id=\"detail_decorate_root\">\n<div id=\"_root\" class=\"engine-app\" data-reactroot=\"\">\n<div id=\"ali-anchor-AliMagic-z03md4\" class=\"magic-0\" data-section=\"AliMagic-z03md4\" data-section-title=\"Product Description\">Produktbeschreibung<\/div>\n<div class=\"icbu-pc-images magic-1\">\n<div>\n<div class=\"flex-layout-v\">\n<div class=\"flex-layout-h magic-1\">\n<div class=\"magic-2\"><a href=\"https:\/\/abj-medical.en.alibaba.com\/product\/60797930324-804757852\/Advanced_design_travelling_portable_lightweight_rechargeable_oxygen_concentrator_for_elderly.html?spm=a2700.icbuShop.prewdfa4cf.7.74cb63e3qWj40z\" target=\"_blank\" rel=\"noopener noreferrer\"><img decoding=\"async\" class=\"magic-3\" style=\"max-width: 750;\" src=\"https:\/\/anbanjia.com.cn\/wp-content\/uploads\/2022\/05\/HTB16GafKuySBuNjy1zd760PxFXaR.jpg\" data-src=\"\"><\/a><\/div>\n<\/div>\n<\/div>\n<\/div>\n<\/div>\n<div id=\"ali-anchor-AliMagic-bdzt9u\" class=\"magic-0\" data-section=\"AliMagic-bdzt9u\" data-section-title=\"Detailed Images\">Detaillierte Bilder<\/div>\n<div class=\"icbu-pc-images magic-1\">\n<div>\n<div class=\"flex-layout-v\">\n<div class=\"flex-layout-h magic-1\">\n<div class=\"magic-4\"><img decoding=\"async\" class=\"magic-5\" src=\"https:\/\/anbanjia.com.cn\/wp-content\/uploads\/2022\/05\/HTB1SDvzXInrK1RjSspkq6yuvXXal.jpg\" data-src=\"\"><\/div>\n<\/div>\n<\/div>\n<\/div>\n<\/div>\n<div class=\"icbu-pc-images magic-1\">\n<div>\n<div class=\"flex-layout-v\">\n<div class=\"flex-layout-h magic-1\">\n<div class=\"magic-4\"><img decoding=\"async\" class=\"magic-5\" src=\"https:\/\/anbanjia.com.cn\/wp-content\/uploads\/2022\/05\/HTB1vPnwXIfrK1Rjy0Fmq6xhEXXaC.jpg\" data-src=\"\"><\/div>\n<\/div>\n<\/div>\n<\/div>\n<\/div>\n<div class=\"icbu-pc-images magic-1\">\n<div>\n<div class=\"flex-layout-h\">\n<div class=\"text-wrapper magic-6\">\n<div class=\"text-wrapper-left text-theme-light text-align-left\">\n<div class=\"text-title\" data-id=\"left-title\"><b><span style=\"font-size: x-large;\">703 Arten detaillierte Einf\u00fchrungen:<\/span><\/b><\/div>\n<div class=\"text-content\" data-id=\"left-content\">\n<p class=\"magic-7\"><span style=\"font-size: large;\">01. Hochempfindliche Doppler-Sonde, genaue FHF-Erkennung<br \/>\n02.Low Ultraschallleistung, sicher f\u00fcr den F\u00f6tus<br \/>\n03.Optionaler Anzeigebildschirm (Wert\/Diagramm)<br \/>\n04.Automatische Abschaltung in 1 Minute<br \/>\n05. Anzeige: 1,77 Zoll TFT<br \/>\n06. Ultraschallfrequenz: 2,125 MHz-2,875 MHz<br \/>\n07. Umfassende Sensibilit\u00e4t:&gt; 90dB<br \/>\n08.FHR Bereich: 50\/min~210\/min<br \/>\n09. Anzeigeaufl\u00f6sung: 1 bpm<br \/>\n10.FHR-Erkennungsabweichung: -2\/min~+2\/min<br \/>\n11.Sonde und Doppler sind getrennt, einfacher zu bedienen<br \/>\n12. Wasserdichte Sonde<\/span><\/p>\n<\/div>\n<\/div>\n<\/div>\n<div class=\"flex-layout-v magic-8\">\n<div class=\"magic-9\"><img decoding=\"async\" class=\"magic-10\" src=\"https:\/\/anbanjia.com.cn\/wp-content\/uploads\/2022\/05\/HTB1gCbzXJfvK1RjSszhq6AcGFXaf.jpg\" data-id=\"child-image-0\" data-src=\"\"><\/div>\n<\/div>\n<\/div>\n<\/div>\n<\/div>\n<div class=\"icbu-pc-images magic-1\">\n<div>\n<div class=\"flex-layout-v\">\n<div class=\"flex-layout-h magic-1\">\n<div class=\"magic-11\"><img decoding=\"async\" class=\"magic-12\" src=\"https:\/\/anbanjia.com.cn\/wp-content\/uploads\/2022\/05\/HTB1HobBXIrrK1Rjy1zeq6xalFXaX.jpg\" data-src=\"\"><\/div>\n<\/div>\n<\/div>\n<\/div>\n<\/div>\n<div class=\"icbu-pc-images magic-1\">\n<div>\n<div class=\"flex-layout-v\">\n<div class=\"flex-layout-h magic-1\">\n<div class=\"magic-4\"><img decoding=\"async\" class=\"magic-5\" src=\"https:\/\/anbanjia.com.cn\/wp-content\/uploads\/2022\/05\/HTB1uY_xXOLxK1Rjy0Ffq6zYdVXaz.jpg\" data-src=\"\"><\/div>\n<\/div>\n<\/div>\n<\/div>\n<\/div>\n<div class=\"detail-decorate-json-renderer-container\">\n<div class=\"magic-13\">\n<div class=\"magic-14\">\n<div class=\"magic-15\">\n<div class=\"magic-16\"><b><span style=\"color: #9f0000; font-size: large;\">Unser f\u00f6taler Doppler hat 4 Modelle: 703,703L,706, 706L <\/span><\/b><\/div>\n<\/div>\n<\/div>\n<\/div>\n<\/div>\n<div class=\"icbu-pc-images magic-1\">\n<div>\n<div class=\"flex-layout-v\">\n<div class=\"flex-layout-h magic-1\">\n<div class=\"magic-17\"><img decoding=\"async\" class=\"magic-18\" src=\"https:\/\/anbanjia.com.cn\/wp-content\/uploads\/2022\/05\/HTB1EifAXPDuK1Rjy1zjq6zraFXa5.jpg\" data-id=\"child-image-0\" data-src=\"\"><\/div>\n<div class=\"magic-19\"><img decoding=\"async\" class=\"magic-20\" src=\"https:\/\/anbanjia.com.cn\/wp-content\/uploads\/2022\/05\/HTB1QBYAXPnuK1RkSmFPq6AuzFXaK.jpg\" data-id=\"child-image-1\" data-src=\"\"><\/div>\n<\/div>\n<\/div>\n<\/div>\n<\/div>\n<div class=\"icbu-pc-images magic-1\">\n<div>\n<div class=\"flex-layout-v\">\n<div class=\"flex-layout-h magic-1\">\n<div class=\"magic-17\"><img decoding=\"async\" class=\"magic-20\" src=\"https:\/\/anbanjia.com.cn\/wp-content\/uploads\/2022\/05\/HTB1AMrwXODxK1Rjy1zcq6yGeXXag.jpg\" data-id=\"child-image-0\" data-src=\"\"><\/div>\n<div class=\"magic-19\"><img decoding=\"async\" class=\"magic-20\" src=\"https:\/\/anbanjia.com.cn\/wp-content\/uploads\/2022\/05\/HTB1RZrxXOLxK1Rjy0Ffq6zYdVXaH.jpg\" data-id=\"child-image-1\" data-src=\"\"><\/div>\n<\/div>\n<\/div>\n<\/div>\n<\/div>\n<div class=\"icbu-pc-images magic-1\">\n<div class=\"flex-layout-v\">\n<div class=\"flex-layout-h magic-1\">\n<div class=\"magic-17\"><img decoding=\"async\" src=\"https:\/\/s.alicdn.com\/@sc02\/kf\/HTB1.h_EXLjsK1Rjy1Xaq6zispXaI\/230438700\/HTB1.h_EXLjsK1Rjy1Xaq6zispXaI.jpg?quality=close\"><\/div>\n<div class=\"magic-19\"><img decoding=\"async\" class=\"magic-21\" src=\"https:\/\/anbanjia.com.cn\/wp-content\/uploads\/2022\/05\/HTB1gCbzXJfvK1RjSszhq6AcGFXaf.jpg\" data-id=\"child-image-1\" data-src=\"\"><\/div>\n<\/div>\n<\/div>\n<\/div>\n<div class=\"detail-decorate-json-renderer-container\">\n<div class=\"magic-13\">\n<h3 class=\"magic-22\" data-id=\"title0\"><\/h3>\n<h3 class=\"magic-23\"><span style=\"font-size: x-large;\">Merkmale des Ultraschall-Fetaldopplers:<\/span><\/h3>\n<div class=\"magic-14\">\n<div class=\"magic-15\">\n<div class=\"magic-16\" data-id=\"paragraph0\">\n<p class=\"magic-7\"><span style=\"font-size: large;\">Sicher: Die Ultraschalldosierung liegt unter 50 % des nationalen Standards<br \/>\nBequemlichkeit: Kleine Gr\u00f6\u00dfe, praktisch f\u00fcr die \u00dcberwachung mehrerer Betten und die Diagnose von au\u00dfen<br \/>\nEmpfindlichkeit: \u00dcberwachung 12 Wochen \u00fcber dem Herzschlag des ungeborenen F\u00f6tus.<br \/>\nWirtschaftlich: Nehmen Sie mit einem professionellen Ladeger\u00e4t Akku an, um effektiv Kosten zu sparen, und k\u00f6nnen Sie auch 9,6-V-Einwegbatterien verwenden.<br \/>\nPraktisch: Einzigartiger Netzwerk-Terminaldienst, kann das zentrale Netzwerk im Krankenhaus durch Einwahl zu Hause verbinden, zeitnaher, zuverl\u00e4ssiger und genauer f\u00fcr die \u00dcberwachung des F\u00f6tus.<\/span><\/p>\n<\/div>\n<\/div>\n<\/div>\n<\/div>\n<\/div>\n<div id=\"ali-anchor-AliMagic-mymm12\" class=\"magic-0\" data-section=\"AliMagic-mymm12\" data-section-title=\"Our Company\">Unser Unternehmen<\/div>\n<div class=\"icbu-pc-images magic-1\">\n<div>\n<div class=\"flex-layout-v\">\n<div class=\"flex-layout-h magic-1\">\n<div class=\"magic-24\"><img decoding=\"async\" class=\"magic-25\" src=\"https:\/\/anbanjia.com.cn\/wp-content\/uploads\/2022\/05\/H3d43ab43a0f24fc7886a50fee5674fd4U.jpg\" data-src=\"\"><\/div>\n<\/div>\n<\/div>\n<\/div>\n<\/div>\n<div class=\"icbu-pc-images magic-1\">\n<div>\n<div class=\"flex-layout-v\">\n<div class=\"flex-layout-h magic-1\">\n<div class=\"magic-26\"><img decoding=\"async\" class=\"magic-27\" src=\"https:\/\/anbanjia.com.cn\/wp-content\/uploads\/2022\/05\/HTB13r6WzOCYBuNkSnaVq6AMsVXae.jpg\" data-src=\"\"><\/div>\n<\/div>\n<\/div>\n<\/div>\n<\/div>\n<div id=\"ali-anchor-AliMagic-o51cc0\" class=\"magic-0\" data-section=\"AliMagic-o51cc0\" data-section-title=\"Contact Us\">Kontaktiere uns<\/div>\n<div class=\"icbu-pc-images magic-1\">\n<div>\n<div class=\"flex-layout-v\">\n<div class=\"flex-layout-h magic-1\">\n<div class=\"magic-28\"><img decoding=\"async\" class=\"magic-29\" src=\"https:\/\/anbanjia.com.cn\/wp-content\/uploads\/2022\/05\/H10fdde19478c4022952b6ef21b37e97bx.jpg\" data-src=\"\"><\/div>\n<\/div>\n<\/div>\n<\/div>\n<\/div>\n<\/div>\n<\/div>\n<\/div>\n","protected":false},"excerpt":{"rendered":"<p>&nbsp;<\/p>\n<div style=\"width: auto;\">\n<div style=\"min-width: 300px; max-width: 300px; word-wrap: break-word; float: left;\">Herkunftsort: Guangdong, China<\/div>\n<div style=\"min-width: 300px; max-width: 300px; word-wrap: break-word; float: left;\">Markenname: OEM-ODM<\/div>\n<\/div>\n<div style=\"width: auto;\">\n<div style=\"min-width: 300px; max-width: 300px; word-wrap: break-word; float: left;\">Modellnummer: ABJ-703<\/div>\n<div style=\"min-width: 300px; max-width: 300px; word-wrap: break-word; float: left;\">Garantie: KEINE<\/div>\n<\/div>\n<div style=\"width: auto;\">\n<div style=\"min-width: 300px; max-width: 300px; word-wrap: break-word; float: left;\">Kundendienst: KEINE<\/div>\n<div style=\"min-width: 300px; max-width: 300px; word-wrap: break-word; float: left;\">Instrumentenklassifizierung: Klasse II<\/div>\n<\/div>\n<div style=\"width: auto;\">\n<div style=\"min-width: 300px; max-width: 300px; word-wrap: break-word; float: left;\">Typ: Doppler-Ultraschallger\u00e4t<\/div>\n<div style=\"min-width: 300px; max-width: 300px; word-wrap: break-word; float: left;\">Produktname: Doppler-Ultraschallger\u00e4t<\/div>\n<\/div>\n<div style=\"width: auto;\">\n<div style=\"min-width: 300px; max-width: 300px; word-wrap: break-word; float: left;\">Anwendung: f\u00f6taler Herzmonitor<\/div>\n<div style=\"min-width: 300px; max-width: 300px; word-wrap: break-word; float: left;\">Zertifikat: CE<\/div>\n<\/div>\n<div style=\"width: auto;\">\n<div style=\"min-width: 300px; max-width: 300px; word-wrap: break-word; float: left;\">Merkmal: Wasserdichte Sonde<\/div>\n<div style=\"min-width: 300px; max-width: 300px; word-wrap: break-word; float: left;\">FHF-Bereich: 50\/min~210\/min<\/div>\n<\/div>\n<div style=\"width: auto;\">\n<div style=\"min-width: 300px; max-width: 300px; word-wrap: break-word; float: left;\">Anzeigeaufl\u00f6sung: 1 bpm<\/div>\n<div style=\"min-width: 300px; max-width: 300px; word-wrap: break-word; float: left;\">Umfassende Sensibilit\u00e4t:&gt; 90dB<\/div>\n<\/div>\n<div style=\"width: auto;\">\n<div style=\"min-width: 300px; max-width: 300px; word-wrap: break-word; float: left;\">Ultraschallfrequenz: 2,125 MHz-2,875 MHz<\/div>\n<div style=\"min-width: 300px; max-width: 300px; word-wrap: break-word; float: left;\">Anzeigemodus: TFT<\/div>\n<\/div>\n<div>Kundenspezifisches Logo (Mindestbestellmenge: 200 St\u00fcck)<\/div>\n<div>Kundenspezifische Verpackung (Mindestbestellmenge: 200 St\u00fcck)<\/div>\n","protected":false},"featured_media":12604,"comment_status":"closed","ping_status":"closed","template":"","meta":[],"product_cat":[151],"product_tag":[],"class_list":["post-13268","product","type-product","status-publish","has-post-thumbnail","hentry","product_cat-fetaler-doppler"],"_links":{"self":[{"href":"https:\/\/anbanjia.com.cn\/de\/wp-json\/wp\/v2\/product\/13268","targetHints":{"allow":["GET"]}}],"collection":[{"href":"https:\/\/anbanjia.com.cn\/de\/wp-json\/wp\/v2\/product"}],"about":[{"href":"https:\/\/anbanjia.com.cn\/de\/wp-json\/wp\/v2\/types\/product"}],"replies":[{"embeddable":true,"href":"https:\/\/anbanjia.com.cn\/de\/wp-json\/wp\/v2\/comments?post=13268"}],"wp:featuredmedia":[{"embeddable":true,"href":"https:\/\/anbanjia.com.cn\/de\/wp-json\/wp\/v2\/media\/12604"}],"wp:attachment":[{"href":"https:\/\/anbanjia.com.cn\/de\/wp-json\/wp\/v2\/media?parent=13268"}],"wp:term":[{"taxonomy":"product_cat","embeddable":true,"href":"https:\/\/anbanjia.com.cn\/de\/wp-json\/wp\/v2\/product_cat?post=13268"},{"taxonomy":"product_tag","embeddable":true,"href":"https:\/\/anbanjia.com.cn\/de\/wp-json\/wp\/v2\/product_tag?post=13268"}],"curies":[{"name":"wp","href":"https:\/\/api.w.org\/{rel}","templated":true}]}}