{"id":13259,"date":"2022-05-02T18:02:19","date_gmt":"2022-05-02T18:02:19","guid":{"rendered":"https:\/\/www.anbanjia.com.cn\/product\/gynaekologische-untersuchungstabelle-fuer-krankenhausausruestung-fuer-frauen\/"},"modified":"2022-05-02T18:02:19","modified_gmt":"2022-05-02T18:02:19","slug":"krankenhausausstattung-gynakologischer-untersuchungstisch-fur-frau","status":"publish","type":"product","link":"https:\/\/anbanjia.com.cn\/de\/produkt\/krankenhausausstattung-gynakologischer-untersuchungstisch-fur-frau\/","title":{"rendered":"Gyn\u00e4kologische Untersuchungstabelle f\u00fcr Krankenhausausr\u00fcstung f\u00fcr Frauen"},"content":{"rendered":"<div style=\"max-width: 750px;margin: 0 auto;\">\n<div data-magic-global=\"%7B%22bizId%22%3A3215165050%2C%22pageId%22%3A21012167517%2C%22siteId%22%3A5005610021%7D\" id=\"detail_decorate_root\">\n<div class=\"J_module\" module-id=\"27364245479\" module-title=\"detailTextWithTitle\" render=\"true\">\n<div class=\"detail-decorate-json-renderer-container\">\n<div class=\"magic-1\">\n<h3 class=\"magic-2\">\n<div class=\"magic-3\"><span class=\"magic-4\"><font class=\"magic-5\" color=\"#e87474\"><span><span>Gyn\u00e4kologische Untersuchungstabelle<\/span><\/span><\/font><\/span><\/div>\n<\/h3>\n<div class=\"magic-6\">\n<div class=\"magic-7\">\n<div class=\"magic-8\">\n<div class=\"magic-3\"><b><font class=\"magic-9\"><span>Gyn\u00e4kologische Untersuchungstabelle f\u00fcr Krankenhausausr\u00fcstung f\u00fcr Frauen<\/span><\/font><\/b><\/div>\n<\/div>\n<\/div>\n<\/div>\n<\/div>\n<\/div>\n<\/div>\n<div class=\"J_module\" module-id=\"27364245480\" module-title=\"detailManyImage\" render=\"true\">\n<div class=\"icbu-pc-detailManyImage magic-10\">\n<div class=\"magic-11\"><img decoding=\"async\" class=\"magic-12\" data-src=\"\" src=\"https:\/\/anbanjia.com.cn\/wp-content\/uploads\/2022\/05\/H4a24d344102b443daa75bd2041456106X.jpg\" style=\"max-width: 750;\"><\/div>\n<div class=\"magic-11\"><img decoding=\"async\" class=\"magic-12\" data-src=\"\" src=\"https:\/\/anbanjia.com.cn\/wp-content\/uploads\/2022\/05\/H929952fc6d534e65922e292a18b67a9fI.jpg\"><\/div>\n<div class=\"magic-11\"><img decoding=\"async\" class=\"magic-12\" data-src=\"\" src=\"https:\/\/anbanjia.com.cn\/wp-content\/uploads\/2022\/05\/H0d2e41c9cc8c4f8ab4884ac02c795d9e0.jpg\"><\/div>\n<div class=\"magic-11\"><img decoding=\"async\" class=\"magic-12\" data-src=\"\" src=\"https:\/\/anbanjia.com.cn\/wp-content\/uploads\/2022\/05\/H668bdc701a6f44018c3ef953399eaeadE.jpg\"><\/div>\n<div class=\"magic-11\"><img decoding=\"async\" class=\"magic-12\" data-src=\"\" src=\"https:\/\/anbanjia.com.cn\/wp-content\/uploads\/2022\/05\/Had8863501796481ca17f8a37ba0064c4Y.jpg\"><\/div>\n<div class=\"magic-11\"><img decoding=\"async\" class=\"magic-12\" data-src=\"\" src=\"https:\/\/anbanjia.com.cn\/wp-content\/uploads\/2022\/05\/Hdf30d18deab7417395477eef025f6f76w.jpg\"><\/div>\n<div class=\"magic-11\"><img decoding=\"async\" class=\"magic-12\" data-src=\"\" src=\"https:\/\/anbanjia.com.cn\/wp-content\/uploads\/2022\/05\/H61fd37d90eb7452e9498295275274083P.jpg\"><\/div>\n<div class=\"magic-11\"><img decoding=\"async\" class=\"magic-12\" data-src=\"\" src=\"https:\/\/anbanjia.com.cn\/wp-content\/uploads\/2022\/05\/H9681e564f93e4d9c8e6146be3a7c12deA.jpg\"><\/div>\n<div class=\"magic-11\"><img decoding=\"async\" class=\"magic-12\" data-src=\"\" src=\"https:\/\/anbanjia.com.cn\/wp-content\/uploads\/2022\/05\/Hc8badcbb6d734a63bc41efec7fe8fda0b.jpg\"><\/div>\n<div class=\"magic-11\"><img decoding=\"async\" class=\"magic-12\" data-src=\"\" src=\"https:\/\/anbanjia.com.cn\/wp-content\/uploads\/2022\/05\/Hb55f0b4920c64a229fea79ec9834329do.jpg\"><\/div>\n<\/div>\n<\/div>\n<div class=\"J_module\" module-id=\"27370553158\" module-title=\"detailSingleImage\" render=\"true\">\n<div class=\"icbu-pc-images magic-13\">\n<div>\n<div class=\"flex-layout-v\">\n<div class=\"flex-layout-h magic-13\">\n<div class=\"magic-14\"><img decoding=\"async\" class=\"magic-15\" data-src=\"\" src=\"https:\/\/anbanjia.com.cn\/wp-content\/uploads\/2022\/05\/H90846b9e2fa249a09b1ea227d4cf6349A.jpg\"><\/div>\n<\/div>\n<\/div>\n<\/div>\n<\/div>\n<\/div>\n<div class=\"J_module\" module-id=\"27370553159\" module-title=\"detailSingleImage\" render=\"true\">\n<div class=\"icbu-pc-images magic-13\">\n<div>\n<div class=\"flex-layout-v\">\n<div class=\"flex-layout-h magic-13\">\n<div class=\"magic-16\"><img decoding=\"async\" class=\"magic-17\" data-src=\"\" src=\"https:\/\/anbanjia.com.cn\/wp-content\/uploads\/2022\/05\/H7046d10e813f4dd49ae8956b149bff8aa.jpg\"><\/div>\n<\/div>\n<\/div>\n<\/div>\n<\/div>\n<\/div>\n<div class=\"J_module\" module-id=\"27370553160\" module-title=\"detailSingleImage\" render=\"true\">\n<div class=\"icbu-pc-images magic-13\">\n<div>\n<div class=\"flex-layout-v\">\n<div class=\"flex-layout-h magic-13\">\n<div class=\"magic-18\"><img decoding=\"async\" class=\"magic-19\" data-src=\"\" src=\"https:\/\/anbanjia.com.cn\/wp-content\/uploads\/2022\/05\/H5273a91f4ee7448e9bcef241ce2138fbE.jpg\"><\/div>\n<\/div>\n<\/div>\n<\/div>\n<\/div>\n<\/div>\n<div class=\"J_module\" module-id=\"27370553161\" module-title=\"detailSingleImage\" render=\"true\">\n<div class=\"icbu-pc-images magic-13\">\n<div>\n<div class=\"flex-layout-v\">\n<div class=\"flex-layout-h magic-13\">\n<div class=\"magic-16\"><img decoding=\"async\" class=\"magic-17\" data-src=\"\" src=\"https:\/\/anbanjia.com.cn\/wp-content\/uploads\/2022\/05\/H49cb9f9582b84d339c265bf95d20ba1ad.jpg\"><\/div>\n<\/div>\n<\/div>\n<\/div>\n<\/div>\n<\/div><\/div>\n<\/div>\n","protected":false},"excerpt":{"rendered":"<div style=\"width:auto\">\n<div style=\"min-width: 300px;max-width: 300px;word-wrap: break-word;float: left\">Allgemeine Verwendung: Gewerbliche M\u00f6bel <\/div>\n<div style=\"min-width: 300px;max-width: 300px;word-wrap: break-word;float: left\">Typ: Krankenhausm\u00f6bel<\/div>\n<\/p><\/div>\n<div style=\"width:auto\">\n<div style=\"min-width: 300px;max-width: 300px;word-wrap: break-word;float: left\">Postverpackung: Y <\/div>\n<div style=\"min-width: 300px;max-width: 300px;word-wrap: break-word;float: left\">Anwendung: Krankenhaus, Krankenhaus, Klinik<\/div>\n<\/p><\/div>\n<div style=\"width:auto\">\n<div style=\"min-width: 300px;max-width: 300px;word-wrap: break-word;float: left\">Designstil: Modern <\/div>\n<div style=\"min-width: 300px;max-width: 300px;word-wrap: break-word;float: left\">Gefaltet: Ja<\/div>\n<\/p><\/div>\n<div style=\"width:auto\">\n<div style=\"min-width: 300px;max-width: 300px;word-wrap: break-word;float: left\">Herkunftsort: China <\/div>\n<div style=\"min-width: 300px;max-width: 300px;word-wrap: break-word;float: left\">Modellnummer: K-SUS304<\/div>\n<\/p><\/div>\n<div style=\"width:auto\">\n<div style=\"min-width: 300px;max-width: 300px;word-wrap: break-word;float: left\">Name: Gyn\u00e4kologischer Untersuchungstisch <\/div>\n<div style=\"min-width: 300px;max-width: 300px;word-wrap: break-word;float: left\">Produktgr\u00f6\u00dfe: 175 x 60 x 82 cm<\/div>\n<\/p><\/div>\n<div style=\"width:auto\">\n<div style=\"min-width: 300px;max-width: 300px;word-wrap: break-word;float: left\">Material: #201 Edelstahl <\/div>\n<div style=\"min-width: 300px;max-width: 300px;word-wrap: break-word;float: left\">Dicke: 1,0 mm<\/div>\n<\/p><\/div>\n<div style=\"width:auto\">\n<div style=\"min-width: 300px;max-width: 300px;word-wrap: break-word;float: left\">Matratze: 60 mm dicker Schaumstoff und PU-Bezug. <\/div>\n<div style=\"min-width: 300px;max-width: 300px;word-wrap: break-word;float: left\">Farbe:Rosa\/Schwarz<\/div>\n<\/p><\/div>\n<div>Kundenspezifisches Logo (Mindestbestellmenge: 500 St\u00fcck)<\/div>\n<div>Kundenspezifische Verpackung (Mindestbestellmenge: 500 St\u00fcck)<\/div>\n","protected":false},"featured_media":5066,"comment_status":"closed","ping_status":"closed","template":"","meta":[],"product_cat":[167],"product_tag":[],"class_list":["post-13259","product","type-product","status-publish","has-post-thumbnail","hentry","product_cat-untersuchungsbett"],"_links":{"self":[{"href":"https:\/\/anbanjia.com.cn\/de\/wp-json\/wp\/v2\/product\/13259","targetHints":{"allow":["GET"]}}],"collection":[{"href":"https:\/\/anbanjia.com.cn\/de\/wp-json\/wp\/v2\/product"}],"about":[{"href":"https:\/\/anbanjia.com.cn\/de\/wp-json\/wp\/v2\/types\/product"}],"replies":[{"embeddable":true,"href":"https:\/\/anbanjia.com.cn\/de\/wp-json\/wp\/v2\/comments?post=13259"}],"wp:featuredmedia":[{"embeddable":true,"href":"https:\/\/anbanjia.com.cn\/de\/wp-json\/wp\/v2\/media\/5066"}],"wp:attachment":[{"href":"https:\/\/anbanjia.com.cn\/de\/wp-json\/wp\/v2\/media?parent=13259"}],"wp:term":[{"taxonomy":"product_cat","embeddable":true,"href":"https:\/\/anbanjia.com.cn\/de\/wp-json\/wp\/v2\/product_cat?post=13259"},{"taxonomy":"product_tag","embeddable":true,"href":"https:\/\/anbanjia.com.cn\/de\/wp-json\/wp\/v2\/product_tag?post=13259"}],"curies":[{"name":"wp","href":"https:\/\/api.w.org\/{rel}","templated":true}]}}