{"id":13242,"date":"2022-05-02T18:02:23","date_gmt":"2022-05-02T18:02:23","guid":{"rendered":"https:\/\/www.anbanjia.com.cn\/product\/aeltere-rehabilitationstrainingsgeraete-gehstuhl-schlaganfall-hemiplegie-untere-extremitaeten-walker\/"},"modified":"2022-05-02T18:02:23","modified_gmt":"2022-05-02T18:02:23","slug":"senioren-rehabilitation-trainingsgerate-laufstuhl-schlaganfall-hemiplegie-untere-gliedmasen-walker","status":"publish","type":"product","link":"https:\/\/anbanjia.com.cn\/de\/produkt\/senioren-rehabilitation-trainingsgerate-laufstuhl-schlaganfall-hemiplegie-untere-gliedmasen-walker\/","title":{"rendered":"\u00c4ltere Rehabilitationstrainingsger\u00e4te Gehstuhl Schlaganfall Hemiplegie Untere Extremit\u00e4ten Walker"},"content":{"rendered":"<div style=\"max-width: 750px; margin: 0 auto;\">\n<div id=\"detail_decorate_root\" data-magic-global=\"%7B%22bizId%22%3A3215165050%2C%22pageId%22%3A21002055253%2C%22siteId%22%3A5005610021%7D\">\n<div class=\"J_module\">\n<div class=\"detail-decorate-json-renderer-container\">\n<div class=\"magic-0\">\n<h3 class=\"magic-1\"><\/h3>\n<div class=\"magic-2\">\n<div class=\"magic-3\">\n<div class=\"magic-4\">\n<div class=\"magic-5\"><b><span class=\"magic-6\">\u00c4ltere Rehabilitationstrainingsger\u00e4te Gehstuhl Schlaganfall Hemiplegie Untere Extremit\u00e4ten Walker<\/span><\/b><\/div>\n<\/div>\n<\/div>\n<\/div>\n<\/div>\n<\/div>\n<\/div>\n<div class=\"J_module\">\n<div class=\"icbu-pc-images magic-7\">\n<div>\n<div class=\"flex-layout-h\">\n<div class=\"flex-layout-v magic-8\">\n<div class=\"magic-9\"><img decoding=\"async\" class=\"magic-10\" style=\"max-width: 750;\" src=\"https:\/\/anbanjia.com.cn\/wp-content\/uploads\/2022\/05\/H3ca1f7698ca44715ae1fac1b3a6b8e2dl.jpg\" data-src=\"\"><\/div>\n<\/div>\n<div class=\"text-wrapper magic-11\">\n<div class=\"text-wrapper-right text-theme-light text-align-left\">\n<div class=\"text-title\">\n<div><span class=\"magic-6\"> <\/span><\/div>\n<p><span class=\"magic-6\">Einzelheiten<\/span><\/p>\n<\/div>\n<div class=\"text-content\">Produktgewicht: 18 kg<br \/>\nLagergewicht: 100kg<br \/>\nAnwendbare H\u00f6he: 150-180 cm<br \/>\nFunktion 1: Rollover verhindern<br \/>\nFunktion 2: Backflip verhindern<br \/>\nAnzahl der R\u00e4der: 8<br \/>\nRadtyp: Universalrad<br \/>\nZubeh\u00f6r: Handbremse, Stehbrett, Sitzbrett,<br \/>\nEinstellbare Breite: 30-40 cm<br \/>\nH\u00f6henverstellbar: 150-180cm<\/div>\n<div>\n<div class=\"magic-5\"><b><span class=\"magic-13\" data-spm-anchor-id=\"a2700.details.0.i27.24a46a16pVWl2q\">Insgesamt haben 4 Modelle, haben M\u00e4nner \/ Frauen-Stil, Frauen-Stil + Handbremse, M\u00e4nner-Stil + Handbremse k\u00f6nnen w\u00e4hlen.<\/span><\/b><\/div>\n<div class=\"magic-5\"><b><span class=\"magic-13\">Dies ist das Detail dar\u00fcber, Sie k\u00f6nnen es \u00fcberpr\u00fcfen.<\/span><\/b><\/div>\n<div>\n<div class=\"magic-5\"><b><span class=\"magic-13\">Wenn Sie Fragen haben, wenden Sie sich bitte an den Verk\u00e4ufer oder WhatsApp: +86 13246918260.<\/span><\/b><\/div>\n<div><img decoding=\"async\" src=\"https:\/\/s.alicdn.com\/@sc04\/kf\/H314ef3daec6048f28dc0cfa676eaef89v\/230438700\/H314ef3daec6048f28dc0cfa676eaef89v.jpg?quality=close\"><img decoding=\"async\" src=\"https:\/\/s.alicdn.com\/@sc04\/kf\/H7197e95cfa4a4adc9f3b7786f8614695Q\/230438700\/H7197e95cfa4a4adc9f3b7786f8614695Q.jpg?quality=close\"><img decoding=\"async\" src=\"https:\/\/s.alicdn.com\/@sc04\/kf\/Hf9eed67ef2a04a728da1cf85abc92833r\/230438700\/Hf9eed67ef2a04a728da1cf85abc92833r.jpg?quality=close\"><img decoding=\"async\" src=\"https:\/\/s.alicdn.com\/@sc04\/kf\/H3ca1f7698ca44715ae1fac1b3a6b8e2dl\/230438700\/H3ca1f7698ca44715ae1fac1b3a6b8e2dl.jpg?quality=close\"><img decoding=\"async\" src=\"https:\/\/s.alicdn.com\/@sc04\/kf\/Hff7f890b61da43219f5f7ab2b0309580v\/230438700\/Hff7f890b61da43219f5f7ab2b0309580v.png?quality=close\"><img decoding=\"async\" src=\"https:\/\/s.alicdn.com\/@sc04\/kf\/Hd99c2698d0d74ec5a1559f95669fb2ccC\/230438700\/Hd99c2698d0d74ec5a1559f95669fb2ccC.png?quality=close\"><img decoding=\"async\" src=\"https:\/\/s.alicdn.com\/@sc04\/kf\/H03d43b754dac4995ad2a52918e589260Q\/230438700\/H03d43b754dac4995ad2a52918e589260Q.png?quality=close\"><img decoding=\"async\" src=\"https:\/\/s.alicdn.com\/@sc04\/kf\/H37a6730423294d1990de467eef8eabe7s\/230438700\/H37a6730423294d1990de467eef8eabe7s.png?quality=close\"><img decoding=\"async\" src=\"https:\/\/s.alicdn.com\/@sc04\/kf\/H2689996226fe45b38b313208ea757c08p\/230438700\/H2689996226fe45b38b313208ea757c08p.png?quality=close\"><img decoding=\"async\" src=\"https:\/\/s.alicdn.com\/@sc04\/kf\/He6074c54f8f74a0bbca8b779a732bdedp\/230438700\/He6074c54f8f74a0bbca8b779a732bdedp.png?quality=close\"><img decoding=\"async\" src=\"https:\/\/s.alicdn.com\/@sc04\/kf\/Hd3af12db2e6043329521b561a6ecdfca9\/230438700\/Hd3af12db2e6043329521b561a6ecdfca9.png?quality=close\"><img decoding=\"async\" src=\"https:\/\/s.alicdn.com\/@sc04\/kf\/Hea94d9de825045f5a7ac81e7821004fai\/230438700\/Hea94d9de825045f5a7ac81e7821004fai.png?quality=close\"><img decoding=\"async\" src=\"https:\/\/s.alicdn.com\/@sc04\/kf\/Hbe6b7c412c2f4521aeee6b7df7d0b199y\/230438700\/Hbe6b7c412c2f4521aeee6b7df7d0b199y.png?quality=close\"><\/p>\n<p class=\"magic-25\"><span style=\"font-family: Arial, Helvetica; font-size: large;\">Als professioneller und f\u00fchrender Anbieter medizinischer Ger\u00e4te bietet ABJ der Mehrheit der Kunden viele hochwertige Rollstuhlprodukte, die ihre Anforderungen erf\u00fcllen.<br \/>\n<\/span><\/p>\n<p class=\"magic-25\" data-spm-anchor-id=\"a2700.details.0.i41.24a46a16pVWl2q\"><span style=\"font-family: Arial, Helvetica; font-size: large;\">Alle Produkte werden vor dem Versand von uns sehr sorgf\u00e4ltig gepr\u00fcft.<br \/>\nWir bieten Kunden schnelle Lieferung, angemessenen Preis, hohe Qualit\u00e4t und langfristige Dienstleistungen.<\/span><img decoding=\"async\" src=\"https:\/\/s.alicdn.com\/@sc01\/kf\/H3d43ab43a0f24fc7886a50fee5674fd4U\/230438700\/H3d43ab43a0f24fc7886a50fee5674fd4U.jpg?quality=close\"><img decoding=\"async\" src=\"https:\/\/s.alicdn.com\/@sc01\/kf\/HTB1xs6Ud.D.BuNjt_h7q6yNDVXat\/230438700\/HTB1xs6Ud.D.BuNjt_h7q6yNDVXat.jpg?quality=close\"><img decoding=\"async\" src=\"https:\/\/s.alicdn.com\/@sc01\/kf\/HTB1aUsdKqmWBuNjy1Xaq6xCbXXag\/230438700\/HTB1aUsdKqmWBuNjy1Xaq6xCbXXag.jpg?quality=close\">\u00dcber uns:<br \/>\n1. mehr auftrag, mehr rabatt, konkurrenzf\u00e4higer preis!<br \/>\n2.Willkommen, um mit uns in Verbindung zu treten, um einen besseren Preis zu erhalten!<br \/>\n3.Guter Service, schnelle Lieferung, und wir sind es wert, vertraut zu werden.<br \/>\n4.Wir k\u00f6nnen garantieren, dass Sie mit unseren Produkten zufrieden sein werden.<br \/>\n5. Wir behandeln Kunden wie Freunde und bieten Ihnen einen beachtlichen Service.<img decoding=\"async\" src=\"https:\/\/s.alicdn.com\/@sc04\/kf\/H93885e11d689481f816b6141abacda0fx\/230438700\/H93885e11d689481f816b6141abacda0fx.png?quality=close\"><\/p>\n<\/div>\n<\/div>\n<\/div>\n<\/div>\n<\/div>\n<\/div>\n<\/div>\n<\/div>\n<\/div>\n<\/div>\n<\/div>\n","protected":false},"excerpt":{"rendered":"<p>&nbsp;<\/p>\n<div style=\"width: auto;\">\n<div style=\"min-width: 300px; max-width: 300px; word-wrap: break-word; float: left;\">Eigenschaften: Zubeh\u00f6r f\u00fcr die Rehabilitationstherapie<\/div>\n<div style=\"min-width: 300px; max-width: 300px; word-wrap: break-word; float: left;\">Herkunftsort: Guangdong, China<\/div>\n<\/div>\n<div style=\"width: auto;\">\n<div style=\"min-width: 300px; max-width: 300px; word-wrap: break-word; float: left;\">Markenname: Anbanjia<\/div>\n<div style=\"min-width: 300px; max-width: 300px; word-wrap: break-word; float: left;\">Modellnummer: N31<\/div>\n<\/div>\n<div style=\"width: auto;\">\n<div style=\"min-width: 300px; max-width: 300px; word-wrap: break-word; float: left;\">Typ: Badezimmer-Sicherheitsausr\u00fcstung<\/div>\n<div style=\"min-width: 300px; max-width: 300px; word-wrap: break-word; float: left;\">Produktgewicht: 18 kg<\/div>\n<\/div>\n<div style=\"width: auto;\">\n<div style=\"min-width: 300px; max-width: 300px; word-wrap: break-word; float: left;\">Lagergewicht: 100kg<\/div>\n<div style=\"min-width: 300px; max-width: 300px; word-wrap: break-word; float: left;\">Anwendbare H\u00f6he: 150-180 cm<\/div>\n<\/div>\n<div style=\"width: auto;\">\n<div style=\"min-width: 300px; max-width: 300px; word-wrap: break-word; float: left;\">Anzahl der R\u00e4der: 8 Zoll<\/div>\n<div style=\"min-width: 300px; max-width: 300px; word-wrap: break-word; float: left;\">Radtyp: Universalrad<\/div>\n<\/div>\n<div style=\"width: auto;\">\n<div style=\"min-width: 300px; max-width: 300px; word-wrap: break-word; float: left;\">Zubeh\u00f6r: Handbremse, Stehbrett, Sitzbrett<\/div>\n<div style=\"min-width: 300px; max-width: 300px; word-wrap: break-word; float: left;\">Einstellbare Breite: 30-40 cm<\/div>\n<\/div>\n<div style=\"width: auto;\">\n<div style=\"min-width: 300px; max-width: 300px; word-wrap: break-word; float: left;\">H\u00f6henverstellbar: 150-180 cm<\/div>\n<div style=\"min-width: 300px; max-width: 300px; word-wrap: break-word; float: left;\">Funktion 1: Rollover verhindern<\/div>\n<\/div>\n","protected":false},"featured_media":12712,"comment_status":"closed","ping_status":"closed","template":"","meta":[],"product_cat":[160],"product_tag":[],"class_list":["post-13242","product","type-product","status-publish","has-post-thumbnail","hentry","product_cat-reha-stehmaschine"],"_links":{"self":[{"href":"https:\/\/anbanjia.com.cn\/de\/wp-json\/wp\/v2\/product\/13242","targetHints":{"allow":["GET"]}}],"collection":[{"href":"https:\/\/anbanjia.com.cn\/de\/wp-json\/wp\/v2\/product"}],"about":[{"href":"https:\/\/anbanjia.com.cn\/de\/wp-json\/wp\/v2\/types\/product"}],"replies":[{"embeddable":true,"href":"https:\/\/anbanjia.com.cn\/de\/wp-json\/wp\/v2\/comments?post=13242"}],"wp:featuredmedia":[{"embeddable":true,"href":"https:\/\/anbanjia.com.cn\/de\/wp-json\/wp\/v2\/media\/12712"}],"wp:attachment":[{"href":"https:\/\/anbanjia.com.cn\/de\/wp-json\/wp\/v2\/media?parent=13242"}],"wp:term":[{"taxonomy":"product_cat","embeddable":true,"href":"https:\/\/anbanjia.com.cn\/de\/wp-json\/wp\/v2\/product_cat?post=13242"},{"taxonomy":"product_tag","embeddable":true,"href":"https:\/\/anbanjia.com.cn\/de\/wp-json\/wp\/v2\/product_tag?post=13242"}],"curies":[{"name":"wp","href":"https:\/\/api.w.org\/{rel}","templated":true}]}}