{"id":13228,"date":"2022-05-02T18:02:18","date_gmt":"2022-05-02T18:02:18","guid":{"rendered":"https:\/\/www.anbanjia.com.cn\/product\/neue-engels-liebes-krankenhaus-uhr-tragbare-krankenschwester-uhr-fuer-krankenhaus\/"},"modified":"2022-05-02T18:02:18","modified_gmt":"2022-05-02T18:02:18","slug":"new-angel-love-krankenhausuhr-tragbare-krankenschwesteruhr-fur-krankenhaus","status":"publish","type":"product","link":"https:\/\/anbanjia.com.cn\/de\/produkt\/new-angel-love-krankenhausuhr-tragbare-krankenschwesteruhr-fur-krankenhaus\/","title":{"rendered":"Neue Engels-Liebes-Krankenhaus-Uhr-tragbare Krankenschwester-Uhr f\u00fcr Krankenhaus"},"content":{"rendered":"<div style=\"max-width: 750px; margin: 0 auto;\">\n<div id=\"detail_decorate_root\" data-magic-global=\"%7B%22bizId%22%3A3215165050%2C%22pageId%22%3A21028196245%2C%22siteId%22%3A5005610021%7D\">\n<div class=\"J_module\">\n<div class=\"detail-decorate-json-renderer-container\">\n<div class=\"magic-2\">\n<div class=\"magic-3\">\n<div class=\"magic-4\">\n<div class=\"magic-5\">\n<div class=\"magic-6\"><b><span class=\"magic-7\">Neue Engels-Liebes-Krankenhaus-Uhr-tragbare Krankenschwester-Uhr f\u00fcr Krankenhaus <\/span><\/b><\/div>\n<\/div>\n<\/div>\n<\/div>\n<\/div>\n<\/div>\n<\/div>\n<div class=\"J_module\">\n<div class=\"icbu-pc-images magic-8\">\n<div class=\"flex-layout-h\">\n<div class=\"flex-layout-v magic-9\">\n<div class=\"magic-10\"><img decoding=\"async\" class=\"magic-11\" style=\"max-width: 750;\" src=\"https:\/\/anbanjia.com.cn\/wp-content\/uploads\/2022\/05\/Hae9bd924fa3a4ea4882990cbb025aa6c9.jpg\" data-src=\"\"><\/div>\n<\/div>\n<div class=\"text-wrapper magic-12\">\n<div class=\"text-wrapper-right text-theme-light text-align-left\">\n<div class=\"text-title\">Farbe :<\/div>\n<div class=\"text-content\">\n<div>Es k\u00f6nnen mehrere Farben ausgew\u00e4hlt werden.<\/div>\n<div><\/div>\n<div><\/div>\n<div><b>LOGO anpassen<\/b><\/div>\n<div>Wenn Sie Anpassungen ben\u00f6tigen, k\u00f6nnen Sie sich an den Verk\u00e4ufer wenden, um weitere Informationen zu erhalten.<\/div>\n<div><\/div>\n<div><\/div>\n<div><b>Kontakt :<\/b><\/div>\n<div>Wenn Sie Fragen haben, k\u00f6nnen Sie den Verk\u00e4ufer per WhatsApp kontaktieren. damit sie dir bald antworten kann, whatsapp: +86 13246918260, danke.<\/div>\n<div><img decoding=\"async\" src=\"https:\/\/s.alicdn.com\/@sc04\/kf\/H3e6cc2f357a64f0d8785cb8b2dee11f36\/230438700\/H3e6cc2f357a64f0d8785cb8b2dee11f36.jpg?quality=close\"><\/div>\n<div><img decoding=\"async\" src=\"https:\/\/s.alicdn.com\/@sc04\/kf\/Hf0456fbd95ff4fbbb1f5751c98af122dq\/230438700\/Hf0456fbd95ff4fbbb1f5751c98af122dq.jpg?quality=close\"><\/div>\n<div><img decoding=\"async\" src=\"https:\/\/s.alicdn.com\/@sc04\/kf\/H6090ba2fbf7b44a3a7e1afda12a45c82e\/230438700\/H6090ba2fbf7b44a3a7e1afda12a45c82e.jpg?quality=close\"><\/div>\n<div><img decoding=\"async\" src=\"https:\/\/s.alicdn.com\/@sc04\/kf\/H9750af0cb99e4c84802afb3687f8fa9dc\/230438700\/H9750af0cb99e4c84802afb3687f8fa9dc.jpg?quality=close\"><\/div>\n<div><img decoding=\"async\" src=\"https:\/\/s.alicdn.com\/@sc04\/kf\/H10f8023813d349f29c0f6e28f4a9df16K\/230438700\/H10f8023813d349f29c0f6e28f4a9df16K.jpg?quality=close\"><\/div>\n<div><img decoding=\"async\" src=\"https:\/\/s.alicdn.com\/@sc04\/kf\/H7b123d42a2524167a13609c667dc0cec8\/230438700\/H7b123d42a2524167a13609c667dc0cec8.jpg?quality=close\"><\/div>\n<div><img decoding=\"async\" src=\"https:\/\/s.alicdn.com\/@sc04\/kf\/H9bb74ef1bae54bdab040e3cdf30ede67r\/230438700\/H9bb74ef1bae54bdab040e3cdf30ede67r.jpg?quality=close\"><\/div>\n<div><img decoding=\"async\" src=\"https:\/\/s.alicdn.com\/@sc04\/kf\/H601180551baa454995eb9ad4159d42813\/230438700\/H601180551baa454995eb9ad4159d42813.jpg?quality=close\"><\/div>\n<div><img decoding=\"async\" src=\"https:\/\/s.alicdn.com\/@sc04\/kf\/H3f1b2e5a49564c10af868fc1dd6c6b72R\/230438700\/H3f1b2e5a49564c10af868fc1dd6c6b72R.png?quality=close\"><\/div>\n<\/div>\n<\/div>\n<\/div>\n<\/div>\n<\/div>\n<\/div>\n<\/div>\n<\/div>\n","protected":false},"excerpt":{"rendered":"<p>&nbsp;<\/p>\n<div style=\"width: auto;\">\n<div style=\"min-width: 300px; max-width: 300px; word-wrap: break-word; float: left;\">Wasserbest\u00e4ndigkeitstiefe: Nicht wasserdicht<\/div>\n<div style=\"min-width: 300px; max-width: 300px; word-wrap: break-word; float: left;\">Herkunftsort: China<\/div>\n<\/div>\n<div style=\"width: auto;\">\n<div style=\"min-width: 300px; max-width: 300px; word-wrap: break-word; float: left;\">Material: Zinklegierung<\/div>\n<div style=\"min-width: 300px; max-width: 300px; word-wrap: break-word; float: left;\">Modell: m820<\/div>\n<\/div>\n<div style=\"width: auto;\">\n<div style=\"min-width: 300px; max-width: 300px; word-wrap: break-word; float: left;\">Nettogewicht: 23 g<\/div>\n<div style=\"min-width: 300px; max-width: 300px; word-wrap: break-word; float: left;\">Bruttogewicht: 30 g<\/div>\n<\/div>\n<div style=\"width: auto;\">\n<div style=\"min-width: 300px; max-width: 300px; word-wrap: break-word; float: left;\">Eigenschaften:Clip<\/div>\n<div style=\"min-width: 300px; max-width: 300px; word-wrap: break-word; float: left;\">Gr\u00f6\u00dfe: 92 * 40 * 7,5 mm<\/div>\n<\/div>\n<div style=\"width: auto;\">\n<div style=\"min-width: 300px; max-width: 300px; word-wrap: break-word; float: left;\">Uhrenbreite: 26 mm<\/div>\n<div style=\"min-width: 300px; max-width: 300px; word-wrap: break-word; float: left;\">Verpackung: 10,5 x 4,0 x 2 cm<\/div>\n<\/div>\n<div>Kundenspezifische Verpackung (Mindestbestellmenge: 500 St\u00fcck)<\/div>\n","protected":false},"featured_media":4916,"comment_status":"closed","ping_status":"closed","template":"","meta":[],"product_cat":[162],"product_tag":[],"class_list":["post-13228","product","type-product","status-publish","has-post-thumbnail","hentry","product_cat-krankenschwester-uhr"],"_links":{"self":[{"href":"https:\/\/anbanjia.com.cn\/de\/wp-json\/wp\/v2\/product\/13228","targetHints":{"allow":["GET"]}}],"collection":[{"href":"https:\/\/anbanjia.com.cn\/de\/wp-json\/wp\/v2\/product"}],"about":[{"href":"https:\/\/anbanjia.com.cn\/de\/wp-json\/wp\/v2\/types\/product"}],"replies":[{"embeddable":true,"href":"https:\/\/anbanjia.com.cn\/de\/wp-json\/wp\/v2\/comments?post=13228"}],"wp:featuredmedia":[{"embeddable":true,"href":"https:\/\/anbanjia.com.cn\/de\/wp-json\/wp\/v2\/media\/4916"}],"wp:attachment":[{"href":"https:\/\/anbanjia.com.cn\/de\/wp-json\/wp\/v2\/media?parent=13228"}],"wp:term":[{"taxonomy":"product_cat","embeddable":true,"href":"https:\/\/anbanjia.com.cn\/de\/wp-json\/wp\/v2\/product_cat?post=13228"},{"taxonomy":"product_tag","embeddable":true,"href":"https:\/\/anbanjia.com.cn\/de\/wp-json\/wp\/v2\/product_tag?post=13228"}],"curies":[{"name":"wp","href":"https:\/\/api.w.org\/{rel}","templated":true}]}}