{"id":13227,"date":"2022-05-02T18:02:18","date_gmt":"2022-05-02T18:02:18","guid":{"rendered":"https:\/\/www.anbanjia.com.cn\/product\/gynaekologische-mutterschaftsbettmoebel-geburtstisch-untersuchungsstuhl-fuer-mutterschaft\/"},"modified":"2022-05-02T18:02:18","modified_gmt":"2022-05-02T18:02:18","slug":"gynakologische-geburtshilfe-medizinische-bettenmobel-geburtshilfetisch-untersuchungsstuhl-fur-mutterschaft","status":"publish","type":"product","link":"https:\/\/anbanjia.com.cn\/de\/produkt\/gynakologische-geburtshilfe-medizinische-bettenmobel-geburtshilfetisch-untersuchungsstuhl-fur-mutterschaft\/","title":{"rendered":"Gyn\u00e4kologische Mutterschaftsbettm\u00f6bel Geburtstisch Untersuchungsstuhl f\u00fcr Mutterschaft"},"content":{"rendered":"<div style=\"max-width: 750px; margin: 0 auto;\">\n<div id=\"ali-anchor-AliPostDhMb-29lc6\" style=\"padding-top: 8px;\" data-section=\"AliPostDhMb-29lc6\" data-section-title=\"Product Details\">\n<div id=\"ali-title-AliPostDhMb-29lc6\" style=\"padding: 8px 0; border-bottom: 1px solid #ddd;\"><span style=\"background-color: #ddd; color: #333; font-weight: bold; padding: 8px 10px; line-height: 12px;\">Produktdetails<\/span><\/div>\n<div style=\"padding: 10px 0;\">\n<p><img decoding=\"async\" style=\"max-width: 750;\" src=\"https:\/\/anbanjia.com.cn\/wp-content\/uploads\/2022\/05\/HTB1pKcVSpXXXXa8XXXXq6xXFXXXs-2.jpg\" data-alt=\"Gynaecological maternity medical bed furniture obstetric table Examination Chair For Maternity\" data-src=\"\"><\/p>\n<p style=\"text-align: center;\"><span style=\"color: #ff0000; font-size: 24px;\"><strong>Wenn Sie Fragen haben, wenden Sie sich bitte an den Verk\u00e4ufer<\/strong><\/span><\/p>\n<p style=\"text-align: center;\"><span style=\"color: #0000ff;\"><strong><span style=\"font-size: 24px;\">Medizinisches Geburtsbett<img decoding=\"async\" src=\"https:\/\/s.alicdn.com\/@sc02\/kf\/HTB1xbynbyzxK1RjSspjq6AS.pXaI\/230438700\/HTB1xbynbyzxK1RjSspjq6AS.pXaI.jpg?quality=close\" alt=\"Gynaecological maternity medical bed furniture obstetric table Examination Chair For Maternity\"><img decoding=\"async\" src=\"https:\/\/s.alicdn.com\/@sc02\/kf\/HTB1FOimbyzxK1RjSspjq6AS.pXa1\/230438700\/HTB1FOimbyzxK1RjSspjq6AS.pXa1.jpg?quality=close\" alt=\"Gynaecological maternity medical bed furniture obstetric table Examination Chair For Maternity\"><\/span><\/strong><\/span><\/p>\n<p><img decoding=\"async\" src=\"https:\/\/anbanjia.com.cn\/wp-content\/uploads\/2022\/05\/HTB1HN5kbEvrK1RjSszfq6xJNVXaR.jpg\" data-alt=\"Gynaecological maternity medical bed furniture obstetric table Examination Chair For Maternity\" data-src=\"\"><img decoding=\"async\" src=\"https:\/\/anbanjia.com.cn\/wp-content\/uploads\/2022\/05\/HTB1zQembzDuK1RjSszdq6xGLpXa3.jpg\" data-alt=\"Gynaecological maternity medical bed furniture obstetric table Examination Chair For Maternity\" data-src=\"\"><img decoding=\"async\" src=\"https:\/\/s.alicdn.com\/@sc01\/kf\/HTB1N.O3JmzqK1RjSZFpq6ykSXXaQ\/230438700\/HTB1N.O3JmzqK1RjSZFpq6ykSXXaQ.jpg?quality=close\" alt=\"Gynaecological maternity medical bed furniture obstetric table Examination Chair For Maternity\"><img decoding=\"async\" src=\"https:\/\/s.alicdn.com\/@sc01\/kf\/HTB1N.O3JmzqK1RjSZFpq6ykSXXaQ\/230438700\/HTB1N.O3JmzqK1RjSZFpq6ykSXXaQ.jpg?quality=close\" alt=\"Gynaecological maternity medical bed furniture obstetric table Examination Chair For Maternity\"><\/p>\n<\/div>\n<\/div>\n<div id=\"ali-anchor-AliPostDhMb-a72c2\" style=\"padding-top: 8px;\" data-section=\"AliPostDhMb-a72c2\" data-section-title=\"Product Categories\">\n<div id=\"ali-title-AliPostDhMb-a72c2\" style=\"padding: 8px 0; border-bottom: 1px solid #ddd;\"><span style=\"background-color: #ddd; color: #333; font-weight: bold; padding: 8px 10px; line-height: 12px;\">Produktkategorien<\/span><\/div>\n<div style=\"padding: 10px 0;\">\n<p><a href=\"https:\/\/abj-medical.en.alibaba.com\/?spm=a2700.details.cordpanyb.1.5d1237ffx2FHZv\" target=\"_blank\" rel=\"noopener\"><img decoding=\"async\" src=\"https:\/\/anbanjia.com.cn\/wp-content\/uploads\/2022\/05\/HTB1cEOFa6zuK1RjSspeq6ziHVXah.jpg\" data-alt=\"Gynaecological maternity medical bed furniture obstetric table Examination Chair For Maternity\" data-src=\"\"><\/a><\/p>\n<p><img decoding=\"async\" src=\"https:\/\/anbanjia.com.cn\/wp-content\/uploads\/2022\/05\/HTB1E_8LXOLxK1Rjy0Ffq6zYdVXay.jpg\" data-alt=\"Gynaecological maternity medical bed furniture obstetric table Examination Chair For Maternity\" data-src=\"\"><\/p>\n<\/div>\n<\/div>\n<div id=\"ali-anchor-AliPostDhMb-prbth\" style=\"padding-top: 8px;\" data-section=\"AliPostDhMb-prbth\" data-section-title=\"company information\">\n<div id=\"ali-title-AliPostDhMb-prbth\" style=\"padding: 8px 0; border-bottom: 1px solid #ddd;\"><span style=\"background-color: #ddd; color: #333; font-weight: bold; padding: 8px 10px; line-height: 12px;\">Firmeninformation<\/span><\/div>\n<div style=\"padding: 10px 0;\">\n<p><img decoding=\"async\" src=\"https:\/\/anbanjia.com.cn\/wp-content\/uploads\/2022\/05\/HTB1MME3SpXXXXbJaXXXq6xXFXXXA-1.jpg\" data-alt=\"Gynaecological maternity medical bed furniture obstetric table Examination Chair For Maternity\" data-src=\"\"><\/p>\n<\/div>\n<\/div>\n<div id=\"ali-anchor-AliPostDhMb-74sem\" style=\"padding-top: 8px;\" data-section=\"AliPostDhMb-74sem\" data-section-title=\"certificate\">\n<div id=\"ali-title-AliPostDhMb-74sem\" style=\"padding: 8px 0; border-bottom: 1px solid #ddd;\"><span style=\"background-color: #ddd; color: #333; font-weight: bold; padding: 8px 10px; line-height: 12px;\">Zertifikat<\/span><\/div>\n<div style=\"padding: 10px 0;\">\n<p><img decoding=\"async\" src=\"https:\/\/anbanjia.com.cn\/wp-content\/uploads\/2022\/05\/HTB1Z1olSpXXXXctXXXXq6xXFXXXu-1.jpg\" data-alt=\"Gynaecological maternity medical bed furniture obstetric table Examination Chair For Maternity\" data-src=\"\"><\/p>\n<\/div>\n<\/div>\n<div id=\"ali-anchor-AliPostDhMb-g9ro9\" style=\"padding-top: 8px;\" data-section=\"AliPostDhMb-g9ro9\" data-section-title=\"produce &amp; payment\">\n<div id=\"ali-title-AliPostDhMb-g9ro9\" style=\"padding: 8px 0; border-bottom: 1px solid #ddd;\"><span style=\"background-color: #ddd; color: #333; font-weight: bold; padding: 8px 10px; line-height: 12px;\">produzieren &amp; bezahlen<\/span><\/div>\n<div style=\"padding: 10px 0;\">\n<p><img decoding=\"async\" src=\"https:\/\/anbanjia.com.cn\/wp-content\/uploads\/2022\/05\/HTB1LlvUSpXXXXbJXVXXq6xXFXXXf-1.jpg\" data-alt=\"Gynaecological maternity medical bed furniture obstetric table Examination Chair For Maternity\" data-src=\"\"><img decoding=\"async\" src=\"https:\/\/anbanjia.com.cn\/wp-content\/uploads\/2022\/05\/HTB1O0UfSpXXXXaRXpXXq6xXFXXXA.jpg\" data-alt=\"Gynaecological maternity medical bed furniture obstetric table Examination Chair For Maternity\" data-src=\"\"> <img decoding=\"async\" src=\"https:\/\/anbanjia.com.cn\/wp-content\/uploads\/2022\/05\/HTB1_5oxSpXXXXcFXFXXq6xXFXXXt.jpg\" data-src=\"\"><\/p>\n<\/div>\n<\/div>\n<div id=\"ali-anchor-AliPostDhMb-ggims\" style=\"padding-top: 8px;\" data-section=\"AliPostDhMb-ggims\" data-section-title=\"Home\">\n<div style=\"padding: 10px 0;\">\n<p>&nbsp;<\/p>\n<\/div>\n<\/div>\n<\/div>\n","protected":false},"excerpt":{"rendered":"<p>&nbsp;<\/p>\n<div style=\"width: auto;\">\n<div style=\"min-width: 300px; max-width: 300px; word-wrap: break-word; float: left;\">Eigenschaften: Zubeh\u00f6r f\u00fcr die Rehabilitationstherapie<\/div>\n<div style=\"min-width: 300px; max-width: 300px; word-wrap: break-word; float: left;\">Herkunftsort: Guangdong, China<\/div>\n<\/div>\n<div style=\"width: auto;\">\n<div style=\"min-width: 300px; max-width: 300px; word-wrap: break-word; float: left;\">Markenname: Anbanjia\/OEM<\/div>\n<div style=\"min-width: 300px; max-width: 300px; word-wrap: break-word; float: left;\">Modellnummer: ABJ-HX5<\/div>\n<\/div>\n<div style=\"width: auto;\">\n<div style=\"min-width: 300px; max-width: 300px; word-wrap: break-word; float: left;\">Typ: Rollstuhl<\/div>\n<div style=\"min-width: 300px; max-width: 300px; word-wrap: break-word; float: left;\">Material: Edelstahl<\/div>\n<\/div>\n<div style=\"width: auto;\">\n<div style=\"min-width: 300px; max-width: 300px; word-wrap: break-word; float: left;\">GR\u00d6SSE: 1850*600*800mm<\/div>\n<div style=\"min-width: 300px; max-width: 300px; word-wrap: break-word; float: left;\">Farbe: blau, rosa, schwarz<\/div>\n<\/div>\n","protected":false},"featured_media":12730,"comment_status":"closed","ping_status":"closed","template":"","meta":[],"product_cat":[167],"product_tag":[],"class_list":["post-13227","product","type-product","status-publish","has-post-thumbnail","hentry","product_cat-untersuchungsbett"],"_links":{"self":[{"href":"https:\/\/anbanjia.com.cn\/de\/wp-json\/wp\/v2\/product\/13227","targetHints":{"allow":["GET"]}}],"collection":[{"href":"https:\/\/anbanjia.com.cn\/de\/wp-json\/wp\/v2\/product"}],"about":[{"href":"https:\/\/anbanjia.com.cn\/de\/wp-json\/wp\/v2\/types\/product"}],"replies":[{"embeddable":true,"href":"https:\/\/anbanjia.com.cn\/de\/wp-json\/wp\/v2\/comments?post=13227"}],"wp:featuredmedia":[{"embeddable":true,"href":"https:\/\/anbanjia.com.cn\/de\/wp-json\/wp\/v2\/media\/12730"}],"wp:attachment":[{"href":"https:\/\/anbanjia.com.cn\/de\/wp-json\/wp\/v2\/media?parent=13227"}],"wp:term":[{"taxonomy":"product_cat","embeddable":true,"href":"https:\/\/anbanjia.com.cn\/de\/wp-json\/wp\/v2\/product_cat?post=13227"},{"taxonomy":"product_tag","embeddable":true,"href":"https:\/\/anbanjia.com.cn\/de\/wp-json\/wp\/v2\/product_tag?post=13227"}],"curies":[{"name":"wp","href":"https:\/\/api.w.org\/{rel}","templated":true}]}}