{"id":13223,"date":"2022-05-02T18:02:17","date_gmt":"2022-05-02T18:02:17","guid":{"rendered":"https:\/\/www.anbanjia.com.cn\/product\/silikon-krankenschwesteruhr-in-fabrikqualitaet-kann-benutzerdefiniertes-logo-modell-sein\/"},"modified":"2022-05-02T18:02:17","modified_gmt":"2022-05-02T18:02:17","slug":"fabrikqualitat-silikon-krankenschwester-uhr-kann-kundenspezifisches-logo-modell","status":"publish","type":"product","link":"https:\/\/anbanjia.com.cn\/de\/produkt\/fabrikqualitat-silikon-krankenschwester-uhr-kann-kundenspezifisches-logo-modell\/","title":{"rendered":"Silikon-Krankenschwesteruhr in Fabrikqualit\u00e4t kann benutzerdefiniertes Logo-Modell sein"},"content":{"rendered":"<div style=\"max-width: 750px; margin: 0 auto;\">\n<div id=\"detail_decorate_root\" data-magic-global=\"%7B%22bizId%22%3A3215165050%2C%22pageId%22%3A21001894991%2C%22siteId%22%3A5005610021%7D\">\n<div class=\"J_module\">\n<div class=\"detail-decorate-json-renderer-container\">\n<div class=\"magic-2\">\n<div class=\"magic-3\">\n<div class=\"magic-4\">\n<div class=\"magic-5\">\n<div class=\"magic-6\"><b><span class=\"magic-7\">Popul\u00e4re Art- und Weisenette Silikon-Krankenschwester-Uhr-einfache tragbare Uhr<\/span><\/b><\/div>\n<\/div>\n<\/div>\n<\/div>\n<\/div>\n<\/div>\n<\/div>\n<div class=\"J_module\">\n<div class=\"icbu-pc-images magic-8\">\n<div>\n<div class=\"flex-layout-h\">\n<div class=\"flex-layout-v magic-9\">\n<div class=\"magic-10\"><img decoding=\"async\" class=\"magic-11\" style=\"max-width: 750;\" src=\"https:\/\/anbanjia.com.cn\/wp-content\/uploads\/2022\/05\/H25526bc4167d448fad8cf3398ca6eb86v.jpg\" data-src=\"\"><\/div>\n<\/div>\n<div class=\"text-wrapper magic-12\">\n<div class=\"text-wrapper-right text-theme-light text-align-left\">\n<div class=\"text-title\">Farbe :<\/div>\n<div class=\"text-content\">\n<div>Es k\u00f6nnen mehrere Farben ausgew\u00e4hlt werden.<\/div>\n<div><\/div>\n<div><\/div>\n<div><b>LOGO anpassen<\/b><\/div>\n<div>Wenn Sie Anpassungen ben\u00f6tigen, k\u00f6nnen Sie sich an den Verk\u00e4ufer wenden, um weitere Informationen zu erhalten.<\/div>\n<div><\/div>\n<div><\/div>\n<div><b>Kontakt :<\/b><\/div>\n<div>Wenn Sie Fragen haben, k\u00f6nnen Sie den Verk\u00e4ufer per WhatsApp kontaktieren. damit sie dir bald antworten kann, whatsapp: +86 13246918260, danke.<\/div>\n<div><img decoding=\"async\" src=\"https:\/\/s.alicdn.com\/@sc04\/kf\/H6773b49165c64d59bc9311448cdf44de2\/230438700\/H6773b49165c64d59bc9311448cdf44de2.jpg?quality=close\"><\/div>\n<div><img decoding=\"async\" src=\"https:\/\/s.alicdn.com\/@sc04\/kf\/H97d67cc3534f4329baffa8db494e1859n\/230438700\/H97d67cc3534f4329baffa8db494e1859n.jpg?quality=close\"><\/div>\n<div><img decoding=\"async\" src=\"https:\/\/s.alicdn.com\/@sc04\/kf\/H02b91febf89545569ac42febaaff7a20X\/230438700\/H02b91febf89545569ac42febaaff7a20X.jpg?quality=close\"><\/div>\n<div><img decoding=\"async\" src=\"https:\/\/s.alicdn.com\/@sc04\/kf\/Hea130b83798044d1adaa5cd8e422ecdak\/230438700\/Hea130b83798044d1adaa5cd8e422ecdak.jpg?quality=close\"><\/div>\n<div><img decoding=\"async\" src=\"https:\/\/s.alicdn.com\/@sc04\/kf\/H87f5e4bb72a8491b8632ecd6032caefe7\/230438700\/H87f5e4bb72a8491b8632ecd6032caefe7.jpg?quality=close\"><\/div>\n<div><img decoding=\"async\" src=\"https:\/\/s.alicdn.com\/@sc04\/kf\/H96b397bab86c4f249001045608fc881bQ\/230438700\/H96b397bab86c4f249001045608fc881bQ.jpg?quality=close\"><\/div>\n<div><img decoding=\"async\" src=\"https:\/\/s.alicdn.com\/@sc04\/kf\/Hc670d57afea54422b94f02f5faa0c1a1u\/230438700\/Hc670d57afea54422b94f02f5faa0c1a1u.jpg?quality=close\"><\/div>\n<div><img decoding=\"async\" src=\"https:\/\/s.alicdn.com\/@sc04\/kf\/Hd35759bf301c46a793c053db47541f147\/230438700\/Hd35759bf301c46a793c053db47541f147.jpg?quality=close\"><\/div>\n<div><img decoding=\"async\" src=\"https:\/\/s.alicdn.com\/@sc04\/kf\/Hbee7d279ba284a0396e02140eb1ebf20C\/230438700\/Hbee7d279ba284a0396e02140eb1ebf20C.jpg?quality=close\"><\/div>\n<div><img decoding=\"async\" src=\"https:\/\/s.alicdn.com\/@sc04\/kf\/Hf209b786de3d41ed8440266b9649f2f9U\/230438700\/Hf209b786de3d41ed8440266b9649f2f9U.jpg?quality=close\"><\/div>\n<div><img decoding=\"async\" src=\"https:\/\/s.alicdn.com\/@sc04\/kf\/Hfb73c59da68d428ba7095a5d0b2d25f5T\/230438700\/Hfb73c59da68d428ba7095a5d0b2d25f5T.jpg?quality=close\"><\/div>\n<div><img decoding=\"async\" src=\"https:\/\/s.alicdn.com\/@sc04\/kf\/H61d6e17a2a694dbc91d500d3e9d3328ee\/230438700\/H61d6e17a2a694dbc91d500d3e9d3328ee.jpg?quality=close\"><\/div>\n<div><img decoding=\"async\" src=\"https:\/\/s.alicdn.com\/@sc04\/kf\/Hee5479d049634b498994bbd3c9ce4ac5o\/230438700\/Hee5479d049634b498994bbd3c9ce4ac5o.jpg?quality=close\"><\/div>\n<div><img decoding=\"async\" src=\"https:\/\/s.alicdn.com\/@sc04\/kf\/Ha5823e17078d476b830545bd19522305A\/230438700\/Ha5823e17078d476b830545bd19522305A.jpg?quality=close\"><\/div>\n<div><img decoding=\"async\" src=\"https:\/\/s.alicdn.com\/@sc04\/kf\/Hc7a970a1911244d7960b2c116adbcc59j\/230438700\/Hc7a970a1911244d7960b2c116adbcc59j.jpg?quality=close\"><\/div>\n<div><img decoding=\"async\" src=\"https:\/\/s.alicdn.com\/@sc04\/kf\/Hfd25570b9c4647dabe7aef048a70e02dC\/230438700\/Hfd25570b9c4647dabe7aef048a70e02dC.jpg?quality=close\"><\/div>\n<div><img decoding=\"async\" src=\"https:\/\/s.alicdn.com\/@sc04\/kf\/H61322f83b8534484a2f8851bf56c34bcP\/230438700\/H61322f83b8534484a2f8851bf56c34bcP.jpg?quality=close\"><\/div>\n<div><img decoding=\"async\" src=\"https:\/\/s.alicdn.com\/@sc04\/kf\/H80033d76707f442a8d13138718b4c518X\/230438700\/H80033d76707f442a8d13138718b4c518X.jpg?quality=close\"><\/div>\n<div><img decoding=\"async\" src=\"https:\/\/s.alicdn.com\/@sc04\/kf\/H5fc939e220db47d98e6c520146614f2eM\/230438700\/H5fc939e220db47d98e6c520146614f2eM.jpg?quality=close\"><\/div>\n<div><img decoding=\"async\" src=\"https:\/\/s.alicdn.com\/@sc04\/kf\/H3f1b2e5a49564c10af868fc1dd6c6b72R\/230438700\/H3f1b2e5a49564c10af868fc1dd6c6b72R.png?quality=close\"><\/div>\n<\/div>\n<\/div>\n<\/div>\n<\/div>\n<\/div>\n<\/div>\n<\/div>\n<\/div>\n<\/div>\n","protected":false},"excerpt":{"rendered":"<p>&nbsp;<\/p>\n<div style=\"width: auto;\">\n<div style=\"min-width: 300px; max-width: 300px; word-wrap: break-word; float: left;\">Wasserbest\u00e4ndigkeitstiefe: Nicht wasserdicht, nicht wasserdicht<\/div>\n<div style=\"min-width: 300px; max-width: 300px; word-wrap: break-word; float: left;\">Herkunftsort: China<\/div>\n<\/div>\n<div style=\"width: auto;\">\n<div style=\"min-width: 300px; max-width: 300px; word-wrap: break-word; float: left;\">Material: Silikon<\/div>\n<div style=\"min-width: 300px; max-width: 300px; word-wrap: break-word; float: left;\">Durchmesser: 28 mm<\/div>\n<\/div>\n<div style=\"width: auto;\">\n<div style=\"min-width: 300px; max-width: 300px; word-wrap: break-word; float: left;\">Dicke: 10,5 mm<\/div>\n<div style=\"min-width: 300px; max-width: 300px; word-wrap: break-word; float: left;\">Gr\u00f6\u00dfe: 4 * 4 * 8,5 cm<\/div>\n<\/div>\n<div style=\"width: auto;\">\n<div style=\"min-width: 300px; max-width: 300px; word-wrap: break-word; float: left;\">Gewicht: 20 g<\/div>\n<div style=\"min-width: 300px; max-width: 300px; word-wrap: break-word; float: left;\">Karton: 40*30*23 cm<\/div>\n<\/div>\n<div style=\"width: auto;\">\n<div style=\"min-width: 300px; max-width: 300px; word-wrap: break-word; float: left;\">Menge: 600 St\u00fcck\/Karton<\/div>\n<div style=\"min-width: 300px; max-width: 300px; word-wrap: break-word; float: left;\">Mindestbestellmenge: 100 Stk<\/div>\n<\/div>\n<div>Kundenspezifisches Logo (Mindestbestellmenge: 1000 St\u00fcck)<\/div>\n<div>Kundenspezifische Verpackung (Mindestbestellmenge: 1000 St\u00fcck)<\/div>\n","protected":false},"featured_media":12732,"comment_status":"closed","ping_status":"closed","template":"","meta":[],"product_cat":[162],"product_tag":[],"class_list":["post-13223","product","type-product","status-publish","has-post-thumbnail","hentry","product_cat-krankenschwester-uhr"],"_links":{"self":[{"href":"https:\/\/anbanjia.com.cn\/de\/wp-json\/wp\/v2\/product\/13223","targetHints":{"allow":["GET"]}}],"collection":[{"href":"https:\/\/anbanjia.com.cn\/de\/wp-json\/wp\/v2\/product"}],"about":[{"href":"https:\/\/anbanjia.com.cn\/de\/wp-json\/wp\/v2\/types\/product"}],"replies":[{"embeddable":true,"href":"https:\/\/anbanjia.com.cn\/de\/wp-json\/wp\/v2\/comments?post=13223"}],"wp:featuredmedia":[{"embeddable":true,"href":"https:\/\/anbanjia.com.cn\/de\/wp-json\/wp\/v2\/media\/12732"}],"wp:attachment":[{"href":"https:\/\/anbanjia.com.cn\/de\/wp-json\/wp\/v2\/media?parent=13223"}],"wp:term":[{"taxonomy":"product_cat","embeddable":true,"href":"https:\/\/anbanjia.com.cn\/de\/wp-json\/wp\/v2\/product_cat?post=13223"},{"taxonomy":"product_tag","embeddable":true,"href":"https:\/\/anbanjia.com.cn\/de\/wp-json\/wp\/v2\/product_tag?post=13223"}],"curies":[{"name":"wp","href":"https:\/\/api.w.org\/{rel}","templated":true}]}}