{"id":13222,"date":"2022-05-02T18:02:22","date_gmt":"2022-05-02T18:02:22","guid":{"rendered":"https:\/\/www.anbanjia.com.cn\/product\/hemiplegia-walker-standrahmen-fuer-erwachsene-stehrahmen-mit-raedern-fuer-rehabilitationstraining-der-unteren-extremitaeten\/"},"modified":"2022-05-02T18:02:22","modified_gmt":"2022-05-02T18:02:22","slug":"halbseitenlahmung-walker-standrahmen-erwachsener-stehrahmen-mit-fahrradern-untere-extremitaten-rehabilitationstraining","status":"publish","type":"product","link":"https:\/\/anbanjia.com.cn\/de\/produkt\/halbseitenlahmung-walker-standrahmen-erwachsener-stehrahmen-mit-fahrradern-untere-extremitaten-rehabilitationstraining\/","title":{"rendered":"Hemiplegia Walker Standrahmen f\u00fcr Erwachsene Stehrahmen mit R\u00e4dern f\u00fcr Rehabilitationstraining der unteren Extremit\u00e4ten"},"content":{"rendered":"<div style=\"max-width: 750px;margin: 0 auto;\">\n<div class=\"mceSectionContainer\" data-section=\"AliPostDhMb-jaad0\" data-section-title=\"Product Details\" id=\"ali-anchor-AliPostDhMb-jaad0\" style=\"padding-top: 8px;\">\n<div id=\"ali-title-AliPostDhMb-jaad0\" style=\"padding: 8px 0; border-bottom: 1px solid #ddd;\"><span style=\"background-color: #ddd; color: #333; font-weight: bold; padding: 8px 10px; line-height: 12px;\">Produktdetails<\/span><\/div>\n<div style=\"padding: 10px 0;\">\n<table border=\"1\" style=\"border-collapse: collapse; border-style: solid; background-color: #ffffff; width: 80%;\">\n<tbody>\n<tr>\n<td style=\"text-align: center;\"><strong><span style=\"font-size: 18px;\">Produktgewicht<\/span><\/strong><\/td>\n<td style=\"text-align: center;\"><strong><span style=\"font-size: 18px;\">18kg<\/span><\/strong><\/td>\n<\/tr>\n<tr>\n<td style=\"text-align: center;\"><strong><span style=\"font-size: 18px;\">Lagergewicht<\/span><\/strong><\/td>\n<td style=\"text-align: center;\"><strong><span style=\"font-size: 18px;\">100kg<\/span><\/strong><\/td>\n<\/tr>\n<tr>\n<td style=\"text-align: center;\"><strong><span style=\"font-size: 18px;\">Anwendbare H\u00f6he<\/span><\/strong><\/td>\n<td style=\"text-align: center;\"><strong><span style=\"font-size: 18px;\">150-180cm<\/span><\/strong><\/td>\n<\/tr>\n<tr>\n<td style=\"text-align: center;\"><strong><span style=\"font-size: 18px;\">Funktion 1<\/span><\/strong><\/td>\n<td style=\"text-align: center;\"><strong><span style=\"font-size: 18px;\">Rollover verhindern<\/span><\/strong><\/td>\n<\/tr>\n<tr>\n<td style=\"text-align: center;\"><strong><span style=\"font-size: 18px;\">Funktion 2<\/span><\/strong><\/td>\n<td style=\"text-align: center;\"><strong><span style=\"font-size: 18px;\">Backflip verhindern<\/span><\/strong><\/td>\n<\/tr>\n<tr>\n<td style=\"text-align: center;\"><strong><span style=\"font-size: 18px;\">Anzahl der R\u00e4der<\/span><\/strong><\/td>\n<td style=\"text-align: center;\"><strong><span style=\"font-size: 18px;\">6\/8<\/span><\/strong><\/td>\n<\/tr>\n<tr>\n<td style=\"text-align: center;\"><strong><span style=\"font-size: 18px;\">Radtyp<\/span><\/strong><\/td>\n<td style=\"text-align: center;\"><strong><span style=\"font-size: 18px;\">Universalrad<\/span><\/strong><\/td>\n<\/tr>\n<tr>\n<td style=\"text-align: center;\"><strong><span style=\"font-size: 18px;\">Zubeh\u00f6r<\/span><\/strong><\/td>\n<td style=\"text-align: center;\"><strong><span style=\"font-size: 18px;\">Handbremse, Stehbrett, Sitzbrett,<\/span><\/strong><\/td>\n<\/tr>\n<tr>\n<td style=\"text-align: center;\"><strong><span style=\"font-size: 18px;\">Verstellbare Breite<\/span><\/strong><\/td>\n<td style=\"text-align: center;\"><strong><span style=\"font-size: 18px;\">30-40cm<\/span><\/strong><\/td>\n<\/tr>\n<tr>\n<td style=\"text-align: center;\"><strong><span style=\"font-size: 16px;\">H\u00f6henverstellbar<\/span><\/strong><\/td>\n<td style=\"text-align: center;\"><strong><span style=\"font-size: 16px;\">150-180cm<\/span><\/strong><\/td>\n<\/tr>\n<\/tbody>\n<\/table>\n<\/p><\/div>\n<\/p><\/div>\n<div class=\"mceSectionContainer\" data-section=\"AliPostDhMb-mt50f\" data-section-title=\"Product Description\" id=\"ali-anchor-AliPostDhMb-mt50f\" style=\"padding-top: 8px;\">\n<div id=\"ali-title-AliPostDhMb-mt50f\" style=\"padding: 8px 0; border-bottom: 1px solid #ddd;\"><span style=\"background-color: #ddd; color: #333; font-weight: bold; padding: 8px 10px; line-height: 12px;\">Produktbeschreibung<\/span><\/div>\n<div style=\"padding: 10px 0;\">\n<p><span style=\"font-size: 24px;\"><strong>Wir haben Modelle f\u00fcr Erwachsene oder Kinder.<\/strong><\/span><\/p>\n<p><span style=\"font-size: 24px; color: #3366ff;\"><strong>Erwachsene:<\/strong><\/span><\/p>\n<p><img decoding=\"async\" data-alt=\"Hemiplegia Walker Stand Frame adult Standing frame wheeled lower limb rehabilitation training\" data-src=\"\" ori-height=\"1060\" ori-width=\"790\" src=\"https:\/\/anbanjia.com.cn\/wp-content\/uploads\/2022\/05\/H7d9147bbfc3f45489f5b2d73b99ef00dH.jpg\" style=\"max-width: 750;\"><img decoding=\"async\" data-alt=\"Hemiplegia Walker Stand Frame adult Standing frame wheeled lower limb rehabilitation training\" data-src=\"\" ori-height=\"800\" ori-width=\"800\" src=\"https:\/\/anbanjia.com.cn\/wp-content\/uploads\/2022\/05\/H30c846591a5c41e089df87ed26db864br.jpg\"><img decoding=\"async\" data-alt=\"Hemiplegia Walker Stand Frame adult Standing frame wheeled lower limb rehabilitation training\" data-src=\"\" ori-height=\"800\" ori-width=\"800\" src=\"https:\/\/anbanjia.com.cn\/wp-content\/uploads\/2022\/05\/Ha6fd0d66ea3f4c4a8d6fdbfa81ec31dcX.jpg\"><img decoding=\"async\" data-alt=\"Hemiplegia Walker Stand Frame adult Standing frame wheeled lower limb rehabilitation training\" data-src=\"\" ori-height=\"800\" ori-width=\"800\" src=\"https:\/\/anbanjia.com.cn\/wp-content\/uploads\/2022\/05\/H00f16568b6f94e569fbfb47ed6367f6ap.jpg\"><img decoding=\"async\" data-alt=\"Hemiplegia Walker Stand Frame adult Standing frame wheeled lower limb rehabilitation training\" data-src=\"\" ori-height=\"652\" ori-width=\"800\" src=\"https:\/\/anbanjia.com.cn\/wp-content\/uploads\/2022\/05\/H5497a010c8234c79aaf5f8bcd3ae1291E.jpg\"><img decoding=\"async\" data-alt=\"Hemiplegia Walker Stand Frame adult Standing frame wheeled lower limb rehabilitation training\" data-src=\"\" ori-height=\"800\" ori-width=\"790\" src=\"https:\/\/anbanjia.com.cn\/wp-content\/uploads\/2022\/05\/Hfb155729c94549c9ba373416f93030fc3.jpg\"><img decoding=\"async\" data-alt=\"Hemiplegia Walker Stand Frame adult Standing frame wheeled lower limb rehabilitation training\" data-src=\"\" ori-height=\"800\" ori-width=\"800\" src=\"https:\/\/anbanjia.com.cn\/wp-content\/uploads\/2022\/05\/H0432054be5d845c4a9ba4286a11435e4r.jpg\"><img decoding=\"async\" data-alt=\"Hemiplegia Walker Stand Frame adult Standing frame wheeled lower limb rehabilitation training\" data-src=\"\" ori-height=\"985\" ori-width=\"800\" src=\"https:\/\/anbanjia.com.cn\/wp-content\/uploads\/2022\/05\/Hff9c8ed25e8f412c9b9f5de763135eefR.jpg\"><img decoding=\"async\" data-alt=\"Hemiplegia Walker Stand Frame adult Standing frame wheeled lower limb rehabilitation training\" data-src=\"\" ori-height=\"690\" ori-width=\"800\" src=\"https:\/\/anbanjia.com.cn\/wp-content\/uploads\/2022\/05\/Hc804448721844ed683fed5391883c575t.jpg\"><img decoding=\"async\" data-alt=\"Hemiplegia Walker Stand Frame adult Standing frame wheeled lower limb rehabilitation training\" data-src=\"\" ori-height=\"844\" ori-width=\"800\" src=\"https:\/\/anbanjia.com.cn\/wp-content\/uploads\/2022\/05\/H29eea01b73064d7ea81d7d044ecff89fZ.jpg\"><img decoding=\"async\" data-alt=\"Hemiplegia Walker Stand Frame adult Standing frame wheeled lower limb rehabilitation training\" data-src=\"\" ori-height=\"682\" ori-width=\"750\" src=\"https:\/\/anbanjia.com.cn\/wp-content\/uploads\/2022\/05\/Ha58c7014f2b447b6aa8a960ee3e7f563k.jpg\"><\/p>\n<\/p>\n<p><span style=\"color: #3366ff;\"><strong><span style=\"font-size: 18px;\">Kinder:<\/span><\/strong><\/span><\/p>\n<\/p>\n<p><img decoding=\"async\" data-alt=\"Hemiplegia Walker Stand Frame adult Standing frame wheeled lower limb rehabilitation training\" data-src=\"\" ori-height=\"800\" ori-width=\"800\" src=\"https:\/\/anbanjia.com.cn\/wp-content\/uploads\/2022\/05\/H61915f6d55b74e058db7073a576b2313G.jpg\"><img decoding=\"async\" data-alt=\"Hemiplegia Walker Stand Frame adult Standing frame wheeled lower limb rehabilitation training\" data-src=\"\" ori-height=\"800\" ori-width=\"800\" src=\"https:\/\/anbanjia.com.cn\/wp-content\/uploads\/2022\/05\/H6e2b7f14905949d88df0b904ec0ed1b4c.jpg\"><img decoding=\"async\" data-alt=\"Hemiplegia Walker Stand Frame adult Standing frame wheeled lower limb rehabilitation training\" data-src=\"\" ori-height=\"800\" ori-width=\"800\" src=\"https:\/\/anbanjia.com.cn\/wp-content\/uploads\/2022\/05\/H671f08d8e8ad46dbba17c92fe4440726b.jpg\"><img decoding=\"async\" data-alt=\"Hemiplegia Walker Stand Frame adult Standing frame wheeled lower limb rehabilitation training\" data-src=\"\" ori-height=\"800\" ori-width=\"800\" src=\"https:\/\/anbanjia.com.cn\/wp-content\/uploads\/2022\/05\/H0a1246ad0ce14f3cb092791980196383Q.jpg\"><img decoding=\"async\" data-alt=\"Hemiplegia Walker Stand Frame adult Standing frame wheeled lower limb rehabilitation training\" data-src=\"\" ori-height=\"659\" ori-width=\"750\" src=\"https:\/\/anbanjia.com.cn\/wp-content\/uploads\/2022\/05\/H286e9927151d471792be427d9f701b70n.jpg\"><img decoding=\"async\" data-alt=\"Hemiplegia Walker Stand Frame adult Standing frame wheeled lower limb rehabilitation training\" data-src=\"\" ori-height=\"852\" ori-width=\"750\" src=\"https:\/\/anbanjia.com.cn\/wp-content\/uploads\/2022\/05\/Ha3586edcb1da40ddb9717f34aec2f20fF.jpg\"><img decoding=\"async\" data-alt=\"Hemiplegia Walker Stand Frame adult Standing frame wheeled lower limb rehabilitation training\" data-src=\"\" ori-height=\"784\" ori-width=\"750\" src=\"https:\/\/anbanjia.com.cn\/wp-content\/uploads\/2022\/05\/H6b63c2683cd84dd9a3d7825fc3cdb23c6.jpg\"><img decoding=\"async\" data-alt=\"Hemiplegia Walker Stand Frame adult Standing frame wheeled lower limb rehabilitation training\" data-src=\"\" ori-height=\"668\" ori-width=\"750\" src=\"https:\/\/anbanjia.com.cn\/wp-content\/uploads\/2022\/05\/H3f72d642e9e547139548c765ebefa8b4N.jpg\"><\/p>\n<\/p><\/div>\n<\/p><\/div>\n<div class=\"mceSectionContainer\" data-section=\"AliPostDhMb-kql3d\" data-section-title=\"Product Categories\" id=\"ali-anchor-AliPostDhMb-kql3d\" style=\"padding-top: 8px;\">\n<div id=\"ali-title-AliPostDhMb-kql3d\" style=\"padding: 8px 0; border-bottom: 1px solid #ddd;\"><span style=\"background-color: #ddd; color: #333; font-weight: bold; padding: 8px 10px; line-height: 12px;\">Produktkategorien<\/span><\/div>\n<div style=\"padding: 10px 0;\">\n<p><a href=\"https:\/\/abj-medical.en.alibaba.com\/productlist.html?spm=a2700.8304367.topnav.2.\" target=\"_blank\" rel=\"noopener\"><img decoding=\"async\" data-alt=\"Hemiplegia Walker Stand Frame adult Standing frame wheeled lower limb rehabilitation training\" data-src=\"\" ori-height=\"241\" ori-width=\"750\" src=\"https:\/\/anbanjia.com.cn\/wp-content\/uploads\/2022\/05\/HTB1TH4ZSFXXXXazXFXXq6xXFXXXm.jpg\"><\/a> <\/p>\n<\/p><\/div>\n<\/p><\/div>\n<div class=\"mceSectionContainer\" data-section=\"AliPostDhMb-l9422\" data-section-title=\"company information\" id=\"ali-anchor-AliPostDhMb-l9422\" style=\"padding-top: 8px;\">\n<div id=\"ali-title-AliPostDhMb-l9422\" style=\"padding: 8px 0; border-bottom: 1px solid #ddd;\"><span style=\"background-color: #ddd; color: #333; font-weight: bold; padding: 8px 10px; line-height: 12px;\">Firmeninformation<\/span><\/div>\n<div style=\"padding: 10px 0;\">\n<p><img decoding=\"async\" data-alt=\"Hemiplegia Walker Stand Frame adult Standing frame wheeled lower limb rehabilitation training\" data-src=\"\" ori-height=\"1929\" ori-width=\"769\" src=\"https:\/\/anbanjia.com.cn\/wp-content\/uploads\/2022\/05\/Ha43def8a2df44eac925e2c3ab5a1b97b2.jpg\"> <\/p>\n<\/p><\/div>\n<\/p><\/div>\n<div class=\"mceSectionContainer\" data-section=\"AliPostDhMb-wn279\" data-section-title=\"certificate\" id=\"ali-anchor-AliPostDhMb-wn279\" style=\"padding-top: 8px;\">\n<div id=\"ali-title-AliPostDhMb-wn279\" style=\"padding: 8px 0; border-bottom: 1px solid #ddd;\"><span style=\"background-color: #ddd; color: #333; font-weight: bold; padding: 8px 10px; line-height: 12px;\">Zertifikat<\/span><\/div>\n<div style=\"padding: 10px 0;\">\n<p><img decoding=\"async\" data-alt=\"Hemiplegia Walker Stand Frame adult Standing frame wheeled lower limb rehabilitation training\" data-src=\"\" ori-height=\"365\" ori-width=\"750\" src=\"https:\/\/anbanjia.com.cn\/wp-content\/uploads\/2022\/05\/HTB1Z1olSpXXXXctXXXXq6xXFXXXu-1.jpg\"> <\/p>\n<\/p><\/div>\n<\/p><\/div>\n<div class=\"mceSectionContainer\" data-section=\"AliPostDhMb-t1zml\" data-section-title=\"produce &amp; payment\" id=\"ali-anchor-AliPostDhMb-t1zml\" style=\"padding-top: 8px;\">\n<div id=\"ali-title-AliPostDhMb-t1zml\" style=\"padding: 8px 0; border-bottom: 1px solid #ddd;\"><span style=\"background-color: #ddd; color: #333; font-weight: bold; padding: 8px 10px; line-height: 12px;\">produzieren &amp; bezahlen<\/span><\/div>\n<div style=\"padding: 10px 0;\">\n<p><img decoding=\"async\" data-alt=\"Hemiplegia Walker Stand Frame adult Standing frame wheeled lower limb rehabilitation training\" data-src=\"\" ori-height=\"454\" ori-width=\"750\" src=\"https:\/\/anbanjia.com.cn\/wp-content\/uploads\/2022\/05\/HTB1LlvUSpXXXXbJXVXXq6xXFXXXf-1.jpg\"><img decoding=\"async\" data-alt=\"Hemiplegia Walker Stand Frame adult Standing frame wheeled lower limb rehabilitation training\" data-src=\"\" ori-height=\"58\" ori-width=\"750\" src=\"https:\/\/anbanjia.com.cn\/wp-content\/uploads\/2022\/05\/HTB1O0UfSpXXXXaRXpXXq6xXFXXXA.jpg\"> <\/p>\n<\/p><\/div>\n<\/p><\/div>\n<div class=\"mceSectionContainer\" data-section=\"AliPostDhMb-o39ov\" data-section-title=\"contact us\" id=\"ali-anchor-AliPostDhMb-o39ov\" style=\"padding-top: 8px;\">\n<div id=\"ali-title-AliPostDhMb-o39ov\" style=\"padding: 8px 0; border-bottom: 1px solid #ddd;\"><span style=\"background-color: #ddd; color: #333; font-weight: bold; padding: 8px 10px; line-height: 12px;\">kontaktiere uns<\/span><\/div>\n<div style=\"padding: 10px 0;\">\n<p><img decoding=\"async\" data-alt=\"Hemiplegia Walker Stand Frame adult Standing frame wheeled lower limb rehabilitation training\" data-src=\"\" ori-height=\"271\" ori-width=\"760\" src=\"https:\/\/anbanjia.com.cn\/wp-content\/uploads\/2022\/05\/HTB1vm0WR3HqK1RjSZFEq6AGMXXa6.jpg\"><\/p>\n<\/p><\/div>\n<\/p><\/div>\n<div class=\"mceSectionContainer\" data-section=\"AliPostDhMb-0rjmt\" data-section-title=\"Home\" id=\"ali-anchor-AliPostDhMb-0rjmt\" style=\"padding-top: 8px;\">\n<div id=\"ali-title-AliPostDhMb-0rjmt\" style=\"padding: 8px 0; border-bottom: 1px solid #ddd;\"><span style=\"background-color: #ddd; color: #333; font-weight: bold; padding: 8px 10px; line-height: 12px;\">Heim<\/span><\/div>\n<div style=\"padding: 10px 0;\">\n<p><img decoding=\"async\" data-alt=\"Hemiplegia Walker Stand Frame adult Standing frame wheeled lower limb rehabilitation training\" data-src=\"\" ori-height=\"172\" ori-width=\"750\" src=\"https:\/\/anbanjia.com.cn\/wp-content\/uploads\/2022\/05\/unnamed-file-3.jpg\"><\/p>\n<p><a href=\"https:\/\/abj-medical.en.alibaba.com\/?spm=a2700.8304367.topnav.1.7fb94f0d6W4Kaf\" target=\"_blank\" rel=\"noopener\"><img decoding=\"async\" data-alt=\"Hemiplegia Walker Stand Frame adult Standing frame wheeled lower limb rehabilitation training\" data-src=\"\" ori-height=\"124\" ori-width=\"750\" src=\"https:\/\/anbanjia.com.cn\/wp-content\/uploads\/2022\/05\/HTB10aT7SpXXXXa7XFXXq6xXFXXXO-1.jpg\"><\/a> <\/p>\n<\/p><\/div>\n<\/p><\/div>\n<\/div>\n","protected":false},"excerpt":{"rendered":"<div style=\"width:auto\">\n<div style=\"min-width: 300px;max-width: 300px;word-wrap: break-word;float: left\">Eigenschaften: Zubeh\u00f6r f\u00fcr die Rehabilitationstherapie <\/div>\n<div style=\"min-width: 300px;max-width: 300px;word-wrap: break-word;float: left\">Herkunftsort: Guangdong, China<\/div>\n<\/p><\/div>\n<div style=\"width:auto\">\n<div style=\"min-width: 300px;max-width: 300px;word-wrap: break-word;float: left\">Markenname:anbanjia\/OEM <\/div>\n<div style=\"min-width: 300px;max-width: 300px;word-wrap: break-word;float: left\">Modellnummer: XFL01<\/div>\n<\/p><\/div>\n<div style=\"width:auto\">\n<div style=\"min-width: 300px;max-width: 300px;word-wrap: break-word;float: left\">Typ: Rollstuhl <\/div>\n<div style=\"min-width: 300px;max-width: 300px;word-wrap: break-word;float: left\">Material: Stahl + Schwamm<\/div>\n<\/p><\/div>\n<div style=\"width:auto\">\n<div style=\"min-width: 300px;max-width: 300px;word-wrap: break-word;float: left\">Geeignete H\u00f6he: 85-120 cm <\/div>\n<div style=\"min-width: 300px;max-width: 300px;word-wrap: break-word;float: left\">Produktgewicht: 13 kg<\/div>\n<\/p><\/div>\n<div style=\"width:auto\">\n<div style=\"min-width: 300px;max-width: 300px;word-wrap: break-word;float: left\">Lagergewicht: 70kg <\/div>\n<div style=\"min-width: 300px;max-width: 300px;word-wrap: break-word;float: left\">Produkth\u00f6he: 75-90 cm<\/div>\n<\/p><\/div>\n<div style=\"width:auto\">\n<div style=\"min-width: 300px;max-width: 300px;word-wrap: break-word;float: left\">Produktbreite: 70 cm <\/div>\n<div style=\"min-width: 300px;max-width: 300px;word-wrap: break-word;float: left\">Abstand zwischen linkem und rechtem Rad: 40 cm<\/div>\n<\/p><\/div>\n","protected":false},"featured_media":5322,"comment_status":"closed","ping_status":"closed","template":"","meta":[],"product_cat":[160],"product_tag":[],"class_list":["post-13222","product","type-product","status-publish","has-post-thumbnail","hentry","product_cat-reha-stehmaschine"],"_links":{"self":[{"href":"https:\/\/anbanjia.com.cn\/de\/wp-json\/wp\/v2\/product\/13222","targetHints":{"allow":["GET"]}}],"collection":[{"href":"https:\/\/anbanjia.com.cn\/de\/wp-json\/wp\/v2\/product"}],"about":[{"href":"https:\/\/anbanjia.com.cn\/de\/wp-json\/wp\/v2\/types\/product"}],"replies":[{"embeddable":true,"href":"https:\/\/anbanjia.com.cn\/de\/wp-json\/wp\/v2\/comments?post=13222"}],"wp:featuredmedia":[{"embeddable":true,"href":"https:\/\/anbanjia.com.cn\/de\/wp-json\/wp\/v2\/media\/5322"}],"wp:attachment":[{"href":"https:\/\/anbanjia.com.cn\/de\/wp-json\/wp\/v2\/media?parent=13222"}],"wp:term":[{"taxonomy":"product_cat","embeddable":true,"href":"https:\/\/anbanjia.com.cn\/de\/wp-json\/wp\/v2\/product_cat?post=13222"},{"taxonomy":"product_tag","embeddable":true,"href":"https:\/\/anbanjia.com.cn\/de\/wp-json\/wp\/v2\/product_tag?post=13222"}],"curies":[{"name":"wp","href":"https:\/\/api.w.org\/{rel}","templated":true}]}}