{"id":13217,"date":"2022-05-02T18:02:20","date_gmt":"2022-05-02T18:02:20","guid":{"rendered":"https:\/\/www.anbanjia.com.cn\/product\/komfortgeraete-fuer-orthopaedische-medizinische-patienten-3-funktionen-4-kurbel-krankenpflegebett-fuer-den-heimgebrauch\/"},"modified":"2022-05-02T18:02:20","modified_gmt":"2022-05-02T18:02:20","slug":"orthopadie-medizinische-patientenkomfortgerate-3-funktionen-4kurbel-manuell-krankenhauspflegebett-fur-den-heimgebrauch","status":"publish","type":"product","link":"https:\/\/anbanjia.com.cn\/de\/produkt\/orthopadie-medizinische-patientenkomfortgerate-3-funktionen-4kurbel-manuell-krankenhauspflegebett-fur-den-heimgebrauch\/","title":{"rendered":"Komfortger\u00e4te f\u00fcr orthop\u00e4dische medizinische Patienten 3 Funktionen 4-Kurbel-Krankenpflegebett f\u00fcr den Heimgebrauch"},"content":{"rendered":"<div style=\"max-width: 750px; margin: 0 auto;\">\n<p><span style=\"font-size: 24px;\">Komfortger\u00e4te f\u00fcr orthop\u00e4dische medizinische Patienten 3 Funktionen 4-Kurbel-Krankenpflegebett f\u00fcr den Heimgebrauch<\/span><\/p>\n<p><span style=\"font-size: 24px;\"><img decoding=\"async\" style=\"max-width: 750;\" src=\"https:\/\/anbanjia.com.cn\/wp-content\/uploads\/2022\/05\/HTB1kCdjNmzqK1RjSZPc762TepXaj.png\" data-alt=\"Orthopedic medical patients comfort devices 3 functions 4crank manual hospital nursing bed for home use\" data-src=\"\"><\/span><\/p>\n<p><img decoding=\"async\" class=\"alignnone size-full wp-image-12718\" src=\"https:\/\/anbanjia.com.cn\/wp-content\/uploads\/2022\/05\/76.jpg\" alt=\"\" width=\"750\" height=\"1000\" srcset=\"https:\/\/anbanjia.com.cn\/wp-content\/uploads\/2022\/05\/76.jpg 750w, https:\/\/anbanjia.com.cn\/wp-content\/uploads\/2022\/05\/76-600x800.jpg 600w\" sizes=\"(max-width: 750px) 100vw, 750px\" \/> <img decoding=\"async\" class=\"alignnone size-medium wp-image-12720\" src=\"https:\/\/anbanjia.com.cn\/wp-content\/uploads\/2022\/05\/73.png\" alt=\"\" width=\"800\" height=\"719\" srcset=\"https:\/\/anbanjia.com.cn\/wp-content\/uploads\/2022\/05\/73.png 800w, https:\/\/anbanjia.com.cn\/wp-content\/uploads\/2022\/05\/73-768x690.png 768w, https:\/\/anbanjia.com.cn\/wp-content\/uploads\/2022\/05\/73-600x539.png 600w\" sizes=\"(max-width: 800px) 100vw, 800px\" \/> <img decoding=\"async\" class=\"alignnone size-medium wp-image-12722\" src=\"https:\/\/anbanjia.com.cn\/wp-content\/uploads\/2022\/05\/74.png\" alt=\"\" width=\"820\" height=\"737\" srcset=\"https:\/\/anbanjia.com.cn\/wp-content\/uploads\/2022\/05\/74.png 820w, https:\/\/anbanjia.com.cn\/wp-content\/uploads\/2022\/05\/74-768x690.png 768w, https:\/\/anbanjia.com.cn\/wp-content\/uploads\/2022\/05\/74-600x539.png 600w\" sizes=\"(max-width: 820px) 100vw, 820px\" \/> <img decoding=\"async\" class=\"alignnone size-medium wp-image-12724\" src=\"https:\/\/anbanjia.com.cn\/wp-content\/uploads\/2022\/05\/75.jpg\" alt=\"\" width=\"1000\" height=\"750\" srcset=\"https:\/\/anbanjia.com.cn\/wp-content\/uploads\/2022\/05\/75.jpg 1000w, https:\/\/anbanjia.com.cn\/wp-content\/uploads\/2022\/05\/75-768x576.jpg 768w, https:\/\/anbanjia.com.cn\/wp-content\/uploads\/2022\/05\/75-600x450.jpg 600w\" sizes=\"(max-width: 1000px) 100vw, 1000px\" \/><\/p>\n<p><span style=\"font-size: 24px;\"><span style=\"font-family: 'arial black', 'avant garde';\"><strong>Funktionen:<\/strong><\/span><br \/>\nR\u00fcckenlehne 0\u00b0~ 75\u00b0<br \/>\nFu\u00dfst\u00fctze 0\u00b0~ 35\u00b0<br \/>\nTrendelenburg 0\u00b0~ 12\u00b0<br \/>\nUmgekehrter Trendelenburg 0\u00b0~ -12\u00b0<\/span><\/p>\n<p><strong><span style=\"font-family: 'arial black', 'avant garde';\">Optionales Zubeh\u00f6r<\/span> :<\/strong><br \/>\n1. Leistungsstarker Motor: Moteck, Timotion, Linak, Linkan usw.<br \/>\n2. Wasserdichte Matratze (60,80,100,120 mm dick).<br \/>\n3.Teleskopischer Infusionsst\u00e4nder aus Edelstahl.<br \/>\n4,3,4,5,6 Zoll ger\u00e4uschlose Rollen.<br \/>\n5. Feiner Nachttisch.<\/p>\n<p><span style=\"font-size: 24px;\"><img decoding=\"async\" src=\"https:\/\/anbanjia.com.cn\/wp-content\/uploads\/2022\/05\/HTB1W2BYNcbpK1RjSZFy760_qFXaE.png\" data-alt=\"Orthopedic medical patients comfort devices 3 functions 4crank manual hospital nursing bed for home use\" data-src=\"\"><img decoding=\"async\" src=\"https:\/\/anbanjia.com.cn\/wp-content\/uploads\/2022\/05\/HTB1vm0WR3HqK1RjSZFEq6AGMXXa6.jpg\" data-alt=\"Orthopedic medical patients comfort devices 3 functions 4crank manual hospital nursing bed for home use\" data-src=\"\"><\/span><\/p>\n<\/div>\n","protected":false},"excerpt":{"rendered":"<p>&nbsp;<\/p>\n<div style=\"width: auto;\">\n<div style=\"min-width: 300px; max-width: 300px; word-wrap: break-word; float: left;\">Typ: Trage<\/div>\n<div style=\"min-width: 300px; max-width: 300px; word-wrap: break-word; float: left;\">Markenname: Abj<\/div>\n<\/div>\n<div style=\"width: auto;\">\n<div style=\"min-width: 300px; max-width: 300px; word-wrap: break-word; float: left;\">Modellnummer: A021<\/div>\n<div style=\"min-width: 300px; max-width: 300px; word-wrap: break-word; float: left;\">Herkunftsort: Guangdong, China<\/div>\n<\/div>\n<div style=\"width: auto;\">\n<div style=\"min-width: 300px; max-width: 300px; word-wrap: break-word; float: left;\">Instrumentenklassifizierung: Klasse I<\/div>\n<div style=\"min-width: 300px; max-width: 300px; word-wrap: break-word; float: left;\">Garantie: KEINE<\/div>\n<\/div>\n<div style=\"width: auto;\">\n<div style=\"min-width: 300px; max-width: 300px; word-wrap: break-word; float: left;\">Kundendienst: KEINE<\/div>\n<div style=\"min-width: 300px; max-width: 300px; word-wrap: break-word; float: left;\">R\u00fcckenlehne: 0\u00b0~75\u00b0<\/div>\n<\/div>\n<div style=\"width: auto;\">\n<div style=\"min-width: 300px; max-width: 300px; word-wrap: break-word; float: left;\">Fu\u00dfst\u00fctze: 0 \u00b0 ~ 35 \u00b0<\/div>\n<div style=\"min-width: 300px; max-width: 300px; word-wrap: break-word; float: left;\">Trendelenburg: 0\u00b0~12\u00b0<\/div>\n<\/div>\n<div style=\"width: auto;\">\n<div style=\"min-width: 300px; max-width: 300px; word-wrap: break-word; float: left;\">Umgekehrter Trendelenburg: 0\u00b0~12\u00b0<\/div>\n<div style=\"min-width: 300px; max-width: 300px; word-wrap: break-word; float: left;\">Produktgr\u00f6\u00dfe (mm): 2120 * 980 * 580<\/div>\n<\/div>\n","protected":false},"featured_media":5068,"comment_status":"closed","ping_status":"closed","template":"","meta":[],"product_cat":[164],"product_tag":[],"class_list":["post-13217","product","type-product","status-publish","has-post-thumbnail","hentry","product_cat-medizinisches-bett"],"_links":{"self":[{"href":"https:\/\/anbanjia.com.cn\/de\/wp-json\/wp\/v2\/product\/13217","targetHints":{"allow":["GET"]}}],"collection":[{"href":"https:\/\/anbanjia.com.cn\/de\/wp-json\/wp\/v2\/product"}],"about":[{"href":"https:\/\/anbanjia.com.cn\/de\/wp-json\/wp\/v2\/types\/product"}],"replies":[{"embeddable":true,"href":"https:\/\/anbanjia.com.cn\/de\/wp-json\/wp\/v2\/comments?post=13217"}],"wp:featuredmedia":[{"embeddable":true,"href":"https:\/\/anbanjia.com.cn\/de\/wp-json\/wp\/v2\/media\/5068"}],"wp:attachment":[{"href":"https:\/\/anbanjia.com.cn\/de\/wp-json\/wp\/v2\/media?parent=13217"}],"wp:term":[{"taxonomy":"product_cat","embeddable":true,"href":"https:\/\/anbanjia.com.cn\/de\/wp-json\/wp\/v2\/product_cat?post=13217"},{"taxonomy":"product_tag","embeddable":true,"href":"https:\/\/anbanjia.com.cn\/de\/wp-json\/wp\/v2\/product_tag?post=13217"}],"curies":[{"name":"wp","href":"https:\/\/api.w.org\/{rel}","templated":true}]}}