{"id":13214,"date":"2022-05-02T18:02:18","date_gmt":"2022-05-02T18:02:18","guid":{"rendered":"https:\/\/www.anbanjia.com.cn\/product\/leuchtender-zeiger-smiley-gesicht-kt-katze-cartoon-krankenschwester-uhr-arzt-krankenhaus-wanduhr-zur-verwendung\/"},"modified":"2022-05-02T18:02:18","modified_gmt":"2022-05-02T18:02:18","slug":"leuchtender-zeiger-smiley-gesicht-kt-katze-cartoon-krankenschwester-uhr-arzt-krankenhaus-wanduhr-zum-gebrauch","status":"publish","type":"product","link":"https:\/\/anbanjia.com.cn\/de\/produkt\/leuchtender-zeiger-smiley-gesicht-kt-katze-cartoon-krankenschwester-uhr-arzt-krankenhaus-wanduhr-zum-gebrauch\/","title":{"rendered":"Leuchtender Zeiger Smiley Gesicht KT Katze Cartoon Krankenschwester Uhr Arzt Krankenhaus Wanduhr zur Verwendung"},"content":{"rendered":"<div style=\"max-width: 750px; margin: 0 auto;\">\n<div id=\"detail_decorate_root\" data-magic-global=\"%7B%22bizId%22%3A3215165050%2C%22pageId%22%3A21027612267%2C%22siteId%22%3A5005610021%7D\">\n<div class=\"J_module\">\n<div class=\"detail-decorate-json-renderer-container\">\n<div class=\"magic-2\">\n<div class=\"magic-3\">\n<div class=\"magic-4\">\n<div class=\"magic-5\">\n<div class=\"magic-6\"><b><span class=\"magic-7\">Leuchtender Zeiger Smiley Gesicht KT Katze Krankenschwester Uhr Arzt Krankenhaus Wanduhr f\u00fcr Krankenschwester<\/span><\/b><\/div>\n<\/div>\n<\/div>\n<\/div>\n<\/div>\n<\/div>\n<\/div>\n<div class=\"J_module\">\n<div class=\"icbu-pc-images magic-8\">\n<div>\n<div class=\"flex-layout-h\">\n<div class=\"flex-layout-v magic-9\">\n<div class=\"magic-10\"><img decoding=\"async\" class=\"magic-11\" style=\"max-width: 750;\" src=\"https:\/\/anbanjia.com.cn\/wp-content\/uploads\/2022\/05\/H61322f83b8534484a2f8851bf56c34bcP.jpg\" data-src=\"\"><\/div>\n<\/div>\n<div class=\"text-wrapper magic-12\">\n<div class=\"text-wrapper-right text-theme-light text-align-left\">\n<div class=\"text-title\">Farbe :<\/div>\n<div class=\"text-content\">\n<div>Es k\u00f6nnen mehrere Farben ausgew\u00e4hlt werden.<\/div>\n<div><\/div>\n<div><\/div>\n<div><b>LOGO anpassen<\/b><\/div>\n<div>Wenn Sie Anpassungen ben\u00f6tigen, k\u00f6nnen Sie sich an den Verk\u00e4ufer wenden, um weitere Informationen zu erhalten.<\/div>\n<div><\/div>\n<div><\/div>\n<div><b>Kontakt :<\/b><\/div>\n<div>Wenn Sie Fragen haben, k\u00f6nnen Sie den Verk\u00e4ufer per WhatsApp kontaktieren. damit sie dir bald antworten kann, whatsapp: +86 13246918260, danke.<\/div>\n<div><img decoding=\"async\" src=\"https:\/\/s.alicdn.com\/@sc04\/kf\/Hb96e78242edf44d28af9b8bc002041708\/230438700\/Hb96e78242edf44d28af9b8bc002041708.jpg?quality=close\"><\/div>\n<div><img decoding=\"async\" src=\"https:\/\/s.alicdn.com\/@sc04\/kf\/Hb072b56c905f4a548f97fc40fc59cfd6j\/230438700\/Hb072b56c905f4a548f97fc40fc59cfd6j.jpg?quality=close\"><\/div>\n<div><img decoding=\"async\" src=\"https:\/\/s.alicdn.com\/@sc04\/kf\/H5889c614e4b940db91ce48c85066cd4dV\/230438700\/H5889c614e4b940db91ce48c85066cd4dV.jpg?quality=close\"><\/div>\n<div><img decoding=\"async\" src=\"https:\/\/s.alicdn.com\/@sc04\/kf\/H8a194dc2a323445f932be33cbb42bf98F\/230438700\/H8a194dc2a323445f932be33cbb42bf98F.jpg?quality=close\"><\/div>\n<div><img decoding=\"async\" src=\"https:\/\/s.alicdn.com\/@sc04\/kf\/H5c7c23fade624dc1b41cb1486f74631eY\/230438700\/H5c7c23fade624dc1b41cb1486f74631eY.jpg?quality=close\"><\/div>\n<div><img decoding=\"async\" src=\"https:\/\/s.alicdn.com\/@sc04\/kf\/He338e9621dbf4399a1cfdd15274657fa9\/230438700\/He338e9621dbf4399a1cfdd15274657fa9.jpg?quality=close\"><\/div>\n<div><img decoding=\"async\" src=\"https:\/\/s.alicdn.com\/@sc04\/kf\/H35a04a78341e4759bf9dc045a4200968E\/230438700\/H35a04a78341e4759bf9dc045a4200968E.jpg?quality=close\"><\/div>\n<div><img decoding=\"async\" src=\"https:\/\/s.alicdn.com\/@sc04\/kf\/H6a003dea11e44857821e534050659cfcW\/230438700\/H6a003dea11e44857821e534050659cfcW.jpg?quality=close\"><\/div>\n<div><img decoding=\"async\" src=\"https:\/\/s.alicdn.com\/@sc04\/kf\/Hf96d19831e58465bb0b96351ed3aec5dl\/230438700\/Hf96d19831e58465bb0b96351ed3aec5dl.jpg?quality=close\"><\/div>\n<div><img decoding=\"async\" src=\"https:\/\/s.alicdn.com\/@sc04\/kf\/Hf44e7df4139a4bc6a014bc37c4139cb1K\/230438700\/Hf44e7df4139a4bc6a014bc37c4139cb1K.jpg?quality=close\"><\/div>\n<div><img decoding=\"async\" src=\"https:\/\/s.alicdn.com\/@sc04\/kf\/Hfcdec9941cc8458180dd792d09fee119J\/230438700\/Hfcdec9941cc8458180dd792d09fee119J.jpg?quality=close\"><\/div>\n<div><img decoding=\"async\" src=\"https:\/\/s.alicdn.com\/@sc04\/kf\/H50a3d1ff120244428c5390775b08c9a5P\/230438700\/H50a3d1ff120244428c5390775b08c9a5P.jpg?quality=close\"><\/div>\n<div><img decoding=\"async\" src=\"https:\/\/s.alicdn.com\/@sc04\/kf\/Hd2459cd402c4444c8e9b9f79ac49094dW\/230438700\/Hd2459cd402c4444c8e9b9f79ac49094dW.jpg?quality=close\"><\/div>\n<div><img decoding=\"async\" src=\"https:\/\/s.alicdn.com\/@sc04\/kf\/H61322f83b8534484a2f8851bf56c34bcP\/230438700\/H61322f83b8534484a2f8851bf56c34bcP.jpg?quality=close\"><\/div>\n<div><img decoding=\"async\" src=\"https:\/\/s.alicdn.com\/@sc04\/kf\/H83e52e89711d4cc88e95d7b1f3bad0ad0\/230438700\/H83e52e89711d4cc88e95d7b1f3bad0ad0.jpg?quality=close\"><\/div>\n<div><img decoding=\"async\" src=\"https:\/\/s.alicdn.com\/@sc04\/kf\/Hd8caa6eb2c964899b7f257c13d0813d7a\/230438700\/Hd8caa6eb2c964899b7f257c13d0813d7a.jpg?quality=close\"><\/div>\n<div><img decoding=\"async\" src=\"https:\/\/s.alicdn.com\/@sc04\/kf\/H601180551baa454995eb9ad4159d42813\/230438700\/H601180551baa454995eb9ad4159d42813.jpg?quality=close\"><\/div>\n<div><img decoding=\"async\" src=\"https:\/\/s.alicdn.com\/@sc04\/kf\/H3f1b2e5a49564c10af868fc1dd6c6b72R\/230438700\/H3f1b2e5a49564c10af868fc1dd6c6b72R.png?quality=close\"><\/div>\n<\/div>\n<\/div>\n<\/div>\n<\/div>\n<\/div>\n<\/div>\n<\/div>\n<\/div>\n<\/div>\n","protected":false},"excerpt":{"rendered":"<p>&nbsp;<\/p>\n<div style=\"width: auto;\">\n<div style=\"min-width: 300px; max-width: 300px; word-wrap: break-word; float: left;\">Wasserbest\u00e4ndigkeitstiefe: Nicht wasserdicht<\/div>\n<div style=\"min-width: 300px; max-width: 300px; word-wrap: break-word; float: left;\">Herkunftsort: China<\/div>\n<\/div>\n<div style=\"width: auto;\">\n<div style=\"min-width: 300px; max-width: 300px; word-wrap: break-word; float: left;\">Material: Zinklegierung<\/div>\n<div style=\"min-width: 300px; max-width: 300px; word-wrap: break-word; float: left;\">Modell: HS21-1-1<\/div>\n<\/div>\n<div style=\"width: auto;\">\n<div style=\"min-width: 300px; max-width: 300px; word-wrap: break-word; float: left;\">Nettogewicht: 25 g<\/div>\n<div style=\"min-width: 300px; max-width: 300px; word-wrap: break-word; float: left;\">Eigenschaften:Clip<\/div>\n<\/div>\n<div>Kundenspezifische Verpackung (Mindestbestellmenge: 500 St\u00fcck)<\/div>\n","protected":false},"featured_media":4936,"comment_status":"closed","ping_status":"closed","template":"","meta":[],"product_cat":[162],"product_tag":[],"class_list":["post-13214","product","type-product","status-publish","has-post-thumbnail","hentry","product_cat-krankenschwester-uhr"],"_links":{"self":[{"href":"https:\/\/anbanjia.com.cn\/de\/wp-json\/wp\/v2\/product\/13214","targetHints":{"allow":["GET"]}}],"collection":[{"href":"https:\/\/anbanjia.com.cn\/de\/wp-json\/wp\/v2\/product"}],"about":[{"href":"https:\/\/anbanjia.com.cn\/de\/wp-json\/wp\/v2\/types\/product"}],"replies":[{"embeddable":true,"href":"https:\/\/anbanjia.com.cn\/de\/wp-json\/wp\/v2\/comments?post=13214"}],"wp:featuredmedia":[{"embeddable":true,"href":"https:\/\/anbanjia.com.cn\/de\/wp-json\/wp\/v2\/media\/4936"}],"wp:attachment":[{"href":"https:\/\/anbanjia.com.cn\/de\/wp-json\/wp\/v2\/media?parent=13214"}],"wp:term":[{"taxonomy":"product_cat","embeddable":true,"href":"https:\/\/anbanjia.com.cn\/de\/wp-json\/wp\/v2\/product_cat?post=13214"},{"taxonomy":"product_tag","embeddable":true,"href":"https:\/\/anbanjia.com.cn\/de\/wp-json\/wp\/v2\/product_tag?post=13214"}],"curies":[{"name":"wp","href":"https:\/\/api.w.org\/{rel}","templated":true}]}}