{"id":13213,"date":"2022-05-02T18:02:23","date_gmt":"2022-05-02T18:02:23","guid":{"rendered":"https:\/\/www.anbanjia.com.cn\/product\/einstellbarer-anti-rollover-hilfstrainer-fuer-paediatrische-gehhilfen-fuer-hemiplegie-der-unteren-extremitaeten\/"},"modified":"2022-05-02T18:02:23","modified_gmt":"2022-05-02T18:02:23","slug":"verstellbarer-rollover-assist-untere-extremitaten-gehen-hemiplegie-gangtrainer-padiatrischer-walker","status":"publish","type":"product","link":"https:\/\/anbanjia.com.cn\/de\/produkt\/verstellbarer-rollover-assist-untere-extremitaten-gehen-hemiplegie-gangtrainer-padiatrischer-walker\/","title":{"rendered":"Einstellbarer Anti-Rollover-Hilfstrainer f\u00fcr p\u00e4diatrische Gehhilfen f\u00fcr Hemiplegie der unteren Extremit\u00e4ten"},"content":{"rendered":"<div style=\"max-width: 750px;margin: 0 auto;\">\n<div class=\"mceSectionContainer\" data-section=\"AliPostDhMb-jaad0\" data-section-title=\"Product Details\" id=\"ali-anchor-AliPostDhMb-jaad0\" style=\"padding-top: 8px;\">\n<div id=\"ali-title-AliPostDhMb-jaad0\" style=\"padding: 8px 0; border-bottom: 1px solid #ddd;\"><span style=\"background-color: #ddd; color: #333; font-weight: bold; padding: 8px 10px; line-height: 12px;\">Produktdetails<\/span><\/div>\n<div style=\"padding: 10px 0;\">\n<table border=\"1\" style=\"border-collapse: collapse; border-style: solid; background-color: #ffffff; width: 675px; height: 305px;\">\n<tbody>\n<tr>\n<td style=\"width: 246px; text-align: center;\"><strong><span style=\"font-size: 16px;\">Material<\/span><\/strong><\/td>\n<td style=\"width: 422px; text-align: center;\"><strong><span style=\"font-size: 16px;\">Stahl + Schwamm<\/span><\/strong><\/td>\n<\/tr>\n<tr>\n<td style=\"width: 246px; text-align: center;\"><strong><span style=\"font-size: 16px;\">Geeignete H\u00f6he<\/span><\/strong><\/td>\n<td style=\"width: 422px; text-align: center;\"><strong><span style=\"font-size: 16px;\">85-120 cm<\/span><\/strong><\/td>\n<\/tr>\n<tr>\n<td style=\"width: 246px; text-align: center;\"><strong><span style=\"font-size: 16px;\">Produktgewicht<\/span><\/strong><\/td>\n<td style=\"width: 422px; text-align: center;\"><strong><span style=\"font-size: 16px;\">13kg<\/span><\/strong><\/td>\n<\/tr>\n<tr>\n<td style=\"width: 246px; text-align: center;\"><strong><span style=\"font-size: 16px;\">Lagergewicht<\/span><\/strong><\/td>\n<td style=\"width: 422px; text-align: center;\"><strong><span style=\"font-size: 16px;\">70kg<\/span><\/strong><\/td>\n<\/tr>\n<tr>\n<td style=\"width: 246px; text-align: center;\"><strong><span style=\"font-size: 16px;\">Produkth\u00f6he<\/span><\/strong><\/td>\n<td style=\"width: 422px; text-align: center;\"><strong><span style=\"font-size: 16px;\">75-90cm<\/span><\/strong><\/td>\n<\/tr>\n<tr>\n<td style=\"width: 246px; text-align: center;\"><strong><span style=\"font-size: 16px;\">Produktbreite<\/span><\/strong><\/td>\n<td style=\"width: 422px; text-align: center;\"><strong><span style=\"font-size: 16px;\">70cm<\/span><\/strong><\/td>\n<\/tr>\n<tr>\n<td style=\"width: 246px; text-align: center;\"><strong><span style=\"font-size: 16px;\">Abstand zwischen linkem und rechtem Rad<\/span><\/strong><\/td>\n<td style=\"width: 422px; text-align: center;\"><strong><span style=\"font-size: 16px;\">40cm<\/span><\/strong><\/td>\n<\/tr>\n<tr>\n<td style=\"width: 246px; text-align: center;\"><strong><span style=\"font-size: 16px;\">Abstand zwischen Vorder- und Hinterrad<\/span><\/strong><\/td>\n<td style=\"width: 422px; text-align: center;\"><strong><span style=\"font-size: 16px;\">75 cm<\/span><\/strong><\/td>\n<\/tr>\n<tr>\n<td style=\"width: 246px; text-align: center;\"><strong><span style=\"font-size: 16px;\">Eigenschaften<\/span><\/strong><\/td>\n<td style=\"width: 422px; text-align: center;\"><strong><span style=\"font-size: 16px;\">H\u00f6hen- und Breitenverstellung, seitlich drehbare R\u00e4der einklappbar<\/span><\/strong><\/td>\n<\/tr>\n<\/tbody>\n<\/table>\n<\/p><\/div>\n<\/p><\/div>\n<div class=\"mceSectionContainer\" data-section=\"AliPostDhMb-mt50f\" data-section-title=\"Product Description\" id=\"ali-anchor-AliPostDhMb-mt50f\" style=\"padding-top: 8px;\">\n<div id=\"ali-title-AliPostDhMb-mt50f\" style=\"padding: 8px 0; border-bottom: 1px solid #ddd;\"><span style=\"background-color: #ddd; color: #333; font-weight: bold; padding: 8px 10px; line-height: 12px;\">Produktbeschreibung<\/span><\/div>\n<div style=\"padding: 10px 0;\">\n<p> <img decoding=\"async\" data-alt=\"Adjustable anti-rollover assist lower limb walking hemiplegia gait trainer pediatric walker\" data-src=\"\" ori-height=\"800\" ori-width=\"800\" src=\"https:\/\/anbanjia.com.cn\/wp-content\/uploads\/2022\/05\/Hac0fef636a144427aaefeb6b6760ecb5e.jpg\" style=\"max-width: 750;\"><img decoding=\"async\" data-alt=\"Adjustable anti-rollover assist lower limb walking hemiplegia gait trainer pediatric walker\" data-src=\"\" ori-height=\"800\" ori-width=\"800\" src=\"https:\/\/anbanjia.com.cn\/wp-content\/uploads\/2022\/05\/H61915f6d55b74e058db7073a576b2313G.jpg\"><img decoding=\"async\" data-alt=\"Adjustable anti-rollover assist lower limb walking hemiplegia gait trainer pediatric walker\" data-src=\"\" ori-height=\"800\" ori-width=\"800\" src=\"https:\/\/anbanjia.com.cn\/wp-content\/uploads\/2022\/05\/H6e2b7f14905949d88df0b904ec0ed1b4c.jpg\"><img decoding=\"async\" data-alt=\"Adjustable anti-rollover assist lower limb walking hemiplegia gait trainer pediatric walker\" data-src=\"\" ori-height=\"800\" ori-width=\"800\" src=\"https:\/\/anbanjia.com.cn\/wp-content\/uploads\/2022\/05\/H671f08d8e8ad46dbba17c92fe4440726b.jpg\"><img decoding=\"async\" data-alt=\"Adjustable anti-rollover assist lower limb walking hemiplegia gait trainer pediatric walker\" data-src=\"\" ori-height=\"800\" ori-width=\"800\" src=\"https:\/\/anbanjia.com.cn\/wp-content\/uploads\/2022\/05\/H0a1246ad0ce14f3cb092791980196383Q.jpg\"><img decoding=\"async\" data-alt=\"Adjustable anti-rollover assist lower limb walking hemiplegia gait trainer pediatric walker\" data-src=\"\" ori-height=\"659\" ori-width=\"750\" src=\"https:\/\/anbanjia.com.cn\/wp-content\/uploads\/2022\/05\/H286e9927151d471792be427d9f701b70n.jpg\"><img decoding=\"async\" data-alt=\"Adjustable anti-rollover assist lower limb walking hemiplegia gait trainer pediatric walker\" data-src=\"\" ori-height=\"852\" ori-width=\"750\" src=\"https:\/\/anbanjia.com.cn\/wp-content\/uploads\/2022\/05\/Ha3586edcb1da40ddb9717f34aec2f20fF.jpg\"><img decoding=\"async\" data-alt=\"Adjustable anti-rollover assist lower limb walking hemiplegia gait trainer pediatric walker\" data-src=\"\" ori-height=\"784\" ori-width=\"750\" src=\"https:\/\/anbanjia.com.cn\/wp-content\/uploads\/2022\/05\/H6b63c2683cd84dd9a3d7825fc3cdb23c6.jpg\"><img decoding=\"async\" data-alt=\"Adjustable anti-rollover assist lower limb walking hemiplegia gait trainer pediatric walker\" data-src=\"\" ori-height=\"668\" ori-width=\"750\" src=\"https:\/\/anbanjia.com.cn\/wp-content\/uploads\/2022\/05\/H3f72d642e9e547139548c765ebefa8b4N.jpg\"><\/p>\n<\/p><\/div>\n<\/p><\/div>\n<div class=\"mceSectionContainer\" data-section=\"AliPostDhMb-kql3d\" data-section-title=\"Product Categories\" id=\"ali-anchor-AliPostDhMb-kql3d\" style=\"padding-top: 8px;\">\n<div id=\"ali-title-AliPostDhMb-kql3d\" style=\"padding: 8px 0; border-bottom: 1px solid #ddd;\"><span style=\"background-color: #ddd; color: #333; font-weight: bold; padding: 8px 10px; line-height: 12px;\">Produktkategorien<\/span><\/div>\n<div style=\"padding: 10px 0;\">\n<p><a href=\"https:\/\/abj-medical.en.alibaba.com\/productlist.html?spm=a2700.8304367.topnav.2.\" target=\"_blank\" rel=\"noopener\"><img decoding=\"async\" data-alt=\"Adjustable anti-rollover assist lower limb walking hemiplegia gait trainer pediatric walker\" data-src=\"\" ori-height=\"241\" ori-width=\"750\" src=\"https:\/\/anbanjia.com.cn\/wp-content\/uploads\/2022\/05\/HTB1TH4ZSFXXXXazXFXXq6xXFXXXm.jpg\"><\/a> <\/p>\n<\/p><\/div>\n<\/p><\/div>\n<div class=\"mceSectionContainer\" data-section=\"AliPostDhMb-l9422\" data-section-title=\"company information\" id=\"ali-anchor-AliPostDhMb-l9422\" style=\"padding-top: 8px;\">\n<div id=\"ali-title-AliPostDhMb-l9422\" style=\"padding: 8px 0; border-bottom: 1px solid #ddd;\"><span style=\"background-color: #ddd; color: #333; font-weight: bold; padding: 8px 10px; line-height: 12px;\">Firmeninformation<\/span><\/div>\n<div style=\"padding: 10px 0;\">\n<p><img decoding=\"async\" data-alt=\"Adjustable anti-rollover assist lower limb walking hemiplegia gait trainer pediatric walker\" data-src=\"\" ori-height=\"1929\" ori-width=\"769\" src=\"https:\/\/anbanjia.com.cn\/wp-content\/uploads\/2022\/05\/Ha43def8a2df44eac925e2c3ab5a1b97b2.jpg\"> <\/p>\n<\/p><\/div>\n<\/p><\/div>\n<div class=\"mceSectionContainer\" data-section=\"AliPostDhMb-wn279\" data-section-title=\"certificate\" id=\"ali-anchor-AliPostDhMb-wn279\" style=\"padding-top: 8px;\">\n<div id=\"ali-title-AliPostDhMb-wn279\" style=\"padding: 8px 0; border-bottom: 1px solid #ddd;\"><span style=\"background-color: #ddd; color: #333; font-weight: bold; padding: 8px 10px; line-height: 12px;\">Zertifikat<\/span><\/div>\n<div style=\"padding: 10px 0;\">\n<p><img decoding=\"async\" data-alt=\"Adjustable anti-rollover assist lower limb walking hemiplegia gait trainer pediatric walker\" data-src=\"\" ori-height=\"365\" ori-width=\"750\" src=\"https:\/\/anbanjia.com.cn\/wp-content\/uploads\/2022\/05\/HTB1Z1olSpXXXXctXXXXq6xXFXXXu-1.jpg\"> <\/p>\n<\/p><\/div>\n<\/p><\/div>\n<div class=\"mceSectionContainer\" data-section=\"AliPostDhMb-t1zml\" data-section-title=\"produce &amp; payment\" id=\"ali-anchor-AliPostDhMb-t1zml\" style=\"padding-top: 8px;\">\n<div id=\"ali-title-AliPostDhMb-t1zml\" style=\"padding: 8px 0; border-bottom: 1px solid #ddd;\"><span style=\"background-color: #ddd; color: #333; font-weight: bold; padding: 8px 10px; line-height: 12px;\">produzieren &amp; bezahlen<\/span><\/div>\n<div style=\"padding: 10px 0;\">\n<p><img decoding=\"async\" data-alt=\"Adjustable anti-rollover assist lower limb walking hemiplegia gait trainer pediatric walker\" data-src=\"\" ori-height=\"454\" ori-width=\"750\" src=\"https:\/\/anbanjia.com.cn\/wp-content\/uploads\/2022\/05\/HTB1LlvUSpXXXXbJXVXXq6xXFXXXf-1.jpg\"><img decoding=\"async\" data-alt=\"Adjustable anti-rollover assist lower limb walking hemiplegia gait trainer pediatric walker\" data-src=\"\" ori-height=\"58\" ori-width=\"750\" src=\"https:\/\/anbanjia.com.cn\/wp-content\/uploads\/2022\/05\/HTB1O0UfSpXXXXaRXpXXq6xXFXXXA.jpg\"> <\/p>\n<\/p><\/div>\n<\/p><\/div>\n<div class=\"mceSectionContainer\" data-section=\"AliPostDhMb-o39ov\" data-section-title=\"contact us\" id=\"ali-anchor-AliPostDhMb-o39ov\" style=\"padding-top: 8px;\">\n<div id=\"ali-title-AliPostDhMb-o39ov\" style=\"padding: 8px 0; border-bottom: 1px solid #ddd;\"><span style=\"background-color: #ddd; color: #333; font-weight: bold; padding: 8px 10px; line-height: 12px;\">kontaktiere uns<\/span><\/div>\n<div style=\"padding: 10px 0;\">\n<p><img decoding=\"async\" data-alt=\"Adjustable anti-rollover assist lower limb walking hemiplegia gait trainer pediatric walker\" data-src=\"\" ori-height=\"271\" ori-width=\"760\" src=\"https:\/\/anbanjia.com.cn\/wp-content\/uploads\/2022\/05\/HTB1vm0WR3HqK1RjSZFEq6AGMXXa6.jpg\"><\/p>\n<\/p><\/div>\n<\/p><\/div>\n<div class=\"mceSectionContainer\" data-section=\"AliPostDhMb-0rjmt\" data-section-title=\"Home\" id=\"ali-anchor-AliPostDhMb-0rjmt\" style=\"padding-top: 8px;\">\n<div id=\"ali-title-AliPostDhMb-0rjmt\" style=\"padding: 8px 0; border-bottom: 1px solid #ddd;\"><span style=\"background-color: #ddd; color: #333; font-weight: bold; padding: 8px 10px; line-height: 12px;\">Heim<\/span><\/div>\n<div style=\"padding: 10px 0;\">\n<p><img decoding=\"async\" data-alt=\"Adjustable anti-rollover assist lower limb walking hemiplegia gait trainer pediatric walker\" data-src=\"\" ori-height=\"172\" ori-width=\"750\" src=\"https:\/\/anbanjia.com.cn\/wp-content\/uploads\/2022\/05\/unnamed-file-3.jpg\"><\/p>\n<p><a href=\"https:\/\/abj-medical.en.alibaba.com\/?spm=a2700.8304367.topnav.1.7fb94f0d6W4Kaf\" target=\"_blank\" rel=\"noopener\"><img decoding=\"async\" data-alt=\"Adjustable anti-rollover assist lower limb walking hemiplegia gait trainer pediatric walker\" data-src=\"\" ori-height=\"124\" ori-width=\"750\" src=\"https:\/\/anbanjia.com.cn\/wp-content\/uploads\/2022\/05\/HTB10aT7SpXXXXa7XFXXq6xXFXXXO-1.jpg\"><\/a> <\/p>\n<\/p><\/div>\n<\/p><\/div>\n<\/div>\n","protected":false},"excerpt":{"rendered":"<div style=\"width:auto\">\n<div style=\"min-width: 300px;max-width: 300px;word-wrap: break-word;float: left\">Eigenschaften: Zubeh\u00f6r f\u00fcr die Rehabilitationstherapie <\/div>\n<div style=\"min-width: 300px;max-width: 300px;word-wrap: break-word;float: left\">Herkunftsort: Guangdong, China<\/div>\n<\/p><\/div>\n<div style=\"width:auto\">\n<div style=\"min-width: 300px;max-width: 300px;word-wrap: break-word;float: left\">Markenname:anbanjia\/OEM <\/div>\n<div style=\"min-width: 300px;max-width: 300px;word-wrap: break-word;float: left\">Modellnummer: XFL01<\/div>\n<\/p><\/div>\n<div style=\"width:auto\">\n<div style=\"min-width: 300px;max-width: 300px;word-wrap: break-word;float: left\">Typ: Rollstuhl <\/div>\n<div style=\"min-width: 300px;max-width: 300px;word-wrap: break-word;float: left\">Material: Stahl + Schwamm<\/div>\n<\/p><\/div>\n<div style=\"width:auto\">\n<div style=\"min-width: 300px;max-width: 300px;word-wrap: break-word;float: left\">Geeignete H\u00f6he: 85-120 cm <\/div>\n<div style=\"min-width: 300px;max-width: 300px;word-wrap: break-word;float: left\">Produktgewicht: 13 kg<\/div>\n<\/p><\/div>\n<div style=\"width:auto\">\n<div style=\"min-width: 300px;max-width: 300px;word-wrap: break-word;float: left\">Lagergewicht: 70kg <\/div>\n<div style=\"min-width: 300px;max-width: 300px;word-wrap: break-word;float: left\">Produkth\u00f6he: 75-90 cm<\/div>\n<\/p><\/div>\n<div style=\"width:auto\">\n<div style=\"min-width: 300px;max-width: 300px;word-wrap: break-word;float: left\">Produktbreite: 70 cm <\/div>\n<div style=\"min-width: 300px;max-width: 300px;word-wrap: break-word;float: left\">Abstand zwischen linkem und rechtem Rad: 40 cm<\/div>\n<\/p><\/div>\n","protected":false},"featured_media":11583,"comment_status":"closed","ping_status":"closed","template":"","meta":[],"product_cat":[160],"product_tag":[],"class_list":["post-13213","product","type-product","status-publish","has-post-thumbnail","hentry","product_cat-reha-stehmaschine"],"_links":{"self":[{"href":"https:\/\/anbanjia.com.cn\/de\/wp-json\/wp\/v2\/product\/13213","targetHints":{"allow":["GET"]}}],"collection":[{"href":"https:\/\/anbanjia.com.cn\/de\/wp-json\/wp\/v2\/product"}],"about":[{"href":"https:\/\/anbanjia.com.cn\/de\/wp-json\/wp\/v2\/types\/product"}],"replies":[{"embeddable":true,"href":"https:\/\/anbanjia.com.cn\/de\/wp-json\/wp\/v2\/comments?post=13213"}],"wp:featuredmedia":[{"embeddable":true,"href":"https:\/\/anbanjia.com.cn\/de\/wp-json\/wp\/v2\/media\/11583"}],"wp:attachment":[{"href":"https:\/\/anbanjia.com.cn\/de\/wp-json\/wp\/v2\/media?parent=13213"}],"wp:term":[{"taxonomy":"product_cat","embeddable":true,"href":"https:\/\/anbanjia.com.cn\/de\/wp-json\/wp\/v2\/product_cat?post=13213"},{"taxonomy":"product_tag","embeddable":true,"href":"https:\/\/anbanjia.com.cn\/de\/wp-json\/wp\/v2\/product_tag?post=13213"}],"curies":[{"name":"wp","href":"https:\/\/api.w.org\/{rel}","templated":true}]}}