{"id":13208,"date":"2022-05-02T18:02:27","date_gmt":"2022-05-02T18:02:27","guid":{"rendered":"https:\/\/www.anbanjia.com.cn\/product\/stehgestell-fuer-kinder-mit-zerebralparese-behinderte-hemiplegische-trainingsmaschine-fuer-die-unteren-gliedmassen\/"},"modified":"2022-05-02T18:02:27","modified_gmt":"2022-05-02T18:02:27","slug":"stehrahmen-fur-zerebralparese-kinder-behinderte-hemiplegische-untere-extremitaten-trainingsmaschine","status":"publish","type":"product","link":"https:\/\/anbanjia.com.cn\/de\/produkt\/stehrahmen-fur-zerebralparese-kinder-behinderte-hemiplegische-untere-extremitaten-trainingsmaschine\/","title":{"rendered":"Stehgestell f\u00fcr Kinder mit Zerebralparese, behinderte, hemiplegische Trainingsmaschine f\u00fcr die unteren Gliedma\u00dfen"},"content":{"rendered":"<div style=\"max-width: 750px; margin: 0 auto;\">\n<div id=\"ali-anchor-AliPostDhMb-birkh\" class=\"mceSectionContainer\" style=\"padding-top: 8px;\" data-section=\"AliPostDhMb-birkh\" data-section-title=\"Product Description\">\n<div id=\"ali-title-AliPostDhMb-birkh\" style=\"padding: 8px 0; border-bottom: 1px solid #ddd;\"><span style=\"background-color: #ddd; color: #333; font-weight: bold; padding: 8px 10px; line-height: 12px;\">Produktbeschreibung<\/span><\/div>\n<div style=\"padding: 10px 0;\">\n<table style=\"border-collapse: collapse; background-color: #ffffff; width: 97.9914%;\" border=\"1\">\n<tbody>\n<tr>\n<td style=\"width: 33%;\"><span style=\"font-size: 24px;\">Produktname<\/span><\/td>\n<td style=\"width: 87.8417%;\"><span style=\"font-size: 24px;\">Stehgestell f\u00fcr behinderte Kinder<\/span><\/td>\n<\/tr>\n<tr>\n<td style=\"width: 33%;\"><span style=\"font-size: 24px;\">Produktgr\u00f6\u00dfe<\/span><\/td>\n<td style=\"width: 87.8417%;\"><span style=\"font-size: 24px;\">100 ~ 130 * 98 * 68 cm<\/span><\/td>\n<\/tr>\n<tr>\n<td style=\"width: 33%;\"><span style=\"font-size: 24px;\">Produktgewicht<\/span><\/td>\n<td style=\"width: 87.8417%;\"><span style=\"font-size: 24px;\">35kg<\/span><\/td>\n<\/tr>\n<tr>\n<td style=\"width: 33%;\"><span style=\"font-size: 24px;\">Kapazit\u00e4t Gewicht<\/span><\/td>\n<td style=\"width: 87.8417%;\"><span style=\"font-size: 24px;\">100kg<\/span><\/td>\n<\/tr>\n<tr>\n<td style=\"width: 33%;\"><span style=\"font-size: 24px;\">Funktion<\/span><\/td>\n<td style=\"width: 87.8417%;\"><span style=\"font-size: 24px;\">Hemiplegie-Training der unteren Extremit\u00e4ten<\/span><\/td>\n<\/tr>\n<tr>\n<td style=\"width: 33%;\"><span style=\"font-size: 24px;\">MOQ<\/span><\/td>\n<td style=\"width: 87.8417%;\"><span style=\"font-size: 24px;\">1 Einheit<\/span><\/td>\n<\/tr>\n<\/tbody>\n<\/table>\n<\/div>\n<\/div>\n<p><img decoding=\"async\" class=\"alignnone size-full wp-image-12820\" src=\"https:\/\/anbanjia.com.cn\/wp-content\/uploads\/2022\/05\/5.webp\" alt=\"\" width=\"750\" height=\"776\" srcset=\"https:\/\/anbanjia.com.cn\/wp-content\/uploads\/2022\/05\/5.webp 750w, https:\/\/anbanjia.com.cn\/wp-content\/uploads\/2022\/05\/5-600x621.webp 600w\" sizes=\"(max-width: 750px) 100vw, 750px\" \/> <img decoding=\"async\" class=\"alignnone size-full wp-image-12818\" src=\"https:\/\/anbanjia.com.cn\/wp-content\/uploads\/2022\/05\/4.webp\" alt=\"\" width=\"750\" height=\"937\" srcset=\"https:\/\/anbanjia.com.cn\/wp-content\/uploads\/2022\/05\/4.webp 750w, https:\/\/anbanjia.com.cn\/wp-content\/uploads\/2022\/05\/4-600x750.webp 600w\" sizes=\"(max-width: 750px) 100vw, 750px\" \/> <img decoding=\"async\" class=\"alignnone size-full wp-image-12816\" src=\"https:\/\/anbanjia.com.cn\/wp-content\/uploads\/2022\/05\/3.webp\" alt=\"\" width=\"750\" height=\"958\" srcset=\"https:\/\/anbanjia.com.cn\/wp-content\/uploads\/2022\/05\/3.webp 750w, https:\/\/anbanjia.com.cn\/wp-content\/uploads\/2022\/05\/3-600x766.webp 600w\" sizes=\"(max-width: 750px) 100vw, 750px\" \/> <img decoding=\"async\" class=\"alignnone size-full wp-image-12814\" src=\"https:\/\/anbanjia.com.cn\/wp-content\/uploads\/2022\/05\/2.webp\" alt=\"\" width=\"750\" height=\"803\" srcset=\"https:\/\/anbanjia.com.cn\/wp-content\/uploads\/2022\/05\/2.webp 750w, https:\/\/anbanjia.com.cn\/wp-content\/uploads\/2022\/05\/2-600x642.webp 600w\" sizes=\"(max-width: 750px) 100vw, 750px\" \/> <img decoding=\"async\" class=\"alignnone size-full wp-image-12812\" src=\"https:\/\/anbanjia.com.cn\/wp-content\/uploads\/2022\/05\/1.webp\" alt=\"\" width=\"750\" height=\"782\" srcset=\"https:\/\/anbanjia.com.cn\/wp-content\/uploads\/2022\/05\/1.webp 750w, https:\/\/anbanjia.com.cn\/wp-content\/uploads\/2022\/05\/1-600x626.webp 600w\" sizes=\"(max-width: 750px) 100vw, 750px\" \/><\/p>\n<p>&nbsp;<\/p>\n<div id=\"ali-anchor-AliPostDhMb-gnym1\" class=\"mceSectionContainer\" style=\"padding-top: 8px;\" data-section=\"AliPostDhMb-gnym1\" data-section-title=\"Shipping and payment\">\n<div id=\"ali-title-AliPostDhMb-gnym1\" style=\"padding: 8px 0; border-bottom: 1px solid #ddd;\"><span style=\"background-color: #ddd; color: #333; font-weight: bold; padding: 8px 10px; line-height: 12px;\">Versand und Zahlung<\/span><\/div>\n<div style=\"padding: 10px 0;\">\n<p><img decoding=\"async\" src=\"https:\/\/anbanjia.com.cn\/wp-content\/uploads\/2022\/05\/HTB1dO4eSFXXXXX8XVXXq6xXFXXXe.jpg\" data-alt=\"Standing frame for cerebral palsy children, disabled, hemiplegic lower limb training machine\" data-src=\"\"><\/p>\n<\/div>\n<\/div>\n<div id=\"ali-anchor-AliPostDhMb-77pqt\" class=\"mceSectionContainer\" style=\"padding-top: 8px;\" data-section=\"AliPostDhMb-77pqt\" data-section-title=\"Contact information\">\n<div id=\"ali-title-AliPostDhMb-77pqt\" style=\"padding: 8px 0; border-bottom: 1px solid #ddd;\"><span style=\"background-color: #ddd; color: #333; font-weight: bold; padding: 8px 10px; line-height: 12px;\">Kontaktinformationen<\/span><\/div>\n<div style=\"padding: 10px 0;\">\n<p><img decoding=\"async\" src=\"https:\/\/anbanjia.com.cn\/wp-content\/uploads\/2022\/05\/H4a476ca2a62642c5955586ce8e509aa6M.png\" data-alt=\"Standing frame for cerebral palsy children, disabled, hemiplegic lower limb training machine\" data-src=\"\"><\/p>\n<\/div>\n<\/div>\n<div id=\"ali-anchor-AliPostDhMb-11o9w\" class=\"mceSectionContainer\" style=\"padding-top: 8px;\" data-section=\"AliPostDhMb-11o9w\" data-section-title=\"Company Information\">\n<div id=\"ali-title-AliPostDhMb-11o9w\" style=\"padding: 8px 0; border-bottom: 1px solid #ddd;\"><span style=\"background-color: #ddd; color: #333; font-weight: bold; padding: 8px 10px; line-height: 12px;\">Firmeninformation<\/span><\/div>\n<div style=\"padding: 10px 0;\">\n<p><img decoding=\"async\" src=\"https:\/\/anbanjia.com.cn\/wp-content\/uploads\/2022\/05\/Ha43def8a2df44eac925e2c3ab5a1b97b2.jpg\" data-alt=\"Standing frame for cerebral palsy children, disabled, hemiplegic lower limb training machine\" data-src=\"\"><\/p>\n<\/div>\n<\/div>\n<\/div>\n","protected":false},"excerpt":{"rendered":"<p>&nbsp;<\/p>\n<div style=\"width: auto;\">\n<div style=\"min-width: 300px; max-width: 300px; word-wrap: break-word; float: left;\">Eigenschaften: Zubeh\u00f6r f\u00fcr die Rehabilitationstherapie<\/div>\n<div style=\"min-width: 300px; max-width: 300px; word-wrap: break-word; float: left;\">Herkunftsort: Guangdong, China<\/div>\n<\/div>\n<div style=\"width: auto;\">\n<div style=\"min-width: 300px; max-width: 300px; word-wrap: break-word; float: left;\">Markenname: Anbanjia<\/div>\n<div style=\"min-width: 300px; max-width: 300px; word-wrap: break-word; float: left;\">Modellnummer: J01<\/div>\n<\/div>\n<div style=\"width: auto;\">\n<div style=\"min-width: 300px; max-width: 300px; word-wrap: break-word; float: left;\">Typ: Walker &amp; Rollator<\/div>\n<div style=\"min-width: 300px; max-width: 300px; word-wrap: break-word; float: left;\">Material: Edelstahl<\/div>\n<\/div>\n<div style=\"width: auto;\">\n<div style=\"min-width: 300px; max-width: 300px; word-wrap: break-word; float: left;\">Gr\u00f6\u00dfe: 98 x 68 x 100 bis 130 cm<\/div>\n<div style=\"min-width: 300px; max-width: 300px; word-wrap: break-word; float: left;\">Gewicht: 38 kg<\/div>\n<\/div>\n<div>Kundenspezifisches Logo (Mindestbestellmenge: 20 Einheiten)<\/div>\n<div>Kundenspezifische Verpackung (Mindestbestellmenge: 20 Einheiten)<\/div>\n","protected":false},"featured_media":5406,"comment_status":"closed","ping_status":"closed","template":"","meta":[],"product_cat":[160],"product_tag":[],"class_list":["post-13208","product","type-product","status-publish","has-post-thumbnail","hentry","product_cat-reha-stehmaschine"],"_links":{"self":[{"href":"https:\/\/anbanjia.com.cn\/de\/wp-json\/wp\/v2\/product\/13208","targetHints":{"allow":["GET"]}}],"collection":[{"href":"https:\/\/anbanjia.com.cn\/de\/wp-json\/wp\/v2\/product"}],"about":[{"href":"https:\/\/anbanjia.com.cn\/de\/wp-json\/wp\/v2\/types\/product"}],"replies":[{"embeddable":true,"href":"https:\/\/anbanjia.com.cn\/de\/wp-json\/wp\/v2\/comments?post=13208"}],"wp:featuredmedia":[{"embeddable":true,"href":"https:\/\/anbanjia.com.cn\/de\/wp-json\/wp\/v2\/media\/5406"}],"wp:attachment":[{"href":"https:\/\/anbanjia.com.cn\/de\/wp-json\/wp\/v2\/media?parent=13208"}],"wp:term":[{"taxonomy":"product_cat","embeddable":true,"href":"https:\/\/anbanjia.com.cn\/de\/wp-json\/wp\/v2\/product_cat?post=13208"},{"taxonomy":"product_tag","embeddable":true,"href":"https:\/\/anbanjia.com.cn\/de\/wp-json\/wp\/v2\/product_tag?post=13208"}],"curies":[{"name":"wp","href":"https:\/\/api.w.org\/{rel}","templated":true}]}}