{"id":13206,"date":"2022-05-02T18:02:28","date_gmt":"2022-05-02T18:02:28","guid":{"rendered":"https:\/\/www.anbanjia.com.cn\/product\/hochwertiger-guenstiger-preis-rehabilitationstherapie-liefert-rehabilitationsmaschine-mini-heimtrainer\/"},"modified":"2022-05-02T18:02:28","modified_gmt":"2022-05-02T18:02:28","slug":"hochwertige-gunstige-preis-preis-rehabilitationstherapie-zubehor-rehabilitationsmaschine-mini-ergometer","status":"publish","type":"product","link":"https:\/\/anbanjia.com.cn\/de\/produkt\/hochwertige-gunstige-preis-preis-rehabilitationstherapie-zubehor-rehabilitationsmaschine-mini-ergometer\/","title":{"rendered":"Hochwertiger g\u00fcnstiger Preis Rehabilitationstherapie liefert Rehabilitationsmaschine Mini-Heimtrainer"},"content":{"rendered":"<div style=\"max-width: 750px; margin: 0 auto;\">\n<div id=\"detail_decorate_root\" data-magic-global=\"%7B%22bizId%22%3A3215165050%2C%22pageId%22%3A20065796145%2C%22siteId%22%3A5005610021%7D\">\n<div class=\"J_module\">\n<div class=\"icbu-pc-images magic-1\">\n<div>\n<div class=\"flex-layout-v\">\n<div class=\"flex-layout-h magic-1\">\n<div class=\"magic-2\"><a href=\"https:\/\/abj-medical.en.alibaba.com\/productlist.html?spm=a2700.icbuShop.88.17.34a644eboUUcrp\" target=\"_blank\" rel=\"noopener\"><img decoding=\"async\" class=\"magic-3\" style=\"max-width: 750;\" src=\"https:\/\/anbanjia.com.cn\/wp-content\/uploads\/2022\/05\/HTB1v2tVIQSWBuNjSszdq6zeSpXam.jpg\" data-src=\"\"><\/a><\/div>\n<div><img decoding=\"async\" src=\"https:\/\/s.alicdn.com\/@sc04\/kf\/Hf5c59d5fabbc47febc7ab5ca7ff281cbu\/230438700\/Hf5c59d5fabbc47febc7ab5ca7ff281cbu.png?quality=close\"><\/div>\n<div><img decoding=\"async\" src=\"https:\/\/s.alicdn.com\/@sc04\/kf\/H6822f9f941be448a9b84f5f028ae48b76\/230438700\/H6822f9f941be448a9b84f5f028ae48b76.png?quality=close\"><\/div>\n<div><img decoding=\"async\" src=\"https:\/\/s.alicdn.com\/@sc04\/kf\/He590cd6cf57a42aaa167b83cb82feab4g\/230438700\/He590cd6cf57a42aaa167b83cb82feab4g.png?quality=close\"><\/div>\n<div><img decoding=\"async\" src=\"https:\/\/s.alicdn.com\/@sc04\/kf\/H832227d6ea7f42d39dbc932306a57eb9A\/230438700\/H832227d6ea7f42d39dbc932306a57eb9A.png?quality=close\"><\/div>\n<div>\n<div class=\"magic-9\"><span class=\"magic-10\"><span class=\"magic-11\" style=\"color: #e87474;\">Zubeh\u00f6r f\u00fcr Rehabilitationsmaschinen<\/span><\/span><\/div>\n<div class=\"magic-12\">\n<div class=\"magic-13\">\n<div class=\"magic-14\">\n<div class=\"magic-9\" data-spm-anchor-id=\"a2700.details.0.i31.3bcb2f5a6kK3n1\"><span class=\"magic-15\">Wenn Sie dieses Zubeh\u00f6r zur Rehabilitationsmaschine hinzuf\u00fcgen m\u00f6chten, wenden Sie sich bitte an Abby Su<\/span><\/div>\n<\/div>\n<\/div>\n<\/div>\n<\/div>\n<div><img decoding=\"async\" src=\"https:\/\/s.alicdn.com\/@sc04\/kf\/He7c48d311cc84b8aacf946ba96c8faa8v\/230438700\/He7c48d311cc84b8aacf946ba96c8faa8v.jpg?quality=close\"><\/div>\n<div><img decoding=\"async\" src=\"https:\/\/s.alicdn.com\/@sc04\/kf\/H137236235e054f4cb1a0479fd1bdc813a\/230438700\/H137236235e054f4cb1a0479fd1bdc813a.jpg?quality=close\"><\/div>\n<div><img decoding=\"async\" src=\"https:\/\/s.alicdn.com\/@sc04\/kf\/H13265fe150c848f89583687efc64884eC\/230438700\/H13265fe150c848f89583687efc64884eC.jpg?quality=close\"><img decoding=\"async\" src=\"https:\/\/s.alicdn.com\/@sc04\/kf\/Hd59e60e3e69046d6bfee228c0b9a50be6\/230438700\/Hd59e60e3e69046d6bfee228c0b9a50be6.jpg?quality=close\"><\/p>\n<p class=\"magic-22\"><span style=\"font-family: Arial, Helvetica; font-size: large;\">Als professioneller und f\u00fchrender Anbieter medizinischer Ger\u00e4te bietet ABJ der Mehrheit der Kunden viele hochwertige Rollstuhlprodukte, die ihre Anforderungen erf\u00fcllen.<br \/>\n<\/span><\/p>\n<p class=\"magic-22\" data-spm-anchor-id=\"a2700.details.0.i35.3bcb2f5a6kK3n1\"><span style=\"font-family: Arial, Helvetica; font-size: large;\">Alle Produkte werden vor dem Versand von uns sehr sorgf\u00e4ltig gepr\u00fcft.<br \/>\nWir bieten Kunden schnelle Lieferung, angemessenen Preis, hohe Qualit\u00e4t und langfristige Dienstleistungen.<\/span><img decoding=\"async\" src=\"https:\/\/s.alicdn.com\/@sc01\/kf\/H3d43ab43a0f24fc7886a50fee5674fd4U\/230438700\/H3d43ab43a0f24fc7886a50fee5674fd4U.jpg?quality=close\"><img decoding=\"async\" src=\"https:\/\/s.alicdn.com\/@sc01\/kf\/HTB1xs6Ud.D.BuNjt_h7q6yNDVXat\/230438700\/HTB1xs6Ud.D.BuNjt_h7q6yNDVXat.jpg?quality=close\"><img decoding=\"async\" src=\"https:\/\/s.alicdn.com\/@sc01\/kf\/HTB1aUsdKqmWBuNjy1Xaq6xCbXXag\/230438700\/HTB1aUsdKqmWBuNjy1Xaq6xCbXXag.jpg?quality=close\">\u00dcber uns:<br \/>\n1. mehr auftrag, mehr rabatt, konkurrenzf\u00e4higer preis!<br \/>\n2.Willkommen, um mit uns in Verbindung zu treten, um einen besseren Preis zu erhalten!<br \/>\n3.Guter Service, schnelle Lieferung, und wir sind es wert, vertraut zu werden.<br \/>\n4.Wir k\u00f6nnen garantieren, dass Sie mit unseren Produkten zufrieden sein werden.<br \/>\n5. Wir behandeln Kunden wie Freunde und bieten Ihnen einen beachtlichen Service.<img decoding=\"async\" src=\"https:\/\/s.alicdn.com\/@sc04\/kf\/H0d98a1c526ad49f4ba43398cbcb5b09bB\/230438700\/H0d98a1c526ad49f4ba43398cbcb5b09bB.png?quality=close\"><\/p>\n<\/div>\n<\/div>\n<\/div>\n<\/div>\n<\/div>\n<\/div>\n<\/div>\n<\/div>\n","protected":false},"excerpt":{"rendered":"<p>&nbsp;<\/p>\n<div style=\"width: auto;\">\n<div style=\"min-width: 300px; max-width: 300px; word-wrap: break-word; float: left;\">Eigenschaften: Zubeh\u00f6r f\u00fcr die Rehabilitationstherapie<\/div>\n<div style=\"min-width: 300px; max-width: 300px; word-wrap: break-word; float: left;\">Herkunftsort: Guangdong, China<\/div>\n<\/div>\n<div style=\"width: auto;\">\n<div style=\"min-width: 300px; max-width: 300px; word-wrap: break-word; float: left;\">Markenname: Anbanjia<\/div>\n<div style=\"min-width: 300px; max-width: 300px; word-wrap: break-word; float: left;\">Modellnummer: ABJ-108<\/div>\n<\/div>\n<div style=\"width: auto;\">\n<div style=\"min-width: 300px; max-width: 300px; word-wrap: break-word; float: left;\">Typ: Badezimmer-Sicherheitsausr\u00fcstung<\/div>\n<div style=\"min-width: 300px; max-width: 300px; word-wrap: break-word; float: left;\">Material: ABS + PP + EISEN<\/div>\n<\/div>\n<div style=\"width: auto;\">\n<div style=\"min-width: 300px; max-width: 300px; word-wrap: break-word; float: left;\">Farbe: Grau<\/div>\n<div style=\"min-width: 300px; max-width: 300px; word-wrap: break-word; float: left;\">Produktabmessungen: 48 x 35 x 75\u2013104 cm<\/div>\n<\/div>\n<div style=\"width: auto;\">\n<div style=\"min-width: 300px; max-width: 300px; word-wrap: break-word; float: left;\">Spannung: 220 V\/50 Hz<\/div>\n<div style=\"min-width: 300px; max-width: 300px; word-wrap: break-word; float: left;\">Motor: 250 W<\/div>\n<\/div>\n<div style=\"width: auto;\">\n<div style=\"min-width: 300px; max-width: 300px; word-wrap: break-word; float: left;\">Nettogewicht: 13 kg<\/div>\n<div style=\"min-width: 300px; max-width: 300px; word-wrap: break-word; float: left;\">Maximales Ladegewicht: 120 KGS<\/div>\n<\/div>\n<div style=\"width: auto;\">\n<div style=\"min-width: 300px; max-width: 300px; word-wrap: break-word; float: left;\">Verpackungsma\u00dfe: 52,5 x 34 x 81 cm<\/div>\n<div style=\"min-width: 300px; max-width: 300px; word-wrap: break-word; float: left;\">Fu\u00dfteil:: manuell\/elektrisch, Rotieren und Gegendrehen, 10 Stufen<\/div>\n<\/div>\n<div>Kundenspezifisches Logo (Mindestbestellmenge: 200 St\u00fcck)<\/div>\n<div>Grafische Anpassung (Mindestbestellmenge: 200 St\u00fcck)<\/div>\n","protected":false},"featured_media":5502,"comment_status":"closed","ping_status":"closed","template":"","meta":[],"product_cat":[152],"product_tag":[],"class_list":["post-13206","product","type-product","status-publish","has-post-thumbnail","hentry","product_cat-reha-trainingsgerat"],"_links":{"self":[{"href":"https:\/\/anbanjia.com.cn\/de\/wp-json\/wp\/v2\/product\/13206","targetHints":{"allow":["GET"]}}],"collection":[{"href":"https:\/\/anbanjia.com.cn\/de\/wp-json\/wp\/v2\/product"}],"about":[{"href":"https:\/\/anbanjia.com.cn\/de\/wp-json\/wp\/v2\/types\/product"}],"replies":[{"embeddable":true,"href":"https:\/\/anbanjia.com.cn\/de\/wp-json\/wp\/v2\/comments?post=13206"}],"wp:featuredmedia":[{"embeddable":true,"href":"https:\/\/anbanjia.com.cn\/de\/wp-json\/wp\/v2\/media\/5502"}],"wp:attachment":[{"href":"https:\/\/anbanjia.com.cn\/de\/wp-json\/wp\/v2\/media?parent=13206"}],"wp:term":[{"taxonomy":"product_cat","embeddable":true,"href":"https:\/\/anbanjia.com.cn\/de\/wp-json\/wp\/v2\/product_cat?post=13206"},{"taxonomy":"product_tag","embeddable":true,"href":"https:\/\/anbanjia.com.cn\/de\/wp-json\/wp\/v2\/product_tag?post=13206"}],"curies":[{"name":"wp","href":"https:\/\/api.w.org\/{rel}","templated":true}]}}