{"id":13204,"date":"2022-05-02T18:02:26","date_gmt":"2022-05-02T18:02:26","guid":{"rendered":"https:\/\/www.anbanjia.com.cn\/product\/rehabilitationstrainingsgeraet-fuer-zerebralparese-stehend-multifunktionaler-rahmen-fuer-kinder\/"},"modified":"2022-05-02T18:02:26","modified_gmt":"2022-05-02T18:02:26","slug":"zerebralparese-rehabilitation-trainingsgeraete-steh-multifunktionaler-rahmen-fuer-kinder","status":"publish","type":"product","link":"https:\/\/anbanjia.com.cn\/de\/produkt\/zerebralparese-rehabilitation-trainingsgeraete-steh-multifunktionaler-rahmen-fuer-kinder\/","title":{"rendered":"Rehabilitationstrainingsger\u00e4t f\u00fcr Zerebralparese, stehend, multifunktionaler Rahmen f\u00fcr Kinder"},"content":{"rendered":"<div style=\"max-width: 750px;margin: 0 auto;\">\n<div data-section=\"AliPostDhMb-jaad0\" data-section-title=\"Product Details\" id=\"ali-anchor-AliPostDhMb-jaad0\" style=\"padding-top: 8px;\">\n<div id=\"ali-title-AliPostDhMb-jaad0\" style=\"padding: 8px 0; border-bottom: 1px solid #ddd;\"><span style=\"background-color: #ddd; color: #333; font-weight: bold; padding: 8px 10px; line-height: 12px;\">Produktdetails<\/span><\/div>\n<div style=\"padding: 10px 0px; text-align: center;\">\n<\/p>\n<p> <strong><span style=\"font-size: 24px;\"> Stehender Rehabilitationsrollstuhl f\u00fcr Kinder <\/span><\/strong> <\/p>\n<table border=\"1\" style=\"border-collapse: collapse; background-color: #ffffff; width: 80%;\">\n<tbody>\n<tr>\n<td style=\"text-align: center;\"><span style=\"font-size: 18px;\"><strong>Material<\/strong><\/span><\/td>\n<td style=\"text-align: center;\"><span style=\"font-size: 18px;\"><strong>Edelstahl<\/strong><\/span><\/td>\n<\/tr>\n<tr>\n<td style=\"text-align: center;\"><span style=\"font-size: 18px;\"><strong>Benutzeranzug<\/strong><\/span><\/td>\n<td style=\"text-align: center;\"><span style=\"font-size: 16px;\"><strong>f\u00fcr 70-130 cm K\u00f6rpergr\u00f6\u00dfe<\/strong><\/span><\/td>\n<\/tr>\n<\/tbody>\n<\/table>\n<p style=\"text-align: left;\">\n<p style=\"text-align: left;\"><span style=\"font-size: 24px;\"><span style=\"background-color: #ffff00;\"><strong>*<\/strong><\/span> <span style=\"color: #000000; background-color: #ffff00;\">Die Maschine kann Kindern helfen, zu stehen und die Bein\u00fcbung zu st\u00e4rken. Sie kann Kindern helfen, einen Rehabilitationszug zu machen.<\/span> <\/span><\/p>\n<\/p><\/div>\n<\/p><\/div>\n<div data-section=\"AliPostDhMb-mt50f\" data-section-title=\"Product Description\" id=\"ali-anchor-AliPostDhMb-mt50f\" style=\"padding-top: 8px;\">\n<div id=\"ali-title-AliPostDhMb-mt50f\" style=\"padding: 8px 0; border-bottom: 1px solid #ddd;\"><span style=\"background-color: #ddd; color: #333; font-weight: bold; padding: 8px 10px; line-height: 12px;\">Produktbeschreibung<\/span><\/div>\n<div style=\"padding: 10px 0;\">\n<p> <img decoding=\"async\" data-alt=\"Cerebral palsy rehabilitation training equipment standing multifunctional frame for children\" data-src=\"\" ori-height=\"800\" ori-width=\"800\" src=\"https:\/\/anbanjia.com.cn\/wp-content\/uploads\/2022\/05\/H0d5975c62ce94d68a9bacc2feed027e8t.jpg\" style=\"max-width: 750;\"><img decoding=\"async\" data-alt=\"Cerebral palsy rehabilitation training equipment standing multifunctional frame for children\" data-src=\"\" ori-height=\"800\" ori-width=\"800\" src=\"https:\/\/anbanjia.com.cn\/wp-content\/uploads\/2022\/05\/H5ce719b46f9f43c99c1fc46671dcfb2e5.jpg\"><img decoding=\"async\" data-alt=\"Cerebral palsy rehabilitation training equipment standing multifunctional frame for children\" data-src=\"\" ori-height=\"800\" ori-width=\"800\" src=\"https:\/\/anbanjia.com.cn\/wp-content\/uploads\/2022\/05\/H717afed00ea248a5bb0b7d5ef5a5365dd.jpg\"><img decoding=\"async\" data-alt=\"Cerebral palsy rehabilitation training equipment standing multifunctional frame for children\" data-src=\"\" ori-height=\"800\" ori-width=\"800\" src=\"https:\/\/anbanjia.com.cn\/wp-content\/uploads\/2022\/05\/Hf8ca35832cd7449298b169abdd014ad7I.jpg\"><img decoding=\"async\" data-alt=\"Cerebral palsy rehabilitation training equipment standing multifunctional frame for children\" data-src=\"\" ori-height=\"800\" ori-width=\"800\" src=\"https:\/\/anbanjia.com.cn\/wp-content\/uploads\/2022\/05\/Hcac25ed2d22f45debbf819c9872ce2dfG.jpg\"><img decoding=\"async\" data-alt=\"Cerebral palsy rehabilitation training equipment standing multifunctional frame for children\" data-src=\"\" ori-height=\"610\" ori-width=\"750\" src=\"https:\/\/anbanjia.com.cn\/wp-content\/uploads\/2022\/05\/H49bb95658cba4352b5836f0b975579f3k.jpg\"><img decoding=\"async\" data-alt=\"Cerebral palsy rehabilitation training equipment standing multifunctional frame for children\" data-src=\"\" ori-height=\"613\" ori-width=\"750\" src=\"https:\/\/anbanjia.com.cn\/wp-content\/uploads\/2022\/05\/H2b593c91e5a249aa89bc021ef8b3dbebu.jpg\"><\/p>\n<\/p><\/div>\n<\/p><\/div>\n<div data-section=\"AliPostDhMb-kql3d\" data-section-title=\"Product Categories\" id=\"ali-anchor-AliPostDhMb-kql3d\" style=\"padding-top: 8px;\">\n<div id=\"ali-title-AliPostDhMb-kql3d\" style=\"padding: 8px 0; border-bottom: 1px solid #ddd;\"><span style=\"background-color: #ddd; color: #333; font-weight: bold; padding: 8px 10px; line-height: 12px;\">Produktkategorien<\/span><\/div>\n<div style=\"padding: 10px 0;\">\n<p><a href=\"https:\/\/abj-medical.en.alibaba.com\/productlist.html?spm=a2700.8304367.topnav.2.\" target=\"_blank\" rel=\"noopener\"><img decoding=\"async\" data-alt=\"Cerebral palsy rehabilitation training equipment standing multifunctional frame for children\" data-src=\"\" ori-height=\"241\" ori-width=\"750\" src=\"https:\/\/anbanjia.com.cn\/wp-content\/uploads\/2022\/05\/HTB1TH4ZSFXXXXazXFXXq6xXFXXXm.jpg\"><\/a> <\/p>\n<\/p><\/div>\n<\/p><\/div>\n<div data-section=\"AliPostDhMb-l9422\" data-section-title=\"company information\" id=\"ali-anchor-AliPostDhMb-l9422\" style=\"padding-top: 8px;\">\n<div id=\"ali-title-AliPostDhMb-l9422\" style=\"padding: 8px 0; border-bottom: 1px solid #ddd;\"><span style=\"background-color: #ddd; color: #333; font-weight: bold; padding: 8px 10px; line-height: 12px;\">Firmeninformation<\/span><\/div>\n<div style=\"padding: 10px 0;\">\n<p><img decoding=\"async\" data-alt=\"Cerebral palsy rehabilitation training equipment standing multifunctional frame for children\" data-src=\"\" ori-height=\"1857\" ori-width=\"750\" src=\"https:\/\/anbanjia.com.cn\/wp-content\/uploads\/2022\/05\/HTB1MME3SpXXXXbJaXXXq6xXFXXXA-1.jpg\"> <\/p>\n<\/p><\/div>\n<\/p><\/div>\n<div data-section=\"AliPostDhMb-wn279\" data-section-title=\"certificate\" id=\"ali-anchor-AliPostDhMb-wn279\" style=\"padding-top: 8px;\">\n<div id=\"ali-title-AliPostDhMb-wn279\" style=\"padding: 8px 0; border-bottom: 1px solid #ddd;\"><span style=\"background-color: #ddd; color: #333; font-weight: bold; padding: 8px 10px; line-height: 12px;\">Zertifikat<\/span><\/div>\n<div style=\"padding: 10px 0;\">\n<p><img decoding=\"async\" data-alt=\"Cerebral palsy rehabilitation training equipment standing multifunctional frame for children\" data-src=\"\" ori-height=\"365\" ori-width=\"750\" src=\"https:\/\/anbanjia.com.cn\/wp-content\/uploads\/2022\/05\/HTB1Z1olSpXXXXctXXXXq6xXFXXXu-1.jpg\"> <\/p>\n<\/p><\/div>\n<\/p><\/div>\n<div data-section=\"AliPostDhMb-t1zml\" data-section-title=\"produce &amp; payment\" id=\"ali-anchor-AliPostDhMb-t1zml\" style=\"padding-top: 8px;\">\n<div id=\"ali-title-AliPostDhMb-t1zml\" style=\"padding: 8px 0; border-bottom: 1px solid #ddd;\"><span style=\"background-color: #ddd; color: #333; font-weight: bold; padding: 8px 10px; line-height: 12px;\">produzieren &amp; bezahlen<\/span><\/div>\n<div style=\"padding: 10px 0;\">\n<p><img decoding=\"async\" data-alt=\"Cerebral palsy rehabilitation training equipment standing multifunctional frame for children\" data-src=\"\" ori-height=\"454\" ori-width=\"750\" src=\"https:\/\/anbanjia.com.cn\/wp-content\/uploads\/2022\/05\/HTB1LlvUSpXXXXbJXVXXq6xXFXXXf-1.jpg\"><img decoding=\"async\" data-alt=\"Cerebral palsy rehabilitation training equipment standing multifunctional frame for children\" data-src=\"\" ori-height=\"58\" ori-width=\"750\" src=\"https:\/\/anbanjia.com.cn\/wp-content\/uploads\/2022\/05\/HTB1O0UfSpXXXXaRXpXXq6xXFXXXA.jpg\"> <\/p>\n<\/p><\/div>\n<\/p><\/div>\n<div data-section=\"AliPostDhMb-o39ov\" data-section-title=\"contact us\" id=\"ali-anchor-AliPostDhMb-o39ov\" style=\"padding-top: 8px;\">\n<div id=\"ali-title-AliPostDhMb-o39ov\" style=\"padding: 8px 0; border-bottom: 1px solid #ddd;\"><span style=\"background-color: #ddd; color: #333; font-weight: bold; padding: 8px 10px; line-height: 12px;\">kontaktiere uns<\/span><\/div>\n<div style=\"padding: 10px 0;\">\n<p><img decoding=\"async\" data-alt=\"Cerebral palsy rehabilitation training equipment standing multifunctional frame for children\" data-src=\"\" ori-height=\"271\" ori-width=\"760\" src=\"https:\/\/anbanjia.com.cn\/wp-content\/uploads\/2022\/05\/HTB1vm0WR3HqK1RjSZFEq6AGMXXa6.jpg\"><\/p>\n<\/p><\/div>\n<\/p><\/div>\n<div data-section=\"AliPostDhMb-0rjmt\" data-section-title=\"Home\" id=\"ali-anchor-AliPostDhMb-0rjmt\" style=\"padding-top: 8px;\">\n<div id=\"ali-title-AliPostDhMb-0rjmt\" style=\"padding: 8px 0; border-bottom: 1px solid #ddd;\"><span style=\"background-color: #ddd; color: #333; font-weight: bold; padding: 8px 10px; line-height: 12px;\">Heim<\/span><\/div>\n<div style=\"padding: 10px 0;\">\n<p><img decoding=\"async\" data-alt=\"Cerebral palsy rehabilitation training equipment standing multifunctional frame for children\" data-src=\"\" ori-height=\"172\" ori-width=\"750\" src=\"https:\/\/anbanjia.com.cn\/wp-content\/uploads\/2022\/05\/unnamed-file-3.jpg\"><\/p>\n<p><a href=\"https:\/\/abj-medical.en.alibaba.com\/?spm=a2700.8304367.topnav.1.7fb94f0d6W4Kaf\" target=\"_blank\" rel=\"noopener\"><img decoding=\"async\" data-alt=\"Cerebral palsy rehabilitation training equipment standing multifunctional frame for children\" data-src=\"\" ori-height=\"124\" ori-width=\"750\" src=\"https:\/\/anbanjia.com.cn\/wp-content\/uploads\/2022\/05\/HTB10aT7SpXXXXa7XFXXq6xXFXXXO-1.jpg\"><\/a> <\/p>\n<\/p><\/div>\n<\/p><\/div>\n<\/div>\n","protected":false},"excerpt":{"rendered":"<div style=\"width:auto\">\n<div style=\"min-width: 300px;max-width: 300px;word-wrap: break-word;float: left\">Eigenschaften: Zubeh\u00f6r f\u00fcr die Rehabilitationstherapie <\/div>\n<div style=\"min-width: 300px;max-width: 300px;word-wrap: break-word;float: left\">Herkunftsort: Guangdong, China<\/div>\n<\/p><\/div>\n<div style=\"width:auto\">\n<div style=\"min-width: 300px;max-width: 300px;word-wrap: break-word;float: left\">Markenname:anbanjia\/OEM <\/div>\n<div style=\"min-width: 300px;max-width: 300px;word-wrap: break-word;float: left\">Modellnummer: ABJ-J01<\/div>\n<\/p><\/div>\n<div style=\"width:auto\">\n<div style=\"min-width: 300px;max-width: 300px;word-wrap: break-word;float: left\">Typ: Rollstuhl <\/div>\n<div style=\"min-width: 300px;max-width: 300px;word-wrap: break-word;float: left\">Funktion: Kinder stehen Rehabilitationstrainingsger\u00e4t<\/div>\n<\/p><\/div>\n<div style=\"width:auto\">\n<div style=\"min-width: 300px;max-width: 300px;word-wrap: break-word;float: left\">Benutzer: 70-130 cm H\u00f6he <\/div>\n<div style=\"min-width: 300px;max-width: 300px;word-wrap: break-word;float: left\">Material: Edelstahl<\/div>\n<\/p><\/div>\n","protected":false},"featured_media":5366,"comment_status":"closed","ping_status":"closed","template":"","meta":[],"product_cat":[160],"product_tag":[],"class_list":["post-13204","product","type-product","status-publish","has-post-thumbnail","hentry","product_cat-reha-stehmaschine"],"_links":{"self":[{"href":"https:\/\/anbanjia.com.cn\/de\/wp-json\/wp\/v2\/product\/13204","targetHints":{"allow":["GET"]}}],"collection":[{"href":"https:\/\/anbanjia.com.cn\/de\/wp-json\/wp\/v2\/product"}],"about":[{"href":"https:\/\/anbanjia.com.cn\/de\/wp-json\/wp\/v2\/types\/product"}],"replies":[{"embeddable":true,"href":"https:\/\/anbanjia.com.cn\/de\/wp-json\/wp\/v2\/comments?post=13204"}],"wp:featuredmedia":[{"embeddable":true,"href":"https:\/\/anbanjia.com.cn\/de\/wp-json\/wp\/v2\/media\/5366"}],"wp:attachment":[{"href":"https:\/\/anbanjia.com.cn\/de\/wp-json\/wp\/v2\/media?parent=13204"}],"wp:term":[{"taxonomy":"product_cat","embeddable":true,"href":"https:\/\/anbanjia.com.cn\/de\/wp-json\/wp\/v2\/product_cat?post=13204"},{"taxonomy":"product_tag","embeddable":true,"href":"https:\/\/anbanjia.com.cn\/de\/wp-json\/wp\/v2\/product_tag?post=13204"}],"curies":[{"name":"wp","href":"https:\/\/api.w.org\/{rel}","templated":true}]}}