{"id":13197,"date":"2022-05-02T18:02:27","date_gmt":"2022-05-02T18:02:27","guid":{"rendered":"https:\/\/www.anbanjia.com.cn\/product\/rehabilitationszentrum-kinder-stehrahmen-faehigkeitstrainingsgeraete-fuer-kinder-mit-zerebralparese\/"},"modified":"2022-05-02T18:02:27","modified_gmt":"2022-05-02T18:02:27","slug":"reha-zentrum-kinder-stehrahmen-fahigkeitstrainingsgeraete-fur-cerebralparese-kinder","status":"publish","type":"product","link":"https:\/\/anbanjia.com.cn\/de\/produkt\/reha-zentrum-kinder-stehrahmen-fahigkeitstrainingsgeraete-fur-cerebralparese-kinder\/","title":{"rendered":"Rehabilitationszentrum Kinder Stehrahmen F\u00e4higkeitstrainingsger\u00e4te f\u00fcr Kinder mit Zerebralparese"},"content":{"rendered":"<div style=\"max-width: 750px; margin: 0 auto;\">\n<p><span style=\"font-size: 32px;\">Zerebralparese-Kinderrehabilitations-Stehrahmen Hemiplegie-Rehabilitationsausr\u00fcstung<\/span><\/p>\n<table style=\"border-collapse: collapse; background-color: #ffffff; width: 80%;\" border=\"1\">\n<tbody>\n<tr>\n<td style=\"width: 30.7554%;\">Modell<\/td>\n<td style=\"width: 68.1655%;\">J01<\/td>\n<\/tr>\n<tr>\n<td style=\"width: 30.7554%;\">Produktgr\u00f6\u00dfe<\/td>\n<td style=\"width: 68.1655%;\">100-130cm*68cm*98cm<\/td>\n<\/tr>\n<tr>\n<td style=\"width: 30.7554%;\">Produktgewicht<\/td>\n<td style=\"width: 68.1655%;\">39kg<\/td>\n<\/tr>\n<tr>\n<td style=\"width: 30.7554%;\">Verwendungszweck<\/td>\n<td style=\"width: 68.1655%;\">Wird f\u00fcr das Stehtraining von Kindern unter 10 Jahren verwendet<\/td>\n<\/tr>\n<tr>\n<td style=\"width: 30.7554%;\">Lieferzeit<\/td>\n<td style=\"width: 68.1655%;\">3-10 Tage<\/td>\n<\/tr>\n<tr>\n<td style=\"width: 30.7554%;\">Paket<\/td>\n<td style=\"width: 68.1655%;\">Kartonpaket<\/td>\n<\/tr>\n<\/tbody>\n<\/table>\n<p><span style=\"font-size: 32px;\"><img decoding=\"async\" style=\"max-width: 750;\" src=\"https:\/\/anbanjia.com.cn\/wp-content\/uploads\/2022\/05\/H04bd7d8248e44cd299e09d25b10bd567z.jpg\" data-alt=\"Rehabilitation center children standing frame ability training equipment for cerebral palsy children\" data-src=\"\"><img decoding=\"async\" src=\"https:\/\/anbanjia.com.cn\/wp-content\/uploads\/2022\/05\/H5c00c577f6f7450ea786819b39ab91e30.jpg\" data-alt=\"Rehabilitation center children standing frame ability training equipment for cerebral palsy children\" data-src=\"\"><img decoding=\"async\" src=\"https:\/\/anbanjia.com.cn\/wp-content\/uploads\/2022\/05\/H77fb9502604b452e9a8692da4552acc2B.jpg\" data-alt=\"Rehabilitation center children standing frame ability training equipment for cerebral palsy children\" data-src=\"\"><img decoding=\"async\" src=\"https:\/\/anbanjia.com.cn\/wp-content\/uploads\/2022\/05\/H486e6c88d4794d6a9da1fb9f6640d231L.jpg\" data-alt=\"Rehabilitation center children standing frame ability training equipment for cerebral palsy children\" data-src=\"\"><img decoding=\"async\" src=\"https:\/\/anbanjia.com.cn\/wp-content\/uploads\/2022\/05\/Hf50fd092fb7a43eda6a85ed130e6a97fm.jpg\" data-alt=\"Rehabilitation center children standing frame ability training equipment for cerebral palsy children\" data-src=\"\"><img decoding=\"async\" src=\"https:\/\/anbanjia.com.cn\/wp-content\/uploads\/2022\/05\/H7b942e91f42c401eac2ac19c1b3c21bdd.jpg\" data-alt=\"Rehabilitation center children standing frame ability training equipment for cerebral palsy children\" data-src=\"\"><\/span><\/p>\n<p><span style=\"font-size: 32px;\">Wir haben auch ein anderes Modell.<\/span><\/p>\n<p><span style=\"font-size: 32px;\">Wenn Sie die Einzelheiten erfahren m\u00f6chten, k\u00f6nnen Sie sich an den Verk\u00e4ufer wenden.<\/span><\/p>\n<p><span style=\"font-size: 32px;\"> <img decoding=\"async\" src=\"https:\/\/anbanjia.com.cn\/wp-content\/uploads\/2022\/05\/Hf9bd3648757041bc902e9edbc078469fK.jpg\" data-alt=\"Rehabilitation center children standing frame ability training equipment for cerebral palsy children\" data-src=\"\"><img decoding=\"async\" src=\"https:\/\/anbanjia.com.cn\/wp-content\/uploads\/2022\/05\/H379cbf8d98eb4c7cbeb2f636c669c80eO.jpg\" data-alt=\"Rehabilitation center children standing frame ability training equipment for cerebral palsy children\" data-src=\"\"><img decoding=\"async\" src=\"https:\/\/anbanjia.com.cn\/wp-content\/uploads\/2022\/05\/Hcac25ed2d22f45debbf819c9872ce2dfG.jpg\" data-alt=\"Rehabilitation center children standing frame ability training equipment for cerebral palsy children\" data-src=\"\"><img decoding=\"async\" src=\"https:\/\/anbanjia.com.cn\/wp-content\/uploads\/2022\/05\/H49bb95658cba4352b5836f0b975579f3k.jpg\" data-alt=\"Rehabilitation center children standing frame ability training equipment for cerebral palsy children\" data-src=\"\"><\/span><\/p>\n<p><span style=\"font-size: 24px;\">Wir haben mehrere Modelle von Rollst\u00fchlen f\u00fcr Zerebralparese, die Sie \u00fcberpr\u00fcfen k\u00f6nnen.<\/span><\/p>\n<p><span style=\"font-size: 24px;\"><img decoding=\"async\" src=\"https:\/\/anbanjia.com.cn\/wp-content\/uploads\/2022\/05\/Hf014d62ce4b74927a48c59fe0ef30291x.jpg\" data-alt=\"Rehabilitation center children standing frame ability training equipment for cerebral palsy children\" data-src=\"\"><img decoding=\"async\" src=\"https:\/\/anbanjia.com.cn\/wp-content\/uploads\/2022\/05\/Hb31710cc29bd4dd88b1edc34746d1cdf9.png\" data-alt=\"Rehabilitation center children standing frame ability training equipment for cerebral palsy children\" data-src=\"\"><\/span><\/p>\n<div id=\"ali-anchor-AliPostDhMb-e0y42\" class=\"mceSectionContainer\" style=\"padding-top: 8px;\" data-section=\"AliPostDhMb-e0y42\" data-section-title=\"Shipping and payment\">\n<div id=\"ali-title-AliPostDhMb-e0y42\" style=\"padding: 8px 0; border-bottom: 1px solid #ddd;\"><span style=\"background-color: #ddd; color: #333; font-weight: bold; padding: 8px 10px; line-height: 12px;\">Versand und Zahlung<\/span><\/div>\n<div style=\"padding: 10px 0;\">\n<p><img decoding=\"async\" src=\"https:\/\/anbanjia.com.cn\/wp-content\/uploads\/2022\/05\/HTB1dO4eSFXXXXX8XVXXq6xXFXXXe.jpg\" data-alt=\"Rehabilitation center children standing frame ability training equipment for cerebral palsy children\" data-src=\"\"><img decoding=\"async\" src=\"https:\/\/anbanjia.com.cn\/wp-content\/uploads\/2022\/05\/HTB1vm0WR3HqK1RjSZFEq6AGMXXa6.jpg\" data-alt=\"Rehabilitation center children standing frame ability training equipment for cerebral palsy children\" data-src=\"\"><\/p>\n<\/div>\n<\/div>\n<\/div>\n","protected":false},"excerpt":{"rendered":"<p>&nbsp;<\/p>\n<div style=\"width: auto;\">\n<div style=\"min-width: 300px; max-width: 300px; word-wrap: break-word; float: left;\">Herkunftsort: Guangdong, China<\/div>\n<div style=\"min-width: 300px; max-width: 300px; word-wrap: break-word; float: left;\">Markenname:Anbnajia<\/div>\n<\/div>\n<div style=\"width: auto;\">\n<div style=\"min-width: 300px; max-width: 300px; word-wrap: break-word; float: left;\">Modellnummer: J01<\/div>\n<div style=\"min-width: 300px; max-width: 300px; word-wrap: break-word; float: left;\">Instrumentenklassifizierung: Klasse I<\/div>\n<\/div>\n<div style=\"width: auto;\">\n<div style=\"min-width: 300px; max-width: 300px; word-wrap: break-word; float: left;\">Garantie: KEINE<\/div>\n<div style=\"min-width: 300px; max-width: 300px; word-wrap: break-word; float: left;\">Kundendienst: Schulung vor Ort<\/div>\n<\/div>\n<div style=\"width: auto;\">\n<div style=\"min-width: 300px; max-width: 300px; word-wrap: break-word; float: left;\">Material: Stahl<\/div>\n<div style=\"min-width: 300px; max-width: 300px; word-wrap: break-word; float: left;\">Verwendung: Trainingsger\u00e4te f\u00fcr Kinder<\/div>\n<\/div>\n<div style=\"width: auto;\">\n<div style=\"min-width: 300px; max-width: 300px; word-wrap: break-word; float: left;\">Farbe blau<\/div>\n<div style=\"min-width: 300px; max-width: 300px; word-wrap: break-word; float: left;\">Gr\u00f6\u00dfe: 130 x 98 x 68 cm<\/div>\n<\/div>\n","protected":false},"featured_media":12698,"comment_status":"closed","ping_status":"closed","template":"","meta":[],"product_cat":[160],"product_tag":[],"class_list":["post-13197","product","type-product","status-publish","has-post-thumbnail","hentry","product_cat-reha-stehmaschine"],"_links":{"self":[{"href":"https:\/\/anbanjia.com.cn\/de\/wp-json\/wp\/v2\/product\/13197","targetHints":{"allow":["GET"]}}],"collection":[{"href":"https:\/\/anbanjia.com.cn\/de\/wp-json\/wp\/v2\/product"}],"about":[{"href":"https:\/\/anbanjia.com.cn\/de\/wp-json\/wp\/v2\/types\/product"}],"replies":[{"embeddable":true,"href":"https:\/\/anbanjia.com.cn\/de\/wp-json\/wp\/v2\/comments?post=13197"}],"wp:featuredmedia":[{"embeddable":true,"href":"https:\/\/anbanjia.com.cn\/de\/wp-json\/wp\/v2\/media\/12698"}],"wp:attachment":[{"href":"https:\/\/anbanjia.com.cn\/de\/wp-json\/wp\/v2\/media?parent=13197"}],"wp:term":[{"taxonomy":"product_cat","embeddable":true,"href":"https:\/\/anbanjia.com.cn\/de\/wp-json\/wp\/v2\/product_cat?post=13197"},{"taxonomy":"product_tag","embeddable":true,"href":"https:\/\/anbanjia.com.cn\/de\/wp-json\/wp\/v2\/product_tag?post=13197"}],"curies":[{"name":"wp","href":"https:\/\/api.w.org\/{rel}","templated":true}]}}