{"id":13180,"date":"2022-05-02T18:02:31","date_gmt":"2022-05-02T18:02:31","guid":{"rendered":"https:\/\/www.anbanjia.com.cn\/product\/multi-muscle-automatic-cycle-arm-und-beintrainingsgeraet-und-ausruestung-in-pakistan-fuer-aeltere-menschen\/"},"modified":"2022-05-02T18:02:31","modified_gmt":"2022-05-02T18:02:31","slug":"multi-muscle-automatic-cycle-arm-und-bein-ubungsmaschine-und-ausrustung-in-pakistan-fur-altere","status":"publish","type":"product","link":"https:\/\/anbanjia.com.cn\/de\/produkt\/multi-muscle-automatic-cycle-arm-und-bein-ubungsmaschine-und-ausrustung-in-pakistan-fur-altere\/","title":{"rendered":"Multi Muscle Automatic Cycle Arm- und Beintrainingsger\u00e4t und -ausr\u00fcstung in Pakistan f\u00fcr \u00e4ltere Menschen"},"content":{"rendered":"<div style=\"max-width: 750px;margin: 0 auto;\">\n<div data-magic-global=\"%7B%22bizId%22%3A3215165050%2C%22pageId%22%3A20107361225%2C%22siteId%22%3A5005610021%7D\" id=\"detail_decorate_root\">\n<div class=\"J_module\" module-id=\"23448574253\" module-title=\"detailTextContent\" render=\"true\">\n<div class=\"detail-decorate-json-renderer-container\">\n<div class=\"magic-0\">\n<div class=\"magic-1\">\n<div class=\"magic-2\">\n<div class=\"magic-3\">\n<div class=\"magic-4\"><font class=\"magic-5\"><b class=\"magic-6\">Multi Muscle Automatic Cycle Arm- und Beintrainingsger\u00e4t und -ausr\u00fcstung in Pakistan f\u00fcr \u00e4ltere Menschen<\/b><\/font><\/div>\n<\/div>\n<\/div>\n<\/div>\n<\/div>\n<\/div>\n<\/div>\n<div class=\"J_module\" module-id=\"23602901602\" module-title=\"detailTableTitleHightLight\" render=\"true\">\n<div class=\"ife-detail-decorate-table\">\n<table class=\"has-title hight-light-first-column all magic-7\">\n<tbody>\n<tr>\n<td colspan=\"1\" rowspan=\"1\">\n<div class=\"magic-8\">\n<div class=\"magic-4\">Material<\/div>\n<\/div>\n<\/td>\n<td colspan=\"1\" rowspan=\"1\">\n<div class=\"magic-9\">\n<div class=\"magic-4\">ABS + PP + EISEN<\/div>\n<\/div>\n<\/td>\n<td colspan=\"1\" rowspan=\"1\">\n<div class=\"magic-10\">\n<div class=\"magic-4\">Stromspannung<\/div>\n<\/div>\n<\/td>\n<td colspan=\"1\" rowspan=\"1\">\n<div class=\"magic-9\">\n<div class=\"magic-4\">220V\/50Hz<\/div>\n<\/div>\n<\/td>\n<\/tr>\n<tr>\n<td colspan=\"1\" rowspan=\"1\">\n<div class=\"magic-8\">\n<div class=\"magic-4\">Maximales Ladegewicht<\/div>\n<\/div>\n<\/td>\n<td colspan=\"1\" rowspan=\"1\">\n<div class=\"magic-9\">\n<div class=\"magic-4\">120 KG<\/div>\n<\/div>\n<\/td>\n<td colspan=\"1\" rowspan=\"1\">\n<div class=\"magic-10\">\n<div class=\"magic-4\">Motor<\/div>\n<\/div>\n<\/td>\n<td colspan=\"1\" rowspan=\"1\">\n<div class=\"magic-9\">\n<div class=\"magic-4\">75W<\/div>\n<\/div>\n<\/td>\n<\/tr>\n<tr>\n<td colspan=\"1\" rowspan=\"1\">\n<div class=\"magic-8\">\n<div class=\"magic-4\">Bruttogewicht<\/div>\n<\/div>\n<\/td>\n<td colspan=\"1\" rowspan=\"1\">\n<div class=\"magic-9\">\n<div class=\"magic-4\">13,2 KG<\/div>\n<\/div>\n<\/td>\n<td colspan=\"1\" rowspan=\"1\">\n<div class=\"magic-10\">\n<div class=\"magic-4\">Produktabm<\/div>\n<\/div>\n<\/td>\n<td colspan=\"1\" rowspan=\"1\">\n<div class=\"magic-9\">\n<div class=\"magic-4\">48x33x87CM<\/div>\n<\/div>\n<\/td>\n<\/tr>\n<tr>\n<td colspan=\"1\" rowspan=\"1\">\n<div class=\"magic-8\">\n<div class=\"magic-4\">Nettogewicht<\/div>\n<\/div>\n<\/td>\n<td colspan=\"1\" rowspan=\"1\">\n<div class=\"magic-9\">\n<div class=\"magic-4\">12,0 KG<\/div>\n<\/div>\n<\/td>\n<td colspan=\"1\" rowspan=\"1\">\n<div class=\"magic-10\">\n<div class=\"magic-4\">Verpackungsma\u00dfe<\/div>\n<\/div>\n<\/td>\n<td colspan=\"1\" rowspan=\"1\">\n<div class=\"magic-9\">\n<div class=\"magic-4\">52x35x85CM<\/div>\n<\/div>\n<\/td>\n<\/tr>\n<\/tbody>\n<\/table>\n<\/div>\n<\/div>\n<div class=\"J_module\" module-id=\"23448574254\" module-title=\"detailManyImage\" render=\"true\">\n<div class=\"icbu-pc-detailManyImage magic-11\">\n<div class=\"magic-12\"><img decoding=\"async\" class=\"magic-13\" data-src=\"\" src=\"https:\/\/anbanjia.com.cn\/wp-content\/uploads\/2022\/05\/Hbe52ab388a3945439628ab53a7388fc81.jpg\" style=\"max-width: 750;\"><\/div>\n<div class=\"magic-12\"><img decoding=\"async\" class=\"magic-13\" data-src=\"\" src=\"https:\/\/anbanjia.com.cn\/wp-content\/uploads\/2022\/05\/He645f0516f83430988bc42f8595bce64i.jpg\"><\/div>\n<div class=\"magic-12\"><img decoding=\"async\" class=\"magic-13\" data-src=\"\" src=\"https:\/\/anbanjia.com.cn\/wp-content\/uploads\/2022\/05\/H66fcba774efe4404883aa6924b0152996.png\"><\/div>\n<div class=\"magic-12\"><img decoding=\"async\" class=\"magic-13\" data-src=\"\" src=\"https:\/\/anbanjia.com.cn\/wp-content\/uploads\/2022\/05\/H95d54eaa1d3649eab73f3804f79a27cbD.jpg\"><\/div>\n<div class=\"magic-12\"><img decoding=\"async\" class=\"magic-13\" data-src=\"\" src=\"https:\/\/anbanjia.com.cn\/wp-content\/uploads\/2022\/05\/H713b5658e8d348ffbd0076f9faec407di.jpg\"><\/div>\n<div class=\"magic-12\"><img decoding=\"async\" class=\"magic-13\" data-src=\"\" src=\"https:\/\/anbanjia.com.cn\/wp-content\/uploads\/2022\/05\/HTB1DJHzXffsK1RjSszgq6yXzpXa2.jpg\"><\/div>\n<div class=\"magic-12\"><img decoding=\"async\" class=\"magic-13\" data-src=\"\" src=\"https:\/\/anbanjia.com.cn\/wp-content\/uploads\/2022\/05\/HTB1T9LyXcfrK1RjSszcq6xGGFXaU.jpg\"><\/div>\n<\/div>\n<\/div>\n<div class=\"J_module\" module-id=\"23602901603\" module-title=\"detailSingleImage\" render=\"true\">\n<div class=\"icbu-pc-images magic-14\">\n<div>\n<div class=\"flex-layout-v\">\n<div class=\"flex-layout-h magic-14\">\n<div class=\"magic-15\"><img decoding=\"async\" class=\"magic-16\" data-src=\"\" src=\"https:\/\/anbanjia.com.cn\/wp-content\/uploads\/2022\/05\/H0d98a1c526ad49f4ba43398cbcb5b09bB.png\"><\/div>\n<\/div>\n<\/div>\n<\/div>\n<\/div>\n<\/div><\/div>\n<\/div>\n","protected":false},"excerpt":{"rendered":"<div style=\"width:auto\">\n<div style=\"min-width: 300px;max-width: 300px;word-wrap: break-word;float: left\">Eigenschaften: Zubeh\u00f6r f\u00fcr die Rehabilitationstherapie <\/div>\n<div style=\"min-width: 300px;max-width: 300px;word-wrap: break-word;float: left\">Herkunftsort: Guangdong, China<\/div>\n<\/p><\/div>\n<div style=\"width:auto\">\n<div style=\"min-width: 300px;max-width: 300px;word-wrap: break-word;float: left\">Markenname: Anbanjia <\/div>\n<div style=\"min-width: 300px;max-width: 300px;word-wrap: break-word;float: left\">Modellnummer: ABJ-107-2<\/div>\n<\/p><\/div>\n<div style=\"width:auto\">\n<div style=\"min-width: 300px;max-width: 300px;word-wrap: break-word;float: left\">Typ: Badezimmer-Sicherheitsausr\u00fcstung <\/div>\n<div style=\"min-width: 300px;max-width: 300px;word-wrap: break-word;float: left\">Material: ABS + PP + EISEN<\/div>\n<\/p><\/div>\n<div style=\"width:auto\">\n<div style=\"min-width: 300px;max-width: 300px;word-wrap: break-word;float: left\">Farbe gr\u00fcn <\/div>\n<div style=\"min-width: 300px;max-width: 300px;word-wrap: break-word;float: left\">Handteil: manuell\/elektrisch, Drehen und Gegendrehen, 10 Stufen<\/div>\n<\/p><\/div>\n<div style=\"width:auto\">\n<div style=\"min-width: 300px;max-width: 300px;word-wrap: break-word;float: left\">Fu\u00dfteil: manuell\/elektrisch, Drehen und Gegendrehen, 10 Stufen <\/div>\n<div style=\"min-width: 300px;max-width: 300px;word-wrap: break-word;float: left\">Spannung: 220 V\/50 Hz<\/div>\n<\/p><\/div>\n<div style=\"width:auto\">\n<div style=\"min-width: 300px;max-width: 300px;word-wrap: break-word;float: left\">Motor: 75 W <\/div>\n<div style=\"min-width: 300px;max-width: 300px;word-wrap: break-word;float: left\">Produktabmessungen: 48 x 33 x 87 cm<\/div>\n<\/p><\/div>\n<div style=\"width:auto\">\n<div style=\"min-width: 300px;max-width: 300px;word-wrap: break-word;float: left\">Nettogewicht: 12,0 kg <\/div>\n<div style=\"min-width: 300px;max-width: 300px;word-wrap: break-word;float: left\">Maximales Ladegewicht: 120 KGS<\/div>\n<\/p><\/div>\n<div>Kundenspezifisches Logo (Mindestbestellmenge: 200 St\u00fcck)<\/div>\n<div>Kundenspezifische Verpackung (Mindestbestellmenge: 200 St\u00fcck)<\/div>\n","protected":false},"featured_media":5612,"comment_status":"closed","ping_status":"closed","template":"","meta":[],"product_cat":[152],"product_tag":[],"class_list":["post-13180","product","type-product","status-publish","has-post-thumbnail","hentry","product_cat-reha-trainingsgerat"],"_links":{"self":[{"href":"https:\/\/anbanjia.com.cn\/de\/wp-json\/wp\/v2\/product\/13180","targetHints":{"allow":["GET"]}}],"collection":[{"href":"https:\/\/anbanjia.com.cn\/de\/wp-json\/wp\/v2\/product"}],"about":[{"href":"https:\/\/anbanjia.com.cn\/de\/wp-json\/wp\/v2\/types\/product"}],"replies":[{"embeddable":true,"href":"https:\/\/anbanjia.com.cn\/de\/wp-json\/wp\/v2\/comments?post=13180"}],"wp:featuredmedia":[{"embeddable":true,"href":"https:\/\/anbanjia.com.cn\/de\/wp-json\/wp\/v2\/media\/5612"}],"wp:attachment":[{"href":"https:\/\/anbanjia.com.cn\/de\/wp-json\/wp\/v2\/media?parent=13180"}],"wp:term":[{"taxonomy":"product_cat","embeddable":true,"href":"https:\/\/anbanjia.com.cn\/de\/wp-json\/wp\/v2\/product_cat?post=13180"},{"taxonomy":"product_tag","embeddable":true,"href":"https:\/\/anbanjia.com.cn\/de\/wp-json\/wp\/v2\/product_tag?post=13180"}],"curies":[{"name":"wp","href":"https:\/\/api.w.org\/{rel}","templated":true}]}}