{"id":13176,"date":"2022-05-02T18:02:28","date_gmt":"2022-05-02T18:02:28","guid":{"rendered":"https:\/\/www.anbanjia.com.cn\/product\/gesundheitsmedizin-auto-passiv-heimtrainer-schlaganfall-rehabilitation-sport-tragbar-fuer-aeltere-menschen\/"},"modified":"2022-05-02T18:02:28","modified_gmt":"2022-05-02T18:02:28","slug":"gesundheit-medizinisch-auto-passiv-heimtrainer-fahrrad-schlaganfall-rehabilitation-sport-tragbar-fur-altere","status":"publish","type":"product","link":"https:\/\/anbanjia.com.cn\/de\/produkt\/gesundheit-medizinisch-auto-passiv-heimtrainer-fahrrad-schlaganfall-rehabilitation-sport-tragbar-fur-altere\/","title":{"rendered":"Gesundheitsmedizin Auto Passiv Heimtrainer Schlaganfall Rehabilitation Sport tragbar f\u00fcr \u00e4ltere Menschen"},"content":{"rendered":"<div style=\"max-width: 750px; margin: 0 auto;\">\n<div id=\"detail_decorate_root\" data-magic-global=\"%7B%22bizId%22%3A3215165050%2C%22pageId%22%3A5052375191%2C%22siteId%22%3A5005610021%7D\">\n<div class=\"J_module\">\n<div class=\"icbu-pc-images magic-1\">\n<div>\n<div class=\"flex-layout-v\">\n<div class=\"flex-layout-h magic-1\">\n<div class=\"magic-2\"><a href=\"https:\/\/abj-medical.en.alibaba.com\/product\/1600221845171-804757852\/Upper_And_Lower_Llimb_Rehabilitation_Training_Machine_Foot_Rest_Accessories.html\" target=\"_blank\" rel=\"noopener\"><img decoding=\"async\" class=\"magic-3\" style=\"max-width: 750;\" src=\"https:\/\/anbanjia.com.cn\/wp-content\/uploads\/2022\/05\/He532f7f3a692493b815cc4063216d299k.png\" data-src=\"\"><\/a><\/div>\n<div class=\"magic-4\"><a href=\"https:\/\/abj-medical.en.alibaba.com\/product\/1600269961149-804757852\/Rehabilitation_Training_Machine_Wth_Intelligent_Anti_Spasm_Function_To_Speed_Up_Training_For_Elderly.html\" target=\"_blank\" rel=\"noopener\"><img decoding=\"async\" class=\"magic-5\" src=\"https:\/\/anbanjia.com.cn\/wp-content\/uploads\/2022\/05\/H234f9e37378b4f7699336abaabf33ef09.png\" data-src=\"\"><\/a><\/div>\n<div class=\"magic-4\"><a href=\"https:\/\/abj-medical.en.alibaba.com\/product\/60804806220-901334468\/Home_physical_therapy_rehabilitation_disabled_automatic_lightweight_mini_pedal_exercise_bike_for_arms_and_legs.html\" target=\"_blank\" rel=\"noopener\"><img decoding=\"async\" class=\"magic-5\" src=\"https:\/\/anbanjia.com.cn\/wp-content\/uploads\/2022\/05\/Hbe52ab388a3945439628ab53a7388fc81.jpg\" data-src=\"\"><\/a><\/div>\n<div><img decoding=\"async\" src=\"https:\/\/s.alicdn.com\/@sc04\/kf\/Hb3651f3835664a528de724688b9cad16E\/230438700\/Hb3651f3835664a528de724688b9cad16E.png?quality=close\">\\<img decoding=\"async\" src=\"https:\/\/s.alicdn.com\/@sc04\/kf\/Hb33d14213c9b40108daa6bccc9eb4318n\/230438700\/Hb33d14213c9b40108daa6bccc9eb4318n.png?quality=close\"><\/div>\n<div><img decoding=\"async\" src=\"https:\/\/s.alicdn.com\/@sc04\/kf\/Hdc9eb3f6374944fba67f0d5d35ffb384U\/230438700\/Hdc9eb3f6374944fba67f0d5d35ffb384U.png?quality=close\"><\/div>\n<div><img decoding=\"async\" src=\"https:\/\/s.alicdn.com\/@sc04\/kf\/Hc3717d44d9c34f7eaf6c02533029c03cb\/230438700\/Hc3717d44d9c34f7eaf6c02533029c03cb.png?quality=close\"><\/div>\n<div><img decoding=\"async\" src=\"https:\/\/s.alicdn.com\/@sc04\/kf\/H8e1bfa01ab0742c69c411db744f52ad8W\/230438700\/H8e1bfa01ab0742c69c411db744f52ad8W.png?quality=close\"><\/div>\n<div><img decoding=\"async\" src=\"https:\/\/s.alicdn.com\/@sc04\/kf\/Hbac5d991229d47fc82fb76c7c92541e8z\/230438700\/Hbac5d991229d47fc82fb76c7c92541e8z.png?quality=close\"><\/div>\n<div><img decoding=\"async\" src=\"https:\/\/s.alicdn.com\/@sc04\/kf\/He5692e7a73c140de9a3248d208d2a4bcE\/230438700\/He5692e7a73c140de9a3248d208d2a4bcE.png?quality=close\"><\/div>\n<div><img decoding=\"async\" src=\"https:\/\/s.alicdn.com\/@sc04\/kf\/HTB1o6ywdPDpK1RjSZFrq6y78VXag\/230438700\/HTB1o6ywdPDpK1RjSZFrq6y78VXag.jpg?quality=close\"><\/div>\n<div><img decoding=\"async\" src=\"https:\/\/s.alicdn.com\/@sc04\/kf\/H004e6e168a7b401891f8f5ff6c6d1f7c8\/230438700\/H004e6e168a7b401891f8f5ff6c6d1f7c8.png?quality=close\"><\/div>\n<div>\n<p class=\"magic-13\"><span style=\"font-family: Arial, Helvetica; font-size: large;\">Als professioneller und f\u00fchrender Anbieter medizinischer Ger\u00e4te bietet ABJ der Mehrheit der Kunden viele hochwertige Rollstuhlprodukte, die ihre Anforderungen erf\u00fcllen.<br \/>\n<\/span><\/p>\n<p class=\"magic-13\" data-spm-anchor-id=\"a2700.details.0.i34.2437467fAashih\"><span style=\"font-family: Arial, Helvetica; font-size: large;\">Alle Produkte werden vor dem Versand von uns sehr sorgf\u00e4ltig gepr\u00fcft.<br \/>\nWir bieten Kunden schnelle Lieferung, angemessenen Preis, hohe Qualit\u00e4t und langfristige Dienstleistungen.<\/span><\/p>\n<p data-spm-anchor-id=\"a2700.details.0.i34.2437467fAashih\"><img decoding=\"async\" src=\"https:\/\/s.alicdn.com\/@sc04\/kf\/He20b7e63d9904f56affa89608cc70c79A\/230438700\/He20b7e63d9904f56affa89608cc70c79A.jpg?quality=close\"><\/p>\n<p data-spm-anchor-id=\"a2700.details.0.i34.2437467fAashih\"><img decoding=\"async\" src=\"https:\/\/s.alicdn.com\/@sc01\/kf\/H3d43ab43a0f24fc7886a50fee5674fd4U\/230438700\/H3d43ab43a0f24fc7886a50fee5674fd4U.jpg?quality=close\"><\/p>\n<p data-spm-anchor-id=\"a2700.details.0.i34.2437467fAashih\"><img decoding=\"async\" src=\"https:\/\/s.alicdn.com\/@sc01\/kf\/HTB1xs6Ud.D.BuNjt_h7q6yNDVXat\/230438700\/HTB1xs6Ud.D.BuNjt_h7q6yNDVXat.jpg?quality=close\"><\/p>\n<p data-spm-anchor-id=\"a2700.details.0.i34.2437467fAashih\">\u00dcber uns:<br \/>\n1. mehr auftrag, mehr rabatt, konkurrenzf\u00e4higer preis!<br \/>\n2.Willkommen, um mit uns in Verbindung zu treten, um einen besseren Preis zu erhalten!<br \/>\n3.Guter Service, schnelle Lieferung, und wir sind es wert, vertraut zu werden.<br \/>\n4.Wir k\u00f6nnen garantieren, dass Sie mit unseren Produkten zufrieden sein werden.<br \/>\n5. Wir behandeln Kunden wie Freunde und bieten Ihnen einen beachtlichen Service.<\/p>\n<p data-spm-anchor-id=\"a2700.details.0.i34.2437467fAashih\"><img decoding=\"async\" src=\"https:\/\/s.alicdn.com\/@sc04\/kf\/Hff98939fdc8e43e2be5c782ddbe4cc5ez\/230438700\/Hff98939fdc8e43e2be5c782ddbe4cc5ez.png?quality=close\"><\/p>\n<p data-spm-anchor-id=\"a2700.details.0.i34.2437467fAashih\">\n<\/div>\n<\/div>\n<\/div>\n<\/div>\n<\/div>\n<\/div>\n<\/div>\n<\/div>\n","protected":false},"excerpt":{"rendered":"<p>&nbsp;<\/p>\n<div style=\"width: auto;\">\n<div style=\"min-width: 300px; max-width: 300px; word-wrap: break-word; float: left;\">Eigenschaften: Zubeh\u00f6r f\u00fcr die Rehabilitationstherapie<\/div>\n<div style=\"min-width: 300px; max-width: 300px; word-wrap: break-word; float: left;\">Herkunftsort: Guangdong, China<\/div>\n<\/div>\n<div style=\"width: auto;\">\n<div style=\"min-width: 300px; max-width: 300px; word-wrap: break-word; float: left;\">Markenname: Anbanjia<\/div>\n<div style=\"min-width: 300px; max-width: 300px; word-wrap: break-word; float: left;\">Modellnummer: ABJ-105<\/div>\n<\/div>\n<div style=\"width: auto;\">\n<div style=\"min-width: 300px; max-width: 300px; word-wrap: break-word; float: left;\">Typ: Badezimmer-Sicherheitsausr\u00fcstung<\/div>\n<div style=\"min-width: 300px; max-width: 300px; word-wrap: break-word; float: left;\">Material: ABS + PP + EISEN<\/div>\n<\/div>\n<div style=\"width: auto;\">\n<div style=\"min-width: 300px; max-width: 300px; word-wrap: break-word; float: left;\">Farbe gr\u00fcn<\/div>\n<div style=\"min-width: 300px; max-width: 300px; word-wrap: break-word; float: left;\">Handteil: manuell, Winkeleinstellung<\/div>\n<\/div>\n<div style=\"width: auto;\">\n<div style=\"min-width: 300px; max-width: 300px; word-wrap: break-word; float: left;\">Fu\u00dfteil: manuell\/elektrisch, eine Drehrichtung<\/div>\n<div style=\"min-width: 300px; max-width: 300px; word-wrap: break-word; float: left;\">Spannung: 220 V\/50 Hz<\/div>\n<\/div>\n<div style=\"width: auto;\">\n<div style=\"min-width: 300px; max-width: 300px; word-wrap: break-word; float: left;\">Motor: 75 W<\/div>\n<div style=\"min-width: 300px; max-width: 300px; word-wrap: break-word; float: left;\">Produktabmessungen: 52 x 34 x 87 cm<\/div>\n<\/div>\n<div style=\"width: auto;\">\n<div style=\"min-width: 300px; max-width: 300px; word-wrap: break-word; float: left;\">Nettogewicht: 8,5 kg<\/div>\n<div style=\"min-width: 300px; max-width: 300px; word-wrap: break-word; float: left;\">Maximales Ladegewicht: 120 KGS<\/div>\n<\/div>\n<div>Kundenspezifische Verpackung (Mindestbestellmenge: 100 St\u00fcck)<\/div>\n","protected":false},"featured_media":5494,"comment_status":"closed","ping_status":"closed","template":"","meta":[],"product_cat":[152],"product_tag":[],"class_list":["post-13176","product","type-product","status-publish","has-post-thumbnail","hentry","product_cat-reha-trainingsgerat"],"_links":{"self":[{"href":"https:\/\/anbanjia.com.cn\/de\/wp-json\/wp\/v2\/product\/13176","targetHints":{"allow":["GET"]}}],"collection":[{"href":"https:\/\/anbanjia.com.cn\/de\/wp-json\/wp\/v2\/product"}],"about":[{"href":"https:\/\/anbanjia.com.cn\/de\/wp-json\/wp\/v2\/types\/product"}],"replies":[{"embeddable":true,"href":"https:\/\/anbanjia.com.cn\/de\/wp-json\/wp\/v2\/comments?post=13176"}],"wp:featuredmedia":[{"embeddable":true,"href":"https:\/\/anbanjia.com.cn\/de\/wp-json\/wp\/v2\/media\/5494"}],"wp:attachment":[{"href":"https:\/\/anbanjia.com.cn\/de\/wp-json\/wp\/v2\/media?parent=13176"}],"wp:term":[{"taxonomy":"product_cat","embeddable":true,"href":"https:\/\/anbanjia.com.cn\/de\/wp-json\/wp\/v2\/product_cat?post=13176"},{"taxonomy":"product_tag","embeddable":true,"href":"https:\/\/anbanjia.com.cn\/de\/wp-json\/wp\/v2\/product_tag?post=13176"}],"curies":[{"name":"wp","href":"https:\/\/api.w.org\/{rel}","templated":true}]}}