{"id":13174,"date":"2022-05-02T18:02:30","date_gmt":"2022-05-02T18:02:30","guid":{"rendered":"https:\/\/www.anbanjia.com.cn\/product\/china-grosshandel-training-rehabilitation-heimtrainer-tragbares-mini-pedal-elektro-heimtrainer-fuer-behinderte\/"},"modified":"2022-05-02T18:02:30","modified_gmt":"2022-05-02T18:02:30","slug":"china-groshandel-training-rehabilitation-ergometer-tragbares-mini-pedal-elektro-ergometer-fur-behinderte","status":"publish","type":"product","link":"https:\/\/anbanjia.com.cn\/de\/produkt\/china-groshandel-training-rehabilitation-ergometer-tragbares-mini-pedal-elektro-ergometer-fur-behinderte\/","title":{"rendered":"China Gro\u00dfhandel Training Rehabilitation Heimtrainer tragbares Mini-Pedal Elektro-Heimtrainer f\u00fcr Behinderte"},"content":{"rendered":"<div style=\"max-width: 750px; margin: 0 auto;\">\n<div id=\"detail_decorate_root\" data-magic-global=\"%7B%22bizId%22%3A3215165050%2C%22pageId%22%3A5051845837%2C%22siteId%22%3A5005610021%7D\">\n<div class=\"J_module\">\n<div class=\"icbu-pc-images magic-1\">\n<div>\n<div class=\"flex-layout-v\">\n<div class=\"flex-layout-h magic-1\">\n<div class=\"magic-2\"><a href=\"https:\/\/abj-medical.en.alibaba.com\/productlist.html?spm=a2700.icbuShop.88.17.537444ebj9KWwg\" target=\"_blank\" rel=\"noopener\"><img decoding=\"async\" class=\"magic-3\" style=\"max-width: 750;\" src=\"https:\/\/anbanjia.com.cn\/wp-content\/uploads\/2022\/05\/HTB1v2tVIQSWBuNjSszdq6zeSpXam.jpg\" data-src=\"\"><\/a><\/div>\n<div>\n<h3 class=\"magic-5\"><span class=\"magic-6\">RE HABILITATIVE TRAININGSMASCHINE <\/span><\/h3>\n<div><span class=\"magic-6\"> <\/span><\/div>\n<div><span class=\"magic-6\">Verbessert die Intelligenztrainingsmaschine <\/span><\/div>\n<div><span class=\"magic-6\"> <\/span><\/div>\n<div data-spm-anchor-id=\"a2700.wholesale.0.i23.5a0671727IqpS4\"><span class=\"magic-6\">Gesundheitstrainingsmaschine<\/span><\/div>\n<div data-spm-anchor-id=\"a2700.wholesale.0.i23.5a0671727IqpS4\"><img decoding=\"async\" src=\"https:\/\/s.alicdn.com\/@sc04\/kf\/Hb3651f3835664a528de724688b9cad16E\/230438700\/Hb3651f3835664a528de724688b9cad16E.png?quality=close\"><\/div>\n<div data-spm-anchor-id=\"a2700.wholesale.0.i23.5a0671727IqpS4\"><img decoding=\"async\" src=\"https:\/\/s.alicdn.com\/@sc04\/kf\/He5692e7a73c140de9a3248d208d2a4bcE\/230438700\/He5692e7a73c140de9a3248d208d2a4bcE.png?quality=close\"><\/div>\n<div data-spm-anchor-id=\"a2700.wholesale.0.i23.5a0671727IqpS4\"><img decoding=\"async\" src=\"https:\/\/s.alicdn.com\/@sc04\/kf\/Hbac5d991229d47fc82fb76c7c92541e8z\/230438700\/Hbac5d991229d47fc82fb76c7c92541e8z.png?quality=close\"><\/div>\n<div data-spm-anchor-id=\"a2700.wholesale.0.i23.5a0671727IqpS4\"><img decoding=\"async\" src=\"https:\/\/s.alicdn.com\/@sc04\/kf\/H8e1bfa01ab0742c69c411db744f52ad8W\/230438700\/H8e1bfa01ab0742c69c411db744f52ad8W.png?quality=close\"><\/div>\n<div data-spm-anchor-id=\"a2700.wholesale.0.i23.5a0671727IqpS4\"><img decoding=\"async\" src=\"https:\/\/s.alicdn.com\/@sc04\/kf\/Hc3717d44d9c34f7eaf6c02533029c03cb\/230438700\/Hc3717d44d9c34f7eaf6c02533029c03cb.png?quality=close\"><\/div>\n<div data-spm-anchor-id=\"a2700.wholesale.0.i23.5a0671727IqpS4\"><img decoding=\"async\" src=\"https:\/\/s.alicdn.com\/@sc04\/kf\/Hdc9eb3f6374944fba67f0d5d35ffb384U\/230438700\/Hdc9eb3f6374944fba67f0d5d35ffb384U.png?quality=close\"><\/div>\n<div data-spm-anchor-id=\"a2700.wholesale.0.i23.5a0671727IqpS4\"><img decoding=\"async\" src=\"https:\/\/s.alicdn.com\/@sc04\/kf\/H2510d61b16604c5395e51d19960bb7daV\/230438700\/H2510d61b16604c5395e51d19960bb7daV.png?quality=close\"><\/div>\n<div data-spm-anchor-id=\"a2700.wholesale.0.i23.5a0671727IqpS4\"><img decoding=\"async\" src=\"https:\/\/s.alicdn.com\/@sc04\/kf\/Heded44688d72414fb1f6521f1708597c1\/230438700\/Heded44688d72414fb1f6521f1708597c1.png?quality=close\"><\/div>\n<div data-spm-anchor-id=\"a2700.wholesale.0.i23.5a0671727IqpS4\"><img decoding=\"async\" src=\"https:\/\/s.alicdn.com\/@sc04\/kf\/Hb33d14213c9b40108daa6bccc9eb4318n\/230438700\/Hb33d14213c9b40108daa6bccc9eb4318n.png?quality=close\"><\/div>\n<div data-spm-anchor-id=\"a2700.wholesale.0.i23.5a0671727IqpS4\"><img decoding=\"async\" src=\"https:\/\/s.alicdn.com\/@sc04\/kf\/H004e6e168a7b401891f8f5ff6c6d1f7c8\/230438700\/H004e6e168a7b401891f8f5ff6c6d1f7c8.png?quality=close\"><\/div>\n<div data-spm-anchor-id=\"a2700.wholesale.0.i23.5a0671727IqpS4\">\n<p class=\"magic-30\"><span style=\"font-family: Arial, Helvetica; font-size: large;\">Als professioneller und f\u00fchrender Anbieter medizinischer Ger\u00e4te bietet ABJ der Mehrheit der Kunden viele hochwertige Rollstuhlprodukte, die ihre Anforderungen erf\u00fcllen.<br \/>\n<\/span><\/p>\n<p class=\"magic-30\" data-spm-anchor-id=\"a2700.wholesale.0.i34.5a0671727IqpS4\"><span style=\"font-family: Arial, Helvetica; font-size: large;\">Alle Produkte werden vor dem Versand von uns sehr sorgf\u00e4ltig gepr\u00fcft.<br \/>\nWir bieten Kunden schnelle Lieferung, angemessenen Preis, hohe Qualit\u00e4t und langfristige Dienstleistungen.<\/span><\/p>\n<p data-spm-anchor-id=\"a2700.wholesale.0.i34.5a0671727IqpS4\"><img decoding=\"async\" src=\"https:\/\/s.alicdn.com\/@sc01\/kf\/H3d43ab43a0f24fc7886a50fee5674fd4U\/230438700\/H3d43ab43a0f24fc7886a50fee5674fd4U.jpg?quality=close\"><\/p>\n<p data-spm-anchor-id=\"a2700.wholesale.0.i34.5a0671727IqpS4\"><img decoding=\"async\" src=\"https:\/\/s.alicdn.com\/@sc01\/kf\/HTB1xs6Ud.D.BuNjt_h7q6yNDVXat\/230438700\/HTB1xs6Ud.D.BuNjt_h7q6yNDVXat.jpg?quality=close\"><\/p>\n<p data-spm-anchor-id=\"a2700.wholesale.0.i34.5a0671727IqpS4\"><img decoding=\"async\" src=\"https:\/\/s.alicdn.com\/@sc01\/kf\/HTB1aUsdKqmWBuNjy1Xaq6xCbXXag\/230438700\/HTB1aUsdKqmWBuNjy1Xaq6xCbXXag.jpg?quality=close\"><\/p>\n<p data-spm-anchor-id=\"a2700.wholesale.0.i34.5a0671727IqpS4\">\u00dcber uns:<br \/>\n1. mehr auftrag, mehr rabatt, konkurrenzf\u00e4higer preis!<br \/>\n2.Willkommen, um mit uns in Verbindung zu treten, um einen besseren Preis zu erhalten!<br \/>\n3.Guter Service, schnelle Lieferung, und wir sind es wert, vertraut zu werden.<br \/>\n4.Wir k\u00f6nnen garantieren, dass Sie mit unseren Produkten zufrieden sein werden.<br \/>\n5. Wir behandeln Kunden wie Freunde und bieten Ihnen einen beachtlichen Service.<\/p>\n<p data-spm-anchor-id=\"a2700.wholesale.0.i34.5a0671727IqpS4\"><img decoding=\"async\" src=\"https:\/\/s.alicdn.com\/@sc01\/kf\/H10fdde19478c4022952b6ef21b37e97bx\/230438700\/H10fdde19478c4022952b6ef21b37e97bx.jpg?quality=close\"><\/p>\n<\/div>\n<\/div>\n<\/div>\n<\/div>\n<\/div>\n<\/div>\n<\/div>\n<\/div>\n<\/div>\n","protected":false},"excerpt":{"rendered":"<p>&nbsp;<\/p>\n<div style=\"width: auto;\">\n<div style=\"min-width: 300px; max-width: 300px; word-wrap: break-word; float: left;\">Eigenschaften: Zubeh\u00f6r f\u00fcr die Rehabilitationstherapie<\/div>\n<div style=\"min-width: 300px; max-width: 300px; word-wrap: break-word; float: left;\">Herkunftsort: Guangdong, China<\/div>\n<\/div>\n<div style=\"width: auto;\">\n<div style=\"min-width: 300px; max-width: 300px; word-wrap: break-word; float: left;\">Markenname: jiamei<\/div>\n<div style=\"min-width: 300px; max-width: 300px; word-wrap: break-word; float: left;\">Modellnummer: ABJ-105<\/div>\n<\/div>\n<div style=\"width: auto;\">\n<div style=\"min-width: 300px; max-width: 300px; word-wrap: break-word; float: left;\">Typ: Badezimmer-Sicherheitsausr\u00fcstung<\/div>\n<div style=\"min-width: 300px; max-width: 300px; word-wrap: break-word; float: left;\">Material: ABS + PP + EISEN<\/div>\n<\/div>\n<div style=\"width: auto;\">\n<div style=\"min-width: 300px; max-width: 300px; word-wrap: break-word; float: left;\">Farbe blau<\/div>\n<div style=\"min-width: 300px; max-width: 300px; word-wrap: break-word; float: left;\">Handteil: manuell, Winkeleinstellung<\/div>\n<\/div>\n<div style=\"width: auto;\">\n<div style=\"min-width: 300px; max-width: 300px; word-wrap: break-word; float: left;\">Fu\u00dfteil: manuell\/elektrisch, eine Drehrichtung<\/div>\n<div style=\"min-width: 300px; max-width: 300px; word-wrap: break-word; float: left;\">Spannung: 220 V\/50 Hz<\/div>\n<\/div>\n<div style=\"width: auto;\">\n<div style=\"min-width: 300px; max-width: 300px; word-wrap: break-word; float: left;\">Motor: 75 W<\/div>\n<div style=\"min-width: 300px; max-width: 300px; word-wrap: break-word; float: left;\">Produktabmessungen: 52 x 34 x 87 cm<\/div>\n<\/div>\n<div style=\"width: auto;\">\n<div style=\"min-width: 300px; max-width: 300px; word-wrap: break-word; float: left;\">Nettogewicht: 8,5 kg<\/div>\n<div style=\"min-width: 300px; max-width: 300px; word-wrap: break-word; float: left;\">Maximales Ladegewicht: 120 KGS<\/div>\n<\/div>\n<div>Kundenspezifisches Logo (Mindestbestellmenge: 200 St\u00fcck)<\/div>\n<div>Kundenspezifische Verpackung (Mindestbestellmenge: 200 St\u00fcck)<\/div>\n","protected":false},"featured_media":12690,"comment_status":"closed","ping_status":"closed","template":"","meta":[],"product_cat":[152],"product_tag":[],"class_list":["post-13174","product","type-product","status-publish","has-post-thumbnail","hentry","product_cat-reha-trainingsgerat"],"_links":{"self":[{"href":"https:\/\/anbanjia.com.cn\/de\/wp-json\/wp\/v2\/product\/13174","targetHints":{"allow":["GET"]}}],"collection":[{"href":"https:\/\/anbanjia.com.cn\/de\/wp-json\/wp\/v2\/product"}],"about":[{"href":"https:\/\/anbanjia.com.cn\/de\/wp-json\/wp\/v2\/types\/product"}],"replies":[{"embeddable":true,"href":"https:\/\/anbanjia.com.cn\/de\/wp-json\/wp\/v2\/comments?post=13174"}],"wp:featuredmedia":[{"embeddable":true,"href":"https:\/\/anbanjia.com.cn\/de\/wp-json\/wp\/v2\/media\/12690"}],"wp:attachment":[{"href":"https:\/\/anbanjia.com.cn\/de\/wp-json\/wp\/v2\/media?parent=13174"}],"wp:term":[{"taxonomy":"product_cat","embeddable":true,"href":"https:\/\/anbanjia.com.cn\/de\/wp-json\/wp\/v2\/product_cat?post=13174"},{"taxonomy":"product_tag","embeddable":true,"href":"https:\/\/anbanjia.com.cn\/de\/wp-json\/wp\/v2\/product_tag?post=13174"}],"curies":[{"name":"wp","href":"https:\/\/api.w.org\/{rel}","templated":true}]}}