{"id":13169,"date":"2022-05-02T18:02:29","date_gmt":"2022-05-02T18:02:29","guid":{"rendered":"https:\/\/www.anbanjia.com.cn\/product\/neues-produkt-c11-rehabilitationsroboter-geraete-fuer-physikalische-ergotherapie\/"},"modified":"2022-05-02T18:02:29","modified_gmt":"2022-05-02T18:02:29","slug":"neues-produkt-c11-rehabilitationsroboter-physikalische-ergotherapie-gerte","status":"publish","type":"product","link":"https:\/\/anbanjia.com.cn\/de\/produkt\/neues-produkt-c11-rehabilitationsroboter-physikalische-ergotherapie-gerte\/","title":{"rendered":"Neues Produkt C11 Rehabilitationsroboter Ger\u00e4te f\u00fcr physikalische Ergotherapie"},"content":{"rendered":"<div style=\"max-width: 750px; margin: 0 auto;\">\n<div id=\"detail_decorate_root\" data-magic-global=\"%7B%22bizId%22%3A3215165050%2C%22pageId%22%3A21041788555%2C%22siteId%22%3A5005610021%7D\">\n<div class=\"J_module\">\n<div class=\"icbu-pc-images magic-1\">\n<div>\n<div class=\"flex-layout-v\">\n<div class=\"flex-layout-h magic-1\">\n<div class=\"magic-2\"><img decoding=\"async\" class=\"magic-3\" style=\"max-width: 750;\" src=\"https:\/\/anbanjia.com.cn\/wp-content\/uploads\/2022\/05\/Hde5440cdfd8444df9bef926467036ab4e.jpg\" data-src=\"\"><\/div>\n<\/div>\n<\/div>\n<\/div>\n<div class=\"text-wrapper-below text-theme-light text-align-left\">\n<div class=\"text-title\">Detail:<\/div>\n<div class=\"text-content\">\n<p>In Kombination mit flexibler Robotertechnologie und Neurowissenschaften kann es Patienten helfen, die Beugung und Streckung der Finger zu meistern, die Spannung der Handmuskulatur zu reduzieren, \u00d6deme und Steifheit zu lindern, die Rehabilitation von Hirnnervenverletzungen durch Bewegung zu f\u00f6rdern, die Handaktivit\u00e4t zu verbessern und die Rehabilitation der Handfunktion zu beschleunigen.<\/p>\n<p>Der Rehabilitations-Roboterhandschuh hat einen signifikanten Einfluss auf Handfunktionsst\u00f6rungen, die durch die folgenden Symptome verursacht werden:<br \/>\n1. Schlaganfall\/Hirnblutung\/Hirninfarkt<br \/>\n2. unvollst\u00e4ndige R\u00fcckenmarksverletzung<br \/>\n3. Gehirnverletzung, Hemiplegie<br \/>\n4. Multiple Sklerose<br \/>\n5. Wachstumsverz\u00f6gerung bei Kindern<\/p>\n<\/div>\n<\/div>\n<\/div>\n<\/div>\n<div class=\"J_module\">\n<div class=\"icbu-pc-detailManyImage magic-4\">\n<div class=\"magic-5\"><img decoding=\"async\" class=\"magic-6\" src=\"https:\/\/anbanjia.com.cn\/wp-content\/uploads\/2022\/05\/H0fe5818cccbe49109c8d53cdea9340d0W.jpg\" data-src=\"\"><\/div>\n<div class=\"magic-5\"><img decoding=\"async\" class=\"magic-6\" src=\"https:\/\/anbanjia.com.cn\/wp-content\/uploads\/2022\/05\/H7709a76d4cf54a05a98b87c7ddf3f0228.jpg\" data-src=\"\"><\/div>\n<div class=\"magic-5\"><img decoding=\"async\" class=\"magic-6\" src=\"https:\/\/anbanjia.com.cn\/wp-content\/uploads\/2022\/05\/H773edf2fc0ef4a0ca68b9c6b104c79b6X.jpg\" data-src=\"\"><\/div>\n<div class=\"magic-5\"><img decoding=\"async\" class=\"magic-6\" src=\"https:\/\/anbanjia.com.cn\/wp-content\/uploads\/2022\/05\/H322cb4b5878743bf957b8652f5986d8ad.jpg\" data-src=\"\"><\/div>\n<div class=\"magic-5\"><img decoding=\"async\" class=\"magic-6\" src=\"https:\/\/anbanjia.com.cn\/wp-content\/uploads\/2022\/05\/Ha1c1847b05a84b1ab502f407fdabf57b9.jpg\" data-src=\"\"><\/div>\n<div class=\"magic-5\"><img decoding=\"async\" class=\"magic-6\" src=\"https:\/\/anbanjia.com.cn\/wp-content\/uploads\/2022\/05\/H06c14a38e33347a3a8a7b803d42c958az.jpg\" data-src=\"\"><\/div>\n<div class=\"magic-5\"><img decoding=\"async\" class=\"magic-6\" src=\"https:\/\/anbanjia.com.cn\/wp-content\/uploads\/2022\/05\/Hce611d42308349d19173588ea7c5c03f2.jpg\" data-src=\"\"><\/div>\n<div class=\"magic-5\"><img decoding=\"async\" class=\"magic-6\" src=\"https:\/\/anbanjia.com.cn\/wp-content\/uploads\/2022\/05\/Hd92de5057cf9410ab86f3fb5b312cec4C.png\" data-src=\"\"><\/div>\n<div class=\"magic-5\"><img decoding=\"async\" class=\"magic-6\" src=\"https:\/\/anbanjia.com.cn\/wp-content\/uploads\/2022\/05\/Hd77fd019b6664853a801f92edf116b2dA.png\" data-src=\"\"><\/div>\n<div class=\"magic-5\"><img decoding=\"async\" class=\"magic-6\" src=\"https:\/\/anbanjia.com.cn\/wp-content\/uploads\/2022\/05\/Hc2f5d0c08d28468e89228719f6e4a2d7Q.png\" data-src=\"\"><\/div>\n<\/div>\n<\/div>\n<\/div>\n<\/div>\n","protected":false},"excerpt":{"rendered":"<p>&nbsp;<\/p>\n<div style=\"width: auto;\">\n<div style=\"min-width: 300px; max-width: 300px; word-wrap: break-word; float: left;\">Eigenschaften: Zubeh\u00f6r f\u00fcr die Rehabilitationstherapie<\/div>\n<div style=\"min-width: 300px; max-width: 300px; word-wrap: break-word; float: left;\">Herkunftsort: Guangdong, China<\/div>\n<\/div>\n<div style=\"width: auto;\">\n<div style=\"min-width: 300px; max-width: 300px; word-wrap: break-word; float: left;\">Funktion: Wiederherstellung der Hand-Finger-Funktion<\/div>\n<div style=\"min-width: 300px; max-width: 300px; word-wrap: break-word; float: left;\">Modellnummer: C11<\/div>\n<\/div>\n<div style=\"width: auto;\">\n<div style=\"min-width: 300px; max-width: 300px; word-wrap: break-word; float: left;\">Anwendung: Hand, Finger, Handgelenk<\/div>\n<div style=\"min-width: 300px; max-width: 300px; word-wrap: break-word; float: left;\">Leistung: 15 W<\/div>\n<\/div>\n<div style=\"width: auto;\">\n<div style=\"min-width: 300px; max-width: 300px; word-wrap: break-word; float: left;\">Spannung: 100 ~ 240 V<\/div>\n<div style=\"min-width: 300px; max-width: 300px; word-wrap: break-word; float: left;\">Nennladespannung: 5v2A<\/div>\n<\/div>\n<div style=\"width: auto;\">\n<div style=\"min-width: 300px; max-width: 300px; word-wrap: break-word; float: left;\">Zeiteinstellung: 0-20min<\/div>\n<div style=\"min-width: 300px; max-width: 300px; word-wrap: break-word; float: left;\">Gr\u00f6\u00dfe: S-XL<\/div>\n<\/div>\n<div>Kundenspezifische Verpackung (Mindestbestellmenge: 500 St\u00fcck)<\/div>\n","protected":false},"featured_media":12692,"comment_status":"closed","ping_status":"closed","template":"","meta":[],"product_cat":[152],"product_tag":[],"class_list":["post-13169","product","type-product","status-publish","has-post-thumbnail","hentry","product_cat-reha-trainingsgerat"],"_links":{"self":[{"href":"https:\/\/anbanjia.com.cn\/de\/wp-json\/wp\/v2\/product\/13169","targetHints":{"allow":["GET"]}}],"collection":[{"href":"https:\/\/anbanjia.com.cn\/de\/wp-json\/wp\/v2\/product"}],"about":[{"href":"https:\/\/anbanjia.com.cn\/de\/wp-json\/wp\/v2\/types\/product"}],"replies":[{"embeddable":true,"href":"https:\/\/anbanjia.com.cn\/de\/wp-json\/wp\/v2\/comments?post=13169"}],"wp:featuredmedia":[{"embeddable":true,"href":"https:\/\/anbanjia.com.cn\/de\/wp-json\/wp\/v2\/media\/12692"}],"wp:attachment":[{"href":"https:\/\/anbanjia.com.cn\/de\/wp-json\/wp\/v2\/media?parent=13169"}],"wp:term":[{"taxonomy":"product_cat","embeddable":true,"href":"https:\/\/anbanjia.com.cn\/de\/wp-json\/wp\/v2\/product_cat?post=13169"},{"taxonomy":"product_tag","embeddable":true,"href":"https:\/\/anbanjia.com.cn\/de\/wp-json\/wp\/v2\/product_tag?post=13169"}],"curies":[{"name":"wp","href":"https:\/\/api.w.org\/{rel}","templated":true}]}}