{"id":13158,"date":"2022-05-02T18:02:38","date_gmt":"2022-05-02T18:02:38","guid":{"rendered":"https:\/\/www.anbanjia.com.cn\/product\/hb-301-hb-201-haemoglobin-analyzer-teststreifen\/"},"modified":"2022-05-02T18:02:38","modified_gmt":"2022-05-02T18:02:38","slug":"hb-301-hb-201-hamoglobin-analysator-teststreifen","status":"publish","type":"product","link":"https:\/\/anbanjia.com.cn\/de\/produkt\/hb-301-hb-201-hamoglobin-analysator-teststreifen\/","title":{"rendered":"Hb 301 \/Hb 201 H\u00e4moglobin Analyzer Teststreifen"},"content":{"rendered":"<div style=\"max-width: 750px; margin: 0 auto;\">\n<p><span style=\"font-size: 24px;\">HemoCue Hb 301 \/Hb 201 H\u00e4moglobin Analyzer Teststreifen<\/span><\/p>\n<p><span style=\"font-size: 24px;\">HB201<\/span><\/p>\n<p><span style=\"font-size: 24px;\">1. Detektionsprinzip: Azidometh\u00e4moglobin-Reaktion: duale Wellenl\u00e4nge<\/span><br \/>\n<span style=\"font-size: 24px;\">(570-nm- und 880-nm-Erkennung zur Tr\u00fcbungskompensation<\/span><\/p>\n<p><span style=\"font-size: 24px;\">2. Kalibrierung: mit Werkskalibrierung (basierend auf dem internationalen ICSH-Goldstandard)<\/span><br \/>\n<span style=\"font-size: 24px;\">Keine weitere Kalibrierung erforderlich<\/span><\/p>\n<p><span style=\"font-size: 24px;\">3. Anwendbare Proben: peripheres Blut, ven\u00f6se oder arterielle Vollblutproben<\/span><\/p>\n<p><span style=\"font-size: 24px;\">4. Messbereich: 0- -25,6 g\/dL (0- -256 g\/L, 0-15,9 mmol\/LJ<\/span><br \/>\n<span style=\"font-size: 24px;\">Schnelligkeit der Testergebnisse: innerhalb von 60 Sekunden<\/span><\/p>\n<p><span style=\"font-size: 24px;\">5. Probenvolumen: ca. 10 \u03bcl<\/span><br \/>\n<span style=\"font-size: 24px;\">6.<\/span><br \/>\n<span style=\"font-size: 24px;\">Ger\u00e4tegr\u00f6\u00dfe: 160 x 43 x 85 mm (6,30 x 1,69 x 3,35 Zoll)<\/span><br \/>\n<span style=\"font-size: 24px;\">7.<\/span><br \/>\n<span style=\"font-size: 24px;\">Gewicht: 350 g (0,77 lbs) mit eingebautem Akku<\/span><\/p>\n<p><span style=\"font-size: 24px;\">8. Lagertemperatur: Analysator: 0\u201350 \u00b0C (32\u2013122 \u00b0F).<\/span><br \/>\n<span style=\"font-size: 24px;\">9.<\/span><br \/>\n<span style=\"font-size: 24px;\">Reaktionszelle: 15- -30 \u00b0C (59- -86 \u00b0F), luftdichte Lagerung<\/span><br \/>\n<span style=\"font-size: 24px;\">3 Monate ge\u00f6ffnet<\/span><\/p>\n<p><span style=\"font-size: 24px;\">10.Arbeitstemperatur: 15- -30C (59- -86\u00b0F)<\/span><br \/>\n<span style=\"font-size: 24px;\">11.<\/span><br \/>\n<span style=\"font-size: 24px;\">Stromversorgung: Netzteil oder 4 AA-Batterien<\/span><br \/>\n<span style=\"font-size: 24px;\">12.<\/span><br \/>\n<span style=\"font-size: 24px;\">Schnittstelle: Drucker in HemoCue@ Basic ConnectTM<\/span><br \/>\n<span style=\"font-size: 24px;\">Und optionaler Barcode-Scanner<\/span><\/p>\n<p><span style=\"font-size: 24px;\">13.Qualit\u00e4tskontrolle: eingebauter Selbsttest<\/span><br \/>\n<span style=\"font-size: 24px;\">14. Funktion: Fl\u00fcssige Qualit\u00e4tskontrolle kann verwendet werden<\/span><\/p>\n<p><span style=\"font-size: 24px;\">HB301<\/span><\/p>\n<p><span style=\"font-size: 24px;\">1. Prinzip: Wenn die Vollblutabsorption am Extinktionspunkt wie HbHbO2 liegt und erreicht<\/span><br \/>\n<span style=\"font-size: 24px;\"> Wenn es einen station\u00e4ren Zustand erreicht, messen Sie auf dem Analysator<\/span><br \/>\n<span style=\"font-size: 24px;\"> Verwendung von Erkennung mit zwei Wellenl\u00e4ngen (5060 und 80n0m), um eine Tr\u00fcbungskompensation zu erreichen<\/span><\/p>\n<p><span style=\"font-size: 24px;\">2. Probe: Kapillaren,<\/span><br \/>\n<span style=\"font-size: 24px;\">Arterielle und ven\u00f6se Blutproben<\/span><\/p>\n<p><span style=\"font-size: 24px;\">3. Erkennungsbereich: 0-256 g\/L<\/span><\/p>\n<p><span style=\"font-size: 24px;\">4. Probenvolumen: 10 \u03bcl<\/span><\/p>\n<p><span style=\"font-size: 24px;\">5. Gr\u00f6\u00dfe: 160 x 140 x 70 mm<\/span><\/p>\n<p><span style=\"font-size: 24px;\">6. Gewicht: 500 g<\/span><\/p>\n<p><span style=\"font-size: 24px;\">7. Lagertemperatur: Die Lagertemperatur des Analysators betr\u00e4gt 0-50 \u00b0 C, und die Reagenztabletten werden gelagert<\/span><\/p>\n<p><span style=\"font-size: 24px;\">8. Die Temperatur betr\u00e4gt 10-40 \u00b0 C<\/span><\/p>\n<p><span style=\"font-size: 24px;\">9.Betriebstemperatur: 10-40C<\/span><\/p>\n<p><span style=\"font-size: 24px;\">10. Stromversorgung: 4 AA-Batterien oder Netzteil<\/span><\/p>\n<p><span style=\"font-size: 24px;\">11.Qualit\u00e4tskontrolle: Das Analyseger\u00e4t HemoCue Hb301 verf\u00fcgt \u00fcber eine interne Selbstkontrolle<\/span><br \/>\n<span style=\"font-size: 24px;\"> Funktion, bei jedem Start erkennt der Analysator automatisch die Messbarkeit<\/span><br \/>\n<span style=\"font-size: 24px;\">kann. HemoCue Hb301 ist au\u00dferdem mit drei Stufen von Qualit\u00e4tskontrollprodukten f\u00fcr die Qualit\u00e4tskontrolle ausgestattet<\/span><\/p>\n<p><span style=\"font-size: 24px;\"><img decoding=\"async\" style=\"max-width: 750;\" src=\"https:\/\/anbanjia.com.cn\/wp-content\/uploads\/2022\/05\/Hdf5e8251e21e4b2dbe584bf6d46b28655.jpg\" data-alt=\"Hb 301 \/Hb 201 Hemoglobin Analyzer test strip\" data-height=\"693\" data-src=\"\" data-width=\"693\"><\/span><\/p>\n<p><span style=\"font-size: 18px;\"><img decoding=\"async\" src=\"https:\/\/anbanjia.com.cn\/wp-content\/uploads\/2022\/05\/H5c69bd459db4494b8233557f6a4838d4k.jpg\" data-alt=\"Hb 301 \/Hb 201 Hemoglobin Analyzer test strip\" data-height=\"1435\" data-src=\"\" data-width=\"663\"><img decoding=\"async\" src=\"https:\/\/anbanjia.com.cn\/wp-content\/uploads\/2022\/05\/H7e51ae11b2194aefa1d11f951d01b4a7m.jpg\" data-alt=\"Hb 301 \/Hb 201 Hemoglobin Analyzer test strip\" data-height=\"1476\" data-src=\"\" data-width=\"664\"><img decoding=\"async\" src=\"https:\/\/anbanjia.com.cn\/wp-content\/uploads\/2022\/05\/H8c4a63d0b9364aee9a9d8742eec98b68l.png\" data-alt=\"Hb 301 \/Hb 201 Hemoglobin Analyzer test strip\" data-height=\"671\" data-src=\"\" data-width=\"671\"><img decoding=\"async\" src=\"https:\/\/anbanjia.com.cn\/wp-content\/uploads\/2022\/05\/H4a8da6818e714240a0c86752614f4634c.jpg\" data-alt=\"Hb 301 \/Hb 201 Hemoglobin Analyzer test strip\" data-height=\"523\" data-src=\"\" data-width=\"698\"><img decoding=\"async\" src=\"https:\/\/anbanjia.com.cn\/wp-content\/uploads\/2022\/05\/H263da612fdf24b5ca8aa9c0803b6c195L.png\" data-alt=\"Hb 301 \/Hb 201 Hemoglobin Analyzer test strip\" data-src=\"\"><img decoding=\"async\" src=\"https:\/\/anbanjia.com.cn\/wp-content\/uploads\/2022\/05\/Hdf5e8251e21e4b2dbe584bf6d46b28655.jpg\" data-alt=\"Hb 301 \/Hb 201 Hemoglobin Analyzer test strip\" data-src=\"\"><\/span><\/p>\n<p><span style=\"font-size: 16px;\"><img decoding=\"async\" src=\"https:\/\/anbanjia.com.cn\/wp-content\/uploads\/2022\/05\/HTB11eejSwDqK1RjSZSyq6yxEVXal.jpg\" data-alt=\"Hb 301 \/Hb 201 Hemoglobin Analyzer test strip\" data-height=\"689\" data-src=\"\" data-width=\"911\"><img decoding=\"async\" src=\"https:\/\/anbanjia.com.cn\/wp-content\/uploads\/2022\/05\/HTB1l01hSzDpK1RjSZFrq6y78VXa3.jpg\" data-alt=\"Hb 301 \/Hb 201 Hemoglobin Analyzer test strip\" data-src=\"\"><\/span><\/p>\n<p><strong><span style=\"font-size: 24px;\">Kontaktinformation:<\/span><\/strong><\/p>\n<p><img decoding=\"async\" src=\"https:\/\/anbanjia.com.cn\/wp-content\/uploads\/2022\/05\/HTB1vm0WR3HqK1RjSZFEq6AGMXXa6.jpg\" data-alt=\"Hb 301 \/Hb 201 Hemoglobin Analyzer test strip\" data-src=\"\"><\/p>\n<\/div>\n","protected":false},"excerpt":{"rendered":"<p>&nbsp;<\/p>\n<div style=\"width: auto;\">\n<div style=\"min-width: 300px; max-width: 300px; word-wrap: break-word; float: left;\">Herkunftsort:Guangxi, China<\/div>\n<div style=\"min-width: 300px; max-width: 300px; word-wrap: break-word; float: left;\">Markenname: OEM<\/div>\n<\/div>\n<div style=\"width: auto;\">\n<div style=\"min-width: 300px; max-width: 300px; word-wrap: break-word; float: left;\">Modellnummer: 12<\/div>\n<div style=\"min-width: 300px; max-width: 300px; word-wrap: break-word; float: left;\">Stromquelle: Manuell<\/div>\n<\/div>\n<div style=\"width: auto;\">\n<div style=\"min-width: 300px; max-width: 300px; word-wrap: break-word; float: left;\">Garantie: KEINE<\/div>\n<div style=\"min-width: 300px; max-width: 300px; word-wrap: break-word; float: left;\">Kundendienst: KEINE<\/div>\n<\/div>\n<div style=\"width: auto;\">\n<div style=\"min-width: 300px; max-width: 300px; word-wrap: break-word; float: left;\">Material: Kunststoff<\/div>\n<div style=\"min-width: 300px; max-width: 300px; word-wrap: break-word; float: left;\">Haltbarkeit: 1 Jahre<\/div>\n<\/div>\n<div style=\"width: auto;\">\n<div style=\"min-width: 300px; max-width: 300px; word-wrap: break-word; float: left;\">Qualit\u00e4tszertifizierung: ce<\/div>\n<div style=\"min-width: 300px; max-width: 300px; word-wrap: break-word; float: left;\">Instrumentenklassifizierung: Klasse II<\/div>\n<\/div>\n<div style=\"width: auto;\">\n<div style=\"min-width: 300px; max-width: 300px; word-wrap: break-word; float: left;\">Sicherheitsstandard: Keine<\/div>\n<div style=\"min-width: 300px; max-width: 300px; word-wrap: break-word; float: left;\">Anwendbare Proben: peripheres Blut, ven\u00f6se oder arterielle Vollblutproben<\/div>\n<\/div>\n<div style=\"width: auto;\">\n<div style=\"min-width: 300px; max-width: 300px; word-wrap: break-word; float: left;\">Probenvolumen: ca. 10 \u03bcl<\/div>\n<div style=\"min-width: 300px; max-width: 300px; word-wrap: break-word; float: left;\">Ger\u00e4tegr\u00f6\u00dfe: 160 x 43 x 85 mm (6,30 x 1,69 x 3,35 Zoll)<\/div>\n<\/div>\n<div style=\"width: auto;\">\n<div style=\"min-width: 300px; max-width: 300px; word-wrap: break-word; float: left;\">Gewicht: 350 g (0,77 lbs) mit eingebautem Akku<\/div>\n<div style=\"min-width: 300px; max-width: 300px; word-wrap: break-word; float: left;\">Lagertemperatur: Analysator: 0\u201350 \u00b0C (32\u2013122 \u00b0F)<\/div>\n<\/div>\n<div style=\"width: auto;\">\n<div style=\"min-width: 300px; max-width: 300px; word-wrap: break-word; float: left;\">Reaktionszelle: 15- -30 \u00b0C (59- -86 \u00b0F), luftdichte Lagerung Offen f\u00fcr 3 Monate<\/div>\n<div style=\"min-width: 300px; max-width: 300px; word-wrap: break-word; float: left;\">Betriebstemperatur: 15 &#8211; -30 \u00b0 C (59 &#8211; -86 \u00b0 F)<\/div>\n<\/div>\n","protected":false},"featured_media":12662,"comment_status":"closed","ping_status":"closed","template":"","meta":[],"product_cat":[158],"product_tag":[],"class_list":["post-13158","product","type-product","status-publish","has-post-thumbnail","hentry","product_cat-hamoglobin-teststreifen"],"_links":{"self":[{"href":"https:\/\/anbanjia.com.cn\/de\/wp-json\/wp\/v2\/product\/13158","targetHints":{"allow":["GET"]}}],"collection":[{"href":"https:\/\/anbanjia.com.cn\/de\/wp-json\/wp\/v2\/product"}],"about":[{"href":"https:\/\/anbanjia.com.cn\/de\/wp-json\/wp\/v2\/types\/product"}],"replies":[{"embeddable":true,"href":"https:\/\/anbanjia.com.cn\/de\/wp-json\/wp\/v2\/comments?post=13158"}],"wp:featuredmedia":[{"embeddable":true,"href":"https:\/\/anbanjia.com.cn\/de\/wp-json\/wp\/v2\/media\/12662"}],"wp:attachment":[{"href":"https:\/\/anbanjia.com.cn\/de\/wp-json\/wp\/v2\/media?parent=13158"}],"wp:term":[{"taxonomy":"product_cat","embeddable":true,"href":"https:\/\/anbanjia.com.cn\/de\/wp-json\/wp\/v2\/product_cat?post=13158"},{"taxonomy":"product_tag","embeddable":true,"href":"https:\/\/anbanjia.com.cn\/de\/wp-json\/wp\/v2\/product_tag?post=13158"}],"curies":[{"name":"wp","href":"https:\/\/api.w.org\/{rel}","templated":true}]}}