{"id":13157,"date":"2022-05-02T18:02:37","date_gmt":"2022-05-02T18:02:37","guid":{"rendered":"https:\/\/www.anbanjia.com.cn\/product\/stellen-sie-reha-chiropraktik-stosswellenpistolen-physiotherapie-fuer-massagen-her\/"},"modified":"2022-05-02T18:02:37","modified_gmt":"2022-05-02T18:02:37","slug":"herstellung-rehabilitation-chiropraktik-stoswellenpistole-physiotherapie-fur-massage","status":"publish","type":"product","link":"https:\/\/anbanjia.com.cn\/de\/produkt\/herstellung-rehabilitation-chiropraktik-stoswellenpistole-physiotherapie-fur-massage\/","title":{"rendered":"Stellen Sie Reha-Chiropraktik-Sto\u00dfwellenpistolen-Physiotherapie f\u00fcr Massagen her"},"content":{"rendered":"<div style=\"max-width: 750px; margin: 0 auto;\">\n<div id=\"ali-anchor-AliPostDhMb-t73n9\" class=\"mceSectionContainer\" style=\"padding-top: 8px;\" data-section=\"AliPostDhMb-t73n9\" data-section-title=\"Product Details\">\n<div id=\"ali-title-AliPostDhMb-t73n9\" style=\"padding: 8px 0; border-bottom: 1px solid #ddd;\"><span style=\"background-color: #ddd; color: #333; font-weight: bold; padding: 8px 10px; line-height: 12px;\">Produktdetails<\/span><\/div>\n<div style=\"padding: 10px 0px; text-align: center;\">\n<p><span style=\"font-size: 24px;\">Stellen Sie Reha-Chiropraktik-Sto\u00dfwellenpistolen-Physiotherapie f\u00fcr Massagen her<\/span><\/p>\n<table style=\"border-collapse: collapse; border-style: solid; background-color: #ffffff; width: 80%;\" border=\"1\">\n<tbody>\n<tr>\n<td style=\"text-align: center;\"><span style=\"font-size: 18px;\">Modell<\/span><\/td>\n<td style=\"text-align: center;\"><span style=\"font-size: 18px;\"><strong> HL.3621<\/strong><\/span><\/td>\n<\/tr>\n<tr>\n<td style=\"text-align: center;\"><span style=\"font-size: 18px;\">Gewicht<\/span><\/td>\n<td style=\"text-align: center;\"><span style=\"font-size: 18px;\">0,879 kg<\/span><\/td>\n<\/tr>\n<tr>\n<td style=\"text-align: center;\"><span style=\"font-size: 18px;\">Gr\u00f6\u00dfe<\/span><\/td>\n<td style=\"text-align: center;\"><span style=\"font-size: 18px;\">38*29,5*10cm<\/span><\/td>\n<\/tr>\n<tr>\n<td style=\"text-align: center;\">Strom<\/td>\n<td style=\"text-align: center;\"> 2AMAX<\/td>\n<\/tr>\n<tr>\n<td style=\"text-align: center;\">Arbeitssonde<\/td>\n<td style=\"text-align: center;\"><span style=\"font-size: 18px;\">7<\/span><\/td>\n<\/tr>\n<tr>\n<td style=\"text-align: center;\">Produktgr\u00f6\u00dfe<\/td>\n<td style=\"text-align: center;\"> 21,5*6*6cm<\/td>\n<\/tr>\n<tr>\n<td style=\"text-align: center;\">Packungsgr\u00f6\u00dfe<\/td>\n<td style=\"text-align: center;\"> 38*29,5*10cm<\/td>\n<\/tr>\n<tr>\n<td style=\"text-align: center;\">Nettogewicht<\/td>\n<td style=\"text-align: center;\">0,879 kg<\/td>\n<\/tr>\n<\/tbody>\n<\/table>\n<p><img decoding=\"async\" style=\"max-width: 750;\" src=\"https:\/\/anbanjia.com.cn\/wp-content\/uploads\/2022\/05\/H077b92b264954224a8ebba4e3a24820fz.png\" data-alt=\"Manufacture rehabilitation chiropractic shock wave gun physiotherapy for massage\" data-src=\"\"><img decoding=\"async\" src=\"https:\/\/anbanjia.com.cn\/wp-content\/uploads\/2022\/05\/H02d5012a7d044173af8e66acfc1ca47cr.png\" data-alt=\"Manufacture rehabilitation chiropractic shock wave gun physiotherapy for massage\" data-src=\"\"><img decoding=\"async\" src=\"https:\/\/anbanjia.com.cn\/wp-content\/uploads\/2022\/05\/Hc2506f0705f643b3b6445674eab11c08B.png\" data-alt=\"Manufacture rehabilitation chiropractic shock wave gun physiotherapy for massage\" data-src=\"\"><\/p>\n<p style=\"text-align: left;\"><strong><span style=\"font-size: 24px;\">Es gibt mehrere Modelle davon:<\/span><\/strong><img decoding=\"async\" src=\"https:\/\/anbanjia.com.cn\/wp-content\/uploads\/2022\/05\/H48bcd85b51bc41dab67504c1519e6f9cQ.jpg\" data-alt=\"Manufacture rehabilitation chiropractic shock wave gun physiotherapy for massage\" data-src=\"\"><img decoding=\"async\" src=\"https:\/\/anbanjia.com.cn\/wp-content\/uploads\/2022\/05\/Hd2540cf7620c4953a010d20ec42ad4005.jpg\" data-alt=\"Manufacture rehabilitation chiropractic shock wave gun physiotherapy for massage\" data-src=\"\"><img decoding=\"async\" src=\"https:\/\/anbanjia.com.cn\/wp-content\/uploads\/2022\/05\/H9d0fbd3fc5f44f558c379b0c52fb4949H.jpg\" data-alt=\"Manufacture rehabilitation chiropractic shock wave gun physiotherapy for massage\" data-src=\"\"><img decoding=\"async\" src=\"https:\/\/anbanjia.com.cn\/wp-content\/uploads\/2022\/05\/H6bdc64f0041048b68e6f9e5eae2c1fecX.jpg\" data-alt=\"Manufacture rehabilitation chiropractic shock wave gun physiotherapy for massage\" data-src=\"\"><img decoding=\"async\" src=\"https:\/\/anbanjia.com.cn\/wp-content\/uploads\/2022\/05\/H088210f0abc8448180578074fceea8afu.jpg\" data-alt=\"Manufacture rehabilitation chiropractic shock wave gun physiotherapy for massage\" data-src=\"\"><img decoding=\"async\" src=\"https:\/\/anbanjia.com.cn\/wp-content\/uploads\/2022\/05\/Hf83267eb4b274808a3812ac12a680d14W.jpg\" data-alt=\"Manufacture rehabilitation chiropractic shock wave gun physiotherapy for massage\" data-src=\"\"><img decoding=\"async\" src=\"https:\/\/anbanjia.com.cn\/wp-content\/uploads\/2022\/05\/H88fceeaf03bc41d494c272b60f893307H.jpg\" data-alt=\"Manufacture rehabilitation chiropractic shock wave gun physiotherapy for massage\" data-src=\"\"><\/p>\n<p><img decoding=\"async\" src=\"https:\/\/anbanjia.com.cn\/wp-content\/uploads\/2022\/05\/Hf80a9e53b8974fe397e59eef75dd027bz.png\" data-alt=\"Manufacture rehabilitation chiropractic shock wave gun physiotherapy for massage\" data-src=\"\"><img decoding=\"async\" src=\"https:\/\/anbanjia.com.cn\/wp-content\/uploads\/2022\/05\/H968aa2f2473d428cbe3fd872f8a16b0aT.jpg\" data-alt=\"Manufacture rehabilitation chiropractic shock wave gun physiotherapy for massage\" data-src=\"\"><img decoding=\"async\" src=\"https:\/\/anbanjia.com.cn\/wp-content\/uploads\/2022\/05\/H08c492c1e88b496f82821b5cd57a40acy.jpg\" data-alt=\"Manufacture rehabilitation chiropractic shock wave gun physiotherapy for massage\" data-src=\"\"><img decoding=\"async\" src=\"https:\/\/anbanjia.com.cn\/wp-content\/uploads\/2022\/05\/H179b56eb8af74ca0b84d8c0c05a6814b2.png\" data-alt=\"Manufacture rehabilitation chiropractic shock wave gun physiotherapy for massage\" data-src=\"\"><\/p>\n<p><span style=\"color: #ffffff; background-color: #3366ff; font-size: 24px;\">Spezielle Empfehlung f\u00fcr 7 potentielle Verbrauchergruppen<\/span><\/p>\n<p style=\"text-align: left;\"><span style=\"font-size: 16px; color: #0000ff;\">1. Arbeiter: Befreiung von M\u00fcdigkeit, Erfrischung und Steigerung der k\u00f6rperlichen Leistungsf\u00e4higkeit<\/span><br \/>\n<span style=\"font-size: 16px; color: #0000ff;\">2. Im Alter: Verl\u00e4ngerung des Lebens, Verbesserung der Immunit\u00e4t, Vorbeugung von Krankheiten, Sauerstofftherapie<\/span><\/p>\n<p style=\"text-align: left;\"><span style=\"font-size: 16px; color: #0000ff;\">3. Gesch\u00e4ftsmann: Lockerung k\u00f6rperlicher und metallischer Spannungen, Verbesserung der k\u00f6rperlichen F\u00e4higkeiten, Verringerung des Untergesundheitszustands und Verbesserung der Arbeitseffizienz.<\/span><br \/>\n<span style=\"font-size: 16px; color: #0000ff;\">4. Sch\u00fcler: Verbesserung der Erinnerung, Erfrischung und Verringerung der geistigen Erm\u00fcdung<\/span><br \/>\n<span style=\"font-size: 16px; color: #0000ff;\">5. Angestellte Frauen: Hautpflege, Pflege 0 Hautern\u00e4hrung und -elastizit\u00e4t und Verringerung des Untergesundheitsstatus<\/span><\/p>\n<\/div>\n<\/div>\n<div id=\"ali-anchor-AliPostDhMb-1edqi\" class=\"mceSectionContainer\" style=\"padding-top: 8px;\" data-section=\"AliPostDhMb-1edqi\" data-section-title=\"contact us\">\n<div id=\"ali-title-AliPostDhMb-1edqi\" style=\"padding: 8px 0; border-bottom: 1px solid #ddd;\"><span style=\"background-color: #ddd; color: #333; font-weight: bold; padding: 8px 10px; line-height: 12px;\">kontaktiere uns<\/span><\/div>\n<div style=\"padding: 10px 0;\"><img decoding=\"async\" src=\"https:\/\/anbanjia.com.cn\/wp-content\/uploads\/2022\/05\/HTB1E_8LXOLxK1Rjy0Ffq6zYdVXay.jpg\" data-alt=\"Manufacture rehabilitation chiropractic shock wave gun physiotherapy for massage\" data-src=\"\"><\/div>\n<div style=\"padding: 10px 0;\"><\/div>\n<\/div>\n<div id=\"ali-anchor-AliPostDhMb-b7egi\" class=\"mceSectionContainer\" style=\"padding-top: 8px;\" data-section=\"AliPostDhMb-b7egi\" data-section-title=\"certificate\">\n<div id=\"ali-title-AliPostDhMb-b7egi\" style=\"padding: 8px 0; border-bottom: 1px solid #ddd;\"><span style=\"background-color: #ddd; color: #333; font-weight: bold; padding: 8px 10px; line-height: 12px;\">Zertifikat<\/span><\/div>\n<div style=\"padding: 10px 0;\">\n<p><img decoding=\"async\" src=\"https:\/\/anbanjia.com.cn\/wp-content\/uploads\/2022\/05\/HTB1Z1olSpXXXXctXXXXq6xXFXXXu-1.jpg\" data-alt=\"Manufacture rehabilitation chiropractic shock wave gun physiotherapy for massage\" data-src=\"\"><\/p>\n<\/div>\n<\/div>\n<div id=\"ali-anchor-AliPostDhMb-chyel\" class=\"mceSectionContainer\" style=\"padding-top: 8px;\" data-section=\"AliPostDhMb-chyel\" data-section-title=\"company information\">\n<div id=\"ali-title-AliPostDhMb-chyel\" style=\"padding: 8px 0; border-bottom: 1px solid #ddd;\"><span style=\"background-color: #ddd; color: #333; font-weight: bold; padding: 8px 10px; line-height: 12px;\">Firmeninformation<\/span><\/div>\n<div style=\"padding: 10px 0;\">\n<p> <img decoding=\"async\" src=\"https:\/\/anbanjia.com.cn\/wp-content\/uploads\/2022\/05\/Ha43def8a2df44eac925e2c3ab5a1b97b2.jpg\" data-alt=\"Manufacture rehabilitation chiropractic shock wave gun physiotherapy for massage\" data-src=\"\"><\/p>\n<\/div>\n<\/div>\n<div id=\"ali-anchor-AliPostDhMb-f7hjt\" class=\"mceSectionContainer\" style=\"padding-top: 8px;\" data-section=\"AliPostDhMb-f7hjt\" data-section-title=\"produce &amp; payment\">\n<div id=\"ali-title-AliPostDhMb-f7hjt\" style=\"padding: 8px 0; border-bottom: 1px solid #ddd;\"><span style=\"background-color: #ddd; color: #333; font-weight: bold; padding: 8px 10px; line-height: 12px;\">produzieren &amp; bezahlen<\/span><\/div>\n<div style=\"padding: 10px 0;\">\n<p><img decoding=\"async\" src=\"https:\/\/anbanjia.com.cn\/wp-content\/uploads\/2022\/05\/HTB1LlvUSpXXXXbJXVXXq6xXFXXXf-1.jpg\" data-alt=\"Manufacture rehabilitation chiropractic shock wave gun physiotherapy for massage\" data-src=\"\"><\/p>\n<\/div>\n<\/div>\n<\/div>\n","protected":false},"excerpt":{"rendered":"<p>&nbsp;<\/p>\n<div style=\"width: auto;\">\n<div style=\"min-width: 300px; max-width: 300px; word-wrap: break-word; float: left;\">Herkunftsort: Guangdong, China<\/div>\n<div style=\"min-width: 300px; max-width: 300px; word-wrap: break-word; float: left;\">Instrumentenklassifizierung: Klasse II<\/div>\n<\/div>\n<div style=\"width: auto;\">\n<div style=\"min-width: 300px; max-width: 300px; word-wrap: break-word; float: left;\">Garantie: KEINE<\/div>\n<div style=\"min-width: 300px; max-width: 300px; word-wrap: break-word; float: left;\">Kundendienst: KEINE<\/div>\n<\/div>\n<div style=\"width: auto;\">\n<div style=\"min-width: 300px; max-width: 300px; word-wrap: break-word; float: left;\">Modell: HL3621<\/div>\n<div style=\"min-width: 300px; max-width: 300px; word-wrap: break-word; float: left;\">Farbe: Silber + Blau<\/div>\n<\/div>\n<div style=\"width: auto;\">\n<div style=\"min-width: 300px; max-width: 300px; word-wrap: break-word; float: left;\">Frequenz: 50Hz-60Hz<\/div>\n<div style=\"min-width: 300px; max-width: 300px; word-wrap: break-word; float: left;\">Leistung: 90 WMAX<\/div>\n<\/div>\n<div style=\"width: auto;\">\n<div style=\"min-width: 300px; max-width: 300px; word-wrap: break-word; float: left;\">Spannung: AC110V-AC220V<\/div>\n<div style=\"min-width: 300px; max-width: 300px; word-wrap: break-word; float: left;\">Strom:2AMAX<\/div>\n<\/div>\n<div style=\"width: auto;\">\n<div style=\"min-width: 300px; max-width: 300px; word-wrap: break-word; float: left;\">Arbeitssonde:7<\/div>\n<div style=\"min-width: 300px; max-width: 300px; word-wrap: break-word; float: left;\">Produktgr\u00f6\u00dfe: 21,5 x 6 x 6 cm<\/div>\n<\/div>\n<div style=\"width: auto;\">\n<div style=\"min-width: 300px; max-width: 300px; word-wrap: break-word; float: left;\">Verpackungsgr\u00f6\u00dfe: 38 x 29,5 x 10 cm<\/div>\n<div style=\"min-width: 300px; max-width: 300px; word-wrap: break-word; float: left;\">Nettogewicht: 0,879 kg<\/div>\n<\/div>\n<div>Kundenspezifisches Logo (Mindestbestellmenge: 400 St\u00fcck)<\/div>\n<div>Kundenspezifische Verpackung (Mindestbestellmenge: 400 St\u00fcck)<\/div>\n","protected":false},"featured_media":12668,"comment_status":"closed","ping_status":"closed","template":"","meta":[],"product_cat":[155],"product_tag":[],"class_list":["post-13157","product","type-product","status-publish","has-post-thumbnail","hentry","product_cat-stosswellenphysiotherapie"],"_links":{"self":[{"href":"https:\/\/anbanjia.com.cn\/de\/wp-json\/wp\/v2\/product\/13157","targetHints":{"allow":["GET"]}}],"collection":[{"href":"https:\/\/anbanjia.com.cn\/de\/wp-json\/wp\/v2\/product"}],"about":[{"href":"https:\/\/anbanjia.com.cn\/de\/wp-json\/wp\/v2\/types\/product"}],"replies":[{"embeddable":true,"href":"https:\/\/anbanjia.com.cn\/de\/wp-json\/wp\/v2\/comments?post=13157"}],"wp:featuredmedia":[{"embeddable":true,"href":"https:\/\/anbanjia.com.cn\/de\/wp-json\/wp\/v2\/media\/12668"}],"wp:attachment":[{"href":"https:\/\/anbanjia.com.cn\/de\/wp-json\/wp\/v2\/media?parent=13157"}],"wp:term":[{"taxonomy":"product_cat","embeddable":true,"href":"https:\/\/anbanjia.com.cn\/de\/wp-json\/wp\/v2\/product_cat?post=13157"},{"taxonomy":"product_tag","embeddable":true,"href":"https:\/\/anbanjia.com.cn\/de\/wp-json\/wp\/v2\/product_tag?post=13157"}],"curies":[{"name":"wp","href":"https:\/\/api.w.org\/{rel}","templated":true}]}}