{"id":13155,"date":"2022-05-02T18:02:32","date_gmt":"2022-05-02T18:02:32","guid":{"rendered":"https:\/\/www.anbanjia.com.cn\/product\/alte-menschen-behindert-mini-pedal-magnetischer-heimtrainer-billig-fuss-fahrrad-stretch-uebungsgeraet-fuer-uebung\/"},"modified":"2022-05-02T18:02:32","modified_gmt":"2022-05-02T18:02:32","slug":"alte-menschen-behinderte-mini-pedal-magnetische-ergometer-billiges-fussfahrrad-stretch-trainer-fur-training","status":"publish","type":"product","link":"https:\/\/anbanjia.com.cn\/de\/produkt\/alte-menschen-behinderte-mini-pedal-magnetische-ergometer-billiges-fussfahrrad-stretch-trainer-fur-training\/","title":{"rendered":"alte menschen behindert mini pedal magnetischer heimtrainer billig fu\u00df fahrrad stretch \u00fcbungsger\u00e4t f\u00fcr \u00fcbung"},"content":{"rendered":"<div style=\"max-width: 750px; margin: 0 auto;\">\n<p><span style=\"font-size: 24px;\">Bein- und Arm-Heimtrainer f\u00fcr die k\u00f6rperliche Rehabilitation<\/span><\/p>\n<p><img decoding=\"async\" style=\"max-width: 750;\" src=\"https:\/\/anbanjia.com.cn\/wp-content\/uploads\/2022\/05\/HTB1bvYsXcfrK1Rjy0Fmq6xhEXXaS.jpg\" data-alt=\"old people disabled mini pedal magnetic exercise bike cheap foot bicycle stretch exercise machine for exercise\" data-src=\"\"><img decoding=\"async\" src=\"https:\/\/anbanjia.com.cn\/wp-content\/uploads\/2022\/05\/HTB1IAfsXcvrK1Rjy0Feq6ATmVXax.jpg\" data-alt=\"old people disabled mini pedal magnetic exercise bike cheap foot bicycle stretch exercise machine for exercise\" data-src=\"\"><img decoding=\"async\" src=\"https:\/\/anbanjia.com.cn\/wp-content\/uploads\/2022\/05\/HTB1c0SEdQvoK1RjSZPfq6xPKFXaC.jpg\" data-alt=\"old people disabled mini pedal magnetic exercise bike cheap foot bicycle stretch exercise machine for exercise\" data-src=\"\"><img decoding=\"async\" src=\"https:\/\/anbanjia.com.cn\/wp-content\/uploads\/2022\/05\/HTB1o6ywdPDpK1RjSZFrq6y78VXag.jpg\" data-alt=\"old people disabled mini pedal magnetic exercise bike cheap foot bicycle stretch exercise machine for exercise\" data-src=\"\"><img decoding=\"async\" src=\"https:\/\/anbanjia.com.cn\/wp-content\/uploads\/2022\/05\/HTB1FYTsXizxK1Rjy1zkq6yHrVXaA.jpg\" data-alt=\"old people disabled mini pedal magnetic exercise bike cheap foot bicycle stretch exercise machine for exercise\" data-src=\"\"><img decoding=\"async\" src=\"https:\/\/anbanjia.com.cn\/wp-content\/uploads\/2022\/05\/HTB1M5vsXojrK1RkHFNR761SvpXal.jpg\" data-alt=\"old people disabled mini pedal magnetic exercise bike cheap foot bicycle stretch exercise machine for exercise\" data-src=\"\"><img decoding=\"async\" src=\"https:\/\/anbanjia.com.cn\/wp-content\/uploads\/2022\/05\/HTB1zQTsXcTxK1Rjy0Fgq6yovpXaW.jpg\" data-alt=\"old people disabled mini pedal magnetic exercise bike cheap foot bicycle stretch exercise machine for exercise\" data-src=\"\"><img decoding=\"async\" src=\"https:\/\/anbanjia.com.cn\/wp-content\/uploads\/2022\/05\/HTB1_avsXiDxK1Rjy1zcq6yGeXXaa.jpg\" data-alt=\"old people disabled mini pedal magnetic exercise bike cheap foot bicycle stretch exercise machine for exercise\" data-src=\"\"><img decoding=\"async\" src=\"https:\/\/anbanjia.com.cn\/wp-content\/uploads\/2022\/05\/He645f0516f83430988bc42f8595bce64i.jpg\" data-alt=\"old people disabled mini pedal magnetic exercise bike cheap foot bicycle stretch exercise machine for exercise\" data-src=\"\"><img decoding=\"async\" src=\"https:\/\/anbanjia.com.cn\/wp-content\/uploads\/2022\/05\/HTB1HW2rXfvsK1RjSspdq6AZepXaX.jpg\" data-alt=\"old people disabled mini pedal magnetic exercise bike cheap foot bicycle stretch exercise machine for exercise\" data-src=\"\"><\/p>\n<p><strong><span style=\"font-size: 32px;\">Vorteil<\/span><\/strong><\/p>\n<p><span style=\"font-size: 24px;\">1. Trainieren und Wiederherstellen der Muskelkraft der unteren Extremit\u00e4ten;<\/span><br \/>\n<span style=\"font-size: 24px;\">2. Beseitigen Sie Muskelverspannungen, reduzieren Sie Muskelkr\u00e4mpfe der unteren Gliedma\u00dfen und machen Sie die Muskeln flexibler.<\/span><br \/>\n<span style=\"font-size: 24px;\">3. Verbessern Sie die Beweglichkeit der Gelenke und verhindern Sie Gelenksteifheit;<\/span><br \/>\n<span style=\"font-size: 24px;\">4. Verbesserung der wichtigen motorischen Funktionen, die f\u00fcr das t\u00e4gliche Leben erforderlich sind;<\/span><br \/>\n<span style=\"font-size: 24px;\">5. Entdecken Sie die Restmuskelkraft der unteren Gliedma\u00dfen wieder;<\/span><br \/>\n<span style=\"font-size: 24px;\">6. Verbesserung der Patientenkoordination und -flexibilit\u00e4t.<\/span><\/p>\n<div id=\"ali-anchor-AliPostDhMb-0se4s\" class=\"mceSectionContainer\" style=\"padding-top: 8px;\" data-section=\"AliPostDhMb-0se4s\" data-section-title=\"Company Information\">\n<div id=\"ali-title-AliPostDhMb-0se4s\" style=\"padding: 8px 0; border-bottom: 1px solid #ddd;\"><span style=\"background-color: #ddd; color: #333; font-weight: bold; padding: 8px 10px; line-height: 12px;\">Firmeninformation<\/span><\/div>\n<div style=\"padding: 10px 0;\">\n<p> <img decoding=\"async\" src=\"https:\/\/anbanjia.com.cn\/wp-content\/uploads\/2022\/05\/H3d43ab43a0f24fc7886a50fee5674fd4U.jpg\" data-alt=\"old people disabled mini pedal magnetic exercise bike cheap foot bicycle stretch exercise machine for exercise\" data-src=\"\"><\/p>\n<\/div>\n<\/div>\n<div id=\"ali-anchor-AliPostDhMb-y1c6d\" class=\"mceSectionContainer\" style=\"padding-top: 8px;\" data-section=\"AliPostDhMb-y1c6d\" data-section-title=\"FAQ\">\n<div style=\"padding: 10px 0;\">\n<p><span style=\"font-size: 24px;\"><strong>Kontakt:<\/strong><\/span><\/p>\n<p><span style=\"font-size: 24px;\"><strong><img decoding=\"async\" src=\"https:\/\/anbanjia.com.cn\/wp-content\/uploads\/2022\/05\/H10fdde19478c4022952b6ef21b37e97bx.jpg\" data-alt=\"old people disabled mini pedal magnetic exercise bike cheap foot bicycle stretch exercise machine for exercise\" data-src=\"\"><\/strong><\/span><\/p>\n<\/div>\n<\/div>\n<\/div>\n","protected":false},"excerpt":{"rendered":"<p>&nbsp;<\/p>\n<div style=\"width: auto;\">\n<div style=\"min-width: 300px; max-width: 300px; word-wrap: break-word; float: left;\">Eigenschaften: Zubeh\u00f6r f\u00fcr die Rehabilitationstherapie<\/div>\n<div style=\"min-width: 300px; max-width: 300px; word-wrap: break-word; float: left;\">Herkunftsort: Guangdong, China<\/div>\n<\/div>\n<div style=\"width: auto;\">\n<div style=\"min-width: 300px; max-width: 300px; word-wrap: break-word; float: left;\">Markenname: Anabnjia<\/div>\n<div style=\"min-width: 300px; max-width: 300px; word-wrap: break-word; float: left;\">Modellnummer: ABJ-105<\/div>\n<\/div>\n<div style=\"width: auto;\">\n<div style=\"min-width: 300px; max-width: 300px; word-wrap: break-word; float: left;\">Typ: Badezimmer-Sicherheitsausr\u00fcstung<\/div>\n<div style=\"min-width: 300px; max-width: 300px; word-wrap: break-word; float: left;\">Material: ABS + PP + EISEN<\/div>\n<\/div>\n<div style=\"width: auto;\">\n<div style=\"min-width: 300px; max-width: 300px; word-wrap: break-word; float: left;\">Farbe blau<\/div>\n<div style=\"min-width: 300px; max-width: 300px; word-wrap: break-word; float: left;\">Handteil: manuell, Winkeleinstellung<\/div>\n<\/div>\n<div style=\"width: auto;\">\n<div style=\"min-width: 300px; max-width: 300px; word-wrap: break-word; float: left;\">Fu\u00dfteil: manuell\/elektrisch, eine Drehrichtung<\/div>\n<div style=\"min-width: 300px; max-width: 300px; word-wrap: break-word; float: left;\">Spannung: 220 V\/50 Hz<\/div>\n<\/div>\n<div style=\"width: auto;\">\n<div style=\"min-width: 300px; max-width: 300px; word-wrap: break-word; float: left;\">Motor: 75 W<\/div>\n<div style=\"min-width: 300px; max-width: 300px; word-wrap: break-word; float: left;\">Produktabmessungen: 52 x 34 x 87 cm<\/div>\n<\/div>\n<div style=\"width: auto;\">\n<div style=\"min-width: 300px; max-width: 300px; word-wrap: break-word; float: left;\">Nettogewicht: 8,5 kg<\/div>\n<div style=\"min-width: 300px; max-width: 300px; word-wrap: break-word; float: left;\">Maximales Ladegewicht: 120 KGS<\/div>\n<\/div>\n<div>Kundenspezifisches Logo (Mindestbestellmenge: 200 St\u00fcck)<\/div>\n<div>Kundenspezifische Verpackung (Mindestbestellmenge: 200 St\u00fcck)<\/div>\n","protected":false},"featured_media":12682,"comment_status":"closed","ping_status":"closed","template":"","meta":[],"product_cat":[152],"product_tag":[],"class_list":["post-13155","product","type-product","status-publish","has-post-thumbnail","hentry","product_cat-reha-trainingsgerat"],"_links":{"self":[{"href":"https:\/\/anbanjia.com.cn\/de\/wp-json\/wp\/v2\/product\/13155","targetHints":{"allow":["GET"]}}],"collection":[{"href":"https:\/\/anbanjia.com.cn\/de\/wp-json\/wp\/v2\/product"}],"about":[{"href":"https:\/\/anbanjia.com.cn\/de\/wp-json\/wp\/v2\/types\/product"}],"replies":[{"embeddable":true,"href":"https:\/\/anbanjia.com.cn\/de\/wp-json\/wp\/v2\/comments?post=13155"}],"wp:featuredmedia":[{"embeddable":true,"href":"https:\/\/anbanjia.com.cn\/de\/wp-json\/wp\/v2\/media\/12682"}],"wp:attachment":[{"href":"https:\/\/anbanjia.com.cn\/de\/wp-json\/wp\/v2\/media?parent=13155"}],"wp:term":[{"taxonomy":"product_cat","embeddable":true,"href":"https:\/\/anbanjia.com.cn\/de\/wp-json\/wp\/v2\/product_cat?post=13155"},{"taxonomy":"product_tag","embeddable":true,"href":"https:\/\/anbanjia.com.cn\/de\/wp-json\/wp\/v2\/product_tag?post=13155"}],"curies":[{"name":"wp","href":"https:\/\/api.w.org\/{rel}","templated":true}]}}