{"id":13143,"date":"2022-05-02T18:02:38","date_gmt":"2022-05-02T18:02:38","guid":{"rendered":"https:\/\/www.anbanjia.com.cn\/product\/hochgenaues-tragbares-urit-12-hb-fabriquant-haemoglobinometer-testgeraet-testsystemstreifen\/"},"modified":"2022-05-02T18:02:38","modified_gmt":"2022-05-02T18:02:38","slug":"hochprazise-tragbare-urit-12-hb-fabriquant-hamoglobinometer-testgerate-testsystem-streifen","status":"publish","type":"product","link":"https:\/\/anbanjia.com.cn\/de\/produkt\/hochprazise-tragbare-urit-12-hb-fabriquant-hamoglobinometer-testgerate-testsystem-streifen\/","title":{"rendered":"Hochgenaues tragbares Urit -12 hb Fabriquant-H\u00e4moglobinometer-Testger\u00e4t Testsystemstreifen"},"content":{"rendered":"<div style=\"max-width: 750px;margin: 0 auto;\">\n<div data-magic-global=\"%7B%22bizId%22%3A3215165050%2C%22pageId%22%3A20150639803%2C%22siteId%22%3A5005610021%7D\" id=\"detail_decorate_root\">\n<div class=\"J_module\" module-id=\"24721668428\" module-title=\"detailTextContent\" render=\"true\">\n<div class=\"detail-decorate-json-renderer-container\">\n<div class=\"magic-1\">\n<div class=\"magic-2\">\n<div class=\"magic-3\">\n<div class=\"magic-4\">\n<div class=\"magic-5\"><font class=\"magic-6\"><b><br \/><\/b><\/font><\/div>\n<div class=\"magic-5\"><font class=\"magic-6\"><b> <font class=\"magic-7\">Hochpr\u00e4zises tragbares Urit-12 HB-Meter H\u00e4moglobin-Testger\u00e4t Testsystem Teststreifen<\/font><\/b><\/font><\/div>\n<div class=\"magic-5\"><font class=\"magic-6\"><font class=\"magic-7\"><br \/><\/font><\/font><\/div>\n<\/div>\n<\/div>\n<\/div>\n<\/div>\n<\/div>\n<\/div>\n<div class=\"J_module\" module-id=\"24688128724\" module-title=\"detailManyImage\" render=\"true\">\n<div class=\"icbu-pc-detailManyImage magic-8\">\n<div class=\"magic-9\"><img decoding=\"async\" class=\"magic-10\" data-src=\"\" src=\"https:\/\/anbanjia.com.cn\/wp-content\/uploads\/2022\/05\/H7bd18034bbad40bbac78a66d0e861e8dd.jpg\" style=\"max-width: 750;\"><\/div>\n<div class=\"magic-9\"><img decoding=\"async\" class=\"magic-10\" data-src=\"\" src=\"https:\/\/anbanjia.com.cn\/wp-content\/uploads\/2022\/05\/H439c791608e140f4800cfa9d3cf5dc98q.png\"><\/div>\n<div class=\"magic-9\"><img decoding=\"async\" class=\"magic-10\" data-src=\"\" src=\"https:\/\/anbanjia.com.cn\/wp-content\/uploads\/2022\/05\/H623dc6ae6b4c4cc0bfe0ebf7b63a0280R.jpg\"><\/div>\n<div class=\"magic-9\"><img decoding=\"async\" class=\"magic-10\" data-src=\"\" src=\"https:\/\/anbanjia.com.cn\/wp-content\/uploads\/2022\/05\/Hb158e7f0977f4566a9b04e8a2208643b4.png\"><\/div>\n<div class=\"magic-9\"><img decoding=\"async\" class=\"magic-10\" data-src=\"\" src=\"https:\/\/anbanjia.com.cn\/wp-content\/uploads\/2022\/05\/H9cf73549ee14494fbdffe548af68d739o.jpg\"><\/div>\n<\/div>\n<\/div>\n<div class=\"J_module\" module-id=\"24721668429\" module-title=\"detailTextContent\" render=\"true\">\n<div class=\"detail-decorate-json-renderer-container\">\n<div class=\"magic-1\">\n<div class=\"magic-2\">\n<div class=\"magic-3\">\n<div class=\"magic-4\">\n<div class=\"magic-11\">METER: H\u00e4moglobin in frischem Blut<\/div>\n<p><span><\/p>\n<div class=\"magic-11\">Messprinzip: Optische Reflexion <\/div>\n<div class=\"magic-11\">Streifen: H12-H\u00e4moglobin-Teststreifen<\/div>\n<div class=\"magic-11\">Messbereich: 4,0 g\/dl ~ 24,0 g\/dl. <\/div>\n<div class=\"magic-11\">Ergebnisse unter 4,0 g\/dL und \u00fcber 24,0 g\/dL werden als \u201eLo\u201c bzw. \u201eHi\u201c angezeigt, um anzuzeigen, dass das Ergebnis au\u00dferhalb des Bereichs liegt.<\/div>\n<div class=\"magic-11\">Messzeit: Weniger als 30 Sekunden<\/div>\n<div class=\"magic-11\">Gewicht:&lt; 58 g (Batterie enthalten)<\/div>\n<div class=\"magic-11\">Anzeige: LCD, Testergebnisanzeige in SI<\/div>\n<p>Au\u00dfenma\u00df: 102 mm \u00d7 50 mm \u00d7 19 mm<\/p>\n<div class=\"magic-11\">Betriebsbereiche: 15 ~ 30 \u00b0C; RH \u226480 % nicht kondensierend<\/div>\n<div class=\"magic-11\">Leistung: DC 6 V (zwei CR2032-Batterien)<\/div>\n<div class=\"magic-11\">Ultimative Bereiche: -20 ~55 \u00b0C; RH&lt; 90 % nicht kondensierend<\/div>\n<div class=\"magic-11\">Verf\u00fcgbare Lebensdauer: 8 Jahre<\/div>\n<div class=\"magic-11\">Sonstiges: Interne St\u00f6rungspr\u00fcfung und -anzeige<\/div>\n<p><\/span><\/div>\n<\/div>\n<\/div>\n<\/div>\n<\/div>\n<\/div><\/div>\n<\/div>\n","protected":false},"excerpt":{"rendered":"<div style=\"width:auto\">\n<div style=\"min-width: 300px;max-width: 300px;word-wrap: break-word;float: left\">Herkunftsort: Zhejiang, China <\/div>\n<div style=\"min-width: 300px;max-width: 300px;word-wrap: break-word;float: left\">Markenname: OEM-Marke<\/div>\n<\/p><\/div>\n<div style=\"width:auto\">\n<div style=\"min-width: 300px;max-width: 300px;word-wrap: break-word;float: left\">Modellnummer: Plus <\/div>\n<div style=\"min-width: 300px;max-width: 300px;word-wrap: break-word;float: left\">Desinfektionstyp: OZON<\/div>\n<\/p><\/div>\n<div style=\"width:auto\">\n<div style=\"min-width: 300px;max-width: 300px;word-wrap: break-word;float: left\">Eigenschaften:Blutanalyse <\/div>\n<div style=\"min-width: 300px;max-width: 300px;word-wrap: break-word;float: left\">Gr\u00f6\u00dfe: 4 * 0,5 cm<\/div>\n<\/p><\/div>\n<div style=\"width:auto\">\n<div style=\"min-width: 300px;max-width: 300px;word-wrap: break-word;float: left\">Lager: Ja <\/div>\n<div style=\"min-width: 300px;max-width: 300px;word-wrap: break-word;float: left\">Haltbarkeit: 1 Jahre<\/div>\n<\/p><\/div>\n<div style=\"width:auto\">\n<div style=\"min-width: 300px;max-width: 300px;word-wrap: break-word;float: left\">Material: 100 % Nylon <\/div>\n<div style=\"min-width: 300px;max-width: 300px;word-wrap: break-word;float: left\">Qualit\u00e4tszertifizierung: ce<\/div>\n<\/p><\/div>\n<div style=\"width:auto\">\n<div style=\"min-width: 300px;max-width: 300px;word-wrap: break-word;float: left\">Instrumentenklassifizierung: Klasse II <\/div>\n<div style=\"min-width: 300px;max-width: 300px;word-wrap: break-word;float: left\">Sicherheitsstandard: Keine<\/div>\n<\/p><\/div>\n<div style=\"width:auto\">\n<div style=\"min-width: 300px;max-width: 300px;word-wrap: break-word;float: left\">Produktname: H\u00e4moglobin-Teststreifen <\/div>\n<div style=\"min-width: 300px;max-width: 300px;word-wrap: break-word;float: left\">Feature: H\u00e4moglobin testen<\/div>\n<\/p><\/div>\n<div style=\"width:auto\">\n<div style=\"min-width: 300px;max-width: 300px;word-wrap: break-word;float: left\">Paket: 50 St\u00fcck \/ Karton <\/div>\n<div style=\"min-width: 300px;max-width: 300px;word-wrap: break-word;float: left\">Messbereich: 4,0 g\/dl ~ 24,0 g\/dl<\/div>\n<\/p><\/div>\n","protected":false},"featured_media":5878,"comment_status":"closed","ping_status":"closed","template":"","meta":[],"product_cat":[158],"product_tag":[],"class_list":["post-13143","product","type-product","status-publish","has-post-thumbnail","hentry","product_cat-hamoglobin-teststreifen"],"_links":{"self":[{"href":"https:\/\/anbanjia.com.cn\/de\/wp-json\/wp\/v2\/product\/13143","targetHints":{"allow":["GET"]}}],"collection":[{"href":"https:\/\/anbanjia.com.cn\/de\/wp-json\/wp\/v2\/product"}],"about":[{"href":"https:\/\/anbanjia.com.cn\/de\/wp-json\/wp\/v2\/types\/product"}],"replies":[{"embeddable":true,"href":"https:\/\/anbanjia.com.cn\/de\/wp-json\/wp\/v2\/comments?post=13143"}],"wp:featuredmedia":[{"embeddable":true,"href":"https:\/\/anbanjia.com.cn\/de\/wp-json\/wp\/v2\/media\/5878"}],"wp:attachment":[{"href":"https:\/\/anbanjia.com.cn\/de\/wp-json\/wp\/v2\/media?parent=13143"}],"wp:term":[{"taxonomy":"product_cat","embeddable":true,"href":"https:\/\/anbanjia.com.cn\/de\/wp-json\/wp\/v2\/product_cat?post=13143"},{"taxonomy":"product_tag","embeddable":true,"href":"https:\/\/anbanjia.com.cn\/de\/wp-json\/wp\/v2\/product_tag?post=13143"}],"curies":[{"name":"wp","href":"https:\/\/api.w.org\/{rel}","templated":true}]}}