{"id":13124,"date":"2022-05-02T18:02:35","date_gmt":"2022-05-02T18:02:35","guid":{"rendered":"https:\/\/www.anbanjia.com.cn\/product\/rehabilitationstherapie-zubehoer-koerperliche-rehabilitation-behinderte-automatisches-leichtes-mini-pedal-heimtrainer\/"},"modified":"2022-05-02T18:02:35","modified_gmt":"2022-05-02T18:02:35","slug":"reha-therapie-zubehor-korperliche-rehabilitation-behinderte-automatisches-leichtes-mini-pedal-ergometer","status":"publish","type":"product","link":"https:\/\/anbanjia.com.cn\/de\/produkt\/reha-therapie-zubehor-korperliche-rehabilitation-behinderte-automatisches-leichtes-mini-pedal-ergometer\/","title":{"rendered":"Rehabilitationstherapie-Zubeh\u00f6r K\u00f6rperliche Rehabilitation Behinderte Automatisches Leichtes Mini-Pedal-Heimtrainer"},"content":{"rendered":"<div style=\"max-width: 750px; margin: 0 auto;\">\n<div id=\"detail_decorate_root\" data-magic-global=\"%7B%22bizId%22%3A3215165050%2C%22pageId%22%3A5052327936%2C%22siteId%22%3A5005610021%7D\"><img decoding=\"async\" src=\"https:\/\/s.alicdn.com\/@sc04\/kf\/Hbe52ab388a3945439628ab53a7388fc81\/230438700\/Hbe52ab388a3945439628ab53a7388fc81.jpg?quality=close\"><\/div>\n<div data-magic-global=\"%7B%22bizId%22%3A3215165050%2C%22pageId%22%3A5052327936%2C%22siteId%22%3A5005610021%7D\"><img decoding=\"async\" src=\"https:\/\/s.alicdn.com\/@sc04\/kf\/H713b5658e8d348ffbd0076f9faec407di\/230438700\/H713b5658e8d348ffbd0076f9faec407di.jpg?quality=close\"><\/div>\n<div data-magic-global=\"%7B%22bizId%22%3A3215165050%2C%22pageId%22%3A5052327936%2C%22siteId%22%3A5005610021%7D\"><img decoding=\"async\" src=\"https:\/\/s.alicdn.com\/@sc04\/kf\/HTB1T9LyXcfrK1RjSszcq6xGGFXaU\/230438700\/HTB1T9LyXcfrK1RjSszcq6xGGFXaU.jpg?quality=close\"><\/div>\n<div data-magic-global=\"%7B%22bizId%22%3A3215165050%2C%22pageId%22%3A5052327936%2C%22siteId%22%3A5005610021%7D\"><img decoding=\"async\" src=\"https:\/\/s.alicdn.com\/@sc04\/kf\/HTB1mQPzXdfvK1RjSspfq6zzXFXaS\/230438700\/HTB1mQPzXdfvK1RjSspfq6zzXFXaS.jpg?quality=close\"><\/div>\n<div data-magic-global=\"%7B%22bizId%22%3A3215165050%2C%22pageId%22%3A5052327936%2C%22siteId%22%3A5005610021%7D\"><img decoding=\"async\" src=\"https:\/\/s.alicdn.com\/@sc04\/kf\/H66fcba774efe4404883aa6924b0152996\/230438700\/H66fcba774efe4404883aa6924b0152996.jpg?quality=close\"><\/div>\n<div data-magic-global=\"%7B%22bizId%22%3A3215165050%2C%22pageId%22%3A5052327936%2C%22siteId%22%3A5005610021%7D\"><img decoding=\"async\" src=\"https:\/\/s.alicdn.com\/@sc04\/kf\/HTB14bzzXjzuK1RjSspe762iHVXa3\/230438700\/HTB14bzzXjzuK1RjSspe762iHVXa3.png?quality=close\"><\/div>\n<div data-magic-global=\"%7B%22bizId%22%3A3215165050%2C%22pageId%22%3A5052327936%2C%22siteId%22%3A5005610021%7D\"><img decoding=\"async\" src=\"https:\/\/s.alicdn.com\/@sc04\/kf\/H0b1cb6f33d7f4b06a8ad4736dff06ceaG\/230438700\/H0b1cb6f33d7f4b06a8ad4736dff06ceaG.jpg?quality=close\"><\/div>\n<div data-magic-global=\"%7B%22bizId%22%3A3215165050%2C%22pageId%22%3A5052327936%2C%22siteId%22%3A5005610021%7D\"><img decoding=\"async\" src=\"https:\/\/s.alicdn.com\/@sc04\/kf\/H0b1cb6f33d7f4b06a8ad4736dff06ceaG\/230438700\/H0b1cb6f33d7f4b06a8ad4736dff06ceaG.jpg?quality=close\"><\/div>\n<div data-magic-global=\"%7B%22bizId%22%3A3215165050%2C%22pageId%22%3A5052327936%2C%22siteId%22%3A5005610021%7D\">\n<p class=\"magic-18\"><span style=\"font-family: Arial, Helvetica; font-size: large;\">Als professioneller und f\u00fchrender Anbieter medizinischer Ger\u00e4te bietet ABJ der Mehrheit der Kunden viele hochwertige Rollstuhlprodukte, die ihre Anforderungen erf\u00fcllen.<br \/>\n<\/span><\/p>\n<p class=\"magic-18\" data-spm-anchor-id=\"a2700.wholesale.0.i32.78a87e77HXrnx8\"><span style=\"font-family: Arial, Helvetica; font-size: large;\">Alle Produkte werden vor dem Versand von uns sehr sorgf\u00e4ltig gepr\u00fcft.<br \/>\nWir bieten Kunden schnelle Lieferung, angemessenen Preis, hohe Qualit\u00e4t und langfristige Dienstleistungen.<\/span><\/p>\n<p data-spm-anchor-id=\"a2700.wholesale.0.i32.78a87e77HXrnx8\"><img decoding=\"async\" src=\"https:\/\/s.alicdn.com\/@sc01\/kf\/H3d43ab43a0f24fc7886a50fee5674fd4U\/230438700\/H3d43ab43a0f24fc7886a50fee5674fd4U.jpg?quality=close\"><\/p>\n<p data-spm-anchor-id=\"a2700.wholesale.0.i32.78a87e77HXrnx8\">\u00dcber uns:<br \/>\n1. mehr auftrag, mehr rabatt, konkurrenzf\u00e4higer preis!<br \/>\n2.Willkommen, um mit uns in Verbindung zu treten, um einen besseren Preis zu erhalten!<br \/>\n3.Guter Service, schnelle Lieferung, und wir sind es wert, vertraut zu werden.<br \/>\n4.Wir k\u00f6nnen garantieren, dass Sie mit unseren Produkten zufrieden sein werden.<br \/>\n5. Wir behandeln Kunden wie Freunde und bieten Ihnen einen beachtlichen Service.<\/p>\n<p data-spm-anchor-id=\"a2700.wholesale.0.i32.78a87e77HXrnx8\"><img decoding=\"async\" src=\"https:\/\/s.alicdn.com\/@sc04\/kf\/H94a6fa43acb244a691368ee89d0bb0dft\/230438700\/H94a6fa43acb244a691368ee89d0bb0dft.png?quality=close\"><\/p>\n<\/div>\n<\/div>\n","protected":false},"excerpt":{"rendered":"<p>&nbsp;<\/p>\n<div style=\"width: auto;\">\n<div style=\"min-width: 300px; max-width: 300px; word-wrap: break-word; float: left;\">Eigenschaften: Zubeh\u00f6r f\u00fcr die Rehabilitationstherapie<\/div>\n<div style=\"min-width: 300px; max-width: 300px; word-wrap: break-word; float: left;\">Herkunftsort: Guangdong, China<\/div>\n<\/div>\n<div style=\"width: auto;\">\n<div style=\"min-width: 300px; max-width: 300px; word-wrap: break-word; float: left;\">Markenname: Anbanjia<\/div>\n<div style=\"min-width: 300px; max-width: 300px; word-wrap: break-word; float: left;\">Modellnummer: ABJ-107<\/div>\n<\/div>\n<div style=\"width: auto;\">\n<div style=\"min-width: 300px; max-width: 300px; word-wrap: break-word; float: left;\">Typ: Badezimmer-Sicherheitsausr\u00fcstung<\/div>\n<div style=\"min-width: 300px; max-width: 300px; word-wrap: break-word; float: left;\">Material: ABS + PP + EISEN<\/div>\n<\/div>\n<div style=\"width: auto;\">\n<div style=\"min-width: 300px; max-width: 300px; word-wrap: break-word; float: left;\">Farbe gr\u00fcn<\/div>\n<div style=\"min-width: 300px; max-width: 300px; word-wrap: break-word; float: left;\">Produktabmessungen: 48 x 33 x 87 cm<\/div>\n<\/div>\n<div style=\"width: auto;\">\n<div style=\"min-width: 300px; max-width: 300px; word-wrap: break-word; float: left;\">Spannung: 220 V\/50 Hz<\/div>\n<div style=\"min-width: 300px; max-width: 300px; word-wrap: break-word; float: left;\">Motor: 75 W * 2<\/div>\n<\/div>\n<div style=\"width: auto;\">\n<div style=\"min-width: 300px; max-width: 300px; word-wrap: break-word; float: left;\">Nettogewicht: 12 kg<\/div>\n<div style=\"min-width: 300px; max-width: 300px; word-wrap: break-word; float: left;\">Maximales Ladegewicht: 120 KG<\/div>\n<\/div>\n<div style=\"width: auto;\">\n<div style=\"min-width: 300px; max-width: 300px; word-wrap: break-word; float: left;\">Fu\u00dfteil: manuell\/elektrisch, eine Drehrichtung<\/div>\n<div style=\"min-width: 300px; max-width: 300px; word-wrap: break-word; float: left;\">Verpackungsma\u00dfe: 52 x 35 x 85 cm<\/div>\n<\/div>\n<div>Kundenspezifische Verpackung (Mindestbestellmenge: 500 St\u00fcck)<\/div>\n","protected":false},"featured_media":12676,"comment_status":"closed","ping_status":"closed","template":"","meta":[],"product_cat":[152],"product_tag":[],"class_list":["post-13124","product","type-product","status-publish","has-post-thumbnail","hentry","product_cat-reha-trainingsgerat"],"_links":{"self":[{"href":"https:\/\/anbanjia.com.cn\/de\/wp-json\/wp\/v2\/product\/13124","targetHints":{"allow":["GET"]}}],"collection":[{"href":"https:\/\/anbanjia.com.cn\/de\/wp-json\/wp\/v2\/product"}],"about":[{"href":"https:\/\/anbanjia.com.cn\/de\/wp-json\/wp\/v2\/types\/product"}],"replies":[{"embeddable":true,"href":"https:\/\/anbanjia.com.cn\/de\/wp-json\/wp\/v2\/comments?post=13124"}],"wp:featuredmedia":[{"embeddable":true,"href":"https:\/\/anbanjia.com.cn\/de\/wp-json\/wp\/v2\/media\/12676"}],"wp:attachment":[{"href":"https:\/\/anbanjia.com.cn\/de\/wp-json\/wp\/v2\/media?parent=13124"}],"wp:term":[{"taxonomy":"product_cat","embeddable":true,"href":"https:\/\/anbanjia.com.cn\/de\/wp-json\/wp\/v2\/product_cat?post=13124"},{"taxonomy":"product_tag","embeddable":true,"href":"https:\/\/anbanjia.com.cn\/de\/wp-json\/wp\/v2\/product_tag?post=13124"}],"curies":[{"name":"wp","href":"https:\/\/api.w.org\/{rel}","templated":true}]}}