{"id":13123,"date":"2022-05-02T18:02:31","date_gmt":"2022-05-02T18:02:31","guid":{"rendered":"https:\/\/www.anbanjia.com.cn\/product\/kleines-fahrrad-pedaltrainer-fuer-behinderte-fussrehabilitation-fuer-den-verkauf\/"},"modified":"2022-05-02T18:02:31","modified_gmt":"2022-05-02T18:02:31","slug":"kleiner-korperkraft-behinderter-fuss-rehabilitations-ergometer-pedaltrainer-zu-verkaufen","status":"publish","type":"product","link":"https:\/\/anbanjia.com.cn\/de\/produkt\/kleiner-korperkraft-behinderter-fuss-rehabilitations-ergometer-pedaltrainer-zu-verkaufen\/","title":{"rendered":"Kleines Fahrrad-Pedaltrainer f\u00fcr behinderte Fu\u00dfrehabilitation f\u00fcr den Verkauf"},"content":{"rendered":"<div style=\"max-width: 750px; margin: 0 auto;\">\n<div id=\"detail_decorate_root\" data-magic-global=\"%7B%22bizId%22%3A3215165050%2C%22pageId%22%3A20073122853%2C%22siteId%22%3A5005610021%7D\">\n<div class=\"J_module\">\n<div class=\"icbu-pc-images magic-1\">\n<div>\n<div class=\"flex-layout-v\">\n<div class=\"flex-layout-h magic-1\">\n<div class=\"magic-2\"><a href=\"https:\/\/abj-medical.en.alibaba.com\/product\/60804806220-911602023\/Rehabilitation_Therapy_Supplies_Physical_Rehabilitation_Disabled_Automatic_Lightweight_Mini_Pedal_Exercise_Bike.html\" target=\"_blank\" rel=\"noopener\"><img decoding=\"async\" class=\"magic-3\" style=\"max-width: 750;\" src=\"https:\/\/anbanjia.com.cn\/wp-content\/uploads\/2022\/05\/Hbe52ab388a3945439628ab53a7388fc81.jpg\" data-src=\"\"><\/a><\/div>\n<div class=\"magic-4\"><a href=\"https:\/\/abj-medical.en.alibaba.com\/product\/1600463261901-911602023\/Rehabilitation_Training_Machine_Portable_Folding_Lightweight_Stationary_Pedal_Exercise_Bike.html\" target=\"_blank\" rel=\"noopener\"><img decoding=\"async\" class=\"magic-5\" src=\"https:\/\/anbanjia.com.cn\/wp-content\/uploads\/2022\/05\/H234f9e37378b4f7699336abaabf33ef09.png\" data-src=\"\"><\/a><\/div>\n<div>\n<div class=\"magic-8\"><span class=\"magic-9\" style=\"color: #e87474;\">Rehabilitationsmaschine <\/span><\/div>\n<div class=\"magic-10\">\n<div class=\"magic-11\">\n<div class=\"magic-12\">\n<div class=\"magic-8\"><span class=\"magic-13\">Wir haben alle Arten von Modellen, wenn Sie es brauchen oder mehr Details w\u00fcnschen<\/span><\/div>\n<div class=\"magic-8\">\n<p><span class=\"magic-13\"> Bitte wenden Sie sich an Shmily.<\/span><\/p>\n<div class=\"magic-14\"><\/div>\n<\/div>\n<div class=\"magic-8\"><span class=\"magic-13\">WhatsApp: +86 13246918260<\/span><\/div>\n<div class=\"magic-8\" data-spm-anchor-id=\"a2700.wholesale.0.i25.36d73006YPjjAK\"><span class=\"magic-13\">Danke <\/span><\/div>\n<div data-spm-anchor-id=\"a2700.wholesale.0.i25.36d73006YPjjAK\"><img decoding=\"async\" src=\"https:\/\/s.alicdn.com\/@sc04\/kf\/H0b1cb6f33d7f4b06a8ad4736dff06ceaG\/230438700\/H0b1cb6f33d7f4b06a8ad4736dff06ceaG.jpg?quality=close\"><\/div>\n<div data-spm-anchor-id=\"a2700.wholesale.0.i25.36d73006YPjjAK\"><img decoding=\"async\" src=\"https:\/\/s.alicdn.com\/@sc04\/kf\/H0b1cb6f33d7f4b06a8ad4736dff06ceaG\/230438700\/H0b1cb6f33d7f4b06a8ad4736dff06ceaG.jpg?quality=close\"><\/div>\n<div data-spm-anchor-id=\"a2700.wholesale.0.i25.36d73006YPjjAK\"><img decoding=\"async\" src=\"https:\/\/s.alicdn.com\/@sc04\/kf\/H1cb7250988804555951be7b4cfd92877x\/230438700\/H1cb7250988804555951be7b4cfd92877x.jpg?quality=close\"><\/div>\n<div data-spm-anchor-id=\"a2700.wholesale.0.i25.36d73006YPjjAK\"><img decoding=\"async\" src=\"https:\/\/s.alicdn.com\/@sc04\/kf\/H95590a6f0b024b5d8858f39d7f896294q\/230438700\/H95590a6f0b024b5d8858f39d7f896294q.png?quality=close\"><\/div>\n<div data-spm-anchor-id=\"a2700.wholesale.0.i25.36d73006YPjjAK\"><img decoding=\"async\" src=\"https:\/\/s.alicdn.com\/@sc04\/kf\/H39c4f83e58de4371b41414aaf4583156P\/230438700\/H39c4f83e58de4371b41414aaf4583156P.png?quality=close\"><\/div>\n<div data-spm-anchor-id=\"a2700.wholesale.0.i25.36d73006YPjjAK\"><img decoding=\"async\" src=\"https:\/\/s.alicdn.com\/@sc04\/kf\/H9d7550bb1d874b83950ecdbaec49b35d7\/230438700\/H9d7550bb1d874b83950ecdbaec49b35d7.png?quality=close\"><\/div>\n<div data-spm-anchor-id=\"a2700.wholesale.0.i25.36d73006YPjjAK\"><img decoding=\"async\" src=\"https:\/\/s.alicdn.com\/@sc04\/kf\/H430b326c735b49f087b084797546e86fB\/230438700\/H430b326c735b49f087b084797546e86fB.png?quality=close\"><\/div>\n<div data-spm-anchor-id=\"a2700.wholesale.0.i25.36d73006YPjjAK\"><img decoding=\"async\" src=\"https:\/\/s.alicdn.com\/@sc04\/kf\/H0fe4d5fa9821468a88139d014ff57d01L\/230438700\/H0fe4d5fa9821468a88139d014ff57d01L.png?quality=close\"><\/div>\n<div data-spm-anchor-id=\"a2700.wholesale.0.i25.36d73006YPjjAK\"><img decoding=\"async\" src=\"https:\/\/s.alicdn.com\/@sc04\/kf\/H288f85a19b564a5583b9ee68598473532\/230438700\/H288f85a19b564a5583b9ee68598473532.png?quality=close\"><\/div>\n<div data-spm-anchor-id=\"a2700.wholesale.0.i25.36d73006YPjjAK\"><img decoding=\"async\" src=\"https:\/\/s.alicdn.com\/@sc04\/kf\/H1f09620faa5945ab8f59bb530d78f74bJ\/230438700\/H1f09620faa5945ab8f59bb530d78f74bJ.png?quality=close\"><\/div>\n<div data-spm-anchor-id=\"a2700.wholesale.0.i25.36d73006YPjjAK\"><img decoding=\"async\" src=\"https:\/\/s.alicdn.com\/@sc04\/kf\/H9559271b82824d48803be8926a5cf367W\/230438700\/H9559271b82824d48803be8926a5cf367W.png?quality=close\"><\/div>\n<div data-spm-anchor-id=\"a2700.wholesale.0.i25.36d73006YPjjAK\"><img decoding=\"async\" src=\"https:\/\/s.alicdn.com\/@sc04\/kf\/Hab4b3e5791cf4b4e968edca5d65b7d33s\/230438700\/Hab4b3e5791cf4b4e968edca5d65b7d33s.jpg?quality=close\"><\/div>\n<div data-spm-anchor-id=\"a2700.wholesale.0.i25.36d73006YPjjAK\">\n<div class=\"magic-8\"><span class=\"magic-22\">Wenn Sie dieses Zubeh\u00f6r zus\u00e4tzlich zum Rehabilitationsger\u00e4t hinzuf\u00fcgen m\u00f6chten, wenden Sie sich bitte an Abby Su<\/span><\/div>\n<div class=\"magic-8\" data-spm-anchor-id=\"a2700.wholesale.0.i37.36d73006YPjjAK\"><span class=\"magic-22\">Danke <\/span><\/div>\n<div data-spm-anchor-id=\"a2700.wholesale.0.i37.36d73006YPjjAK\"><img decoding=\"async\" src=\"https:\/\/s.alicdn.com\/@sc04\/kf\/Hd8341a65a281494891edcf4ced54891cr\/230438700\/Hd8341a65a281494891edcf4ced54891cr.png?quality=close\"><\/div>\n<div data-spm-anchor-id=\"a2700.wholesale.0.i37.36d73006YPjjAK\"><img decoding=\"async\" src=\"https:\/\/s.alicdn.com\/@sc04\/kf\/H137236235e054f4cb1a0479fd1bdc813a\/230438700\/H137236235e054f4cb1a0479fd1bdc813a.jpg?quality=close\"><\/div>\n<div data-spm-anchor-id=\"a2700.wholesale.0.i37.36d73006YPjjAK\"><img decoding=\"async\" src=\"https:\/\/s.alicdn.com\/@sc04\/kf\/H09ba62b775db47bd85c0aadd2e949b28L\/230438700\/H09ba62b775db47bd85c0aadd2e949b28L.jpg?quality=close\"><\/div>\n<div data-spm-anchor-id=\"a2700.wholesale.0.i37.36d73006YPjjAK\"><img decoding=\"async\" src=\"https:\/\/s.alicdn.com\/@sc04\/kf\/Hf215f6f0e1644e2a8b1ba5a8969aed2bC\/230438700\/Hf215f6f0e1644e2a8b1ba5a8969aed2bC.jpg?quality=close\"><\/div>\n<div data-spm-anchor-id=\"a2700.wholesale.0.i37.36d73006YPjjAK\">\n<p class=\"magic-30\"><span style=\"font-family: Arial, Helvetica; font-size: large;\">Als professioneller und f\u00fchrender Anbieter medizinischer Ger\u00e4te bietet ABJ der Mehrheit der Kunden viele hochwertige Rollstuhlprodukte, die ihre Anforderungen erf\u00fcllen.<br \/>\n<\/span><\/p>\n<p class=\"magic-30\" data-spm-anchor-id=\"a2700.wholesale.0.i42.36d73006YPjjAK\"><span style=\"font-family: Arial, Helvetica; font-size: large;\">Alle Produkte werden vor dem Versand von uns sehr sorgf\u00e4ltig gepr\u00fcft.<br \/>\nWir bieten Kunden schnelle Lieferung, angemessenen Preis, hohe Qualit\u00e4t und langfristige Dienstleistungen.<\/span><\/p>\n<p data-spm-anchor-id=\"a2700.wholesale.0.i42.36d73006YPjjAK\"><img decoding=\"async\" src=\"https:\/\/s.alicdn.com\/@sc01\/kf\/H3d43ab43a0f24fc7886a50fee5674fd4U\/230438700\/H3d43ab43a0f24fc7886a50fee5674fd4U.jpg?quality=close\"><\/p>\n<p data-spm-anchor-id=\"a2700.wholesale.0.i42.36d73006YPjjAK\"><img decoding=\"async\" src=\"https:\/\/s.alicdn.com\/@sc01\/kf\/HTB1xs6Ud.D.BuNjt_h7q6yNDVXat\/230438700\/HTB1xs6Ud.D.BuNjt_h7q6yNDVXat.jpg?quality=close\"><\/p>\n<p data-spm-anchor-id=\"a2700.wholesale.0.i42.36d73006YPjjAK\"><img decoding=\"async\" src=\"https:\/\/s.alicdn.com\/@sc01\/kf\/HTB1aUsdKqmWBuNjy1Xaq6xCbXXag\/230438700\/HTB1aUsdKqmWBuNjy1Xaq6xCbXXag.jpg?quality=close\"><\/p>\n<p data-spm-anchor-id=\"a2700.wholesale.0.i42.36d73006YPjjAK\">\u00dcber uns:<br \/>\n1. mehr auftrag, mehr rabatt, konkurrenzf\u00e4higer preis!<br \/>\n2.Willkommen, um mit uns in Verbindung zu treten, um einen besseren Preis zu erhalten!<br \/>\n3.Guter Service, schnelle Lieferung, und wir sind es wert, vertraut zu werden.<br \/>\n4.Wir k\u00f6nnen garantieren, dass Sie mit unseren Produkten zufrieden sein werden.<br \/>\n5. Wir behandeln Kunden wie Freunde und bieten Ihnen einen beachtlichen Service.<\/p>\n<p data-spm-anchor-id=\"a2700.wholesale.0.i42.36d73006YPjjAK\"><img decoding=\"async\" src=\"https:\/\/s.alicdn.com\/@sc04\/kf\/H94a6fa43acb244a691368ee89d0bb0dft\/230438700\/H94a6fa43acb244a691368ee89d0bb0dft.png?quality=close\"><\/p>\n<\/div>\n<\/div>\n<\/div>\n<\/div>\n<\/div>\n<\/div>\n<\/div>\n<\/div>\n<\/div>\n<\/div>\n<\/div>\n<\/div>\n<\/div>\n","protected":false},"excerpt":{"rendered":"<p>&nbsp;<\/p>\n<div style=\"width: auto;\">\n<div style=\"min-width: 300px; max-width: 300px; word-wrap: break-word; float: left;\">Eigenschaften: Zubeh\u00f6r f\u00fcr die Rehabilitationstherapie<\/div>\n<div style=\"min-width: 300px; max-width: 300px; word-wrap: break-word; float: left;\">Herkunftsort: Guangdong, China<\/div>\n<\/div>\n<div style=\"width: auto;\">\n<div style=\"min-width: 300px; max-width: 300px; word-wrap: break-word; float: left;\">Markenname: Anbanjia<\/div>\n<div style=\"min-width: 300px; max-width: 300px; word-wrap: break-word; float: left;\">Modellnummer: ABJ-108-2<\/div>\n<\/div>\n<div style=\"width: auto;\">\n<div style=\"min-width: 300px; max-width: 300px; word-wrap: break-word; float: left;\">Typ: Badezimmer-Sicherheitsausr\u00fcstung<\/div>\n<div style=\"min-width: 300px; max-width: 300px; word-wrap: break-word; float: left;\">Modell:ABJ-108-2<\/div>\n<\/div>\n<div style=\"width: auto;\">\n<div style=\"min-width: 300px; max-width: 300px; word-wrap: break-word; float: left;\">Motorleistung: 125 W * 1<\/div>\n<div style=\"min-width: 300px; max-width: 300px; word-wrap: break-word; float: left;\">Spannung: 220 V\/50 Hz<\/div>\n<\/div>\n<div style=\"width: auto;\">\n<div style=\"min-width: 300px; max-width: 300px; word-wrap: break-word; float: left;\">Bruttogewicht: 8 kg<\/div>\n<div style=\"min-width: 300px; max-width: 300px; word-wrap: break-word; float: left;\">Nettogewicht: 6,5 kg<\/div>\n<\/div>\n<div style=\"width: auto;\">\n<div style=\"min-width: 300px; max-width: 300px; word-wrap: break-word; float: left;\">Produktgr\u00f6\u00dfe: 48 x 33 x 32 cm<\/div>\n<div style=\"min-width: 300px; max-width: 300px; word-wrap: break-word; float: left;\">Verpackungsgr\u00f6\u00dfe: 53 x 34 x 38 cm<\/div>\n<\/div>\n<div>Kundenspezifische Verpackung (Mindestbestellmenge: 100 St\u00fcck)<\/div>\n","protected":false},"featured_media":12686,"comment_status":"closed","ping_status":"closed","template":"","meta":[],"product_cat":[152],"product_tag":[],"class_list":["post-13123","product","type-product","status-publish","has-post-thumbnail","hentry","product_cat-reha-trainingsgerat"],"_links":{"self":[{"href":"https:\/\/anbanjia.com.cn\/de\/wp-json\/wp\/v2\/product\/13123","targetHints":{"allow":["GET"]}}],"collection":[{"href":"https:\/\/anbanjia.com.cn\/de\/wp-json\/wp\/v2\/product"}],"about":[{"href":"https:\/\/anbanjia.com.cn\/de\/wp-json\/wp\/v2\/types\/product"}],"replies":[{"embeddable":true,"href":"https:\/\/anbanjia.com.cn\/de\/wp-json\/wp\/v2\/comments?post=13123"}],"wp:featuredmedia":[{"embeddable":true,"href":"https:\/\/anbanjia.com.cn\/de\/wp-json\/wp\/v2\/media\/12686"}],"wp:attachment":[{"href":"https:\/\/anbanjia.com.cn\/de\/wp-json\/wp\/v2\/media?parent=13123"}],"wp:term":[{"taxonomy":"product_cat","embeddable":true,"href":"https:\/\/anbanjia.com.cn\/de\/wp-json\/wp\/v2\/product_cat?post=13123"},{"taxonomy":"product_tag","embeddable":true,"href":"https:\/\/anbanjia.com.cn\/de\/wp-json\/wp\/v2\/product_tag?post=13123"}],"curies":[{"name":"wp","href":"https:\/\/api.w.org\/{rel}","templated":true}]}}