{"id":13114,"date":"2022-05-02T18:02:36","date_gmt":"2022-05-02T18:02:36","guid":{"rendered":"https:\/\/www.anbanjia.com.cn\/product\/rehabilitations-trainingsgeraet-tragbares-zusammenklappbares-leichtes-stationaeres-pedal-ergometer\/"},"modified":"2022-05-02T18:02:36","modified_gmt":"2022-05-02T18:02:36","slug":"reha-trainingsgerat-tragbar-faltbar-leichtes-stationares-pedal-ergometer","status":"publish","type":"product","link":"https:\/\/anbanjia.com.cn\/de\/produkt\/reha-trainingsgerat-tragbar-faltbar-leichtes-stationares-pedal-ergometer\/","title":{"rendered":"Rehabilitations-Trainingsger\u00e4t, tragbares, zusammenklappbares, leichtes, station\u00e4res Pedal-Ergometer"},"content":{"rendered":"<div style=\"max-width: 750px; margin: 0 auto;\">\n<div id=\"detail_decorate_root\" data-magic-global=\"%7B%22bizId%22%3A3215165050%2C%22pageId%22%3A21029506441%2C%22siteId%22%3A5005610021%7D\">\n<div class=\"J_module\">\n<div class=\"detail-decorate-json-renderer-container\">\n<div class=\"magic-1\">\n<div class=\"magic-2\">\n<div class=\"magic-3\">\n<div class=\"magic-4\">\n<div class=\"magic-5\"><b><span class=\"magic-6\" style=\"color: #ff79a2;\">Willkommen, um den Verk\u00e4ufer zu kontaktieren und die g\u00fcnstigeren Versandkosten zu erhalten. Vielen Dank. <\/span><\/b><\/div>\n<\/div>\n<\/div>\n<\/div>\n<\/div>\n<\/div>\n<\/div>\n<div class=\"J_module\">\n<div class=\"icbu-pc-images magic-7\">\n<div>\n<div class=\"flex-layout-v\">\n<div class=\"flex-layout-h magic-7\">\n<div class=\"magic-8\"><img decoding=\"async\" class=\"magic-9\" style=\"max-width: 750;\" src=\"https:\/\/anbanjia.com.cn\/wp-content\/uploads\/2022\/05\/H0b1cb6f33d7f4b06a8ad4736dff06ceaG.png\" data-src=\"\"><\/div>\n<div>Rehabilitations-Trainingsger\u00e4t, tragbares, zusammenklappbares, leichtes, station\u00e4res Pedal-Ergometer<img decoding=\"async\" src=\"https:\/\/s.alicdn.com\/@sc04\/kf\/H234f9e37378b4f7699336abaabf33ef09\/230438700\/H234f9e37378b4f7699336abaabf33ef09.png?quality=close\"><img decoding=\"async\" src=\"https:\/\/s.alicdn.com\/@sc04\/kf\/H38ecfeb37c2043d28656f462810f0476Q\/230438700\/H38ecfeb37c2043d28656f462810f0476Q.jpg?quality=close\"><img decoding=\"async\" src=\"https:\/\/s.alicdn.com\/@sc04\/kf\/Hf34bbc510e0c4075bb2b36588102f6e5e\/230438700\/Hf34bbc510e0c4075bb2b36588102f6e5e.png?quality=close\"><img decoding=\"async\" src=\"https:\/\/s.alicdn.com\/@sc04\/kf\/H832227d6ea7f42d39dbc932306a57eb9A\/230438700\/H832227d6ea7f42d39dbc932306a57eb9A.png?quality=close\"><img decoding=\"async\" src=\"https:\/\/s.alicdn.com\/@sc04\/kf\/He590cd6cf57a42aaa167b83cb82feab4g\/230438700\/He590cd6cf57a42aaa167b83cb82feab4g.png?quality=close\"><img decoding=\"async\" src=\"https:\/\/s.alicdn.com\/@sc04\/kf\/H6822f9f941be448a9b84f5f028ae48b76\/230438700\/H6822f9f941be448a9b84f5f028ae48b76.png?quality=close\"><img decoding=\"async\" src=\"https:\/\/s.alicdn.com\/@sc04\/kf\/Hc113d6d84dee4a4b97e73e7db2fdfb2ee\/230438700\/Hc113d6d84dee4a4b97e73e7db2fdfb2ee.png?quality=close\"><img decoding=\"async\" src=\"https:\/\/s.alicdn.com\/@sc04\/kf\/Hc5907bdfd7564ebe9d1ef02ac709ebe39\/230438700\/Hc5907bdfd7564ebe9d1ef02ac709ebe39.jpg?quality=close\"><img decoding=\"async\" src=\"https:\/\/s.alicdn.com\/@sc04\/kf\/H2bf9f08fbbd94a93aacd346cb1996d50o\/230438700\/H2bf9f08fbbd94a93aacd346cb1996d50o.png?quality=close\"><img decoding=\"async\" class=\"\" src=\"https:\/\/s.alicdn.com\/@sc04\/kf\/Hffaa0d0701f24a5da58c9f80110829fbL\/230438700\/Hffaa0d0701f24a5da58c9f80110829fbL.png?quality=close\" width=\"753\" height=\"734\"><\/div>\n<div><img decoding=\"async\" src=\"https:\/\/s.alicdn.com\/@sc04\/kf\/H364cc658d1c94af4917f3c6f120247b4V\/230438700\/H364cc658d1c94af4917f3c6f120247b4V.png?quality=close\"><\/p>\n<p class=\"magic-25\"><span style=\"font-family: Arial, Helvetica; font-size: large;\" data-spm-anchor-id=\"a2700.wholesale.0.i36.4deb797233iBDc\">Als professioneller und f\u00fchrender Anbieter medizinischer Ger\u00e4te bietet ABJ der Mehrheit der Kunden viele hochwertige Rollstuhlprodukte, die ihre Anforderungen erf\u00fcllen.<br \/>\n<\/span><\/p>\n<p class=\"magic-25\"><span style=\"font-family: Arial, Helvetica; font-size: large;\">Alle Produkte werden vor dem Versand von uns sehr sorgf\u00e4ltig gepr\u00fcft.<br \/>\nWir bieten Kunden schnelle Lieferung, angemessenen Preis, hohe Qualit\u00e4t und langfristige Dienstleistungen.<\/span><img decoding=\"async\" src=\"https:\/\/s.alicdn.com\/@sc04\/kf\/H7776aeaa9f874dd6a2d6386973b77ee1B\/230438700\/H7776aeaa9f874dd6a2d6386973b77ee1B.jpg?quality=close\"><img decoding=\"async\" src=\"https:\/\/s.alicdn.com\/@sc01\/kf\/H3d43ab43a0f24fc7886a50fee5674fd4U\/230438700\/H3d43ab43a0f24fc7886a50fee5674fd4U.jpg?quality=close\">\u00dcber uns:<br \/>\n1. mehr auftrag, mehr rabatt, konkurrenzf\u00e4higer preis!<br \/>\n2.Willkommen, um mit uns in Verbindung zu treten, um einen besseren Preis zu erhalten!<br \/>\n3.Guter Service, schnelle Lieferung, und wir sind es wert, vertraut zu werden.<br \/>\n4.Wir k\u00f6nnen garantieren, dass Sie mit unseren Produkten zufrieden sein werden.<br \/>\n5. Wir behandeln Kunden wie Freunde und bieten Ihnen einen beachtlichen Service.<img decoding=\"async\" src=\"https:\/\/s.alicdn.com\/@sc04\/kf\/H94a6fa43acb244a691368ee89d0bb0dft\/230438700\/H94a6fa43acb244a691368ee89d0bb0dft.png?quality=close\"><\/p>\n<\/div>\n<\/div>\n<\/div>\n<\/div>\n<\/div>\n<\/div>\n<\/div>\n<\/div>\n","protected":false},"excerpt":{"rendered":"<p>&nbsp;<\/p>\n<div style=\"width: auto;\">\n<div style=\"min-width: 300px; max-width: 300px; word-wrap: break-word; float: left;\">Eigenschaften: Zubeh\u00f6r f\u00fcr die Rehabilitationstherapie<\/div>\n<div style=\"min-width: 300px; max-width: 300px; word-wrap: break-word; float: left;\">Herkunftsort: Guangdong, China<\/div>\n<\/div>\n<div style=\"width: auto;\">\n<div style=\"min-width: 300px; max-width: 300px; word-wrap: break-word; float: left;\">Markenname: Anbanjia<\/div>\n<div style=\"min-width: 300px; max-width: 300px; word-wrap: break-word; float: left;\">Modellnummer: ABJ-108<\/div>\n<\/div>\n<div style=\"width: auto;\">\n<div style=\"min-width: 300px; max-width: 300px; word-wrap: break-word; float: left;\">Typ: Badezimmer-Sicherheitsausr\u00fcstung<\/div>\n<div style=\"min-width: 300px; max-width: 300px; word-wrap: break-word; float: left;\">Material: ABS + PP + EISEN<\/div>\n<\/div>\n<div style=\"width: auto;\">\n<div style=\"min-width: 300px; max-width: 300px; word-wrap: break-word; float: left;\">Farbe: Grau<\/div>\n<div style=\"min-width: 300px; max-width: 300px; word-wrap: break-word; float: left;\">Produktabmessungen: 48 x 35 x 75\u2013104 cm<\/div>\n<\/div>\n<div style=\"width: auto;\">\n<div style=\"min-width: 300px; max-width: 300px; word-wrap: break-word; float: left;\">Spannung: 220 V\/50 Hz<\/div>\n<div style=\"min-width: 300px; max-width: 300px; word-wrap: break-word; float: left;\">Motor: 250 W<\/div>\n<\/div>\n<div style=\"width: auto;\">\n<div style=\"min-width: 300px; max-width: 300px; word-wrap: break-word; float: left;\">Nettogewicht: 13 kg<\/div>\n<div style=\"min-width: 300px; max-width: 300px; word-wrap: break-word; float: left;\">Maximales Ladegewicht: 120 KG<\/div>\n<\/div>\n<div style=\"width: auto;\">\n<div style=\"min-width: 300px; max-width: 300px; word-wrap: break-word; float: left;\">Verpackungsma\u00dfe: 52,5 x 34 x 81 cm<\/div>\n<div style=\"min-width: 300px; max-width: 300px; word-wrap: break-word; float: left;\">Fu\u00dfteil:: manuell\/elektrisch, Rotieren und Gegendrehen, 10 Stufen<\/div>\n<\/div>\n<div>Kundenspezifische Verpackung (Mindestbestellmenge: 200 St\u00fcck)<\/div>\n","protected":false},"featured_media":5502,"comment_status":"closed","ping_status":"closed","template":"","meta":[],"product_cat":[152],"product_tag":[],"class_list":["post-13114","product","type-product","status-publish","has-post-thumbnail","hentry","product_cat-reha-trainingsgerat"],"_links":{"self":[{"href":"https:\/\/anbanjia.com.cn\/de\/wp-json\/wp\/v2\/product\/13114","targetHints":{"allow":["GET"]}}],"collection":[{"href":"https:\/\/anbanjia.com.cn\/de\/wp-json\/wp\/v2\/product"}],"about":[{"href":"https:\/\/anbanjia.com.cn\/de\/wp-json\/wp\/v2\/types\/product"}],"replies":[{"embeddable":true,"href":"https:\/\/anbanjia.com.cn\/de\/wp-json\/wp\/v2\/comments?post=13114"}],"wp:featuredmedia":[{"embeddable":true,"href":"https:\/\/anbanjia.com.cn\/de\/wp-json\/wp\/v2\/media\/5502"}],"wp:attachment":[{"href":"https:\/\/anbanjia.com.cn\/de\/wp-json\/wp\/v2\/media?parent=13114"}],"wp:term":[{"taxonomy":"product_cat","embeddable":true,"href":"https:\/\/anbanjia.com.cn\/de\/wp-json\/wp\/v2\/product_cat?post=13114"},{"taxonomy":"product_tag","embeddable":true,"href":"https:\/\/anbanjia.com.cn\/de\/wp-json\/wp\/v2\/product_tag?post=13114"}],"curies":[{"name":"wp","href":"https:\/\/api.w.org\/{rel}","templated":true}]}}