{"id":13112,"date":"2022-05-02T18:02:32","date_gmt":"2022-05-02T18:02:32","guid":{"rendered":"https:\/\/www.anbanjia.com.cn\/product\/ausruestung-fuer-schlaganfall-rehabilitationsmaschinen-verstellbare-fussstuetze-fuer-rehabilitationsfahrradzubehoer\/"},"modified":"2022-05-02T18:02:32","modified_gmt":"2022-05-02T18:02:32","slug":"schlaganfall-rehabilitationsmaschine-ausrustung-verstellbare-fusstutze-zur-rehabilitation-fahrradzubehor","status":"publish","type":"product","link":"https:\/\/anbanjia.com.cn\/de\/produkt\/schlaganfall-rehabilitationsmaschine-ausrustung-verstellbare-fusstutze-zur-rehabilitation-fahrradzubehor\/","title":{"rendered":"Ausr\u00fcstung f\u00fcr Schlaganfall-Rehabilitationsmaschinen Verstellbare Fu\u00dfst\u00fctze f\u00fcr Rehabilitationsfahrradzubeh\u00f6r"},"content":{"rendered":"<div style=\"max-width: 750px; margin: 0 auto;\">\n<div id=\"detail_decorate_root\" data-magic-global=\"%7B%22bizId%22%3A3215165050%2C%22pageId%22%3A20071406683%2C%22siteId%22%3A5005610021%7D\">\n<div class=\"J_module\">\n<div class=\"icbu-pc-images magic-1\">\n<div>\n<div class=\"flex-layout-v\">\n<div class=\"flex-layout-h magic-1\">\n<div class=\"magic-2\">\n<p><a href=\"https:\/\/abj-medical.en.alibaba.com\/productlist.html?spm=a2700.icbuShop.88.17.34a644eboUUcrp\" target=\"_blank\" rel=\"noopener\"><img decoding=\"async\" class=\"magic-3\" style=\"max-width: 750;\" src=\"https:\/\/anbanjia.com.cn\/wp-content\/uploads\/2022\/05\/HTB1v2tVIQSWBuNjSszdq6zeSpXam.jpg\" data-src=\"\"><\/a><\/p>\n<div class=\"magic-6\"><span class=\"magic-7\" style=\"color: #e87474;\">Zubeh\u00f6r f\u00fcr Rehabilitationsmaschinen<\/span><\/div>\n<div class=\"magic-8\">\n<div class=\"magic-9\">\n<div class=\"magic-10\">\n<div class=\"magic-6\"><span class=\"magic-11\">Dieses Produkt ist nur f\u00fcr die Rehabilitationsmaschine in diesem Gesch\u00e4ft geeignet. <\/span><\/div>\n<div class=\"magic-6\">\n<p><span class=\"magic-11\">Wenn Sie andere Produkte verwenden, wenden Sie sich bitte zuerst an Abby Su<\/span><\/p>\n<div class=\"magic-12\"><\/div>\n<\/div>\n<div class=\"magic-6\" data-spm-anchor-id=\"a2700.wholesale.0.i22.1ee438feARvgyr\">\n<p><span class=\"magic-11\">Danke <\/span><img decoding=\"async\" src=\"https:\/\/s.alicdn.com\/@sc04\/kf\/Had819b81cb754560a2a5254e5e2ff44ef\/230438700\/Had819b81cb754560a2a5254e5e2ff44ef.jpg?quality=close\"><img decoding=\"async\" src=\"https:\/\/s.alicdn.com\/@sc04\/kf\/H2bf9f08fbbd94a93aacd346cb1996d50o\/230438700\/H2bf9f08fbbd94a93aacd346cb1996d50o.png?quality=close\"><img decoding=\"async\" src=\"https:\/\/s.alicdn.com\/@sc04\/kf\/Hc113d6d84dee4a4b97e73e7db2fdfb2ee\/230438700\/Hc113d6d84dee4a4b97e73e7db2fdfb2ee.png?quality=close\"><img decoding=\"async\" src=\"https:\/\/s.alicdn.com\/@sc04\/kf\/Ha042bc38511d4017a7df1bef96472abas\/230438700\/Ha042bc38511d4017a7df1bef96472abas.jpg?quality=close\"><img decoding=\"async\" src=\"https:\/\/s.alicdn.com\/@sc04\/kf\/He71984ec78914d15a4ea65adaf90bc87h\/230438700\/He71984ec78914d15a4ea65adaf90bc87h.png?quality=close\"><img decoding=\"async\" src=\"https:\/\/s.alicdn.com\/@sc04\/kf\/Hd59e60e3e69046d6bfee228c0b9a50be6\/230438700\/Hd59e60e3e69046d6bfee228c0b9a50be6.jpg?quality=close\"><img decoding=\"async\" src=\"https:\/\/s.alicdn.com\/@sc04\/kf\/H734cae0800034adaa906d9068a6c95e6J\/230438700\/H734cae0800034adaa906d9068a6c95e6J.png?quality=close\"><\/p>\n<div class=\"magic-6\"><span class=\"magic-22\">Wenn Sie dieses Zubeh\u00f6r zus\u00e4tzlich zum Rehabilitationsger\u00e4t hinzuf\u00fcgen m\u00f6chten, wenden Sie sich bitte an Abby Su<\/span><\/div>\n<div class=\"magic-6\" data-spm-anchor-id=\"a2700.wholesale.0.i32.1ee438feARvgyr\">\n<p><span class=\"magic-22\">Danke <\/span><img decoding=\"async\" src=\"https:\/\/s.alicdn.com\/@sc04\/kf\/H09ba62b775db47bd85c0aadd2e949b28L\/230438700\/H09ba62b775db47bd85c0aadd2e949b28L.jpg?quality=close\"><img decoding=\"async\" src=\"https:\/\/s.alicdn.com\/@sc04\/kf\/H137236235e054f4cb1a0479fd1bdc813a\/230438700\/H137236235e054f4cb1a0479fd1bdc813a.jpg?quality=close\"><img decoding=\"async\" src=\"https:\/\/s.alicdn.com\/@sc04\/kf\/Hf215f6f0e1644e2a8b1ba5a8969aed2bC\/230438700\/Hf215f6f0e1644e2a8b1ba5a8969aed2bC.jpg?quality=close\"><\/p>\n<p class=\"magic-24\"><span style=\"font-family: Arial, Helvetica; font-size: large;\">Als professioneller und f\u00fchrender Anbieter medizinischer Ger\u00e4te bietet ABJ der Mehrheit der Kunden viele hochwertige Rollstuhlprodukte, die ihre Anforderungen erf\u00fcllen.<br \/>\n<\/span><\/p>\n<p class=\"magic-24\"><span style=\"font-family: Arial, Helvetica; font-size: large;\">Alle Produkte werden vor dem Versand von uns sehr sorgf\u00e4ltig gepr\u00fcft.<br \/>\nWir bieten Kunden schnelle Lieferung, angemessenen Preis, hohe Qualit\u00e4t und langfristige Dienstleistungen.<\/span><img decoding=\"async\" src=\"https:\/\/s.alicdn.com\/@sc01\/kf\/H3d43ab43a0f24fc7886a50fee5674fd4U\/230438700\/H3d43ab43a0f24fc7886a50fee5674fd4U.jpg?quality=close\"><img decoding=\"async\" src=\"https:\/\/s.alicdn.com\/@sc01\/kf\/HTB1xs6Ud.D.BuNjt_h7q6yNDVXat\/230438700\/HTB1xs6Ud.D.BuNjt_h7q6yNDVXat.jpg?quality=close\"><img decoding=\"async\" src=\"https:\/\/s.alicdn.com\/@sc01\/kf\/HTB1aUsdKqmWBuNjy1Xaq6xCbXXag\/230438700\/HTB1aUsdKqmWBuNjy1Xaq6xCbXXag.jpg?quality=close\">\u00dcber uns:<br \/>\n1. mehr auftrag, mehr rabatt, konkurrenzf\u00e4higer preis!<br \/>\n2.Willkommen, um mit uns in Verbindung zu treten, um einen besseren Preis zu erhalten!<br \/>\n3.Guter Service, schnelle Lieferung, und wir sind es wert, vertraut zu werden.<br \/>\n4.Wir k\u00f6nnen garantieren, dass Sie mit unseren Produkten zufrieden sein werden.<br \/>\n5. Wir behandeln Kunden wie Freunde und bieten Ihnen einen beachtlichen Service.<img decoding=\"async\" src=\"https:\/\/s.alicdn.com\/@sc04\/kf\/Hee9408d448ab460f94c285e537e347025\/230438700\/Hee9408d448ab460f94c285e537e347025.png?quality=close\"><\/p>\n<\/div>\n<\/div>\n<\/div>\n<\/div>\n<\/div>\n<\/div>\n<\/div>\n<\/div>\n<\/div>\n<\/div>\n<\/div>\n<\/div>\n<\/div>\n","protected":false},"excerpt":{"rendered":"<p>&nbsp;<\/p>\n<div style=\"width: auto;\">\n<div style=\"min-width: 300px; max-width: 300px; word-wrap: break-word; float: left;\">Eigenschaften: Zubeh\u00f6r f\u00fcr die Rehabilitationstherapie<\/div>\n<div style=\"min-width: 300px; max-width: 300px; word-wrap: break-word; float: left;\">Herkunftsort: Guangdong, China<\/div>\n<\/div>\n<div style=\"width: auto;\">\n<div style=\"min-width: 300px; max-width: 300px; word-wrap: break-word; float: left;\">Markenname: Anbanjia<\/div>\n<div style=\"min-width: 300px; max-width: 300px; word-wrap: break-word; float: left;\">Modellnummer: ABJ-H02<\/div>\n<\/div>\n<div style=\"width: auto;\">\n<div style=\"min-width: 300px; max-width: 300px; word-wrap: break-word; float: left;\">Typ: Badezimmer-Sicherheitsausr\u00fcstung<\/div>\n<div style=\"min-width: 300px; max-width: 300px; word-wrap: break-word; float: left;\">Produkth\u00f6he: 38 cm<\/div>\n<\/div>\n<div style=\"width: auto;\">\n<div style=\"min-width: 300px; max-width: 300px; word-wrap: break-word; float: left;\">Produktl\u00e4nge: 25 cm<\/div>\n<div style=\"min-width: 300px; max-width: 300px; word-wrap: break-word; float: left;\">Produktbreite: 14 cm<\/div>\n<\/div>\n<div style=\"width: auto;\">\n<div style=\"min-width: 300px; max-width: 300px; word-wrap: break-word; float: left;\">Nettogewicht: 0,8 kg<\/div>\n<div style=\"min-width: 300px; max-width: 300px; word-wrap: break-word; float: left;\">Verpackungsgr\u00f6\u00dfe: 25 * 15 * 42 cm<\/div>\n<\/div>\n","protected":false},"featured_media":11737,"comment_status":"closed","ping_status":"closed","template":"","meta":[],"product_cat":[152],"product_tag":[],"class_list":["post-13112","product","type-product","status-publish","has-post-thumbnail","hentry","product_cat-reha-trainingsgerat"],"_links":{"self":[{"href":"https:\/\/anbanjia.com.cn\/de\/wp-json\/wp\/v2\/product\/13112","targetHints":{"allow":["GET"]}}],"collection":[{"href":"https:\/\/anbanjia.com.cn\/de\/wp-json\/wp\/v2\/product"}],"about":[{"href":"https:\/\/anbanjia.com.cn\/de\/wp-json\/wp\/v2\/types\/product"}],"replies":[{"embeddable":true,"href":"https:\/\/anbanjia.com.cn\/de\/wp-json\/wp\/v2\/comments?post=13112"}],"wp:featuredmedia":[{"embeddable":true,"href":"https:\/\/anbanjia.com.cn\/de\/wp-json\/wp\/v2\/media\/11737"}],"wp:attachment":[{"href":"https:\/\/anbanjia.com.cn\/de\/wp-json\/wp\/v2\/media?parent=13112"}],"wp:term":[{"taxonomy":"product_cat","embeddable":true,"href":"https:\/\/anbanjia.com.cn\/de\/wp-json\/wp\/v2\/product_cat?post=13112"},{"taxonomy":"product_tag","embeddable":true,"href":"https:\/\/anbanjia.com.cn\/de\/wp-json\/wp\/v2\/product_tag?post=13112"}],"curies":[{"name":"wp","href":"https:\/\/api.w.org\/{rel}","templated":true}]}}